{"id":30,"date":"2023-03-30T12:02:51","date_gmt":"2023-03-30T12:02:51","guid":{"rendered":"https:\/\/jibaya.tn\/?page_id=30"},"modified":"2023-09-28T13:45:03","modified_gmt":"2023-09-28T13:45:03","slug":"administration-fiscale","status":"publish","type":"page","link":"https:\/\/jibaya.tn\/ar\/administration-fiscale\/","title":{"rendered":"\u0625\u062f\u0627\u0631\u0629 \u0627\u0644\u062c\u0628\u0627\u064a\u0629"},"content":{"rendered":"<div data-elementor-type=\"wp-page\" data-elementor-id=\"30\" class=\"elementor elementor-30\" data-elementor-settings=\"{&quot;ha_cmc_init_switcher&quot;:&quot;no&quot;}\" data-elementor-post-type=\"page\">\n\t\t\t\t\t\t<section class=\"elementor-section elementor-top-section elementor-element elementor-element-870cc70 elementor-section-full_width banner-arab elementor-section-height-default elementor-section-height-default wpr-particle-no wpr-jarallax-no wpr-parallax-no wpr-sticky-section-no\" data-id=\"870cc70\" data-element_type=\"section\" data-settings=\"{&quot;background_background&quot;:&quot;classic&quot;,&quot;_ha_eqh_enable&quot;:false}\">\n\t\t\t\t\t\t<div class=\"elementor-container elementor-column-gap-default\">\n\t\t\t\t\t<div class=\"elementor-column elementor-col-100 elementor-top-column elementor-element elementor-element-9f2a3cb\" data-id=\"9f2a3cb\" data-element_type=\"column\">\n\t\t\t<div class=\"elementor-widget-wrap elementor-element-populated\">\n\t\t\t\t\t\t<div class=\"elementor-element elementor-element-c8862ba elementor-widget elementor-widget-heading\" data-id=\"c8862ba\" data-element_type=\"widget\" data-widget_type=\"heading.default\">\n\t\t\t\t<div class=\"elementor-widget-container\">\n\t\t\t\t\t<h2 class=\"elementor-heading-title elementor-size-default\">L'ADMINISTRATION FISCALE<\/h2>\t\t\t\t<\/div>\n\t\t\t\t<\/div>\n\t\t\t\t\t<\/div>\n\t\t<\/div>\n\t\t\t\t\t<\/div>\n\t\t<\/section>\n\t\t<div class=\"elementor-element elementor-element-ce1b3f9 e-con-full breadcrumbs-arab e-flex wpr-particle-no wpr-jarallax-no wpr-parallax-no wpr-sticky-section-no e-con e-parent\" data-id=\"ce1b3f9\" data-element_type=\"container\" data-settings=\"{&quot;_ha_eqh_enable&quot;:false}\">\n\t\t\t\t<div class=\"elementor-element elementor-element-13bf0a8 elementor-icon-list--layout-traditional elementor-list-item-link-full_width elementor-widget elementor-widget-icon-list\" data-id=\"13bf0a8\" data-element_type=\"widget\" data-widget_type=\"icon-list.default\">\n\t\t\t\t<div class=\"elementor-widget-container\">\n\t\t\t\t\t\t\t<ul class=\"elementor-icon-list-items\">\n\t\t\t\t\t\t\t<li class=\"elementor-icon-list-item\">\n\t\t\t\t\t\t\t\t\t\t\t<a href=\"https:\/\/jibaya.tn\/ar\/\">\n\n\t\t\t\t\t\t\t\t\t\t\t<span class=\"elementor-icon-list-text\">\u0627\u0644\u0627\u0633\u062a\u0642\u0628\u0627\u0644<\/span>\n\t\t\t\t\t\t\t\t\t\t\t<\/a>\n\t\t\t\t\t\t\t\t\t<\/li>\n\t\t\t\t\t\t<\/ul>\n\t\t\t\t\t\t<\/div>\n\t\t\t\t<\/div>\n\t\t\t\t<div class=\"elementor-element elementor-element-1269dc4 elementor-icon-list--layout-traditional elementor-list-item-link-full_width elementor-widget elementor-widget-icon-list\" data-id=\"1269dc4\" data-element_type=\"widget\" data-widget_type=\"icon-list.default\">\n\t\t\t\t<div class=\"elementor-widget-container\">\n\t\t\t\t\t\t\t<ul class=\"elementor-icon-list-items\">\n\t\t\t\t\t\t\t<li class=\"elementor-icon-list-item\">\n\t\t\t\t\t\t\t\t\t\t\t<span class=\"elementor-icon-list-icon\">\n\t\t\t\t\t\t\t<svg aria-hidden=\"true\" class=\"e-font-icon-svg e-fas-chevron-right\" viewbox=\"0 0 320 512\" xmlns=\"http:\/\/www.w3.org\/2000\/svg\"><path d=\"M285.476 272.971L91.132 467.314c-9.373 9.373-24.569 9.373-33.941 0l-22.667-22.667c-9.357-9.357-9.375-24.522-.04-33.901L188.505 256 34.484 101.255c-9.335-9.379-9.317-24.544.04-33.901l22.667-22.667c9.373-9.373 24.569-9.373 33.941 0L285.475 239.03c9.373 9.372 9.373 24.568.001 33.941z\"><\/path><\/svg>\t\t\t\t\t\t<\/span>\n\t\t\t\t\t\t\t\t\t\t<span class=\"elementor-icon-list-text\">L'Administration Fiscale\u200b\u200b<\/span>\n\t\t\t\t\t\t\t\t\t<\/li>\n\t\t\t\t\t\t<\/ul>\n\t\t\t\t\t\t<\/div>\n\t\t\t\t<\/div>\n\t\t\t\t<\/div>\n\t\t\t\t<section class=\"elementor-section elementor-top-section elementor-element elementor-element-e173426 elementor-section-full_width elementor-section-height-default elementor-section-height-default wpr-particle-no wpr-jarallax-no wpr-parallax-no wpr-sticky-section-no\" data-id=\"e173426\" data-element_type=\"section\" data-settings=\"{&quot;_ha_eqh_enable&quot;:false}\">\n\t\t\t\t\t\t<div class=\"elementor-container elementor-column-gap-default\">\n\t\t\t\t\t<div class=\"elementor-column elementor-col-33 elementor-top-column elementor-element elementor-element-5273f75\" data-id=\"5273f75\" data-element_type=\"column\" data-settings=\"{&quot;background_background&quot;:&quot;classic&quot;}\">\n\t\t\t<div class=\"elementor-widget-wrap elementor-element-populated\">\n\t\t\t\t\t\t<div class=\"elementor-element elementor-element-d52496c elementor-position-top elementor-widget elementor-widget-image-box\" data-id=\"d52496c\" data-element_type=\"widget\" data-widget_type=\"image-box.default\">\n\t\t\t\t<div class=\"elementor-widget-container\">\n\t\t\t\t\t<div class=\"elementor-image-box-wrapper\"><figure class=\"elementor-image-box-img\"><img decoding=\"async\" width=\"115\" height=\"115\" src=\"https:\/\/jibaya.tn\/wp-content\/uploads\/2023\/07\/Groupe-307.png\" class=\"attachment-full size-full wp-image-2911\" alt=\"\" style=\"width:100%;height:100%;max-width:115px\" \/><\/figure><div class=\"elementor-image-box-content\"><h3 class=\"elementor-image-box-title\">Mission<\/h3><p class=\"elementor-image-box-description\">Lorem ipsum dolor sit amet, consectetur adipiscing elit. Ut elit tellus, luctus nec ullamcorper mattis, pulvinar dapibus leo.<\/p><\/div><\/div>\t\t\t\t<\/div>\n\t\t\t\t<\/div>\n\t\t\t\t\t<\/div>\n\t\t<\/div>\n\t\t\t\t<div class=\"elementor-column elementor-col-33 elementor-top-column elementor-element elementor-element-41773b9\" data-id=\"41773b9\" data-element_type=\"column\" data-settings=\"{&quot;background_background&quot;:&quot;classic&quot;}\">\n\t\t\t<div class=\"elementor-widget-wrap elementor-element-populated\">\n\t\t\t\t\t\t<div class=\"elementor-element elementor-element-814a139 elementor-position-top elementor-widget elementor-widget-image-box\" data-id=\"814a139\" data-element_type=\"widget\" data-widget_type=\"image-box.default\">\n\t\t\t\t<div class=\"elementor-widget-container\">\n\t\t\t\t\t<div class=\"elementor-image-box-wrapper\"><figure class=\"elementor-image-box-img\"><img decoding=\"async\" width=\"115\" height=\"115\" src=\"https:\/\/jibaya.tn\/wp-content\/uploads\/2023\/07\/Groupe-310.png\" class=\"attachment-full size-full wp-image-2912\" alt=\"\" style=\"width:100%;height:100%;max-width:115px\" \/><\/figure><div class=\"elementor-image-box-content\"><h3 class=\"elementor-image-box-title\">Vision<\/h3><p class=\"elementor-image-box-description\">Lorem ipsum dolor sit amet, consectetur adipiscing elit. Ut elit tellus, luctus nec ullamcorper mattis, pulvinar dapibus leo.<\/p><\/div><\/div>\t\t\t\t<\/div>\n\t\t\t\t<\/div>\n\t\t\t\t\t<\/div>\n\t\t<\/div>\n\t\t\t\t<div class=\"elementor-column elementor-col-33 elementor-top-column elementor-element elementor-element-df752c8\" data-id=\"df752c8\" data-element_type=\"column\" data-settings=\"{&quot;background_background&quot;:&quot;classic&quot;}\">\n\t\t\t<div class=\"elementor-widget-wrap elementor-element-populated\">\n\t\t\t\t\t\t<div class=\"elementor-element elementor-element-85a648b elementor-position-top elementor-widget elementor-widget-image-box\" data-id=\"85a648b\" data-element_type=\"widget\" data-widget_type=\"image-box.default\">\n\t\t\t\t<div class=\"elementor-widget-container\">\n\t\t\t\t\t<div class=\"elementor-image-box-wrapper\"><figure class=\"elementor-image-box-img\"><img decoding=\"async\" width=\"101\" height=\"111\" src=\"https:\/\/jibaya.tn\/wp-content\/uploads\/2023\/07\/Groupe-311.png\" class=\"attachment-full size-full wp-image-2909\" alt=\"\" style=\"width:100%;height:109.9%;max-width:101px\" \/><\/figure><div class=\"elementor-image-box-content\"><h3 class=\"elementor-image-box-title\">Valeurs<\/h3><p class=\"elementor-image-box-description\">Lorem ipsum dolor sit amet, consectetur adipiscing elit. Ut elit tellus, luctus nec ullamcorper mattis, pulvinar dapibus leo.<\/p><\/div><\/div>\t\t\t\t<\/div>\n\t\t\t\t<\/div>\n\t\t\t\t\t<\/div>\n\t\t<\/div>\n\t\t\t\t\t<\/div>\n\t\t<\/section>\n\t\t\t\t<section class=\"elementor-section elementor-top-section elementor-element elementor-element-8cde8be elementor-section-full_width elementor-section-height-default elementor-section-height-default wpr-particle-no wpr-jarallax-no wpr-parallax-no wpr-sticky-section-no\" data-id=\"8cde8be\" data-element_type=\"section\" data-settings=\"{&quot;_ha_eqh_enable&quot;:false}\">\n\t\t\t\t\t\t<div class=\"elementor-container elementor-column-gap-default\">\n\t\t\t\t\t<div class=\"elementor-column elementor-col-33 elementor-top-column elementor-element elementor-element-25b81fd\" data-id=\"25b81fd\" data-element_type=\"column\" data-settings=\"{&quot;background_background&quot;:&quot;classic&quot;}\">\n\t\t\t<div class=\"elementor-widget-wrap elementor-element-populated\">\n\t\t\t\t<a class=\"eael-wrapper-link-4e71f8e --eael-wrapper-link-tag\" href=\"https:\/\/jibaya.tn\/ar\/dgelf\/\"><\/a>\t\t<div data-eael-wrapper-link=\"eael-wrapper-link-4e71f8e\" class=\"elementor-element elementor-element-4e71f8e elementor-widget__width-initial eael-flipbox-content-align-center elementor-widget elementor-widget-eael-flip-box\" data-id=\"4e71f8e\" data-element_type=\"widget\" data-widget_type=\"eael-flip-box.default\">\n\t\t\t\t<div class=\"elementor-widget-container\">\n\t\t\t\t\t        <div class=\"eael-elements-flip-box-container eael-animate-flip eael-animate-fade-in eael-content eael-flip-box-hover eael-flipbox-fixed-height eael-flipbox-dynamic\">\n\n            <div class=\"eael-elements-flip-box-flip-card\">\n                <div class=\"eael-elements-flip-box-front-container\">\n                    \n                    \n                        <div class=\"eael-elements-slider-display-table\">\n                            <div class=\"eael-elements-flip-box-vertical-align\">\n                                <div class=\"eael-elements-flip-box-padding\">\n                                    <div class=\"eael-elements-flip-box-icon-image\">\n                                                                            <\/div>\n                                                                        <div class=\"eael-elements-flip-box-content\">\n\t                                    <p>\u0627\u0644\u0625\u062f\u0627\u0631\u0629 \u0627\u0644\u0639\u0627\u0645\u0629 \u0644\u0644\u062f\u0631\u0627\u0633\u0627\u062a \u0648\u0627\u0644\u062a\u0634\u0631\u064a\u0639 \u0627\u0644\u062c\u0628\u0627\u0626\u064a<\/p>                                    <\/div>\n                                <\/div>\n                            <\/div>\n                        <\/div>\n                                    <\/div>\n\n                <div class=\"eael-elements-flip-box-rear-container\">\n                                                                <div class=\"eael-elements-slider-display-table\">\n                            <div class=\"eael-elements-flip-box-vertical-align\">\n                                <div class=\"eael-elements-flip-box-padding\">\n                                                                                                            <h2 class=\"eael-elements-flip-box-heading\">\u0627\u0644\u0625\u062f\u0627\u0631\u0629 \u0627\u0644\u0639\u0627\u0645\u0629 \u0644\u0644\u062f\u0631\u0627\u0633\u0627\u062a \u0648\u0627\u0644\u062a\u0634\u0631\u064a\u0639 \u0627\u0644\u062c\u0628\u0627\u0626\u064a<\/h2>\n                                                                        <div class=\"eael-elements-flip-box-content\">\n                                        <p>\u0627\u0644\u0625\u062f\u0627\u0631\u0629 \u0627\u0644\u0639\u0627\u0645\u0629 \u0644\u0644\u062f\u0631\u0627\u0633\u0627\u062a \u0648\u0627\u0644\u062a\u0634\u0631\u064a\u0639 \u0627\u0644\u062c\u0628\u0627\u0626\u064a<\/p>                                    <\/div>\n\n                                                                    <\/div>\n                            <\/div>\n                        <\/div>\n                                    <\/div>\n            <\/div>\n        <\/div>\n        \t\t\t\t<\/div>\n\t\t\t\t<\/div>\n\t\t\t\t\t<\/div>\n\t\t<\/div>\n\t\t\t\t<div class=\"elementor-column elementor-col-33 elementor-top-column elementor-element elementor-element-9bdd46d\" data-id=\"9bdd46d\" data-element_type=\"column\" data-settings=\"{&quot;background_background&quot;:&quot;classic&quot;}\">\n\t\t\t<div class=\"elementor-widget-wrap elementor-element-populated\">\n\t\t\t\t<a class=\"eael-wrapper-link-fa27abf --eael-wrapper-link-tag\" href=\"https:\/\/jibaya.tn\/ar\/dgcpr\/\"><\/a>\t\t<div data-eael-wrapper-link=\"eael-wrapper-link-fa27abf\" class=\"elementor-element elementor-element-fa27abf elementor-widget__width-initial eael-flipbox-content-align-center elementor-widget elementor-widget-eael-flip-box\" data-id=\"fa27abf\" data-element_type=\"widget\" data-widget_type=\"eael-flip-box.default\">\n\t\t\t\t<div class=\"elementor-widget-container\">\n\t\t\t\t\t        <div class=\"eael-elements-flip-box-container eael-animate-flip eael-animate-fade-in eael-content eael-flip-box-hover eael-flipbox-fixed-height eael-flipbox-dynamic\">\n\n            <div class=\"eael-elements-flip-box-flip-card\">\n                <div class=\"eael-elements-flip-box-front-container\">\n                    \n                    \n                        <div class=\"eael-elements-slider-display-table\">\n                            <div class=\"eael-elements-flip-box-vertical-align\">\n                                <div class=\"eael-elements-flip-box-padding\">\n                                    <div class=\"eael-elements-flip-box-icon-image\">\n                                                                            <\/div>\n                                                                        <div class=\"eael-elements-flip-box-content\">\n\t                                    <p>\u0627\u0644\u0625\u062f\u0627\u0631\u0629 \u0627\u0644\u0639\u0627\u0645\u0629 \u0644\u0644\u0645\u062d\u0627\u0633\u0628\u0629 \u0627\u0644\u0639\u0645\u0648\u0645\u064a\u0629 \u0648\u0627\u0644\u0625\u0633\u062a\u062e\u0644\u0627\u0635<\/p>                                    <\/div>\n                                <\/div>\n                            <\/div>\n                        <\/div>\n                                    <\/div>\n\n                <div class=\"eael-elements-flip-box-rear-container\">\n                                                                <div class=\"eael-elements-slider-display-table\">\n                            <div class=\"eael-elements-flip-box-vertical-align\">\n                                <div class=\"eael-elements-flip-box-padding\">\n                                                                                                            <h2 class=\"eael-elements-flip-box-heading\">\u0627\u0644\u0625\u062f\u0627\u0631\u0629 \u0627\u0644\u0639\u0627\u0645\u0629 \u0644\u0644\u0645\u062d\u0627\u0633\u0628\u0629 \u0627\u0644\u0639\u0645\u0648\u0645\u064a\u0629 \u0648\u0627\u0644\u0625\u0633\u062a\u062e\u0644\u0627\u0635<\/h2>\n                                                                        <div class=\"eael-elements-flip-box-content\">\n                                        <p>\u0627\u0644\u0625\u062f\u0627\u0631\u0629 \u0627\u0644\u0639\u0627\u0645\u0629 \u0644\u0644\u0645\u062d\u0627\u0633\u0628\u0629 \u0627\u0644\u0639\u0645\u0648\u0645\u064a\u0629 \u0648\u0627\u0644\u0625\u0633\u062a\u062e\u0644\u0627\u0635<\/p>                                    <\/div>\n\n                                                                    <\/div>\n                            <\/div>\n                        <\/div>\n                                    <\/div>\n            <\/div>\n        <\/div>\n        \t\t\t\t<\/div>\n\t\t\t\t<\/div>\n\t\t\t\t\t<\/div>\n\t\t<\/div>\n\t\t\t\t<div class=\"elementor-column elementor-col-33 elementor-top-column elementor-element elementor-element-71d30c1\" data-id=\"71d30c1\" data-element_type=\"column\" data-settings=\"{&quot;background_background&quot;:&quot;classic&quot;}\">\n\t\t\t<div class=\"elementor-widget-wrap elementor-element-populated\">\n\t\t\t\t\t\t<div class=\"elementor-element elementor-element-04dfece elementor-widget__width-initial eael-flipbox-content-align-center elementor-widget elementor-widget-eael-flip-box\" data-id=\"04dfece\" data-element_type=\"widget\" data-widget_type=\"eael-flip-box.default\">\n\t\t\t\t<div class=\"elementor-widget-container\">\n\t\t\t\t\t        <div class=\"eael-elements-flip-box-container eael-animate-flip eael-animate-fade-in eael-content eael-flip-box-hover eael-flipbox-fixed-height eael-flipbox-dynamic\">\n\n            <a class=\"eael-elements-flip-box-flip-card\" href=\"https:\/\/jibaya.tn\/ar\/dgi\/\">\n                <div class=\"eael-elements-flip-box-front-container\">\n                    \n                    \n                        <div class=\"eael-elements-slider-display-table\">\n                            <div class=\"eael-elements-flip-box-vertical-align\">\n                                <div class=\"eael-elements-flip-box-padding\">\n                                    <div class=\"eael-elements-flip-box-icon-image\">\n                                                                            <\/div>\n                                                                        <div class=\"eael-elements-flip-box-content\">\n\t                                    <p>\u0627\u0644\u0625\u062f\u0627\u0631\u0629 \u0627\u0644\u0639\u0627\u0645\u0629 \u0644\u0644\u0623\u062f\u0627\u0621\u0627\u062a<\/p>                                    <\/div>\n                                <\/div>\n                            <\/div>\n                        <\/div>\n                                    <\/div>\n\n                <div class=\"eael-elements-flip-box-rear-container\">\n                                                                <div class=\"eael-elements-slider-display-table\">\n                            <div class=\"eael-elements-flip-box-vertical-align\">\n                                <div class=\"eael-elements-flip-box-padding\">\n                                                                                                            <h2 class=\"eael-elements-flip-box-heading\">\u0627\u0644\u0625\u062f\u0627\u0631\u0629 \u0627\u0644\u0639\u0627\u0645\u0629 \u0644\u0644\u0623\u062f\u0627\u0621\u0627\u062a<\/h2>\n                                                                        <div class=\"eael-elements-flip-box-content\">\n                                        <p>\u0627\u0644\u0625\u062f\u0627\u0631\u0629 \u0627\u0644\u0639\u0627\u0645\u0629 \u0644\u0644\u0623\u062f\u0627\u0621\u0627\u062a<\/p>                                    <\/div>\n\n                                                                    <\/div>\n                            <\/div>\n                        <\/div>\n                                    <\/div>\n            <\/a>\n        <\/div>\n        \t\t\t\t<\/div>\n\t\t\t\t<\/div>\n\t\t\t\t\t<\/div>\n\t\t<\/div>\n\t\t\t\t\t<\/div>\n\t\t<\/section>\n\t\t\t\t<\/div>","protected":false},"excerpt":{"rendered":"<p>L&#8217;ADMINISTRATION FISCALE Acceuil L&#8217;Administration Fiscale\u200b\u200b Mission Lorem ipsum dolor sit amet, consectetur adipiscing elit. Ut elit tellus, luctus nec ullamcorper mattis, pulvinar dapibus leo. Vision Lorem ipsum dolor sit amet, consectetur adipiscing elit. Ut elit tellus, luctus nec ullamcorper mattis, pulvinar dapibus leo. Valeurs Lorem ipsum dolor sit amet, consectetur adipiscing elit. Ut elit tellus, luctus nec ullamcorper mattis, pulvinar dapibus leo. La Direction G\u00e9n\u00e9rale des Etudes et de la L\u00e9gislation Fiscales DGELF La Direction G\u00e9n\u00e9rale des Etudes et de la L\u00e9gislation Fiscales La Direction G\u00e9n\u00e9rale de la Comptabilit\u00e9 Publique et du Recouvrement DGCPR La Direction G\u00e9n\u00e9rale de la Comptabilit\u00e9 Publique et du Recouvrement La Direction G\u00e9n\u00e9rale des Imp\u00f4ts DGI La Direction G\u00e9n\u00e9rale des Imp\u00f4ts<\/p>","protected":false},"author":3,"featured_media":0,"parent":0,"menu_order":0,"comment_status":"closed","ping_status":"closed","template":"elementor_header_footer","meta":{"_monsterinsights_skip_tracking":false,"_monsterinsights_sitenote_active":false,"_monsterinsights_sitenote_note":"","_monsterinsights_sitenote_category":0,"footnotes":""},"class_list":["post-30","page","type-page","status-publish","hentry","entry"],"aioseo_notices":[],"_links":{"self":[{"href":"https:\/\/jibaya.tn\/ar\/wp-json\/wp\/v2\/pages\/30","targetHints":{"allow":["GET"]}}],"collection":[{"href":"https:\/\/jibaya.tn\/ar\/wp-json\/wp\/v2\/pages"}],"about":[{"href":"https:\/\/jibaya.tn\/ar\/wp-json\/wp\/v2\/types\/page"}],"author":[{"embeddable":true,"href":"https:\/\/jibaya.tn\/ar\/wp-json\/wp\/v2\/users\/3"}],"replies":[{"embeddable":true,"href":"https:\/\/jibaya.tn\/ar\/wp-json\/wp\/v2\/comments?post=30"}],"version-history":[{"count":0,"href":"https:\/\/jibaya.tn\/ar\/wp-json\/wp\/v2\/pages\/30\/revisions"}],"wp:attachment":[{"href":"https:\/\/jibaya.tn\/ar\/wp-json\/wp\/v2\/media?parent=30"}],"curies":[{"name":"wp","href":"https:\/\/api.w.org\/{rel}","templated":true}]}}