{"id":3931,"date":"2023-08-10T15:59:35","date_gmt":"2023-08-10T15:59:35","guid":{"rendered":"https:\/\/jibaya.tn\/?page_id=3931"},"modified":"2024-01-17T11:06:58","modified_gmt":"2024-01-17T11:06:58","slug":"la-brigade-des-investigations-et-de-la-lutte-contre-levasion-fiscale-b-i-l-c-e-f","status":"publish","type":"page","link":"https:\/\/jibaya.tn\/ar\/la-brigade-des-investigations-et-de-la-lutte-contre-levasion-fiscale-b-i-l-c-e-f\/","title":{"rendered":"\u0641\u0631\u0642\u0629 \u0627\u0644\u0623\u0628\u062d\u0627\u062b \u0648\u0645\u0643\u0627\u0641\u062d\u0629 \u0627\u0644\u062a\u0647\u0631\u0628 \u0627\u0644\u062c\u0628\u0627\u0626\u064a \u0641.\u0623.\u0645.\u062a.\u062c"},"content":{"rendered":"<div data-elementor-type=\"wp-page\" data-elementor-id=\"3931\" class=\"elementor elementor-3931\" data-elementor-settings=\"{&quot;ha_cmc_init_switcher&quot;:&quot;no&quot;}\" data-elementor-post-type=\"page\">\n\t\t\t\t\t\t<section class=\"elementor-section elementor-top-section elementor-element elementor-element-fce1e5d elementor-section-full_width banner-arab elementor-section-height-default elementor-section-height-default wpr-particle-no wpr-jarallax-no wpr-parallax-no wpr-sticky-section-no\" data-id=\"fce1e5d\" data-element_type=\"section\" data-settings=\"{&quot;background_background&quot;:&quot;classic&quot;,&quot;_ha_eqh_enable&quot;:false}\">\n\t\t\t\t\t\t\t<div class=\"elementor-background-overlay\"><\/div>\n\t\t\t\t\t\t\t<div class=\"elementor-container elementor-column-gap-default\">\n\t\t\t\t\t<div class=\"elementor-column elementor-col-100 elementor-top-column elementor-element elementor-element-821aca8\" data-id=\"821aca8\" data-element_type=\"column\">\n\t\t\t<div class=\"elementor-widget-wrap elementor-element-populated\">\n\t\t\t\t\t\t<div class=\"elementor-element elementor-element-b7fd3b9 elementor-widget elementor-widget-heading\" data-id=\"b7fd3b9\" data-element_type=\"widget\" data-widget_type=\"heading.default\">\n\t\t\t\t<div class=\"elementor-widget-container\">\n\t\t\t\t\t<h2 class=\"elementor-heading-title elementor-size-default\">\n\u0641\u0631\u0642\u0629 \u0627\u0644\u0623\u0628\u062d\u0627\u062b \u0648\u0645\u0643\u0627\u0641\u062d\u0629 \u0627\u0644\u062a\u0647\u0631\u0628 \u0627\u0644\u062c\u0628\u0627\u0626\u064a\n<\/h2>\t\t\t\t<\/div>\n\t\t\t\t<\/div>\n\t\t\t\t\t<\/div>\n\t\t<\/div>\n\t\t\t\t\t<\/div>\n\t\t<\/section>\n\t\t<div class=\"elementor-element elementor-element-a8fdf81 e-con-full breadcrumbs-arab e-flex wpr-particle-no wpr-jarallax-no wpr-parallax-no wpr-sticky-section-no e-con e-parent\" data-id=\"a8fdf81\" data-element_type=\"container\" data-settings=\"{&quot;_ha_eqh_enable&quot;:false}\">\n\t\t\t\t<div class=\"elementor-element elementor-element-72e6421 elementor-icon-list--layout-traditional elementor-list-item-link-full_width elementor-widget elementor-widget-icon-list\" data-id=\"72e6421\" data-element_type=\"widget\" data-widget_type=\"icon-list.default\">\n\t\t\t\t<div class=\"elementor-widget-container\">\n\t\t\t\t\t\t\t<ul class=\"elementor-icon-list-items\">\n\t\t\t\t\t\t\t<li class=\"elementor-icon-list-item\">\n\t\t\t\t\t\t\t\t\t\t\t<a href=\"https:\/\/jibaya.tn\/ar\/\">\n\n\t\t\t\t\t\t\t\t\t\t\t<span class=\"elementor-icon-list-text\">\u0625\u0633\u062a\u0642\u0628\u0627\u0644<\/span>\n\t\t\t\t\t\t\t\t\t\t\t<\/a>\n\t\t\t\t\t\t\t\t\t<\/li>\n\t\t\t\t\t\t<\/ul>\n\t\t\t\t\t\t<\/div>\n\t\t\t\t<\/div>\n\t\t\t\t<div class=\"elementor-element elementor-element-8061ee4 elementor-icon-list--layout-traditional elementor-list-item-link-full_width elementor-widget elementor-widget-icon-list\" data-id=\"8061ee4\" data-element_type=\"widget\" data-widget_type=\"icon-list.default\">\n\t\t\t\t<div class=\"elementor-widget-container\">\n\t\t\t\t\t\t\t<ul class=\"elementor-icon-list-items\">\n\t\t\t\t\t\t\t<li class=\"elementor-icon-list-item\">\n\t\t\t\t\t\t\t\t\t\t\t<a href=\"https:\/\/jibaya.tn\/ar\/dgi\/\">\n\n\t\t\t\t\t\t\t\t\t\t\t\t<span class=\"elementor-icon-list-icon\">\n\t\t\t\t\t\t\t<svg aria-hidden=\"true\" class=\"e-font-icon-svg e-fas-chevron-right\" viewbox=\"0 0 320 512\" xmlns=\"http:\/\/www.w3.org\/2000\/svg\"><path d=\"M285.476 272.971L91.132 467.314c-9.373 9.373-24.569 9.373-33.941 0l-22.667-22.667c-9.357-9.357-9.375-24.522-.04-33.901L188.505 256 34.484 101.255c-9.335-9.379-9.317-24.544.04-33.901l22.667-22.667c9.373-9.373 24.569-9.373 33.941 0L285.475 239.03c9.373 9.372 9.373 24.568.001 33.941z\"><\/path><\/svg>\t\t\t\t\t\t<\/span>\n\t\t\t\t\t\t\t\t\t\t<span class=\"elementor-icon-list-text\">\u0627\u0644\u0625\u062f\u0627\u0631\u0629 \u0627\u0644\u0639\u0627\u0645\u0629 \u0644\u0644\u0623\u062f\u0627\u0621\u0627\u062a<\/span>\n\t\t\t\t\t\t\t\t\t\t\t<\/a>\n\t\t\t\t\t\t\t\t\t<\/li>\n\t\t\t\t\t\t<\/ul>\n\t\t\t\t\t\t<\/div>\n\t\t\t\t<\/div>\n\t\t\t\t<div class=\"elementor-element elementor-element-721ff24 elementor-widget-mobile__width-initial elementor-icon-list--layout-traditional elementor-list-item-link-full_width elementor-widget elementor-widget-icon-list\" data-id=\"721ff24\" data-element_type=\"widget\" data-widget_type=\"icon-list.default\">\n\t\t\t\t<div class=\"elementor-widget-container\">\n\t\t\t\t\t\t\t<ul class=\"elementor-icon-list-items\">\n\t\t\t\t\t\t\t<li class=\"elementor-icon-list-item\">\n\t\t\t\t\t\t\t\t\t\t\t<span class=\"elementor-icon-list-icon\">\n\t\t\t\t\t\t\t<svg aria-hidden=\"true\" class=\"e-font-icon-svg e-fas-chevron-right\" viewbox=\"0 0 320 512\" xmlns=\"http:\/\/www.w3.org\/2000\/svg\"><path d=\"M285.476 272.971L91.132 467.314c-9.373 9.373-24.569 9.373-33.941 0l-22.667-22.667c-9.357-9.357-9.375-24.522-.04-33.901L188.505 256 34.484 101.255c-9.335-9.379-9.317-24.544.04-33.901l22.667-22.667c9.373-9.373 24.569-9.373 33.941 0L285.475 239.03c9.373 9.372 9.373 24.568.001 33.941z\"><\/path><\/svg>\t\t\t\t\t\t<\/span>\n\t\t\t\t\t\t\t\t\t\t<span class=\"elementor-icon-list-text\">d<\/span>\n\t\t\t\t\t\t\t\t\t<\/li>\n\t\t\t\t\t\t<\/ul>\n\t\t\t\t\t\t<\/div>\n\t\t\t\t<\/div>\n\t\t\t\t<div class=\"elementor-element elementor-element-8df55af elementor-icon-list--layout-traditional elementor-list-item-link-full_width elementor-widget elementor-widget-icon-list\" data-id=\"8df55af\" data-element_type=\"widget\" data-widget_type=\"icon-list.default\">\n\t\t\t\t<div class=\"elementor-widget-container\">\n\t\t\t\t\t\t\t<ul class=\"elementor-icon-list-items\">\n\t\t\t\t\t\t\t<li class=\"elementor-icon-list-item\">\n\t\t\t\t\t\t\t\t\t\t<span class=\"elementor-icon-list-text\"> \u0641\u0631\u0642\u0629 \u0627\u0644\u0623\u0628\u062d\u0627\u062b \u0648\u0645\u0643\u0627\u0641\u062d\u0629 \u0627\u0644\u062a\u0647\u0631\u0628 \u0627\u0644\u062c\u0628\u0627\u0626\u064a<\/span>\n\t\t\t\t\t\t\t\t\t<\/li>\n\t\t\t\t\t\t<\/ul>\n\t\t\t\t\t\t<\/div>\n\t\t\t\t<\/div>\n\t\t\t\t<\/div>\n\t\t<div class=\"elementor-element elementor-element-cd4ae01 e-flex e-con-boxed wpr-particle-no wpr-jarallax-no wpr-parallax-no wpr-sticky-section-no e-con e-parent\" data-id=\"cd4ae01\" data-element_type=\"container\" data-settings=\"{&quot;_ha_eqh_enable&quot;:false}\">\n\t\t\t\t\t<div class=\"e-con-inner\">\n\t\t\t\t<div class=\"elementor-element elementor-element-324eb27 elementor-widget elementor-widget-image\" data-id=\"324eb27\" data-element_type=\"widget\" data-widget_type=\"image.default\">\n\t\t\t\t<div class=\"elementor-widget-container\">\n\t\t\t\t\t\t\t\t\t\t\t\t\t\t\t<img fetchpriority=\"high\" decoding=\"async\" width=\"1532\" height=\"1536\" src=\"https:\/\/jibaya.tn\/wp-content\/uploads\/2024\/01\/bilcef-ar-53-1.jpg\" class=\"attachment-1536x1536 size-1536x1536 wp-image-11826\" alt=\"\" style=\"width:100%;height:100.24%;max-width:2531px\" \/>\t\t\t\t\t\t\t\t\t\t\t\t\t\t\t<\/div>\n\t\t\t\t<\/div>\n\t\t\t\t\t<\/div>\n\t\t\t\t<\/div>\n\t\t<div class=\"elementor-element elementor-element-da763cb e-flex e-con-boxed wpr-particle-no wpr-jarallax-no wpr-parallax-no wpr-sticky-section-no e-con e-parent\" data-id=\"da763cb\" data-element_type=\"container\" data-settings=\"{&quot;_ha_eqh_enable&quot;:false}\">\n\t\t\t\t\t<div class=\"e-con-inner\">\n\t\t<div class=\"elementor-element elementor-element-60b17ae e-con-full e-flex wpr-particle-no wpr-jarallax-no wpr-parallax-no wpr-sticky-section-no e-con e-child\" data-id=\"60b17ae\" data-element_type=\"container\" data-settings=\"{&quot;background_background&quot;:&quot;classic&quot;,&quot;_ha_eqh_enable&quot;:false}\">\n\t\t<div class=\"elementor-element elementor-element-3f9d892 e-con-full e-flex wpr-particle-no wpr-jarallax-no wpr-parallax-no wpr-sticky-section-no e-con e-child\" data-id=\"3f9d892\" data-element_type=\"container\" data-settings=\"{&quot;background_background&quot;:&quot;classic&quot;,&quot;_ha_eqh_enable&quot;:false}\">\n\t\t\t\t<div class=\"elementor-element elementor-element-c38a113 elementor-widget elementor-widget-heading\" data-id=\"c38a113\" data-element_type=\"widget\" data-widget_type=\"heading.default\">\n\t\t\t\t<div class=\"elementor-widget-container\">\n\t\t\t\t\t<h2 class=\"elementor-heading-title elementor-size-default\">\u0627\u0644\u062a\u0642\u062f\u064a\u0645 :<\/h2>\t\t\t\t<\/div>\n\t\t\t\t<\/div>\n\t\t\t\t<div class=\"elementor-element elementor-element-a2ade4b elementor-widget__width-initial elementor-widget elementor-widget-text-editor\" data-id=\"a2ade4b\" data-element_type=\"widget\" data-widget_type=\"text-editor.default\">\n\t\t\t\t<div class=\"elementor-widget-container\">\n\t\t\t\t\t\t\t\t\t<p>\u064a\u0634\u0631\u0641 \u0639\u0644\u0649 \u0641\u0631\u0642\u0629 \u0627\u0644\u0623\u0628\u062d\u0627\u062b \u0648\u0645\u0643\u0627\u0641\u062d\u0629 \u0627\u0644\u062a\u0647\u0631\u0628 \u0627\u0644\u062c\u0628\u0627\u0626\u064a \u0631\u0626\u064a\u0633 \u0648\u062d\u062f\u0629 \u064a\u0646\u062a\u0641\u0639 \u0628\u0627\u0644\u0645\u0646\u062d \u0648\u0627\u0644\u0627\u0645\u062a\u064a\u0627\u0632\u0627\u062a \u0627\u0644\u0645\u062e\u0648\u0644\u0629 \u0644\u0645\u062f\u064a\u0631 \u0639\u0627\u0645 \u0625\u062f\u0627\u0631\u0629 \u0645\u0631\u0643\u0632\u064a\u0629 \u0648\u064a\u062e\u0636\u0639 \u0631\u0626\u064a\u0633 \u0627\u0644\u0641\u0631\u0642\u0629 \u0648\u0627\u0644\u0623\u0639\u0648\u0627\u0646 \u0648\u0627\u0644\u0625\u0637\u0627\u0631\u0627\u062a \u0627\u0644\u0631\u0627\u062c\u0639\u064a\u0646 \u0628\u0627\u0644\u0646\u0638\u0631 \u0625\u0644\u0649 \u0641\u0631\u0642\u0629 \u0627\u0644\u0623\u0628\u062d\u0627\u062b \u0648\u0645\u0643\u0627\u0641\u062d\u0629 \u0627\u0644\u062a\u0647\u0631\u0628 \u0627\u0644\u062c\u0628\u0627\u0626\u064a \u0625\u0644\u0649 \u0627\u0644\u0633\u0644\u0637\u0629 \u0627\u0644\u0625\u062f\u0627\u0631\u064a\u0629 \u0644\u0644\u0645\u062f\u064a\u0631\u0627\u0644\u0639\u0627\u0645 \u0644\u0644\u0623\u062f\u0627\u0621\u0627\u062a \u0648\u064a\u062a\u0639\u064a\u0646 \u0639\u0644\u064a\u0647\u0645 \u0644\u0647\u0630\u0627 \u0627\u0644\u063a\u0631\u0636 \u0627\u0644\u0631\u062c\u0648\u0639 \u0625\u0644\u064a\u0647 \u0628\u062e\u0635\u0648\u0635 \u0643\u0644 \u0627\u0644\u0645\u0633\u0627\u0626\u0644 \u0627\u0644\u0645\u062a\u0639\u0644\u0642\u0629 \u0628\u062a\u0646\u0638\u064a\u0645 \u0648\u0639\u0645\u0644 \u0627\u0644\u0647\u064a\u0627\u0643\u0644 \u0627\u0644\u0645\u0643\u0648\u0646\u0629 \u0644\u0644\u0641\u0631\u0642\u0629.<\/p><p>\u0639\u0644\u0627\u0648\u0629 \u0639\u0644\u0649 \u0627\u0644\u0645\u0647\u0627\u0645 \u0627\u0644\u0645\u0646\u0635\u0648\u0635 \u0639\u0644\u064a\u0647\u0627 \u0628\u0627\u0644\u0641\u0635\u0648\u0644 80 \u0645\u0643\u0631\u0631 \u0625\u0644\u0649 \u0633\u0627\u0628\u0639\u0627 \u0645\u0646 \u0645\u062c\u0644\u0651\u0629 \u0627\u0644\u062d\u0642\u0648\u0642 \u0648\u0627\u0644\u0625\u062c\u0631\u0627\u0621\u0627\u062a \u0627\u0644\u062c\u0628\u0627\u0626\u064a\u0629 \u062a\u0643\u0644\u0651\u0641 \u0641\u0631\u0642\u0629\n\n\u0627\u0644\u0623\u0628\u062d\u0627\u062b \u0648\u0645\u0643\u0627\u0641\u062d\u0629 \u0627\u0644\u062a\u0647\u0631\u0628 \u0627\u0644\u062c\u0628\u0627\u0626\u064a \u062e\u0627\u0635\u0629 \u0628\u0640 :<\/p><ul><li>\u062c\u0645\u0639 \u0627\u0644\u0645\u0639\u0644\u0648\u0645\u0627\u062a \u0627\u0644\u0645\u062a\u0639\u0644\u0642\u0629 \u0628\u0623\u0639\u0645\u0627\u0644 \u0627\u0644\u062a\u0647\u0631\u0628 \u0648\u0627\u0644\u062a\u062d\u064a\u0644 \u0627\u0644\u062c\u0628\u0627\u0626\u064a \u0648\u0627\u0644\u062a\u0646\u0633\u064a\u0642 \u0645\u0639 \u0628\u0642\u064a\u0629 \u0627\u0644\u0645\u0635\u0627\u0644\u062d \u0627\u0644\u0645\u062e\u062a\u0635\u0629 \u0641\u064a \u0627\u0633\u062a\u0642\u0635\u0627\u0621 \u0627\u0644\u0645\u0639\u0644\u0648\u0645\u0627\u062a\n\n\u0648\u0627\u0633\u062a\u063a\u0644\u0627\u0644\u0647\u0627 \u0628\u0627\u0644\u0625\u062f\u0627\u0631\u0629 \u0627\u0644\u0639\u0627\u0645\u0629 \u0644\u0644\u0623\u062f\u0627\u0621\u0627\u062a.<\/li><li>\u0627\u0644\u0633\u0647\u0631 \u0639\u0644\u0649 \u0645\u062a\u0627\u0628\u0639\u0629 \u0627\u0644\u0645\u0639\u0627\u0647\u062f\u0627\u062a \u0648\u0627\u0644\u0627\u062a\u0641\u0627\u0642\u064a\u0627\u062a \u0627\u0644\u062b\u0646\u0627\u0626\u064a\u0629 \u0623\u0648 \u0627\u0644\u0645\u062a\u0639\u062f\u062f\u0629 \u0627\u0644\u0623\u0637\u0631\u0627\u0641 \u0627\u0644\u0645\u062a\u0639\u0644\u0642\u0629 \u0628\u0627\u0644\u062a\u0639\u0627\u0648\u0646 \u0627\u0644\u0625\u062f\u0627\u0631\u064a \u0627\u0644\u0645\u062a\u0628\u0627\u062f\u0644 \u0644\u0645\u0643\u0627\u0641\u062d\u0629 \u0627\u0644\u062a\u0647\u0631\u0628\n\n\u0648\u0627\u0644\u063a\u0634 \u0627\u0644\u062c\u0628\u0627\u0626\u064a\u064a\u0646.<\/li><li>\u0627\u0644\u0633\u0647\u0631 \u0639\u0644\u0649 \u0631\u0628\u0637 \u0627\u0644\u0635\u0644\u0629 \u0645\u0639 \u0627\u0644\u0645\u0635\u0627\u0644\u062d \u0627\u0644\u0648\u0637\u0646\u064a\u0629 \u0627\u0644\u0623\u062e\u0631\u0649 \u0627\u0644\u0645\u062e\u062a\u0635\u0629 \u0641\u064a \u0645\u0643\u0627\u0641\u062d\u0629 \u0627\u0644\u062c\u0631\u0627\u0626\u0645 \u0627\u0644\u0645\u0627\u0644\u064a\u0629.<\/li><li>\u0645\u0639\u0627\u0636\u062f\u0629 \u0645\u0643\u0627\u062a\u0628 \u0627\u0644\u0636\u0645\u0627\u0646 \u0641\u064a \u0645\u0631\u0627\u0642\u0628\u0629 \u0627\u0644\u0645\u0639\u0627\u062f\u0646 \u0627\u0644\u0646\u0651\u0641\u064a\u0633\u0629 \u0648\u0627\u0644\u0645\u0635\u0646\u0648\u0639\u0627\u062a \u0645\u0646\u0647\u0627 \u0637\u0628\u0642\u0627 \u0644\u0644\u062a\u0634\u0631\u064a\u0639 \u0627\u0644\u062c\u0627\u0631\u064a \u0628\u0647 \u0627\u0644\u0639\u0645\u0644.<\/li><li>\u0627\u0644\u0642\u064a\u0627\u0645 \u0628\u0627\u0644\u0623\u0628\u062d\u0627\u062b \u0648\u0627\u0644\u062a\u062d\u0642\u064a\u0642 \u0641\u064a \u0627\u0644\u0648\u0634\u0627\u064a\u0627\u062a \u0648\u0627\u0644\u0625\u0639\u0644\u0627\u0645\u0627\u062a \u0648\u0627\u0644\u0625\u0641\u0635\u0627\u062d\u0627\u062a.<\/li><li>\u0627\u0644\u0642\u064a\u0627\u0645 \u0628\u0627\u0644\u062f\u0631\u0627\u0633\u0627\u062a \u0627\u0644\u0642\u0637\u0627\u0639\u064a\u0629.<\/li><li>\u0627\u0644\u0642\u064a\u0627\u0645 \u0628\u0645\u062e\u062a\u0644\u0641 \u0627\u0644\u0645\u0647\u0627\u0645 \u0627\u0644\u0625\u062f\u0627\u0631\u064a\u0629 \u0627\u0644\u062f\u0627\u062e\u0644\u0629 \u0641\u064a \u0645\u0634\u0645\u0648\u0644\u0627\u062a\u0647\u0645 \u0645\u0646 \u062a\u062e\u0637\u064a\u0637 \u0648\u0625\u0639\u062f\u0627\u062f \u0627\u0644\u0628\u0631\u0627\u0645\u062c \u0648\u0645\u0631\u0627\u0642\u0628\u0629 \u0627\u0644\u062a\u0646\u0641\u064a\u0630 \u0648\u0628\u0643\u0644 \u0639\u0645\u0644 \u0623\u0648 \u0645\u0647\u0645\u0629 \u062a\u062f\u062e\u0644\n\n\u0641\u064a \u0625\u0637\u0627\u0631 \u0645\u0643\u0627\u0641\u062d\u0629 \u0627\u0644\u062a\u0647\u0631\u0628 \u0645\u0646 \u062f\u0641\u0639 \u0627\u0644\u0623\u062f\u0627\u0621 \u0648\u0632\u062c\u0631 \u0623\u0639\u0645\u0627\u0644 \u0627\u0644\u063a\u0634 \u0627\u0644\u062c\u0628\u0627\u0626\u064a.<\/li><li>\u0627\u0644\u062a\u0646\u0633\u064a\u0642 \u0648\u0627\u0644\u0625\u0634\u0631\u0627\u0641 \u0639\u0644\u0649 \u0627\u0644\u0645\u0635\u0627\u0644\u062d \u0627\u0644\u0645\u0645\u062b\u0651\u0644\u0629 \u0644\u0647\u0627 \u0639\u0644\u0649 \u0627\u0644\u0645\u0633\u062a\u0648\u0649 \u0627\u0644\u062c\u0647\u0648\u064a.<\/li><li>\u0627\u0644\u0625\u0634\u0631\u0627\u0641 \u0639\u0644\u0649 \u0625\u0639\u062f\u0627\u062f \u0648\u062a\u0646\u0641\u064a\u0630 \u0627\u0644\u0645\u062e\u0637\u0637\u0627\u062a \u0648\u0627\u0644\u0628\u0631\u0627\u0645\u062c \u0627\u0644\u062f\u0627\u062e\u0644\u0629 \u0641\u064a \u0645\u0634\u0645\u0648\u0644\u0627\u062a\u0647\u0627.<\/li><li>\u0627\u0644\u062a\u0646\u0633\u064a\u0642 \u0645\u0639 \u0645\u062e\u062a\u0644\u0641 \u0647\u064a\u0627\u0643\u0644 \u0627\u0644\u0631\u0642\u0627\u0628\u0629 \u0627\u0644\u0627\u0642\u062a\u0635\u0627\u062f\u064a\u0629 \u0648\u0627\u0644\u062f\u064a\u0648\u0627\u0646\u064a\u0629 \u0644\u062a\u064a\u0633\u064a\u0631 \u0627\u0644\u0642\u064a\u0627\u0645 \u0628\u0623\u0639\u0645\u0627\u0644 \u0627\u0644\u0628\u062d\u062b \u0648\u0627\u0644\u0645\u0631\u0627\u0642\u0628\u0629 \u0648\u0627\u0644\u062a\u062d\u0642\u064a\u0642.<\/li><li>\u062d\u0635\u0631 \u062d\u0627\u062c\u064a\u0627\u062a \u062a\u0633\u064a\u064a\u0631 \u0627\u0644\u0645\u0635\u0627\u0644\u062d \u0627\u0644\u0631\u0627\u062c\u0639\u0629 \u0644\u0647\u0627 \u0628\u0627\u0644\u0646\u0638\u0631.<\/li><\/ul><ul><li>\u0627\u0644\u062a\u0646\u0633\u064a\u0642 \u0645\u0639 \u0627\u0644\u0645\u0635\u0627\u0644\u062d \u0627\u0644\u0645\u0631\u0643\u0632\u064a\u0629 \u0644\u0644\u0625\u062f\u0627\u0631\u0629 \u0627\u0644\u0639\u0627\u0645\u0629 \u0644\u0644\u0623\u062f\u0627\u0621\u0627\u062a \u0641\u064a\u0645\u0627 \u064a\u062a\u0639\u0644\u0651\u0642 \u0628\u0627\u0644\u062a\u0631\u0641 \u0627\u0644\u0625\u062f\u0627\u0631\u064a \u0641\u064a \u0627\u0644\u0645\u0648\u0627\u0631\u062f \u0627\u0644\u0628\u0634\u0631\u064a\u0629 \u0627\u0644\u0631\u0627\u062c\u0639\u0629 \u0644\u0647\u0627 \u0628\u0627\u0644\u0646\u0638\u0631.<\/li><li>\u0627\u0644\u0642\u064a\u0627\u0645 \u0628\u0643\u0644 \u0627\u0644\u0623\u0639\u0645\u0627\u0644 \u0627\u0644\u0645\u0633\u0646\u062f\u0629 \u0625\u0644\u064a\u0647\u0627 \u0628\u0645\u0642\u062a\u0636\u0649 \u0627\u0644\u0646\u0635\u0648\u0635 \u0627\u0644\u062a\u0634\u0631\u064a\u0639\u064a\u0629 \u0648\u0627\u0644\u062a\u0631\u062a\u064a\u0628\u064a\u0629.<\/li><\/ul>\t\t\t\t\t\t\t\t<\/div>\n\t\t\t\t<\/div>\n\t\t\t\t<\/div>\n\t\t\t\t<\/div>\n\t\t\t\t\t<\/div>\n\t\t\t\t<\/div>\n\t\t\t\t<\/div>","protected":false},"excerpt":{"rendered":"<p>La brigade des investigations et de la lutte contre l\u2019\u00e9vasion fiscale Accueil DGI d La brigade des investigations et de la lutte contre l\u2019\u00e9vasion fiscale Pr\u00e9sentation La brigade des investigations et de la lutte contre l\u2019\u00e9vasion fiscale est dirig\u00e9e par un chef d\u2019unit\u00e9 b\u00e9n\u00e9ficiant des indemnit\u00e9s et avantages accord\u00e9s \u00e0 un directeur g\u00e9n\u00e9ral d\u2019administration centrale. Le chef de la brigade des investigations et de la lutte contre l\u2019\u00e9vasion fiscale ainsi que les cadres et agents qui lui sont rattach\u00e9s, sont soumis \u00e0 l\u2019autorit\u00e9 administrative du directeur g\u00e9n\u00e9ral des imp\u00f4ts. Ils sont tenus \u00e0 cet effet de se r\u00e9f\u00e9rer \u00e0 lui pour toutes les questions portant sur l\u2019organisation et les proc\u00e9dures de travail des structures Outre les attributions pr\u00e9vues par les articles 80 bis \u00e0 80 septies du code des droits et proc\u00e9dures fiscaux, la brigade des investigations et de la lutte contre l\u2019\u00e9vasion fiscale est charg\u00e9e notamment de : de collecter les informations relatives aux op\u00e9rations d\u2019\u00e9vasion et de fraude fiscale et de coordonner avec les services comp\u00e9tents dans les recoupements des informations et de leur exploitation par la direction g\u00e9n\u00e9rale des imp\u00f4ts, de veiller au suivi des conventions et des accords bilat\u00e9raux ou multilat\u00e9raux relatives \u00e0 la coop\u00e9ration administrative mutuelle pour la lutte contre l\u2019\u00e9vasion et la fraude fiscale, de veiller \u00e0 nouer les liens avec les autres services nationaux comp\u00e9tents en mati\u00e8re de lutte contre les crimes financiers. d\u2019assister les bureaux de la garantie dans le contr\u00f4le des m\u00e9taux pr\u00e9cieux et les ouvrages en m\u00e9taux pr\u00e9cieux conform\u00e9ment \u00e0 la l\u00e9gislation en vigueur. de mener les enqu\u00eates et les investigations relatives aux d\u00e9nonciations, p\u00e9titions et divulgations, de r\u00e9aliser les \u00e9tudes sectorielles. d\u2019effectuer les diverses attributions administratives relevant de ses comp\u00e9tences, par la planification et la pr\u00e9paration des programmes et le contr\u00f4le de leur ex\u00e9cution, et tous les travaux et t\u00e2ches rentrant dans le cadre de la lutte contre l\u2019\u00e9vasion fiscale et de sanctionner les op\u00e9rations de fraude fiscale. de coordonner et de superviser les services r\u00e9gionaux qui lui sont rattach\u00e9s. de superviser la pr\u00e9paration et l\u2019ex\u00e9cution des plans et programmes qui rel\u00e8vent de ses comp\u00e9tences. de coordonner avec les diverses structures de contr\u00f4le \u00e9conomique et douanier pour faciliter l\u2019accomplissement des t\u00e2ches des enqu\u00eates, de contr\u00f4le et d\u2019investigation. de fixer les besoins de fonctionnement des services qui rel\u00e8vent d\u2019elle, de coordonner avec les services centraux de la direction g\u00e9n\u00e9rale des imp\u00f4ts en mati\u00e8re de gestion administrative de ses ressources humaines de l\u2019ex\u00e9cution des cr\u00e9dits de fonctionnement et de d\u00e9veloppement qui lui sont d\u00e9l\u00e9gu\u00e9s, d\u2019assurer l\u2019entretien des b\u00e2timents et la gestion des \u00e9quipements et du mat\u00e9riel de ses services. d\u2019effectuer toutes les t\u00e2ches qui lui sont attribu\u00e9es par les textes l\u00e9gislatifs et r\u00e8glementaires de la brigade.<\/p>","protected":false},"author":1,"featured_media":0,"parent":0,"menu_order":0,"comment_status":"closed","ping_status":"closed","template":"","meta":{"_monsterinsights_skip_tracking":false,"_monsterinsights_sitenote_active":false,"_monsterinsights_sitenote_note":"","_monsterinsights_sitenote_category":0,"footnotes":""},"class_list":["post-3931","page","type-page","status-publish","hentry","entry"],"aioseo_notices":[],"_links":{"self":[{"href":"https:\/\/jibaya.tn\/ar\/wp-json\/wp\/v2\/pages\/3931","targetHints":{"allow":["GET"]}}],"collection":[{"href":"https:\/\/jibaya.tn\/ar\/wp-json\/wp\/v2\/pages"}],"about":[{"href":"https:\/\/jibaya.tn\/ar\/wp-json\/wp\/v2\/types\/page"}],"author":[{"embeddable":true,"href":"https:\/\/jibaya.tn\/ar\/wp-json\/wp\/v2\/users\/1"}],"replies":[{"embeddable":true,"href":"https:\/\/jibaya.tn\/ar\/wp-json\/wp\/v2\/comments?post=3931"}],"version-history":[{"count":0,"href":"https:\/\/jibaya.tn\/ar\/wp-json\/wp\/v2\/pages\/3931\/revisions"}],"wp:attachment":[{"href":"https:\/\/jibaya.tn\/ar\/wp-json\/wp\/v2\/media?parent=3931"}],"curies":[{"name":"wp","href":"https:\/\/api.w.org\/{rel}","templated":true}]}}