{"id":3940,"date":"2023-08-10T16:04:57","date_gmt":"2023-08-10T16:04:57","guid":{"rendered":"https:\/\/jibaya.tn\/?page_id=3940"},"modified":"2024-01-17T11:03:23","modified_gmt":"2024-01-17T11:03:23","slug":"cellule-de-laudit-interne-et-de-la-qualite-c-a-i-q","status":"publish","type":"page","link":"https:\/\/jibaya.tn\/ar\/cellule-de-laudit-interne-et-de-la-qualite-c-a-i-q\/","title":{"rendered":"\u062e\u0644\u064a\u0629 \u0627\u0644\u062a\u062f\u0642\u064a\u0642 \u0627\u0644\u062f\u0627\u062e\u0644\u064a \u0648\u0627\u0644\u062c\u0648\u062f\u0629 \u0648.\u062a.\u062f.\u062c"},"content":{"rendered":"<div data-elementor-type=\"wp-page\" data-elementor-id=\"3940\" class=\"elementor elementor-3940\" data-elementor-settings=\"{&quot;ha_cmc_init_switcher&quot;:&quot;no&quot;}\" data-elementor-post-type=\"page\">\n\t\t\t\t\t\t<section class=\"elementor-section elementor-top-section elementor-element elementor-element-fce1e5d elementor-section-full_width banner-arab elementor-section-height-default elementor-section-height-default wpr-particle-no wpr-jarallax-no wpr-parallax-no wpr-sticky-section-no\" data-id=\"fce1e5d\" data-element_type=\"section\" data-settings=\"{&quot;background_background&quot;:&quot;classic&quot;,&quot;_ha_eqh_enable&quot;:false}\">\n\t\t\t\t\t\t\t<div class=\"elementor-background-overlay\"><\/div>\n\t\t\t\t\t\t\t<div class=\"elementor-container elementor-column-gap-default\">\n\t\t\t\t\t<div class=\"elementor-column elementor-col-100 elementor-top-column elementor-element elementor-element-821aca8\" data-id=\"821aca8\" data-element_type=\"column\">\n\t\t\t<div class=\"elementor-widget-wrap elementor-element-populated\">\n\t\t\t\t\t\t<div class=\"elementor-element elementor-element-b7fd3b9 elementor-widget elementor-widget-heading\" data-id=\"b7fd3b9\" data-element_type=\"widget\" data-widget_type=\"heading.default\">\n\t\t\t\t<div class=\"elementor-widget-container\">\n\t\t\t\t\t<h2 class=\"elementor-heading-title elementor-size-default\">\n\u062e\u0644\u064a\u0629 \u0627\u0644\u062a\u062f\u0642\u064a\u0642 \u0627\u0644\u062f\u0627\u062e\u0644\u064a \u0648\u0627\u0644\u062c\u0648\u062f\u0629\n<\/h2>\t\t\t\t<\/div>\n\t\t\t\t<\/div>\n\t\t\t\t\t<\/div>\n\t\t<\/div>\n\t\t\t\t\t<\/div>\n\t\t<\/section>\n\t\t<div class=\"elementor-element elementor-element-7e5d865 e-con-full breadcrumbs-arab e-flex wpr-particle-no wpr-jarallax-no wpr-parallax-no wpr-sticky-section-no e-con e-parent\" data-id=\"7e5d865\" data-element_type=\"container\" data-settings=\"{&quot;_ha_eqh_enable&quot;:false}\">\n\t\t\t\t<div class=\"elementor-element elementor-element-7d790fc elementor-icon-list--layout-traditional elementor-list-item-link-full_width elementor-widget elementor-widget-icon-list\" data-id=\"7d790fc\" data-element_type=\"widget\" data-widget_type=\"icon-list.default\">\n\t\t\t\t<div class=\"elementor-widget-container\">\n\t\t\t\t\t\t\t<ul class=\"elementor-icon-list-items\">\n\t\t\t\t\t\t\t<li class=\"elementor-icon-list-item\">\n\t\t\t\t\t\t\t\t\t\t\t<a href=\"https:\/\/jibaya.tn\/ar\/\">\n\n\t\t\t\t\t\t\t\t\t\t\t<span class=\"elementor-icon-list-text\">\u0625\u0633\u062a\u0642\u0628\u0627\u0644<\/span>\n\t\t\t\t\t\t\t\t\t\t\t<\/a>\n\t\t\t\t\t\t\t\t\t<\/li>\n\t\t\t\t\t\t<\/ul>\n\t\t\t\t\t\t<\/div>\n\t\t\t\t<\/div>\n\t\t\t\t<div class=\"elementor-element elementor-element-a4687f4 elementor-icon-list--layout-traditional elementor-list-item-link-full_width elementor-widget elementor-widget-icon-list\" data-id=\"a4687f4\" data-element_type=\"widget\" data-widget_type=\"icon-list.default\">\n\t\t\t\t<div class=\"elementor-widget-container\">\n\t\t\t\t\t\t\t<ul class=\"elementor-icon-list-items\">\n\t\t\t\t\t\t\t<li class=\"elementor-icon-list-item\">\n\t\t\t\t\t\t\t\t\t\t\t<a href=\"https:\/\/jibaya.tn\/ar\/dgi\/\">\n\n\t\t\t\t\t\t\t\t\t\t\t\t<span class=\"elementor-icon-list-icon\">\n\t\t\t\t\t\t\t<svg aria-hidden=\"true\" class=\"e-font-icon-svg e-fas-chevron-right\" viewbox=\"0 0 320 512\" xmlns=\"http:\/\/www.w3.org\/2000\/svg\"><path d=\"M285.476 272.971L91.132 467.314c-9.373 9.373-24.569 9.373-33.941 0l-22.667-22.667c-9.357-9.357-9.375-24.522-.04-33.901L188.505 256 34.484 101.255c-9.335-9.379-9.317-24.544.04-33.901l22.667-22.667c9.373-9.373 24.569-9.373 33.941 0L285.475 239.03c9.373 9.372 9.373 24.568.001 33.941z\"><\/path><\/svg>\t\t\t\t\t\t<\/span>\n\t\t\t\t\t\t\t\t\t\t<span class=\"elementor-icon-list-text\">\u0627\u0644\u0625\u062f\u0627\u0631\u0629 \u0627\u0644\u0639\u0627\u0645\u0629 \u0644\u0644\u0623\u062f\u0627\u0621\u0627\u062a<\/span>\n\t\t\t\t\t\t\t\t\t\t\t<\/a>\n\t\t\t\t\t\t\t\t\t<\/li>\n\t\t\t\t\t\t<\/ul>\n\t\t\t\t\t\t<\/div>\n\t\t\t\t<\/div>\n\t\t\t\t<div class=\"elementor-element elementor-element-3d48c5c elementor-widget-mobile__width-initial elementor-icon-list--layout-traditional elementor-list-item-link-full_width elementor-widget elementor-widget-icon-list\" data-id=\"3d48c5c\" data-element_type=\"widget\" data-widget_type=\"icon-list.default\">\n\t\t\t\t<div class=\"elementor-widget-container\">\n\t\t\t\t\t\t\t<ul class=\"elementor-icon-list-items\">\n\t\t\t\t\t\t\t<li class=\"elementor-icon-list-item\">\n\t\t\t\t\t\t\t\t\t\t\t<span class=\"elementor-icon-list-icon\">\n\t\t\t\t\t\t\t<svg aria-hidden=\"true\" class=\"e-font-icon-svg e-fas-chevron-right\" viewbox=\"0 0 320 512\" xmlns=\"http:\/\/www.w3.org\/2000\/svg\"><path d=\"M285.476 272.971L91.132 467.314c-9.373 9.373-24.569 9.373-33.941 0l-22.667-22.667c-9.357-9.357-9.375-24.522-.04-33.901L188.505 256 34.484 101.255c-9.335-9.379-9.317-24.544.04-33.901l22.667-22.667c9.373-9.373 24.569-9.373 33.941 0L285.475 239.03c9.373 9.372 9.373 24.568.001 33.941z\"><\/path><\/svg>\t\t\t\t\t\t<\/span>\n\t\t\t\t\t\t\t\t\t\t<span class=\"elementor-icon-list-text\">d<\/span>\n\t\t\t\t\t\t\t\t\t<\/li>\n\t\t\t\t\t\t<\/ul>\n\t\t\t\t\t\t<\/div>\n\t\t\t\t<\/div>\n\t\t\t\t<div class=\"elementor-element elementor-element-b65bc65 elementor-icon-list--layout-traditional elementor-list-item-link-full_width elementor-widget elementor-widget-icon-list\" data-id=\"b65bc65\" data-element_type=\"widget\" data-widget_type=\"icon-list.default\">\n\t\t\t\t<div class=\"elementor-widget-container\">\n\t\t\t\t\t\t\t<ul class=\"elementor-icon-list-items\">\n\t\t\t\t\t\t\t<li class=\"elementor-icon-list-item\">\n\t\t\t\t\t\t\t\t\t\t<span class=\"elementor-icon-list-text\"> \u062e\u0644\u064a\u0629 \u0627\u0644\u062a\u062f\u0642\u064a\u0642 \u0627\u0644\u062f\u0627\u062e\u0644\u064a \u0648\u0627\u0644\u062c\u0648\u062f\u0629<\/span>\n\t\t\t\t\t\t\t\t\t<\/li>\n\t\t\t\t\t\t<\/ul>\n\t\t\t\t\t\t<\/div>\n\t\t\t\t<\/div>\n\t\t\t\t<\/div>\n\t\t<div class=\"elementor-element elementor-element-cd4ae01 e-flex e-con-boxed wpr-particle-no wpr-jarallax-no wpr-parallax-no wpr-sticky-section-no e-con e-parent\" data-id=\"cd4ae01\" data-element_type=\"container\" data-settings=\"{&quot;_ha_eqh_enable&quot;:false}\">\n\t\t\t\t\t<div class=\"e-con-inner\">\n\t\t\t\t<div class=\"elementor-element elementor-element-324eb27 elementor-widget elementor-widget-image\" data-id=\"324eb27\" data-element_type=\"widget\" data-widget_type=\"image.default\">\n\t\t\t\t<div class=\"elementor-widget-container\">\n\t\t\t\t\t\t\t\t\t\t\t\t\t\t\t<img fetchpriority=\"high\" decoding=\"async\" width=\"1465\" height=\"1140\" src=\"https:\/\/jibaya.tn\/wp-content\/uploads\/2024\/01\/\u062e\u0644\u064a\u0629-\u0627\u0644\u062a\u062f\u0642\u064a\u0642-\u0627\u0644\u062f\u0627\u062e\u0644\u064a-\u0648\u0627\u0644\u062c\u0648\u062f\u0629-51.jpg\" class=\"attachment-full size-full wp-image-10120\" alt=\"\" style=\"width:100%;height:77.82%;max-width:1465px\" \/>\t\t\t\t\t\t\t\t\t\t\t\t\t\t\t<\/div>\n\t\t\t\t<\/div>\n\t\t\t\t\t<\/div>\n\t\t\t\t<\/div>\n\t\t<div class=\"elementor-element elementor-element-da763cb e-flex e-con-boxed wpr-particle-no wpr-jarallax-no wpr-parallax-no wpr-sticky-section-no e-con e-parent\" data-id=\"da763cb\" data-element_type=\"container\" data-settings=\"{&quot;_ha_eqh_enable&quot;:false}\">\n\t\t\t\t\t<div class=\"e-con-inner\">\n\t\t<div class=\"elementor-element elementor-element-60b17ae e-con-full e-flex wpr-particle-no wpr-jarallax-no wpr-parallax-no wpr-sticky-section-no e-con e-child\" data-id=\"60b17ae\" data-element_type=\"container\" data-settings=\"{&quot;background_background&quot;:&quot;classic&quot;,&quot;_ha_eqh_enable&quot;:false}\">\n\t\t<div class=\"elementor-element elementor-element-3f9d892 e-con-full e-flex wpr-particle-no wpr-jarallax-no wpr-parallax-no wpr-sticky-section-no e-con e-child\" data-id=\"3f9d892\" data-element_type=\"container\" data-settings=\"{&quot;background_background&quot;:&quot;classic&quot;,&quot;_ha_eqh_enable&quot;:false}\">\n\t\t\t\t<div class=\"elementor-element elementor-element-c38a113 elementor-widget elementor-widget-heading\" data-id=\"c38a113\" data-element_type=\"widget\" data-widget_type=\"heading.default\">\n\t\t\t\t<div class=\"elementor-widget-container\">\n\t\t\t\t\t<h2 class=\"elementor-heading-title elementor-size-default\">\u0627\u0644\u062a\u0642\u062f\u064a\u0645 :<\/h2>\t\t\t\t<\/div>\n\t\t\t\t<\/div>\n\t\t\t\t<div class=\"elementor-element elementor-element-a2ade4b elementor-widget__width-initial elementor-widget elementor-widget-text-editor\" data-id=\"a2ade4b\" data-element_type=\"widget\" data-widget_type=\"text-editor.default\">\n\t\t\t\t<div class=\"elementor-widget-container\">\n\t\t\t\t\t\t\t\t\t<p>\u064a\u0634\u0631\u0641 \u0639\u0644\u0649 \u0647\u0630\u0647 \u0627\u0644\u0648\u062d\u062f\u0629 \u0645\u062f\u0642\u0651\u0642 \u0645\u0646 \u0627\u0644\u062f\u0631\u062c\u0629 \u0627\u0644\u0623\u0648\u0644\u0649 \u0628\u0631\u062a\u0628\u0629 \u0648\u0627\u0645\u062a\u064a\u0627\u0632\u0627\u062a \u0645\u062f\u064a\u0631 \u0625\u062f\u0627\u0631\u0629 \u0645\u0631\u0643\u0632\u064a\u0651\u0629 \u0648\u0647\u064a \u0645\u0643\u0644\u0641\u0629 \u062e\u0627\u0635\u0629 \u0628:<\/p><ul><li>\u062a\u0635\u0648\u0651\u0631 \u0645\u0646\u0647\u062c\u064a\u0651\u0629 \u0627\u0644\u062a\u0651\u062f\u0642\u064a\u0642 \u0627\u0644\u062f\u0651\u0627\u062e\u0644\u064a \u0648\u0625\u0639\u062f\u0627\u062f \u0627\u0644\u0645\u0648\u0627\u0635\u0641\u0627\u062a \u0648\u0623\u062f\u0644\u0651\u0629 \u0627\u0644\u0625\u062c\u0631\u0627\u0621\u0627\u062a \u0648\u062a\u062d\u064a\u064a\u0646\u0647\u0627\u060c<\/li><li>\u0625\u0639\u062f\u0627\u062f \u0628\u0631\u0627\u0645\u062c \u0627\u0644\u062a\u062f\u0642\u064a\u0642 \u0627\u0644\u062f\u0651\u0627\u062e\u0644\u064a \u0648\u0627\u0644\u062a\u062f\u0642\u064a\u0642 \u0641\u064a \u0627\u0644\u062c\u0648\u062f\u0629.<\/li><li>\u0636\u0628\u0637 \u0645\u0624\u0634\u0651\u0631\u0627\u062a \u0627\u0644\u062a\u0651\u0635\u0631\u0641 \u0639\u0644\u0649 \u0645\u0633\u062a\u0648\u0649 \u0645\u062e\u062a\u0644\u0641 \u0645\u0635\u0627\u0644\u062d \u0627\u0644\u0625\u062f\u0627\u0631\u0629 \u0627\u0644\u0639\u0627\u0645\u0629 \u0644\u0644\u0623\u062f\u0627\u0621\u0627\u062a \u0648\u0645\u062a\u0627\u0628\u0639\u0629 \u062a\u062d\u0642\u064a\u0642\u0647\u0627.<\/li><li>\u0627\u0644\u0642\u064a\u0627\u0645 \u0628\u0645\u0647\u0645\u0651\u0627\u062a \u062a\u062f\u0642\u064a\u0642 \u062f\u0627\u062e\u0644\u064a \u0628\u0645\u0635\u0627\u0644\u062d \u0627\u0644\u0625\u062f\u0627\u0631\u0629 \u0627\u0644\u0639\u0627\u0645\u0651\u0629 \u0644\u0644\u0623\u062f\u0627\u0621\u0627\u062a.<\/li><li>\u062a\u0642\u062f\u064a\u0645 \u0627\u0642\u062a\u0631\u0627\u062d\u0627\u062a \u0639\u0645\u0644\u064a\u0651\u0629 \u0644\u062a\u062d\u0633\u064a\u0646 \u0627\u0644\u0625\u062c\u0631\u0627\u0621\u0627\u062a \u0648\u0623\u0633\u0627\u0644\u064a\u0628 \u0627\u0644\u0639\u0645\u0644 \u0628\u0645\u0635\u0627\u0644\u062d \u0627\u0644\u0625\u062f\u0627\u0631\u0629 \u0627\u0644\u0639\u0627\u0645\u0651\u0629 \u0644\u0644\u0623\u062f\u0627\u0621\u0627\u062a.<\/li><li>\u0627\u0633\u062a\u063a\u0644\u0627\u0644 \u0646\u062a\u0627\u0626\u062c \u0639\u0645\u0644\u064a\u0651\u0627\u062a \u0627\u0644\u062a\u0641\u0642\u0651\u062f \u0648\u0627\u0642\u062a\u0631\u0627\u062d \u0627\u0644\u062a\u062d\u0633\u064a\u0646\u0627\u062a \u0627\u0644\u0644\u0627\u0651\u0632\u0645\u0629.<\/li><li>\u0625\u0631\u0633\u0627\u0621 \u0645\u0646\u0638\u0648\u0645\u0629 \u0627\u0644\u062c\u0648\u062f\u0629 \u0648\u0627\u0644\u0633\u0651\u0647\u0631 \u0639\u0644\u0649 \u062a\u062d\u0633\u064a\u0646\u0647\u0627 \u0648\u062a\u0639\u0645\u064a\u0645\u0647\u0627.<\/li><li>\u0636\u0628\u0637 \u0627\u0644\u0625\u062c\u0631\u0627\u0621\u0627\u062a \u0648\u0627\u0644\u0645\u0633\u0627\u0631\u0627\u062a \u0627\u0644\u0644\u0627\u0651\u0632\u0645\u0629 \u0644\u0636\u0645\u0627\u0646 \u062d\u0633\u0646 \u0633\u064a\u0631 \u0627\u0644\u0645\u0635\u0627\u0644\u062d.<\/li><li>\u062f\u0631\u0627\u0633\u0629 \u0648\u062a\u0648\u062e\u0651\u064a \u0623\u0633\u0627\u0644\u064a\u0628 \u062a\u062d\u0633\u064a\u0646 \u0648\u062a\u0631\u0634\u064a\u062f \u0627\u0644\u062a\u0651\u0635\u0631\u0651\u0641 \u0627\u0644\u0625\u062f\u0627\u0631\u064a \u0642\u0635\u062f \u0625\u0646\u062c\u0627\u0632 \u0627\u0644\u062e\u062f\u0645\u0627\u062a \u0648\u0641\u0642 \u0645\u062a\u0637\u0644\u0651\u0628\u0627\u062a \u0627\u0644\u062c\u0648\u062f\u0629.<\/li><li>\u0627\u0644\u0645\u0633\u0627\u0647\u0645\u0629 \u0641\u064a \u0625\u0639\u062f\u0627\u062f \u0628\u0631\u0627\u0645\u062c \u0627\u0644\u062a\u0651\u0643\u0648\u064a\u0646 \u0644\u062a\u062d\u0633\u064a\u0646 \u0643\u0641\u0627\u0621\u0629 \u0627\u0644\u0623\u0639\u0648\u0627\u0646.<\/li><li>\u062a\u062d\u0633\u064a\u0646 \u0623\u0633\u0627\u0644\u064a\u0628 \u0648\u0622\u0644\u064a\u0651\u0627\u062a \u0627\u0644\u0627\u062a\u0651\u0635\u0627\u0644 \u0645\u0639 \u0627\u0644\u0645\u0648\u0627\u0637\u0646.<\/li><li>\u0625\u0646\u062c\u0627\u0632 \u0639\u0645\u0644\u064a\u0651\u0627\u062a \u062a\u062f\u0642\u064a\u0642 \u062f\u0627\u062e\u0644\u064a \u0644\u0644\u062c\u0648\u062f\u0629 \u0644\u0644\u062a\u0623\u0643\u0651\u062f \u0645\u0646 \u0627\u0644\u0645\u0637\u0627\u0628\u0642\u0629 \u0644\u0644\u0645\u0648\u0627\u0635\u0641\u0627\u062a \u0648\u0627\u0642\u062a\u0631\u0627\u062d \u0627\u0644\u0625\u062c\u0631\u0627\u0621\u0627\u062a \u0627\u0644\u062a\u0651\u0635\u062d\u064a\u062d\u064a\u0651\u0629 \u0627\u0644\u0644\u0627\u0651\u0632\u0645\u0629 \u0639\u0646\u062f \u0627\u0644\u0625\u0642\u062a\u0636\u0627\u0621.<\/li><\/ul>\t\t\t\t\t\t\t\t<\/div>\n\t\t\t\t<\/div>\n\t\t\t\t<\/div>\n\t\t\t\t<\/div>\n\t\t\t\t\t<\/div>\n\t\t\t\t<\/div>\n\t\t\t\t<\/div>","protected":false},"excerpt":{"rendered":"<p>Cellule de l\u2019Audit Interne et de la Qualit\u00e9 Accueil DGI d Cellule de l\u2019Audit Interne et de la Qualit\u00e9 Pr\u00e9sentation La cellule de l\u2019audit interne et de la qualit\u00e9 est dirig\u00e9e par un auditeur de premi\u00e8re classe ayant rang et avantages d\u2019un directeur d\u2019administration centrale et elle est charg\u00e9e notamment : de concevoir la m\u00e9thodologie de l\u2019audit interne et de l\u2019\u00e9laboration et la mise \u00e0 jour des normes et des guides de proc\u00e9dure . de pr\u00e9parer les programmes d\u2019audit interne et d\u2019audit de la qualit\u00e9 . de d\u00e9terminer les indicateurs de gestion au niveau des diff\u00e9rents services de la direction g\u00e9n\u00e9rale des imp\u00f4ts et d\u2019assurer le suivi de leur r\u00e9alisation . d\u2019accomplir des missions d\u2019audit interne aupr\u00e8s des services de la Direction G\u00e9n\u00e9rale des Imp\u00f4ts . de sugg\u00e9rer des propositions pratiques afin d\u2019am\u00e9liorer les proc\u00e9dures et les m\u00e9thodes de travail dans les services de la Direction G\u00e9n\u00e9rale des Imp\u00f4ts . d\u2019exploiter les r\u00e9sultats des op\u00e9rations d\u2019inspections et de proposer les am\u00e9liorations n\u00e9cessaires . de la mise en place d\u2019un syst\u00e8me qualit\u00e9 et de veiller \u00e0 son am\u00e9lioration et sa g\u00e9n\u00e9ralisation . de fixer les proc\u00e9dures et les processus n\u00e9cessaires pour garantir la bonne marche des services . d\u2019\u00e9tudier et de faire adopter les m\u00e9thodes d\u2019am\u00e9lioration et de rationalisation de la gestion administrative afin d\u2019assurer des services conformes aux normes de qualit\u00e9 . de participer \u00e0 l\u2019\u00e9laboration des programmes de formation pour am\u00e9liorer la comp\u00e9tence des agents . d\u2019am\u00e9liorer les m\u00e9thodes et les moyens de communication avec le public . d\u2019effectuer des missions d\u2019audit interne qualit\u00e9 pour s\u2019assurer de la conformit\u00e9 aux normes et de proposer les mesures correctives n\u00e9cessaires dans le cas \u00e9ch\u00e9ant.<\/p>","protected":false},"author":1,"featured_media":0,"parent":0,"menu_order":0,"comment_status":"closed","ping_status":"closed","template":"","meta":{"_monsterinsights_skip_tracking":false,"_monsterinsights_sitenote_active":false,"_monsterinsights_sitenote_note":"","_monsterinsights_sitenote_category":0,"footnotes":""},"class_list":["post-3940","page","type-page","status-publish","hentry","entry"],"aioseo_notices":[],"_links":{"self":[{"href":"https:\/\/jibaya.tn\/ar\/wp-json\/wp\/v2\/pages\/3940","targetHints":{"allow":["GET"]}}],"collection":[{"href":"https:\/\/jibaya.tn\/ar\/wp-json\/wp\/v2\/pages"}],"about":[{"href":"https:\/\/jibaya.tn\/ar\/wp-json\/wp\/v2\/types\/page"}],"author":[{"embeddable":true,"href":"https:\/\/jibaya.tn\/ar\/wp-json\/wp\/v2\/users\/1"}],"replies":[{"embeddable":true,"href":"https:\/\/jibaya.tn\/ar\/wp-json\/wp\/v2\/comments?post=3940"}],"version-history":[{"count":0,"href":"https:\/\/jibaya.tn\/ar\/wp-json\/wp\/v2\/pages\/3940\/revisions"}],"wp:attachment":[{"href":"https:\/\/jibaya.tn\/ar\/wp-json\/wp\/v2\/media?parent=3940"}],"curies":[{"name":"wp","href":"https:\/\/api.w.org\/{rel}","templated":true}]}}