{"id":4160,"date":"2023-08-18T13:38:25","date_gmt":"2023-08-18T13:38:25","guid":{"rendered":"https:\/\/jibaya.tn\/?page_id=4160"},"modified":"2024-01-17T11:06:44","modified_gmt":"2024-01-17T11:06:44","slug":"unite-du-contentieux-fiscal-et-de-la-conciliation-juridictionnelle-u-c-f-c-j","status":"publish","type":"page","link":"https:\/\/jibaya.tn\/ar\/unite-du-contentieux-fiscal-et-de-la-conciliation-juridictionnelle-u-c-f-c-j\/","title":{"rendered":"\u0648\u062d\u062f\u0629 \u0627\u0644\u0646\u0632\u0627\u0639 \u0627\u0644\u062c\u0628\u0627\u0626\u064a \u0648\u0627\u0644\u0645\u0635\u0627\u0644\u062d\u0629 \u0627\u0644\u062c\u0628\u0627\u0626\u064a\u0629 \u0648.\u0646.\u062c.\u0645.\u062c"},"content":{"rendered":"<div data-elementor-type=\"wp-page\" data-elementor-id=\"4160\" class=\"elementor elementor-4160\" data-elementor-settings=\"{&quot;ha_cmc_init_switcher&quot;:&quot;no&quot;}\" data-elementor-post-type=\"page\">\n\t\t\t\t\t\t<section class=\"elementor-section elementor-top-section elementor-element elementor-element-fce1e5d elementor-section-full_width banner-arab elementor-section-height-default elementor-section-height-default wpr-particle-no wpr-jarallax-no wpr-parallax-no wpr-sticky-section-no\" data-id=\"fce1e5d\" data-element_type=\"section\" data-settings=\"{&quot;background_background&quot;:&quot;classic&quot;,&quot;_ha_eqh_enable&quot;:false}\">\n\t\t\t\t\t\t\t<div class=\"elementor-background-overlay\"><\/div>\n\t\t\t\t\t\t\t<div class=\"elementor-container elementor-column-gap-default\">\n\t\t\t\t\t<div class=\"elementor-column elementor-col-100 elementor-top-column elementor-element elementor-element-821aca8\" data-id=\"821aca8\" data-element_type=\"column\">\n\t\t\t<div class=\"elementor-widget-wrap elementor-element-populated\">\n\t\t\t\t\t\t<div class=\"elementor-element elementor-element-b7fd3b9 elementor-widget elementor-widget-heading\" data-id=\"b7fd3b9\" data-element_type=\"widget\" data-widget_type=\"heading.default\">\n\t\t\t\t<div class=\"elementor-widget-container\">\n\t\t\t\t\t<h2 class=\"elementor-heading-title elementor-size-default\">\u0648\u062d\u062f\u0629 \u0627\u0644\u0646\u0632\u0627\u0639 \u0627\u0644\u062c\u0628\u0627\u0626\u064a \u0648\u0627\u0644\u0645\u0635\u0627\u0644\u062d\u0629 \u0627\u0644\u062c\u0628\u0627\u0626\u064a\u0629<\/h2>\t\t\t\t<\/div>\n\t\t\t\t<\/div>\n\t\t\t\t\t<\/div>\n\t\t<\/div>\n\t\t\t\t\t<\/div>\n\t\t<\/section>\n\t\t<div class=\"elementor-element elementor-element-6aa380e e-con-full breadcrumbs-arab e-flex wpr-particle-no wpr-jarallax-no wpr-parallax-no wpr-sticky-section-no e-con e-parent\" data-id=\"6aa380e\" data-element_type=\"container\" data-settings=\"{&quot;_ha_eqh_enable&quot;:false}\">\n\t\t\t\t<div class=\"elementor-element elementor-element-0d968eb elementor-icon-list--layout-traditional elementor-list-item-link-full_width elementor-widget elementor-widget-icon-list\" data-id=\"0d968eb\" data-element_type=\"widget\" data-widget_type=\"icon-list.default\">\n\t\t\t\t<div class=\"elementor-widget-container\">\n\t\t\t\t\t\t\t<ul class=\"elementor-icon-list-items\">\n\t\t\t\t\t\t\t<li class=\"elementor-icon-list-item\">\n\t\t\t\t\t\t\t\t\t\t\t<a href=\"https:\/\/jibaya.tn\/ar\/\">\n\n\t\t\t\t\t\t\t\t\t\t\t<span class=\"elementor-icon-list-text\">\u0625\u0633\u062a\u0642\u0628\u0627\u0644<\/span>\n\t\t\t\t\t\t\t\t\t\t\t<\/a>\n\t\t\t\t\t\t\t\t\t<\/li>\n\t\t\t\t\t\t<\/ul>\n\t\t\t\t\t\t<\/div>\n\t\t\t\t<\/div>\n\t\t\t\t<div class=\"elementor-element elementor-element-e72fbd5 elementor-icon-list--layout-traditional elementor-list-item-link-full_width elementor-widget elementor-widget-icon-list\" data-id=\"e72fbd5\" data-element_type=\"widget\" data-widget_type=\"icon-list.default\">\n\t\t\t\t<div class=\"elementor-widget-container\">\n\t\t\t\t\t\t\t<ul class=\"elementor-icon-list-items\">\n\t\t\t\t\t\t\t<li class=\"elementor-icon-list-item\">\n\t\t\t\t\t\t\t\t\t\t\t<a href=\"https:\/\/jibaya.tn\/ar\/dgi\/\">\n\n\t\t\t\t\t\t\t\t\t\t\t\t<span class=\"elementor-icon-list-icon\">\n\t\t\t\t\t\t\t<svg aria-hidden=\"true\" class=\"e-font-icon-svg e-fas-chevron-right\" viewbox=\"0 0 320 512\" xmlns=\"http:\/\/www.w3.org\/2000\/svg\"><path d=\"M285.476 272.971L91.132 467.314c-9.373 9.373-24.569 9.373-33.941 0l-22.667-22.667c-9.357-9.357-9.375-24.522-.04-33.901L188.505 256 34.484 101.255c-9.335-9.379-9.317-24.544.04-33.901l22.667-22.667c9.373-9.373 24.569-9.373 33.941 0L285.475 239.03c9.373 9.372 9.373 24.568.001 33.941z\"><\/path><\/svg>\t\t\t\t\t\t<\/span>\n\t\t\t\t\t\t\t\t\t\t<span class=\"elementor-icon-list-text\">\u0627\u0644\u0625\u062f\u0627\u0631\u0629 \u0627\u0644\u0639\u0627\u0645\u0629 \u0644\u0644\u0623\u062f\u0627\u0621\u0627\u062a<\/span>\n\t\t\t\t\t\t\t\t\t\t\t<\/a>\n\t\t\t\t\t\t\t\t\t<\/li>\n\t\t\t\t\t\t<\/ul>\n\t\t\t\t\t\t<\/div>\n\t\t\t\t<\/div>\n\t\t\t\t<div class=\"elementor-element elementor-element-1e2e617 elementor-widget-mobile__width-initial elementor-icon-list--layout-traditional elementor-list-item-link-full_width elementor-widget elementor-widget-icon-list\" data-id=\"1e2e617\" data-element_type=\"widget\" data-widget_type=\"icon-list.default\">\n\t\t\t\t<div class=\"elementor-widget-container\">\n\t\t\t\t\t\t\t<ul class=\"elementor-icon-list-items\">\n\t\t\t\t\t\t\t<li class=\"elementor-icon-list-item\">\n\t\t\t\t\t\t\t\t\t\t\t<span class=\"elementor-icon-list-icon\">\n\t\t\t\t\t\t\t<svg aria-hidden=\"true\" class=\"e-font-icon-svg e-fas-chevron-right\" viewbox=\"0 0 320 512\" xmlns=\"http:\/\/www.w3.org\/2000\/svg\"><path d=\"M285.476 272.971L91.132 467.314c-9.373 9.373-24.569 9.373-33.941 0l-22.667-22.667c-9.357-9.357-9.375-24.522-.04-33.901L188.505 256 34.484 101.255c-9.335-9.379-9.317-24.544.04-33.901l22.667-22.667c9.373-9.373 24.569-9.373 33.941 0L285.475 239.03c9.373 9.372 9.373 24.568.001 33.941z\"><\/path><\/svg>\t\t\t\t\t\t<\/span>\n\t\t\t\t\t\t\t\t\t\t<span class=\"elementor-icon-list-text\">d<\/span>\n\t\t\t\t\t\t\t\t\t<\/li>\n\t\t\t\t\t\t<\/ul>\n\t\t\t\t\t\t<\/div>\n\t\t\t\t<\/div>\n\t\t\t\t<div class=\"elementor-element elementor-element-e1721e3 elementor-icon-list--layout-traditional elementor-list-item-link-full_width elementor-widget elementor-widget-icon-list\" data-id=\"e1721e3\" data-element_type=\"widget\" data-widget_type=\"icon-list.default\">\n\t\t\t\t<div class=\"elementor-widget-container\">\n\t\t\t\t\t\t\t<ul class=\"elementor-icon-list-items\">\n\t\t\t\t\t\t\t<li class=\"elementor-icon-list-item\">\n\t\t\t\t\t\t\t\t\t\t<span class=\"elementor-icon-list-text\"> \u0648\u062d\u062f\u0629 \u0627\u0644\u0646\u0632\u0627\u0639 \u0627\u0644\u062c\u0628\u0627\u0626\u064a \u0648\u0627\u0644\u0645\u0635\u0627\u0644\u062d\u0629 \u0627\u0644\u062c\u0628\u0627\u0626\u064a\u0629<\/span>\n\t\t\t\t\t\t\t\t\t<\/li>\n\t\t\t\t\t\t<\/ul>\n\t\t\t\t\t\t<\/div>\n\t\t\t\t<\/div>\n\t\t\t\t<\/div>\n\t\t<div class=\"elementor-element elementor-element-cd4ae01 e-flex e-con-boxed wpr-particle-no wpr-jarallax-no wpr-parallax-no wpr-sticky-section-no e-con e-parent\" data-id=\"cd4ae01\" data-element_type=\"container\" data-settings=\"{&quot;_ha_eqh_enable&quot;:false}\">\n\t\t\t\t\t<div class=\"e-con-inner\">\n\t\t\t\t<div class=\"elementor-element elementor-element-324eb27 elementor-widget elementor-widget-image\" data-id=\"324eb27\" data-element_type=\"widget\" data-widget_type=\"image.default\">\n\t\t\t\t<div class=\"elementor-widget-container\">\n\t\t\t\t\t\t\t\t\t\t\t\t\t\t\t<img fetchpriority=\"high\" decoding=\"async\" width=\"981\" height=\"1255\" src=\"https:\/\/jibaya.tn\/wp-content\/uploads\/2023\/12\/file-organigrame-18.jpg\" class=\"attachment-1536x1536 size-1536x1536 wp-image-8451\" alt=\"\" sizes=\"(max-width: 981px) 100vw, 981px\" style=\"width:100%;height:127.93%;max-width:981px\" \/>\t\t\t\t\t\t\t\t\t\t\t\t\t\t\t<\/div>\n\t\t\t\t<\/div>\n\t\t\t\t\t<\/div>\n\t\t\t\t<\/div>\n\t\t<div class=\"elementor-element elementor-element-da763cb e-flex e-con-boxed wpr-particle-no wpr-jarallax-no wpr-parallax-no wpr-sticky-section-no e-con e-parent\" data-id=\"da763cb\" data-element_type=\"container\" data-settings=\"{&quot;_ha_eqh_enable&quot;:false}\">\n\t\t\t\t\t<div class=\"e-con-inner\">\n\t\t<div class=\"elementor-element elementor-element-60b17ae e-con-full e-flex wpr-particle-no wpr-jarallax-no wpr-parallax-no wpr-sticky-section-no e-con e-child\" data-id=\"60b17ae\" data-element_type=\"container\" data-settings=\"{&quot;background_background&quot;:&quot;classic&quot;,&quot;_ha_eqh_enable&quot;:false}\">\n\t\t<div class=\"elementor-element elementor-element-3f9d892 e-con-full e-flex wpr-particle-no wpr-jarallax-no wpr-parallax-no wpr-sticky-section-no e-con e-child\" data-id=\"3f9d892\" data-element_type=\"container\" data-settings=\"{&quot;background_background&quot;:&quot;classic&quot;,&quot;_ha_eqh_enable&quot;:false}\">\n\t\t\t\t<div class=\"elementor-element elementor-element-c38a113 elementor-widget elementor-widget-heading\" data-id=\"c38a113\" data-element_type=\"widget\" data-widget_type=\"heading.default\">\n\t\t\t\t<div class=\"elementor-widget-container\">\n\t\t\t\t\t<h2 class=\"elementor-heading-title elementor-size-default\">\u0627\u0644\u062a\u0642\u062f\u064a\u0645 :<\/h2>\t\t\t\t<\/div>\n\t\t\t\t<\/div>\n\t\t\t\t<div class=\"elementor-element elementor-element-a2ade4b elementor-widget__width-initial elementor-widget elementor-widget-text-editor\" data-id=\"a2ade4b\" data-element_type=\"widget\" data-widget_type=\"text-editor.default\">\n\t\t\t\t<div class=\"elementor-widget-container\">\n\t\t\t\t\t\t\t\t\t<p>\u0648\u064a\u0634\u0631\u0641 \u0639\u0644\u0649 \u0648\u062d\u062f\u0629 \u0627\u0644\u0646\u0632\u0627\u0639 \u0627\u0644\u062c\u0628\u0627\u0626\u064a \u0648\u0627\u0644\u0645\u0635\u0627\u0644\u062d\u0629 \u0627\u0644\u062c\u0628\u0627\u0626\u064a\u0629 \u0631\u0626\u064a\u0633 \u0648\u062d\u062f\u0629 \u064a\u0646\u062a\u0641\u0639 \u0628\u0627\u0644\u0645\u0646\u062d \u0648\u0627\u0644\u0627\u0645\u062a\u064a\u0627\u0632\u0627\u062a \u0627\u0644\u0645\u062e\u0648\u0651\u0644\u0629 \u0644\u0645\u062f\u064a\u0631 \u0639\u0627\u0645 \u0625\u062f\u0627\u0631\u0629 \u0645\u0631\u0643\u0632\u064a\u0651\u0629 .<br \/>\u0648\u0647\u064a \u062a\u062d\u062a\u0648\u064a \u0639\u0644\u0649 3\u0625\u062f\u0627\u0631\u0627\u062a.<\/p><p>\u0648\u062d\u062f\u0629 \u0627\u0644\u0646\u0632\u0627\u0639 \u0627\u0644\u062c\u0628\u0627\u0626\u064a \u0648\u0627\u0644\u0645\u0635\u0627\u0644\u062d\u0629 \u0627\u0644\u062c\u0628\u0627\u0626\u064a\u0629\n\n \u0645\u0643\u0644\u0641\u0629 \u062e\u0627\u0635\u0629 \u0628\u0640\u0640 :<\/p><ul><li>\u0645\u062a\u0627\u0628\u0639\u0629 \u0627\u0644\u0646\u0651\u0632\u0627\u0639\u0627\u062a \u0627\u0644\u062c\u0628\u0627\u0626\u064a\u0651\u0629 \u0627\u0644\u0645\u062a\u0639\u0644\u0651\u0642\u0629 \u0628\u0623\u0633\u0627\u0633 \u0627\u0644\u0623\u062f\u0627\u0621 \u0644\u062f\u0649 \u0627\u0644\u0645\u062d\u0627\u0643\u0645 \u0627\u0644\u0645\u062e\u062a\u0635\u0651\u0629 \u0648\u062a\u062c\u0645\u064a\u0639 \u0627\u0644\u0645\u0639\u0644\u0648\u0645\u0627\u062a \u0648\u0627\u0644\u0645\u0639\u0637\u064a\u0627\u062a \u0648\u0625\u0639\u062f\u0627\u062f \u0627\u0644\u0625\u062d\u0635\u0627\u0626\u064a\u0651\u0627\u062a.<\/li><li>\u0645\u062a\u0627\u0628\u0639\u0629 \u062a\u0637\u0628\u064a\u0642 \u0625\u062c\u0631\u0627\u0621\u0627\u062a \u0645\u0639\u0627\u064a\u0646\u0629 \u0648\u062a\u062a\u0628\u0651\u0639 \u0627\u0644\u0645\u062e\u0627\u0644\u0641\u0627\u062a \u0627\u0644\u062c\u0628\u0627\u0626\u064a\u0651\u0629 \u0627\u0644\u062c\u0632\u0627\u0626\u064a\u0651\u0629 \u0648\u0627\u0644\u0646\u0651\u0632\u0627\u0639\u0627\u062a \u0627\u0644\u0645\u062a\u0631\u062a\u0651\u0628\u0629 \u0639\u0646\u0647\u0627 \u0644\u062f\u0649 \u0627\u0644\u0645\u062d\u0627\u0643\u0645 \u0627\u0644\u0645\u062e\u062a\u0635\u0651\u0629<\/li><li>\u0645\u0633\u0627\u0646\u062f\u0629 \u0627\u0644\u0645\u0635\u0627\u0644\u062d \u0627\u0644\u062e\u0627\u0631\u062c\u064a\u0651\u0629 \u0644\u0644\u0625\u062f\u0627\u0631\u0629 \u0627\u0644\u0639\u0627\u0645\u0651\u0629 \u0644\u0644\u0623\u062f\u0627\u0621\u0627\u062a \u0641\u064a \u0627\u0644\u0646\u0651\u0632\u0627\u0639\u0627\u062a \u0627\u0644\u062c\u0628\u0627\u0626\u064a\u0651\u0629<\/li><li>\u062f\u0631\u0627\u0633\u0629 \u062c\u062f\u0648\u0649 \u0627\u0644\u0637\u0651\u0639\u0646 \u0628\u0627\u0644\u062a\u0651\u0639\u0642\u064a\u0628 \u0641\u064a \u0627\u0644\u0642\u0631\u0627\u0631\u0627\u062a \u0627\u0644\u0646\u0651\u0647\u0627\u0626\u064a\u0651\u0629 \u0627\u0644\u0635\u0651\u0627\u062f\u0631\u0629 \u0639\u0646 \u0645\u062d\u0627\u0643\u0645 \u0627\u0644\u0627\u0633\u062a\u0626\u0646\u0627\u0641 \u0648 \u0627\u0644\u0642\u064a\u0627\u0645 \u0628\u0627\u0644\u0625\u062c\u0631\u0627\u0621\u0627\u062a \u0627\u0644\u0644\u0627\u0651\u0632\u0645\u0629 \u0641\u064a \u0627\u0644\u063a\u0631\u0636.<\/li><li>\u062f\u0631\u0627\u0633\u0629 \u0639\u0631\u0627\u0626\u0636 \u0627\u0644\u0645\u0637\u0627\u0644\u0628\u064a\u0646 \u0628\u0627\u0644\u0623\u062f\u0627\u0621 \u0627\u0644\u0645\u062a\u0639\u0644\u0651\u0642\u0629 \u0628\u0627\u0644\u062a\u0651\u0648\u0638\u064a\u0641 \u0627\u0644\u0625\u062c\u0628\u0627\u0631\u064a \u0644\u0644\u0623\u062f\u0627\u0621 \u0648\u0627\u0633\u062a\u0631\u062c\u0627\u0639\u0647 \u0648\u0628\u0645\u0642\u0631\u0651\u0631\u0627\u062a \u0633\u062d\u0628 \u0627\u0644\u0646\u0651\u0638\u0627\u0645 \u0627\u0644\u062a\u0651\u0642\u062f\u064a\u0631\u064a.<\/li><li>\u0645\u062a\u0627\u0628\u0639\u0629 \u0648 \u062a\u0641\u0639\u064a\u0644 \u0627\u0644\u0635\u0651\u0644\u062d \u0627\u0644\u062c\u0628\u0627\u0626\u064a \u0641\u064a \u0627\u0644\u0637\u0651\u0648\u0631 \u0627\u0644\u0642\u0636\u0627\u0626\u064a.<\/li><li>\u062a\u0645\u062b\u064a\u0644 \u0627\u0644\u0625\u062f\u0627\u0631\u0629 \u0627\u0644\u0639\u0627\u0645\u0651\u0629 \u0644\u0644\u0623\u062f\u0627\u0621\u0627\u062a \u0644\u062f\u0649 \u0627\u0644\u0645\u062d\u0627\u0643\u0645 \u0627\u0644\u0645\u062e\u062a\u0635\u0651\u0629.<\/li><li>\u062a\u0623\u0645\u064a\u0646 \u0643\u062a\u0627\u0628\u0629 \u0627\u0644\u0644\u062c\u0646\u0629 \u0627\u0644\u0648\u0637\u0646\u064a\u0629 \u0644\u0644\u0645\u0635\u0627\u0644\u062d\u0629 \u0644\u0645\u0644\u0641\u0627\u062a \u0627\u0644\u0645\u0631\u0627\u062c\u0639\u0629 \u0627\u0644\u062c\u0628\u0627\u0626\u064a\u0629  \u0627\u0644\u062a\u0627\u0628\u0639\u0629 \u0644\u0648\u062d\u062f\u0629 \u0627\u0644\u0645\u0631\u0627\u0642\u0628\u0629 \u0627\u0644\u0648\u0637\u0646\u064a\u0629 \u0648\u0627\u0644\u0627\u0628\u062d\u0627\u062b \u0627\u0644\u062c\u0628\u0627\u0626\u064a\u0629 \u0648\u0625\u062f\u0627\u0631\u0629 \u0627\u0644\u0645\u0624\u0633\u0633\u0627\u062a \u0627\u0644\u0643\u0628\u0631\u0649 \u0648\u0625\u062f\u0627\u0631\u0629 \u0627\u0644\u0645\u0624\u0633\u0633\u0627\u062a \u0627\u0644\u0645\u062a\u0648\u0633\u0637\u0629<\/li><\/ul>\t\t\t\t\t\t\t\t<\/div>\n\t\t\t\t<\/div>\n\t\t\t\t<\/div>\n\t\t\t\t<\/div>\n\t\t\t\t\t<\/div>\n\t\t\t\t<\/div>\n\t\t\t\t<\/div>","protected":false},"excerpt":{"rendered":"<p>Unit\u00e9 du Contentieux Fiscal et de la Conciliation Juridictionnelle Accueil DGI d Unit\u00e9 du Contentieux Fiscal et de la Conciliation Juridictionnelle Pr\u00e9sentation L\u2019unit\u00e9 du contentieux fiscal et de la conciliation juridictionnelle est dirig\u00e9e par un chef d\u2019unit\u00e9 b\u00e9n\u00e9ficiant des indemnit\u00e9s et avantages accord\u00e9s \u00e0 un directeur g\u00e9n\u00e9ral d\u2019administration centrale.Elle comprend trois directions. L\u2019unit\u00e9 du contentieux fiscal et de la conciliation fiscale est charg\u00e9e notamment : du suivi du contentieux de l\u2019assiette de l\u2019imp\u00f4t aupr\u00e8s des tribunaux comp\u00e9tents, de la collecte des informations et des donn\u00e9es et l\u2019\u00e9laboration des statistiques . du suivi de l\u2019application des proc\u00e9dures de constatation et de la poursuite des infractions fiscales p\u00e9nales et du contentieux qui en r\u00e9sulte aupr\u00e8s des tribunaux comp\u00e9tents . d\u2019assister les services ext\u00e9rieurs de la Direction G\u00e9n\u00e9rale des Imp\u00f4ts en mati\u00e8re de contentieux fiscal . de la pr\u00e9paration des m\u00e9moires en d\u00e9fense dans les affaires en cassation introduites par les contribuables . de l\u2019\u00e9tude des requ\u00eates \u00e9manant des contribuables et aff\u00e9rentes \u00e0 la taxation d\u2019office, \u00e0 la restitution de l\u2019imp\u00f4t et aux d\u00e9cisions de retrait du r\u00e9gime forfaitaire . de suivre et actionner la conciliation fiscale dans la phase juridictionnelle . de repr\u00e9senter la Direction G\u00e9n\u00e9rale des Imp\u00f4ts aupr\u00e8s des tribunaux comp\u00e9tents. d\u2019assurer le secr\u00e9tariat de la commission nationale de la conciliation fiscale des dossiers de v\u00e9rification fiscale relevant de l\u2019unit\u00e9 du contr\u00f4le national et des enqu\u00eates fiscales, de la direction des grandes entreprises et de la direction des moyennes entreprises.<\/p>","protected":false},"author":1,"featured_media":0,"parent":0,"menu_order":0,"comment_status":"closed","ping_status":"closed","template":"","meta":{"_monsterinsights_skip_tracking":false,"_monsterinsights_sitenote_active":false,"_monsterinsights_sitenote_note":"","_monsterinsights_sitenote_category":0,"footnotes":""},"class_list":["post-4160","page","type-page","status-publish","hentry","entry"],"aioseo_notices":[],"_links":{"self":[{"href":"https:\/\/jibaya.tn\/ar\/wp-json\/wp\/v2\/pages\/4160","targetHints":{"allow":["GET"]}}],"collection":[{"href":"https:\/\/jibaya.tn\/ar\/wp-json\/wp\/v2\/pages"}],"about":[{"href":"https:\/\/jibaya.tn\/ar\/wp-json\/wp\/v2\/types\/page"}],"author":[{"embeddable":true,"href":"https:\/\/jibaya.tn\/ar\/wp-json\/wp\/v2\/users\/1"}],"replies":[{"embeddable":true,"href":"https:\/\/jibaya.tn\/ar\/wp-json\/wp\/v2\/comments?post=4160"}],"version-history":[{"count":0,"href":"https:\/\/jibaya.tn\/ar\/wp-json\/wp\/v2\/pages\/4160\/revisions"}],"wp:attachment":[{"href":"https:\/\/jibaya.tn\/ar\/wp-json\/wp\/v2\/media?parent=4160"}],"curies":[{"name":"wp","href":"https:\/\/api.w.org\/{rel}","templated":true}]}}