{"id":4166,"date":"2023-08-18T13:50:06","date_gmt":"2023-08-18T13:50:06","guid":{"rendered":"https:\/\/jibaya.tn\/?page_id=4166"},"modified":"2024-01-17T11:07:24","modified_gmt":"2024-01-17T11:07:24","slug":"unite-des-applications-informatiques-et-du-systeme-dinformation-u-a-i-s-i","status":"publish","type":"page","link":"https:\/\/jibaya.tn\/ar\/unite-des-applications-informatiques-et-du-systeme-dinformation-u-a-i-s-i\/","title":{"rendered":"\u0648\u062d\u062f\u0629 \u0627\u0644\u062a\u0637\u0628\u064a\u0642\u0627\u062a \u0627\u0644\u0625\u0639\u0644\u0627\u0645\u064a\u0629 \u0648\u0646\u0638\u0627\u0645 \u0627\u0644\u0645\u0639\u0644\u0648\u0645\u0627\u062a \u0648.\u062a.\u0625.\u0646.\u0645"},"content":{"rendered":"<div data-elementor-type=\"wp-page\" data-elementor-id=\"4166\" class=\"elementor elementor-4166\" data-elementor-settings=\"{&quot;ha_cmc_init_switcher&quot;:&quot;no&quot;}\" data-elementor-post-type=\"page\">\n\t\t\t\t\t\t<section class=\"elementor-section elementor-top-section elementor-element elementor-element-fce1e5d elementor-section-full_width banner-arab elementor-section-height-default elementor-section-height-default wpr-particle-no wpr-jarallax-no wpr-parallax-no wpr-sticky-section-no\" data-id=\"fce1e5d\" data-element_type=\"section\" data-settings=\"{&quot;background_background&quot;:&quot;classic&quot;,&quot;_ha_eqh_enable&quot;:false}\">\n\t\t\t\t\t\t\t<div class=\"elementor-background-overlay\"><\/div>\n\t\t\t\t\t\t\t<div class=\"elementor-container elementor-column-gap-default\">\n\t\t\t\t\t<div class=\"elementor-column elementor-col-100 elementor-top-column elementor-element elementor-element-821aca8\" data-id=\"821aca8\" data-element_type=\"column\">\n\t\t\t<div class=\"elementor-widget-wrap elementor-element-populated\">\n\t\t\t\t\t\t<div class=\"elementor-element elementor-element-b7fd3b9 elementor-widget elementor-widget-heading\" data-id=\"b7fd3b9\" data-element_type=\"widget\" id=\"banner-arab\" data-widget_type=\"heading.default\">\n\t\t\t\t<div class=\"elementor-widget-container\">\n\t\t\t\t\t<h2 class=\"elementor-heading-title elementor-size-default\">\n\n\u0648\u062d\u062f\u0629 \u0627\u0644\u062a\u0637\u0628\u064a\u0642\u0627\u062a \u0627\u0644\u0627\u0639\u0644\u0627\u0645\u064a\u0629 \u0648\u0646\u0638\u0627\u0645 \u0627\u0644\u0645\u0639\u0644\u0648\u0645\u0627\u062a\n<\/h2>\t\t\t\t<\/div>\n\t\t\t\t<\/div>\n\t\t<div class=\"elementor-element elementor-element-f853e59 e-con-full e-flex wpr-particle-no wpr-jarallax-no wpr-parallax-no wpr-sticky-section-no e-con e-parent\" data-id=\"f853e59\" data-element_type=\"container\" id=\"breadcrumbs-arab\" data-settings=\"{&quot;_ha_eqh_enable&quot;:false}\">\n\t\t\t\t<div class=\"elementor-element elementor-element-367db35 elementor-icon-list--layout-traditional elementor-list-item-link-full_width elementor-widget elementor-widget-icon-list\" data-id=\"367db35\" data-element_type=\"widget\" data-widget_type=\"icon-list.default\">\n\t\t\t\t<div class=\"elementor-widget-container\">\n\t\t\t\t\t\t\t<ul class=\"elementor-icon-list-items\">\n\t\t\t\t\t\t\t<li class=\"elementor-icon-list-item\">\n\t\t\t\t\t\t\t\t\t\t\t<a href=\"https:\/\/jibaya.tn\/ar\/\">\n\n\t\t\t\t\t\t\t\t\t\t\t<span class=\"elementor-icon-list-text\">\u0625\u0633\u062a\u0642\u0628\u0627\u0644<\/span>\n\t\t\t\t\t\t\t\t\t\t\t<\/a>\n\t\t\t\t\t\t\t\t\t<\/li>\n\t\t\t\t\t\t<\/ul>\n\t\t\t\t\t\t<\/div>\n\t\t\t\t<\/div>\n\t\t\t\t<div class=\"elementor-element elementor-element-2cc3544 elementor-icon-list--layout-traditional elementor-list-item-link-full_width elementor-widget elementor-widget-icon-list\" data-id=\"2cc3544\" data-element_type=\"widget\" data-widget_type=\"icon-list.default\">\n\t\t\t\t<div class=\"elementor-widget-container\">\n\t\t\t\t\t\t\t<ul class=\"elementor-icon-list-items\">\n\t\t\t\t\t\t\t<li class=\"elementor-icon-list-item\">\n\t\t\t\t\t\t\t\t\t\t\t<a href=\"https:\/\/jibaya.tn\/ar\/dgi\/\">\n\n\t\t\t\t\t\t\t\t\t\t\t\t<span class=\"elementor-icon-list-icon\">\n\t\t\t\t\t\t\t<svg aria-hidden=\"true\" class=\"e-font-icon-svg e-fas-chevron-right\" viewbox=\"0 0 320 512\" xmlns=\"http:\/\/www.w3.org\/2000\/svg\"><path d=\"M285.476 272.971L91.132 467.314c-9.373 9.373-24.569 9.373-33.941 0l-22.667-22.667c-9.357-9.357-9.375-24.522-.04-33.901L188.505 256 34.484 101.255c-9.335-9.379-9.317-24.544.04-33.901l22.667-22.667c9.373-9.373 24.569-9.373 33.941 0L285.475 239.03c9.373 9.372 9.373 24.568.001 33.941z\"><\/path><\/svg>\t\t\t\t\t\t<\/span>\n\t\t\t\t\t\t\t\t\t\t<span class=\"elementor-icon-list-text\">\u0627\u0644\u0625\u062f\u0627\u0631\u0629 \u0627\u0644\u0639\u0627\u0645\u0629 \u0644\u0644\u0623\u062f\u0627\u0621\u0627\u062a<\/span>\n\t\t\t\t\t\t\t\t\t\t\t<\/a>\n\t\t\t\t\t\t\t\t\t<\/li>\n\t\t\t\t\t\t<\/ul>\n\t\t\t\t\t\t<\/div>\n\t\t\t\t<\/div>\n\t\t\t\t<div class=\"elementor-element elementor-element-3706f04 elementor-widget-mobile__width-initial elementor-icon-list--layout-traditional elementor-list-item-link-full_width elementor-widget elementor-widget-icon-list\" data-id=\"3706f04\" data-element_type=\"widget\" data-widget_type=\"icon-list.default\">\n\t\t\t\t<div class=\"elementor-widget-container\">\n\t\t\t\t\t\t\t<ul class=\"elementor-icon-list-items\">\n\t\t\t\t\t\t\t<li class=\"elementor-icon-list-item\">\n\t\t\t\t\t\t\t\t\t\t\t<span class=\"elementor-icon-list-icon\">\n\t\t\t\t\t\t\t<svg aria-hidden=\"true\" class=\"e-font-icon-svg e-fas-chevron-right\" viewbox=\"0 0 320 512\" xmlns=\"http:\/\/www.w3.org\/2000\/svg\"><path d=\"M285.476 272.971L91.132 467.314c-9.373 9.373-24.569 9.373-33.941 0l-22.667-22.667c-9.357-9.357-9.375-24.522-.04-33.901L188.505 256 34.484 101.255c-9.335-9.379-9.317-24.544.04-33.901l22.667-22.667c9.373-9.373 24.569-9.373 33.941 0L285.475 239.03c9.373 9.372 9.373 24.568.001 33.941z\"><\/path><\/svg>\t\t\t\t\t\t<\/span>\n\t\t\t\t\t\t\t\t\t\t<span class=\"elementor-icon-list-text\">d<\/span>\n\t\t\t\t\t\t\t\t\t<\/li>\n\t\t\t\t\t\t<\/ul>\n\t\t\t\t\t\t<\/div>\n\t\t\t\t<\/div>\n\t\t\t\t<div class=\"elementor-element elementor-element-766a82d elementor-icon-list--layout-traditional elementor-list-item-link-full_width elementor-widget elementor-widget-icon-list\" data-id=\"766a82d\" data-element_type=\"widget\" data-widget_type=\"icon-list.default\">\n\t\t\t\t<div class=\"elementor-widget-container\">\n\t\t\t\t\t\t\t<ul class=\"elementor-icon-list-items\">\n\t\t\t\t\t\t\t<li class=\"elementor-icon-list-item\">\n\t\t\t\t\t\t\t\t\t\t<span class=\"elementor-icon-list-text\">  \u0648\u062d\u062f\u0629 \u0627\u0644\u062a\u0637\u0628\u064a\u0642\u0627\u062a \u0627\u0644\u0627\u0639\u0644\u0627\u0645\u064a\u0629 \u0648\u0646\u0638\u0627\u0645 \u0627\u0644\u0645\u0639\u0644\u0648\u0645\u0627\u062a<\/span>\n\t\t\t\t\t\t\t\t\t<\/li>\n\t\t\t\t\t\t<\/ul>\n\t\t\t\t\t\t<\/div>\n\t\t\t\t<\/div>\n\t\t\t\t<\/div>\n\t\t\t\t\t<\/div>\n\t\t<\/div>\n\t\t\t\t\t<\/div>\n\t\t<\/section>\n\t\t<div class=\"elementor-element elementor-element-cd4ae01 e-flex e-con-boxed wpr-particle-no wpr-jarallax-no wpr-parallax-no wpr-sticky-section-no e-con e-parent\" data-id=\"cd4ae01\" data-element_type=\"container\" data-settings=\"{&quot;_ha_eqh_enable&quot;:false}\">\n\t\t\t\t\t<div class=\"e-con-inner\">\n\t\t\t\t<div class=\"elementor-element elementor-element-324eb27 elementor-widget elementor-widget-image\" data-id=\"324eb27\" data-element_type=\"widget\" data-widget_type=\"image.default\">\n\t\t\t\t<div class=\"elementor-widget-container\">\n\t\t\t\t\t\t\t\t\t\t\t\t\t\t\t<img fetchpriority=\"high\" decoding=\"async\" width=\"1524\" height=\"1536\" src=\"https:\/\/jibaya.tn\/wp-content\/uploads\/2023\/12\/file-organigrame-20.jpg\" class=\"attachment-1536x1536 size-1536x1536 wp-image-6557\" alt=\"\" sizes=\"(max-width: 1524px) 100vw, 1524px\" style=\"width:100%;height:100.82%;max-width:1960px\" \/>\t\t\t\t\t\t\t\t\t\t\t\t\t\t\t<\/div>\n\t\t\t\t<\/div>\n\t\t\t\t\t<\/div>\n\t\t\t\t<\/div>\n\t\t<div class=\"elementor-element elementor-element-da763cb e-flex e-con-boxed wpr-particle-no wpr-jarallax-no wpr-parallax-no wpr-sticky-section-no e-con e-parent\" data-id=\"da763cb\" data-element_type=\"container\" data-settings=\"{&quot;_ha_eqh_enable&quot;:false}\">\n\t\t\t\t\t<div class=\"e-con-inner\">\n\t\t<div class=\"elementor-element elementor-element-60b17ae e-con-full e-flex wpr-particle-no wpr-jarallax-no wpr-parallax-no wpr-sticky-section-no e-con e-child\" data-id=\"60b17ae\" data-element_type=\"container\" data-settings=\"{&quot;background_background&quot;:&quot;classic&quot;,&quot;_ha_eqh_enable&quot;:false}\">\n\t\t<div class=\"elementor-element elementor-element-3f9d892 e-con-full e-flex wpr-particle-no wpr-jarallax-no wpr-parallax-no wpr-sticky-section-no e-con e-child\" data-id=\"3f9d892\" data-element_type=\"container\" data-settings=\"{&quot;background_background&quot;:&quot;classic&quot;,&quot;_ha_eqh_enable&quot;:false}\">\n\t\t\t\t<div class=\"elementor-element elementor-element-c38a113 elementor-widget elementor-widget-heading\" data-id=\"c38a113\" data-element_type=\"widget\" data-widget_type=\"heading.default\">\n\t\t\t\t<div class=\"elementor-widget-container\">\n\t\t\t\t\t<h2 class=\"elementor-heading-title elementor-size-default\">\u0627\u0644\u062a\u0642\u062f\u064a\u0645 :<\/h2>\t\t\t\t<\/div>\n\t\t\t\t<\/div>\n\t\t\t\t<div class=\"elementor-element elementor-element-a2ade4b elementor-widget__width-initial elementor-widget elementor-widget-text-editor\" data-id=\"a2ade4b\" data-element_type=\"widget\" data-widget_type=\"text-editor.default\">\n\t\t\t\t<div class=\"elementor-widget-container\">\n\t\t\t\t\t\t\t\t\t<p>\u064a\u0634\u0631\u0641 \u0639\u0644\u0649 \u0648\u062d\u062f\u0629 \u0627\u0644\u062a\u0637\u0628\u064a\u0642\u0627\u062a \u0627\u0644\u0625\u0639\u0644\u0627\u0645\u064a\u0651\u0629 \u0648\u0646\u0638\u0627\u0645 \u0627\u0644\u0645\u0639\u0644\u0648\u0645\u0627\u062a \u0631\u0626\u064a\u0633 \u0648\u062d\u062f\u0629 \u064a\u0646\u062a\u0641\u0639 \u0628\u0627\u0644\u0645\u0646\u062d \u0648\u0627\u0644\u0627\u0645\u062a\u064a\u0627\u0632\u0627\u062a \u0627\u0644\u0645\u062e\u0648\u0651\u0644\u0629 \u0644\u0645\u062f\u064a\u0631 \u0639\u0627\u0645 \u0625\u062f\u0627\u0631\u0629 \u0645\u0631\u0643\u0632\u064a\u0651\u0629.<\/p><p>\u062a\u0643\u0644\u0641 \u0647\u0630\u0647 \u0627\u0644\u0648\u062d\u062f\u0629 \u0628\u0640:<\/p><p>\u00a0<\/p><ul><li>\u0627\u0644\u0645\u0633\u0627\u0647\u0645\u0629 \u0641\u064a \u0625\u0639\u062f\u0627\u062f \u0645\u0634\u0631\u0648\u0639 \u0645\u062e\u0637\u0651\u0637 \u0627\u0644\u0625\u0639\u0644\u0627\u0645\u064a\u0651\u0629 \u0627\u0644\u062e\u0627\u0635\u0651 \u0628\u0648\u0632\u0627\u0631\u0629 \u0627\u0644\u0645\u0627\u0644\u064a\u0651\u0629 \u0648\u062a\u062d\u062f\u064a\u062f \u062d\u0627\u062c\u064a\u0651\u0627\u062a \u0627\u0644\u0625\u062f\u0627\u0631\u0629 \u0627\u0644\u0639\u0627\u0645\u0651\u0629 \u0644\u0644\u0623\u062f\u0627\u0621\u0627\u062a \u0648\u0627\u0644\u0645\u0633\u0627\u0647\u0645\u0629 \u0641\u064a \u0636\u0628\u0637 \u0627\u0644\u0627\u062e\u062a\u064a\u0627\u0631\u0627\u062a \u0627\u0644\u062a\u0651\u0642\u0646\u064a\u0651\u0629 \u0648\u062a\u062d\u062f\u064a\u062f \u0627\u0644\u0623\u0648\u0644\u0648\u064a\u0627\u062a.<\/li><li>\u0625\u0639\u062f\u0627\u062f \u0643\u0631\u0651\u0627\u0633 \u0627\u0644\u0634\u0651\u0631\u0648\u0637 \u0627\u0644\u062e\u0627\u0635\u0651\u0629 \u0628\u0627\u0644\u062a\u0651\u0637\u0628\u064a\u0642\u0627\u062a \u0627\u0644\u0645\u0637\u0644\u0648\u0628 \u0625\u0646\u062c\u0627\u0632\u0647\u0627.<\/li><li>\u0642\u0628\u0648\u0644 \u0627\u0644\u062a\u0651\u0637\u0628\u064a\u0642\u0627\u062a \u0627\u0644\u0651\u062a\u064a \u064a\u062a\u0645\u0651 \u0625\u0646\u062c\u0627\u0632\u0647\u0627 \u0648\u0627\u0644\u0645\u0635\u0627\u062f\u0642\u0629 \u0639\u0644\u064a\u0647\u0627 \u0648\u0627\u0644\u0633\u0651\u0647\u0631 \u0639\u0644\u0649 \u062a\u0646\u0641\u064a\u0630\u0647\u0627 \u0648\u0639\u0644\u0649 \u062a\u0631\u0643\u064a\u0632 \u0627\u0644\u062a\u0651\u062c\u0647\u064a\u0632\u0627\u062a \u0627\u0644\u0645\u0644\u0627\u0626\u0645\u0629 \u0644\u0647\u0627.<\/li><li>\u062a\u0623\u0645\u064a\u0646 \u0627\u0644\u062a\u0635\u0631\u0651\u0641 \u0641\u064a \u0627\u0644\u0645\u0646\u0638\u0648\u0645\u0627\u062a \u0627\u0644\u0625\u0639\u0644\u0627\u0645\u064a\u0651\u0629 \u0648\u0627\u0633\u062a\u063a\u0644\u0627\u0644\u0647\u0627 \u0645\u0646 \u0637\u0631\u0641 \u0645\u062e\u062a\u0644\u0641 \u0647\u064a\u0627\u0643\u0644 \u0627\u0644\u0625\u062f\u0627\u0631\u0629 \u0627\u0644\u0639\u0627\u0645\u0651\u0629 \u0644\u0644\u0623\u062f\u0627\u0621\u0627\u062a.<\/li><li>\u0627\u0644\u0645\u0633\u0627\u0647\u0645\u0629 \u0641\u064a \u062a\u0637\u0648\u064a\u0631 \u0627\u0644\u0645\u0646\u0638\u0648\u0645\u0627\u062a \u0627\u0644\u0625\u0639\u0644\u0627\u0645\u064a\u0651\u0629 \u0627\u0644\u062e\u0627\u0635\u0651\u0629 \u0628\u0627\u0644\u0625\u062f\u0627\u0631\u0629 \u0627\u0644\u0639\u0627\u0645\u0651\u0629 \u0644\u0644\u0623\u062f\u0627\u0621\u0627\u062a.<\/li><li>\u0627\u0644\u0642\u064a\u0627\u0645 \u0628\u0623\u0639\u0645\u0627\u0644 \u0627\u0644\u0628\u0631\u0645\u062c\u0629 \u0627\u0644\u0638\u0651\u0631\u0641\u064a\u0651\u0629 \u0628\u0637\u0644\u0628 \u0645\u0646 \u0645\u062e\u062a\u0644\u0641 \u0627\u0644\u0645\u0635\u0627\u0644\u062d.<\/li><li>\u0627\u0644\u0645\u0633\u0627\u0647\u0645\u0629 \u0641\u064a \u062a\u062c\u0633\u064a\u0645 \u0628\u0631\u0646\u0627\u0645\u062c \u0627\u0644\u0625\u062f\u0627\u0631\u0629 \u0627\u0644\u0627\u062a\u0635\u0627\u0644\u064a\u0629 \u0648\u062a\u062d\u0633\u064a\u0646 \u0627\u0644\u062e\u062f\u0645\u0627\u062a \u0639\u0646 \u0628\u0639\u062f \u0648\u0627\u0644\u0633\u0651\u0647\u0631 \u0639\u0644\u0649 \u0645\u062a\u0627\u0628\u0639\u062a\u0647\u0627.<\/li><li>\u0627\u0644\u0633\u0651\u0647\u0631 \u0639\u0644\u0649 \u0633\u0644\u0627\u0645\u0629 \u0627\u0644\u062a\u0651\u062c\u0647\u064a\u0632\u0627\u062a \u0648\u0627\u0644\u062a\u0651\u0637\u0628\u064a\u0642\u0627\u062a \u0627\u0644\u0651\u062a\u064a \u064a\u062a\u0645\u0651 \u0625\u0646\u062c\u0627\u0632\u0647\u0627.<\/li><li>\u0648\u0636\u0639 \u0646\u0638\u0627\u0645 \u0645\u0639\u0644\u0648\u0645\u0627\u062a \u064a\u0645\u0643\u0651\u0646 \u0645\u0646 \u0627\u0644\u0625\u0637\u0651\u0644\u0627\u0639 \u0639\u0644\u0649 \u0627\u0644\u0645\u0639\u0637\u064a\u0627\u062a \u0627\u0644\u0636\u0651\u0631\u0648\u0631\u064a\u0651\u0629 \u0644\u0627\u062a\u0651\u062e\u0627\u0630 \u0627\u0644\u0642\u0631\u0627\u0631\u0627\u062a \u0627\u0644\u0645\u0646\u0627\u0633\u0628\u0629.<\/li><li>\u0627\u0644\u062a\u0651\u0646\u0633\u064a\u0642 \u0645\u0639 \u0645\u062e\u062a\u0644\u0641 \u0627\u0644\u0648\u0632\u0627\u0631\u0627\u062a \u0648\u0627\u0644\u0647\u064a\u0627\u0643\u0644 \u0628\u062e\u0635\u0648\u0635 \u062a\u0628\u0627\u062f\u0644 \u0627\u0644\u0645\u0639\u0644\u0648\u0645\u0627\u062a \u0648\u0627\u0633\u062a\u063a\u0644\u0627\u0644\u0647\u0627.<\/li><li>\u062a\u062c\u0645\u064a\u0639 \u0627\u0644\u0645\u0639\u0644\u0648\u0645\u0627\u062a \u0627\u0644\u0645\u062a\u0639\u0644\u0651\u0642\u0629 \u0628\u0623\u062f\u0627\u0621 \u0627\u0644\u0645\u0646\u0638\u0648\u0645\u0629 \u0627\u0644\u062c\u0628\u0627\u0626\u064a\u0651\u0629 \u0648\u0641\u0631\u0632\u0647\u0627 \u0648\u0627\u0644\u0633\u0651\u0647\u0631 \u0639\u0644\u0649 \u062a\u062d\u064a\u064a\u0646\u0647\u0627.<\/li><li>\u0625\u0639\u062f\u0627\u062f \u0627\u0644\u0625\u062d\u0635\u0627\u0626\u064a\u0651\u0627\u062a \u0627\u0644\u0645\u062a\u0639\u0644\u0651\u0642\u0629 \u0628\u062a\u0637\u0648\u0651\u0631 \u0627\u0644\u0646\u0651\u0633\u064a\u062c \u0627\u0644\u062c\u0628\u0627\u0626\u064a.<\/li><li>\u0636\u0628\u0637 \u0627\u0644\u0645\u0624\u0634\u0651\u0631\u0627\u062a \u0627\u0644\u0645\u062a\u0639\u0644\u0651\u0642\u0629 \u0628\u0623\u062f\u0627\u0621 \u0627\u0644\u0645\u0646\u0638\u0648\u0645\u0629 \u0627\u0644\u062c\u0628\u0627\u0626\u064a\u0651\u0629.<\/li><li>\u062a\u062d\u0644\u064a\u0644 \u0627\u0644\u0645\u0639\u0637\u064a\u0627\u062a \u0627\u0644\u0645\u062a\u0639\u0644\u0651\u0642\u0629 \u0628\u0627\u0644\u062c\u0628\u0627\u064a\u0629 \u0627\u0644\u0642\u0637\u0627\u0639\u064a\u0651\u0629 \u0648\u0645\u062f\u0649 \u0645\u0633\u0627\u0647\u0645\u0629 \u0627\u0644\u0623\u0646\u0634\u0637\u0629 \u0627\u0644\u0627\u0642\u062a\u0635\u0627\u062f\u064a\u0651\u0629 \u0641\u064a \u0645\u0631\u062f\u0648\u062f \u0627\u0644\u0645\u0646\u0638\u0648\u0645\u0629 \u0627\u0644\u062c\u0628\u0627\u0626\u064a\u0651\u0629.<\/li><li>\u0645\u062a\u0627\u0628\u0639\u0629 \u0627\u0633\u062a\u063a\u0644\u0627\u0644 \u0646\u062a\u0627\u0626\u062c \u062a\u062d\u0644\u064a\u0644 \u0627\u0644\u0645\u0639\u0644\u0648\u0645\u0627\u062a \u0648\u062a\u0642\u064a\u064a\u0645 \u0645\u0631\u062f\u0648\u062f \u0627\u0644\u0645\u0646\u0638\u0648\u0645\u0629 \u0627\u0644\u062c\u0628\u0627\u0626\u064a\u0651\u0629.<\/li><\/ul>\t\t\t\t\t\t\t\t<\/div>\n\t\t\t\t<\/div>\n\t\t\t\t<\/div>\n\t\t\t\t<\/div>\n\t\t\t\t\t<\/div>\n\t\t\t\t<\/div>\n\t\t\t\t<\/div>","protected":false},"excerpt":{"rendered":"<p>Unit\u00e9 des Applications Informatiques et du Syst\u00e8me d\u2019Information Accueil DGI d Unit\u00e9 des Applications Informatiques et du Syst\u00e8me d\u2019Information Pr\u00e9sentation L\u2019unit\u00e9 des applications informatiques et du syst\u00e8me d\u2019information est dirig\u00e9e par un chef d\u2019unit\u00e9 b\u00e9n\u00e9ficiant des indemnit\u00e9s et avantages accord\u00e9s \u00e0 un directeur g\u00e9n\u00e9ral d\u2019administration centrale. L\u2019unit\u00e9 des applications informatiques et du syst\u00e8me d\u2019information est charg\u00e9e notamment : \u00a0 de participer \u00e0 la pr\u00e9paration du projet du plan informatique du Minist\u00e8re des Finances, de d\u00e9terminer les besoins de la Direction G\u00e9n\u00e9rale des Imp\u00f4ts et de contribuer \u00e0 la fixation des choix techniques et \u00e0 la d\u00e9termination des priorit\u00e9s . d\u2019\u00e9laborer les cahiers de charges des applications informatiques recommand\u00e9es . de r\u00e9ceptionner et de valider les applications d\u00e9velopp\u00e9es et de veiller \u00e0 leur exploitation et \u00e0 la mise en place des \u00e9quipements qui leur sont appropri\u00e9s . d\u2019assurer la gestion des syst\u00e8mes informatiques et leur exploitation par les diverses structures de la Direction G\u00e9n\u00e9rale des Imp\u00f4ts . de contribuer au d\u00e9veloppement des syst\u00e8mes informatiques de la Direction G\u00e9n\u00e9rale des Imp\u00f4ts . de r\u00e9aliser des travaux occasionnels de programmation sur demande des diff\u00e9rents services . de contribuer \u00e0 la concr\u00e9tisation du programme de l\u2019administration communicante et de l\u2019am\u00e9lioration des services \u00e0 distance et de veiller \u00e0 leur suivi . de veiller \u00e0 la s\u00e9curit\u00e9 des \u00e9quipements et des applications d\u00e9velopp\u00e9es . de la mise en place d\u2019un syst\u00e8me d\u2019information permettant l\u2019acc\u00e8s aux donn\u00e9es n\u00e9cessaires pour la prise des d\u00e9cisions ad\u00e9quates . de coordonner avec les diff\u00e9rents minist\u00e8res et organismes \u00e0 propos de l\u2019\u00e9change et de l\u2019exploitation des informations . de la collecte et du tri des informations li\u00e9es au fonctionnement du syst\u00e8me fiscal et de veiller \u00e0 leur mise \u00e0 jour . d\u2019\u00e9laborer les statistiques aff\u00e9rentes \u00e0 l\u2019\u00e9volution du tissu fiscal . de fixer les indicateurs relatifs au fonctionnement du syst\u00e8me fiscal . d\u2019analyser les donn\u00e9es relatives \u00e0 la fiscalit\u00e9 sectorielle et d\u2019\u00e9valuer la contribution des activit\u00e9s \u00e9conomiques au rendement du syst\u00e8me fiscal . du suivi de l\u2019exploitation des r\u00e9sultats issus de l\u2019analyse des informations et de l\u2019\u00e9valuation du rendement du syst\u00e8me fiscal.<\/p>","protected":false},"author":1,"featured_media":0,"parent":0,"menu_order":0,"comment_status":"closed","ping_status":"closed","template":"","meta":{"_monsterinsights_skip_tracking":false,"_monsterinsights_sitenote_active":false,"_monsterinsights_sitenote_note":"","_monsterinsights_sitenote_category":0,"footnotes":""},"class_list":["post-4166","page","type-page","status-publish","hentry","entry"],"aioseo_notices":[],"_links":{"self":[{"href":"https:\/\/jibaya.tn\/ar\/wp-json\/wp\/v2\/pages\/4166","targetHints":{"allow":["GET"]}}],"collection":[{"href":"https:\/\/jibaya.tn\/ar\/wp-json\/wp\/v2\/pages"}],"about":[{"href":"https:\/\/jibaya.tn\/ar\/wp-json\/wp\/v2\/types\/page"}],"author":[{"embeddable":true,"href":"https:\/\/jibaya.tn\/ar\/wp-json\/wp\/v2\/users\/1"}],"replies":[{"embeddable":true,"href":"https:\/\/jibaya.tn\/ar\/wp-json\/wp\/v2\/comments?post=4166"}],"version-history":[{"count":0,"href":"https:\/\/jibaya.tn\/ar\/wp-json\/wp\/v2\/pages\/4166\/revisions"}],"wp:attachment":[{"href":"https:\/\/jibaya.tn\/ar\/wp-json\/wp\/v2\/media?parent=4166"}],"curies":[{"name":"wp","href":"https:\/\/api.w.org\/{rel}","templated":true}]}}