{"id":4756,"date":"2023-08-25T15:59:32","date_gmt":"2023-08-25T15:59:32","guid":{"rendered":"https:\/\/jibaya.tn\/?page_id=4756"},"modified":"2024-01-17T11:05:44","modified_gmt":"2024-01-17T11:05:44","slug":"unite-de-la-securite-informatique-et-physique-u-s-i-p","status":"publish","type":"page","link":"https:\/\/jibaya.tn\/ar\/unite-de-la-securite-informatique-et-physique-u-s-i-p\/","title":{"rendered":"\u0648\u062d\u062f\u0629 \u0627\u0644\u0633\u0644\u0627\u0645\u0629 \u0627\u0644\u0645\u0639\u0644\u0648\u0645\u0627\u062a\u064a\u0629 \u0648\u0627\u0644\u0628\u0646\u064a\u0629 \u0627\u0644\u062a\u062d\u062a\u064a\u0629 \u0648.\u0633.\u0645.\u0628.\u062a"},"content":{"rendered":"<div data-elementor-type=\"wp-page\" data-elementor-id=\"4756\" class=\"elementor elementor-4756\" data-elementor-settings=\"{&quot;ha_cmc_init_switcher&quot;:&quot;no&quot;}\" data-elementor-post-type=\"page\">\n\t\t\t\t\t\t<section class=\"elementor-section elementor-top-section elementor-element elementor-element-fce1e5d elementor-section-full_width banner-arab elementor-section-height-default elementor-section-height-default wpr-particle-no wpr-jarallax-no wpr-parallax-no wpr-sticky-section-no\" data-id=\"fce1e5d\" data-element_type=\"section\" data-settings=\"{&quot;background_background&quot;:&quot;classic&quot;,&quot;_ha_eqh_enable&quot;:false}\">\n\t\t\t\t\t\t\t<div class=\"elementor-background-overlay\"><\/div>\n\t\t\t\t\t\t\t<div class=\"elementor-container elementor-column-gap-default\">\n\t\t\t\t\t<div class=\"elementor-column elementor-col-100 elementor-top-column elementor-element elementor-element-821aca8\" data-id=\"821aca8\" data-element_type=\"column\">\n\t\t\t<div class=\"elementor-widget-wrap elementor-element-populated\">\n\t\t\t\t\t\t<div class=\"elementor-element elementor-element-b7fd3b9 elementor-widget elementor-widget-heading\" data-id=\"b7fd3b9\" data-element_type=\"widget\" data-widget_type=\"heading.default\">\n\t\t\t\t<div class=\"elementor-widget-container\">\n\t\t\t\t\t<h2 class=\"elementor-heading-title elementor-size-default\">\u0648\u062d\u062f\u0629 \u0627\u0644\u0633\u0644\u0627\u0645\u0629 \u0627\u0644\u0645\u0639\u0644\u0648\u0645\u0627\u062a\u064a\u0629 \u0648\u0627\u0644\u0628\u0646\u064a\u0629 \u0627\u0644\u062a\u062d\u062a\u064a\u0629<\/h2>\t\t\t\t<\/div>\n\t\t\t\t<\/div>\n\t\t\t\t\t<\/div>\n\t\t<\/div>\n\t\t\t\t\t<\/div>\n\t\t<\/section>\n\t\t<div class=\"elementor-element elementor-element-7e5d865 e-con-full breadcrumbs-arab e-flex wpr-particle-no wpr-jarallax-no wpr-parallax-no wpr-sticky-section-no e-con e-parent\" data-id=\"7e5d865\" data-element_type=\"container\" data-settings=\"{&quot;_ha_eqh_enable&quot;:false}\">\n\t\t\t\t<div class=\"elementor-element elementor-element-7d790fc elementor-icon-list--layout-traditional elementor-list-item-link-full_width elementor-widget elementor-widget-icon-list\" data-id=\"7d790fc\" data-element_type=\"widget\" data-widget_type=\"icon-list.default\">\n\t\t\t\t<div class=\"elementor-widget-container\">\n\t\t\t\t\t\t\t<ul class=\"elementor-icon-list-items\">\n\t\t\t\t\t\t\t<li class=\"elementor-icon-list-item\">\n\t\t\t\t\t\t\t\t\t\t\t<a href=\"https:\/\/jibaya.tn\/ar\/\">\n\n\t\t\t\t\t\t\t\t\t\t\t<span class=\"elementor-icon-list-text\">\u0625\u0633\u062a\u0642\u0628\u0627\u0644<\/span>\n\t\t\t\t\t\t\t\t\t\t\t<\/a>\n\t\t\t\t\t\t\t\t\t<\/li>\n\t\t\t\t\t\t<\/ul>\n\t\t\t\t\t\t<\/div>\n\t\t\t\t<\/div>\n\t\t\t\t<div class=\"elementor-element elementor-element-a4687f4 elementor-icon-list--layout-traditional elementor-list-item-link-full_width elementor-widget elementor-widget-icon-list\" data-id=\"a4687f4\" data-element_type=\"widget\" data-widget_type=\"icon-list.default\">\n\t\t\t\t<div class=\"elementor-widget-container\">\n\t\t\t\t\t\t\t<ul class=\"elementor-icon-list-items\">\n\t\t\t\t\t\t\t<li class=\"elementor-icon-list-item\">\n\t\t\t\t\t\t\t\t\t\t\t<a href=\"https:\/\/jibaya.tn\/ar\/dgi\/\">\n\n\t\t\t\t\t\t\t\t\t\t\t\t<span class=\"elementor-icon-list-icon\">\n\t\t\t\t\t\t\t<svg aria-hidden=\"true\" class=\"e-font-icon-svg e-fas-chevron-right\" viewbox=\"0 0 320 512\" xmlns=\"http:\/\/www.w3.org\/2000\/svg\"><path d=\"M285.476 272.971L91.132 467.314c-9.373 9.373-24.569 9.373-33.941 0l-22.667-22.667c-9.357-9.357-9.375-24.522-.04-33.901L188.505 256 34.484 101.255c-9.335-9.379-9.317-24.544.04-33.901l22.667-22.667c9.373-9.373 24.569-9.373 33.941 0L285.475 239.03c9.373 9.372 9.373 24.568.001 33.941z\"><\/path><\/svg>\t\t\t\t\t\t<\/span>\n\t\t\t\t\t\t\t\t\t\t<span class=\"elementor-icon-list-text\">\u0627\u0644\u0625\u062f\u0627\u0631\u0629 \u0627\u0644\u0639\u0627\u0645\u0629 \u0644\u0644\u0623\u062f\u0627\u0621\u0627\u062a<\/span>\n\t\t\t\t\t\t\t\t\t\t\t<\/a>\n\t\t\t\t\t\t\t\t\t<\/li>\n\t\t\t\t\t\t<\/ul>\n\t\t\t\t\t\t<\/div>\n\t\t\t\t<\/div>\n\t\t\t\t<div class=\"elementor-element elementor-element-3d48c5c elementor-widget-mobile__width-initial elementor-icon-list--layout-traditional elementor-list-item-link-full_width elementor-widget elementor-widget-icon-list\" data-id=\"3d48c5c\" data-element_type=\"widget\" data-widget_type=\"icon-list.default\">\n\t\t\t\t<div class=\"elementor-widget-container\">\n\t\t\t\t\t\t\t<ul class=\"elementor-icon-list-items\">\n\t\t\t\t\t\t\t<li class=\"elementor-icon-list-item\">\n\t\t\t\t\t\t\t\t\t\t\t<span class=\"elementor-icon-list-icon\">\n\t\t\t\t\t\t\t<svg aria-hidden=\"true\" class=\"e-font-icon-svg e-fas-chevron-right\" viewbox=\"0 0 320 512\" xmlns=\"http:\/\/www.w3.org\/2000\/svg\"><path d=\"M285.476 272.971L91.132 467.314c-9.373 9.373-24.569 9.373-33.941 0l-22.667-22.667c-9.357-9.357-9.375-24.522-.04-33.901L188.505 256 34.484 101.255c-9.335-9.379-9.317-24.544.04-33.901l22.667-22.667c9.373-9.373 24.569-9.373 33.941 0L285.475 239.03c9.373 9.372 9.373 24.568.001 33.941z\"><\/path><\/svg>\t\t\t\t\t\t<\/span>\n\t\t\t\t\t\t\t\t\t\t<span class=\"elementor-icon-list-text\">d<\/span>\n\t\t\t\t\t\t\t\t\t<\/li>\n\t\t\t\t\t\t<\/ul>\n\t\t\t\t\t\t<\/div>\n\t\t\t\t<\/div>\n\t\t\t\t<div class=\"elementor-element elementor-element-b65bc65 elementor-icon-list--layout-traditional elementor-list-item-link-full_width elementor-widget elementor-widget-icon-list\" data-id=\"b65bc65\" data-element_type=\"widget\" data-widget_type=\"icon-list.default\">\n\t\t\t\t<div class=\"elementor-widget-container\">\n\t\t\t\t\t\t\t<ul class=\"elementor-icon-list-items\">\n\t\t\t\t\t\t\t<li class=\"elementor-icon-list-item\">\n\t\t\t\t\t\t\t\t\t\t<span class=\"elementor-icon-list-text\"> \u0648\u062d\u062f\u0629 \u0627\u0644\u0633\u0644\u0627\u0645\u0629 \u0627\u0644\u0645\u0639\u0644\u0648\u0645\u0627\u062a\u064a\u0629 \u0648\u0627\u0644\u0628\u0646\u064a\u0629 \u0627\u0644\u062a\u062d\u062a\u064a\u0629<\/span>\n\t\t\t\t\t\t\t\t\t<\/li>\n\t\t\t\t\t\t<\/ul>\n\t\t\t\t\t\t<\/div>\n\t\t\t\t<\/div>\n\t\t\t\t<\/div>\n\t\t<div class=\"elementor-element elementor-element-cd4ae01 e-flex e-con-boxed wpr-particle-no wpr-jarallax-no wpr-parallax-no wpr-sticky-section-no e-con e-parent\" data-id=\"cd4ae01\" data-element_type=\"container\" data-settings=\"{&quot;_ha_eqh_enable&quot;:false}\">\n\t\t\t\t\t<div class=\"e-con-inner\">\n\t\t\t\t<div class=\"elementor-element elementor-element-324eb27 elementor-widget elementor-widget-image\" data-id=\"324eb27\" data-element_type=\"widget\" data-widget_type=\"image.default\">\n\t\t\t\t<div class=\"elementor-widget-container\">\n\t\t\t\t\t\t\t\t\t\t\t\t\t\t\t<img fetchpriority=\"high\" decoding=\"async\" width=\"981\" height=\"844\" src=\"https:\/\/jibaya.tn\/wp-content\/uploads\/2023\/12\/file-organigrame-19.jpg\" class=\"attachment-1536x1536 size-1536x1536 wp-image-8455\" alt=\"\" sizes=\"(max-width: 981px) 100vw, 981px\" style=\"width:100%;height:86.03%;max-width:981px\" \/>\t\t\t\t\t\t\t\t\t\t\t\t\t\t\t<\/div>\n\t\t\t\t<\/div>\n\t\t\t\t\t<\/div>\n\t\t\t\t<\/div>\n\t\t<div class=\"elementor-element elementor-element-da763cb e-flex e-con-boxed wpr-particle-no wpr-jarallax-no wpr-parallax-no wpr-sticky-section-no e-con e-parent\" data-id=\"da763cb\" data-element_type=\"container\" data-settings=\"{&quot;_ha_eqh_enable&quot;:false}\">\n\t\t\t\t\t<div class=\"e-con-inner\">\n\t\t<div class=\"elementor-element elementor-element-60b17ae e-con-full e-flex wpr-particle-no wpr-jarallax-no wpr-parallax-no wpr-sticky-section-no e-con e-child\" data-id=\"60b17ae\" data-element_type=\"container\" data-settings=\"{&quot;background_background&quot;:&quot;classic&quot;,&quot;_ha_eqh_enable&quot;:false}\">\n\t\t<div class=\"elementor-element elementor-element-3f9d892 e-con-full e-flex wpr-particle-no wpr-jarallax-no wpr-parallax-no wpr-sticky-section-no e-con e-child\" data-id=\"3f9d892\" data-element_type=\"container\" data-settings=\"{&quot;background_background&quot;:&quot;classic&quot;,&quot;_ha_eqh_enable&quot;:false}\">\n\t\t\t\t<div class=\"elementor-element elementor-element-c38a113 elementor-widget elementor-widget-heading\" data-id=\"c38a113\" data-element_type=\"widget\" data-widget_type=\"heading.default\">\n\t\t\t\t<div class=\"elementor-widget-container\">\n\t\t\t\t\t<h2 class=\"elementor-heading-title elementor-size-default\">\u0627\u0644\u062a\u0642\u062f\u064a\u0645 :<\/h2>\t\t\t\t<\/div>\n\t\t\t\t<\/div>\n\t\t\t\t<div class=\"elementor-element elementor-element-a2ade4b elementor-widget__width-initial elementor-widget elementor-widget-text-editor\" data-id=\"a2ade4b\" data-element_type=\"widget\" data-widget_type=\"text-editor.default\">\n\t\t\t\t<div class=\"elementor-widget-container\">\n\t\t\t\t\t\t\t\t\t<p>\u064a\u0634\u0631\u0641 \u0639\u0644\u0649 \u0648\u062d\u062f\u0629 \u0627\u0644\u0645\u062a\u0627\u0628\u0639\u0629 \u0648\u0627\u0644\u062a\u0646\u0633\u064a\u0642 \u0648\u0627\u0644\u062f\u0631\u0627\u0633\u0627\u062a \u0627\u0644\u062c\u0628\u0627\u0626\u064a\u0629 \u0631\u0626\u064a\u0633 \u0648\u062d\u062f\u0629 \u0628\u0631\u062a\u0628\u0629 \u0645\u062f\u064a\u0631 \u0639\u0627\u0645 \u0625\u062f\u0627\u0631\u0629 \u0645\u0631\u0643\u0632\u064a\u0629.<\/p><p>\u062a\u0643\u0644\u0641 \u0647\u0630\u0647 \u0627\u0644\u0648\u062d\u062f\u0629 \u0628\u0640:<\/p><p>\u00a0<\/p><ul><li>\u0625\u0639\u062f\u0627\u062f \u0648\u062a\u0637\u0648\u064a\u0631 \u0627\u0644\u0633\u064a\u0627\u0633\u0627\u062a \u0627\u0644\u0645\u062a\u0639\u0644\u0642\u0629 \u0628\u0633\u0644\u0627\u0645\u0629 \u0627\u0644\u0645\u0639\u0644\u0648\u0645\u0627\u062a \u0648\u0627\u0644\u0636\u0648\u0627\u0628\u0637 \u0648\u0627\u0644\u0625\u062c\u0631\u0627\u0621\u0627\u062a \u0627\u0644\u0645\u0631\u062a\u0628\u0637\u0629 \u0628\u0647\u0627 \u0648\u062a\u062d\u064a\u064a\u0646\u0647\u0627.<\/li><li>\u0625\u0639\u062f\u0627\u062f \u0628\u0631\u0627\u0645\u062c \u0648\u0645\u0634\u0627\u0631\u064a\u0639 \u062a\u0637\u0648\u064a\u0631 \u0627\u0644\u062d\u0644\u0648\u0644 \u0627\u0644\u0645\u062a\u0639\u0644\u0642\u0629 \u0628\u0633\u0644\u0627\u0645\u0629 \u0627\u0644\u0645\u0639\u0644\u0648\u0645\u0627\u062a \u0648\u0641\u0642 \u0623\u0641\u0636\u0644 \u0627\u0644\u0645\u0645\u0627\u0631\u0633\u0627\u062a \u0648\u0627\u0644\u0645\u0639\u0627\u064a\u064a\u0631 \u0627\u0644\u062f\u0648\u0644\u064a\u0629 \u0627\u0644\u0645\u062a\u0628\u0639\u0629\u060c \u0648\u062a\u062d\u062f\u064a\u062f \u0627\u0644\u0627\u062d\u062a\u064a\u0627\u062c\u0627\u062a \u0648\u0627\u0642\u062a\u0631\u0627\u062d \u0627\u0644\u0625\u0642\u062a\u0646\u0627\u0621\u0627\u062a \u0627\u0644\u0645\u0646\u0627\u0633\u0628\u0629.<\/li><li>\u062a\u0635\u0645\u064a\u0645 \u0627\u0633\u062a\u0631\u0627\u062a\u064a\u062c\u064a\u0629 \u0644\u062a\u062d\u062f\u064a\u062f \u0648\u062a\u0642\u064a\u064a\u0645 \u0627\u0644\u0645\u062e\u0627\u0637\u0631 \u0641\u064a \u0645\u062c\u0627\u0644 \u0633\u0644\u0627\u0645\u0629 \u0627\u0644\u0645\u0639\u0644\u0648\u0645\u0627\u062a \u0648\u0648\u0636\u0639 \u062e\u0637\u0629 \u0644\u0644\u062a\u0635\u0631\u0641 \u0641\u064a\u0647\u0627.<\/li><li><span style=\"color: var( --e-global-color-text );font-family: var(--list--font-family);text-align: var(--text-align)\">\u0625\u0639\u062f\u0627\u062f \u0648\u062a\u0637\u0648\u064a\u0631 \u062e\u0637\u0629 \u0627\u0633\u062a\u0645\u0631\u0627\u0631\u064a\u0629 \u0627\u0644\u0639\u0645\u0644 \u0644\u0645\u0635\u0627\u0644\u062d \u0627\u0644\u0625\u062f\u0627\u0631\u0629 \u0627\u0644\u0639\u0627\u0645\u0629 \u0644\u0644\u0623\u062f\u0627\u0621\u0627\u062a.<\/span><\/li><li>\u0625\u0639\u062f\u0627\u062f \u0628\u0631\u0646\u0627\u0645\u062c \u0644\u062f\u0639\u0645 \u0627\u0644\u062a\u0643\u0648\u064a\u0646 \u0648\u0627\u0644\u0631\u0633\u0643\u0644\u0629 \u0641\u064a \u0645\u062c\u0627\u0644 \u0633\u0644\u0627\u0645\u0629 \u0627\u0644\u0645\u0639\u0644\u0648\u0645\u0627\u062a.<\/li><li>\u0627\u0644\u0645\u0633\u0627\u0647\u0645\u0629 \u0641\u064a \u0625\u0639\u062f\u0627\u062f \u0627\u0644\u062a\u0642\u0631\u064a\u0631 \u0627\u0644\u0633\u0646\u0648\u064a \u0644\u0639\u0645\u0644\u064a\u0629 \u0627\u0644\u062a\u062f\u0642\u064a\u0642 \u0641\u064a \u0645\u062c\u0627\u0644 \u0633\u0644\u0627\u0645\u0629 \u0627\u0644\u0645\u0639\u0644\u0648\u0645\u0627\u062a \u0644\u0644\u0625\u062f\u0627\u0631\u0629 \u0627\u0644\u0639\u0627\u0645\u0629 \u0644\u0644\u0623\u062f\u0627\u0621\u0627\u062a.<\/li><li>\u0627\u0644\u062a\u0646\u0633\u064a\u0642 \u0645\u0639 \u0643\u0644 \u0627\u0644\u0645\u0635\u0627\u0644\u062d \u0627\u0644\u0645\u062a\u0639\u0627\u0645\u0644\u0629 \u0645\u0639 \u0627\u0644\u0625\u062f\u0627\u0631\u0629 \u0627\u0644\u0639\u0627\u0645\u0629 \u0644\u0644\u0623\u062f\u0627\u0621\u0627\u062a \u0648\u0636\u0645\u0627\u0646 \u062d\u0633\u0646 \u062a\u0637\u0628\u064a\u0642 \u0648\u0627\u062d\u062a\u0631\u0627\u0645 \u0627\u0644\u0625\u062c\u0631\u0627\u0621\u0627\u062a \u0627\u0644\u0645\u0639\u062a\u0645\u062f\u0629 \u0641\u064a \u0645\u062c\u0627\u0644 \u0633\u0644\u0627\u0645\u0629 \u0627\u0644\u0645\u0639\u0644\u0648\u0645\u0627\u062a \u0648\u0645\u062a\u0627\u0628\u0639\u0629 \u062a\u0646\u0641\u064a\u0630\u0647\u0627\u060c<\/li><li>\u062a\u062d\u062f\u064a\u062f \u0645\u062d\u064a\u0637 \u0633\u0644\u0627\u0645\u0629 \u0627\u0644\u0628\u0646\u064a\u0629 \u0627\u0644\u062a\u062d\u062a\u064a\u0629 \u0644\u0643\u0627\u0645\u0644 \u0645\u0642\u0631\u0627\u062a \u0645\u0635\u0627\u0644\u062d \u0627\u0644\u0625\u062f\u0627\u0631\u0629 \u0627\u0644\u0639\u0627\u0645\u0629 \u0644\u0644\u0623\u062f\u0627\u0621\u0627\u062a \u0648\u0641\u0642 \u0627\u0644\u0642\u0648\u0627\u0639\u062f \u0648\u0627\u0644\u0645\u0639\u0627\u064a\u064a\u0631 \u0627\u0644\u0645\u0639\u0645\u0648\u0644 \u0628\u0647\u0627.<\/li><li>\u0627\u0644\u0633\u0647\u0631 \u0639\u0644\u0649 \u062d\u0645\u0627\u064a\u0629 \u0643\u0644 \u0627\u0644\u0645\u0645\u062a\u0644\u0643\u0627\u062a \u0627\u0644\u0631\u0627\u062c\u0639\u0629 \u0628\u0627\u0644\u0646\u0638\u0631 \u0644\u0644\u0625\u062f\u0627\u0631\u0629 \u0627\u0644\u0639\u0627\u0645\u0629 \u0644\u0644\u0623\u062f\u0627\u0621\u0627\u062a \u0636\u062f \u0643\u0644 \u0627\u0644\u062a\u0647\u062f\u064a\u062f\u0627\u062a \u0627\u0644\u0628\u064a\u0626\u064a\u0629 (\u0627\u0644\u0625\u0642\u062a\u062d\u0627\u0645\u0627\u062a\u060c \u062f\u062e\u0648\u0644 \u063a\u064a\u0631 \u0645\u0631\u062e\u0635\u060c \u0627\u0644\u0633\u0631\u0642\u0627\u062a\u060c \u0627\u0644\u0636\u064a\u0627\u0639\u060c \u0627\u0644\u062d\u0631\u0627\u0626\u0642\u060c \u0627\u0644\u0641\u064a\u0627\u0636\u0627\u0646\u0627\u062a \u0623\u0648 \u062a\u0647\u062f\u064a\u062f\u0627\u062a \u0623\u062e\u0631\u0649...).<\/li><li>\u0625\u0639\u062f\u0627\u062f \u0648\u062a\u0637\u0648\u064a\u0631 \u062e\u0637\u0629 \u0648\u0642\u0627\u0626\u064a\u0629 \u0644\u0644\u062a\u0635\u062f\u064a \u0644\u0644\u0645\u062e\u0627\u0637\u0631 \u0648\u0627\u0644\u062a\u0647\u062f\u064a\u062f\u0627\u062a.<\/li><li>\u0625\u0639\u062f\u0627\u062f \u0645\u064a\u062b\u0627\u0642 \u0641\u064a \u062d\u0633\u0646 \u0627\u0633\u062a\u0639\u0645\u0627\u0644 \u0643\u0627\u0641\u0629 \u0627\u0644\u0623\u062c\u0647\u0632\u0629 \u0627\u0644\u0645\u0639\u0644\u0648\u0645\u0627\u062a\u064a\u0629 \u0648\u0627\u0644\u0625\u062a\u0635\u0627\u0644\u064a\u0629.<\/li><li>\u0627\u0644\u0645\u0633\u0627\u0647\u0645\u0629 \u0641\u064a \u0625\u0639\u062f\u0627\u062f \u0639\u0642\u0648\u062f \u0627\u0644\u0635\u064a\u0627\u0646\u0629 \u0644\u0643\u0644 \u0627\u0644\u0645\u0639\u062f\u0627\u062a \u0627\u0644\u0631\u0627\u062c\u0639\u0629 \u0628\u0627\u0644\u0646\u0638\u0631 \u0644\u0644\u0625\u062f\u0627\u0631\u0629 \u0627\u0644\u0639\u0627\u0645\u0629 \u0644\u0644\u0623\u062f\u0627\u0621\u0627\u062a.<\/li><li>\u0645\u062a\u0627\u0628\u0639\u0629 \u062a\u0642\u0627\u0631\u064a\u0631 \u0639\u0645\u0644\u064a\u0627\u062a \u0627\u0644\u062a\u062f\u0642\u064a\u0642 \u0641\u064a \u0645\u062c\u0627\u0644 \u0627\u0644\u0633\u0644\u0627\u0645\u0629 \u0627\u0644\u0645\u0639\u0644\u0648\u0645\u0627\u062a\u064a\u0629 \u0648\u0627\u0644\u0628\u0646\u064a\u0629 \u0627\u0644\u062a\u062d\u062a\u064a\u0629.<\/li><li>\u0627\u0644\u0642\u064a\u0627\u0645 \u0628\u062c\u0645\u064a\u0639 \u0627\u0644\u0623\u0639\u0645\u0627\u0644 \u0627\u0644\u062a\u064a \u062a\u0648\u0643\u0644 \u0644\u0647\u0627 \u0628\u0645\u0642\u062a\u0636\u0649 \u0627\u0644\u0646\u0635\u0648\u0635 \u0627\u0644\u062a\u0634\u0631\u064a\u0639\u064a\u0629 \u0648\u0627\u0644\u062a\u0631\u062a\u064a\u0628\u064a\u0629.<\/li><\/ul>\t\t\t\t\t\t\t\t<\/div>\n\t\t\t\t<\/div>\n\t\t\t\t<\/div>\n\t\t\t\t<\/div>\n\t\t\t\t\t<\/div>\n\t\t\t\t<\/div>\n\t\t\t\t<\/div>","protected":false},"excerpt":{"rendered":"<p>Unit\u00e9 de la S\u00e9curit\u00e9 Informatique et Physique Accueil DGI d Unit\u00e9 de la S\u00e9curit\u00e9 Informatique et Physique Pr\u00e9sentation L&#8217;unit\u00e9 de la s\u00e9curit\u00e9 informatique et physique est dirig\u00e9e par un chef d&#8217;unit\u00e9 b\u00e9n\u00e9ficiant des indemnit\u00e9s et avantages accord\u00e9s \u00e0 un directeur g\u00e9n\u00e9ral d&#8217;administration centrale. L\u2019unit\u00e9 des applications informatiques et du syst\u00e8me d\u2019information est charg\u00e9e notamment : \u00a0 de pr\u00e9parer et d\u00e9velopper les politiques de s\u00e9curit\u00e9 de l&#8217;information et les r\u00e8gles et proc\u00e9dures appropri\u00e9es et d&#8217;assurer leur mise \u00e0 jour. d&#8217;\u00e9laborer des programmes et des projets pour d\u00e9velopper les solutions relatives \u00e0 la s\u00e9curit\u00e9 de l&#8217;information selon les meilleures pratiques et les normes internationales en vigueur, de fixer les besoins pour les acquisitions appropri\u00e9es. de mettre en place une strat\u00e9gie pour d\u00e9tecter et \u00e9valuer les risques en mati\u00e8re de s\u00e9curit\u00e9 de l&#8217;information et pour d\u00e9finir un processus de gestion. d&#8217;\u00e9tablir et d\u00e9velopper un plan de continuit\u00e9 des activit\u00e9s des services administratifs de la direction g\u00e9n\u00e9rale des imp\u00f4ts. d&#8217;\u00e9laborer un programme de formation et de recyclage en mati\u00e8re de s\u00e9curit\u00e9 de l&#8217;information. de contribuer \u00e0 l&#8217;\u00e9laboration du rapport annuel de l&#8217;audit de la s\u00e9curit\u00e9 de l&#8217;information de la direction g\u00e9n\u00e9rale des imp\u00f4ts. de coordonner la mise en \u0153uvre de toutes les t\u00e2ches de s\u00e9curit\u00e9 de l&#8217;information avec les intervenants internes et externes \u00e0 la direction g\u00e9n\u00e9rale des imp\u00f4ts et de veiller \u00e0 son ex\u00e9cution. de d\u00e9finir le p\u00e9rim\u00e8tre de s\u00e9curit\u00e9 physique de tous les locaux des services de la direction g\u00e9n\u00e9rale des imp\u00f4ts selon les normes et standards en vigueur. de veiller \u00e0 la protection de tous les actifs de la direction g\u00e9n\u00e9rale des imp\u00f4ts contre toutes les menaces environnementales (intrusions, acc\u00e8s non autoris\u00e9s, vols, pertes, incendies. inondations et autres menaces. etc.) d&#8217;\u00e9tablir et d\u00e9velopper un plan de pr\u00e9vention contre les risques et les menaces. d&#8217;\u00e9tablir une charte de bon usage des ressources informatiques et de communication. de participer \u00e0 l&#8217;\u00e9laboration des contrats de maintenance de tout le mat\u00e9riel de la direction g\u00e9n\u00e9rale des imp\u00f4ts. du suivi des rapports d&#8217;audit en mati\u00e8re de s\u00e9curit\u00e9 physique et mat\u00e9rielle. d&#8217;effectuer toutes les t\u00e2ches qui lui sont attribu\u00e9es par les textes l\u00e9gislatifs et r\u00e9glementaires.<\/p>","protected":false},"author":1,"featured_media":0,"parent":0,"menu_order":0,"comment_status":"closed","ping_status":"closed","template":"","meta":{"_monsterinsights_skip_tracking":false,"_monsterinsights_sitenote_active":false,"_monsterinsights_sitenote_note":"","_monsterinsights_sitenote_category":0,"footnotes":""},"class_list":["post-4756","page","type-page","status-publish","hentry","entry"],"aioseo_notices":[],"_links":{"self":[{"href":"https:\/\/jibaya.tn\/ar\/wp-json\/wp\/v2\/pages\/4756","targetHints":{"allow":["GET"]}}],"collection":[{"href":"https:\/\/jibaya.tn\/ar\/wp-json\/wp\/v2\/pages"}],"about":[{"href":"https:\/\/jibaya.tn\/ar\/wp-json\/wp\/v2\/types\/page"}],"author":[{"embeddable":true,"href":"https:\/\/jibaya.tn\/ar\/wp-json\/wp\/v2\/users\/1"}],"replies":[{"embeddable":true,"href":"https:\/\/jibaya.tn\/ar\/wp-json\/wp\/v2\/comments?post=4756"}],"version-history":[{"count":0,"href":"https:\/\/jibaya.tn\/ar\/wp-json\/wp\/v2\/pages\/4756\/revisions"}],"wp:attachment":[{"href":"https:\/\/jibaya.tn\/ar\/wp-json\/wp\/v2\/media?parent=4756"}],"curies":[{"name":"wp","href":"https:\/\/api.w.org\/{rel}","templated":true}]}}