{"id":4769,"date":"2023-08-25T16:10:45","date_gmt":"2023-08-25T16:10:45","guid":{"rendered":"https:\/\/jibaya.tn\/?page_id=4769"},"modified":"2024-01-17T11:06:31","modified_gmt":"2024-01-17T11:06:31","slug":"unite-du-controle-national-et-des-enquetes-fiscales-u-c-n-e-f","status":"publish","type":"page","link":"https:\/\/jibaya.tn\/ar\/unite-du-controle-national-et-des-enquetes-fiscales-u-c-n-e-f\/","title":{"rendered":"\u0648\u062d\u062f\u0629 \u0627\u0644\u0645\u0631\u0627\u0642\u0628\u0629 \u0627\u0644\u0648\u0637\u0646\u064a\u0629 \u0648\u0627\u0644\u0623\u0628\u062d\u0627\u062b \u0627\u0644\u062c\u0628\u0627\u0626\u064a\u0629 \u0648.\u0645.\u0623.\u062c"},"content":{"rendered":"<div data-elementor-type=\"wp-page\" data-elementor-id=\"4769\" class=\"elementor elementor-4769\" data-elementor-settings=\"{&quot;ha_cmc_init_switcher&quot;:&quot;no&quot;}\" data-elementor-post-type=\"page\">\n\t\t\t\t\t\t<section class=\"elementor-section elementor-top-section elementor-element elementor-element-fce1e5d elementor-section-full_width banner-arab elementor-section-height-default elementor-section-height-default wpr-particle-no wpr-jarallax-no wpr-parallax-no wpr-sticky-section-no\" data-id=\"fce1e5d\" data-element_type=\"section\" data-settings=\"{&quot;background_background&quot;:&quot;classic&quot;,&quot;_ha_eqh_enable&quot;:false}\">\n\t\t\t\t\t\t\t<div class=\"elementor-background-overlay\"><\/div>\n\t\t\t\t\t\t\t<div class=\"elementor-container elementor-column-gap-default\">\n\t\t\t\t\t<div class=\"elementor-column elementor-col-100 elementor-top-column elementor-element elementor-element-821aca8\" data-id=\"821aca8\" data-element_type=\"column\">\n\t\t\t<div class=\"elementor-widget-wrap elementor-element-populated\">\n\t\t\t\t\t\t<div class=\"elementor-element elementor-element-b7fd3b9 elementor-widget elementor-widget-heading\" data-id=\"b7fd3b9\" data-element_type=\"widget\" data-widget_type=\"heading.default\">\n\t\t\t\t<div class=\"elementor-widget-container\">\n\t\t\t\t\t<h2 class=\"elementor-heading-title elementor-size-default\">\u0648\u062d\u062f\u0629 \u0627\u0644\u0645\u0631\u0627\u0642\u0628\u0629 \u0627\u0644\u0648\u0637\u0646\u064a\u0629 \u0648\u0627\u0644\u0623\u0628\u062d\u0627\u062b \u0627\u0644\u062c\u0628\u0627\u0626\u064a\u0629<\/h2>\t\t\t\t<\/div>\n\t\t\t\t<\/div>\n\t\t\t\t\t<\/div>\n\t\t<\/div>\n\t\t\t\t\t<\/div>\n\t\t<\/section>\n\t\t<div class=\"elementor-element elementor-element-7e5d865 e-con-full breadcrumbs-arab e-flex wpr-particle-no wpr-jarallax-no wpr-parallax-no wpr-sticky-section-no e-con e-parent\" data-id=\"7e5d865\" data-element_type=\"container\" data-settings=\"{&quot;_ha_eqh_enable&quot;:false}\">\n\t\t\t\t<div class=\"elementor-element elementor-element-7d790fc elementor-icon-list--layout-traditional elementor-list-item-link-full_width elementor-widget elementor-widget-icon-list\" data-id=\"7d790fc\" data-element_type=\"widget\" data-widget_type=\"icon-list.default\">\n\t\t\t\t<div class=\"elementor-widget-container\">\n\t\t\t\t\t\t\t<ul class=\"elementor-icon-list-items\">\n\t\t\t\t\t\t\t<li class=\"elementor-icon-list-item\">\n\t\t\t\t\t\t\t\t\t\t\t<a href=\"https:\/\/jibaya.tn\/ar\/\">\n\n\t\t\t\t\t\t\t\t\t\t\t<span class=\"elementor-icon-list-text\">\u0625\u0633\u062a\u0642\u0628\u0627\u0644<\/span>\n\t\t\t\t\t\t\t\t\t\t\t<\/a>\n\t\t\t\t\t\t\t\t\t<\/li>\n\t\t\t\t\t\t<\/ul>\n\t\t\t\t\t\t<\/div>\n\t\t\t\t<\/div>\n\t\t\t\t<div class=\"elementor-element elementor-element-a4687f4 elementor-icon-list--layout-traditional elementor-list-item-link-full_width elementor-widget elementor-widget-icon-list\" data-id=\"a4687f4\" data-element_type=\"widget\" data-widget_type=\"icon-list.default\">\n\t\t\t\t<div class=\"elementor-widget-container\">\n\t\t\t\t\t\t\t<ul class=\"elementor-icon-list-items\">\n\t\t\t\t\t\t\t<li class=\"elementor-icon-list-item\">\n\t\t\t\t\t\t\t\t\t\t\t<a href=\"https:\/\/jibaya.tn\/ar\/dgi\/\">\n\n\t\t\t\t\t\t\t\t\t\t\t\t<span class=\"elementor-icon-list-icon\">\n\t\t\t\t\t\t\t<svg aria-hidden=\"true\" class=\"e-font-icon-svg e-fas-chevron-right\" viewbox=\"0 0 320 512\" xmlns=\"http:\/\/www.w3.org\/2000\/svg\"><path d=\"M285.476 272.971L91.132 467.314c-9.373 9.373-24.569 9.373-33.941 0l-22.667-22.667c-9.357-9.357-9.375-24.522-.04-33.901L188.505 256 34.484 101.255c-9.335-9.379-9.317-24.544.04-33.901l22.667-22.667c9.373-9.373 24.569-9.373 33.941 0L285.475 239.03c9.373 9.372 9.373 24.568.001 33.941z\"><\/path><\/svg>\t\t\t\t\t\t<\/span>\n\t\t\t\t\t\t\t\t\t\t<span class=\"elementor-icon-list-text\">\u0627\u0644\u0625\u062f\u0627\u0631\u0629 \u0627\u0644\u0639\u0627\u0645\u0629 \u0644\u0644\u0623\u062f\u0627\u0621\u0627\u062a<\/span>\n\t\t\t\t\t\t\t\t\t\t\t<\/a>\n\t\t\t\t\t\t\t\t\t<\/li>\n\t\t\t\t\t\t<\/ul>\n\t\t\t\t\t\t<\/div>\n\t\t\t\t<\/div>\n\t\t\t\t<div class=\"elementor-element elementor-element-3d48c5c elementor-widget-mobile__width-initial elementor-icon-list--layout-traditional elementor-list-item-link-full_width elementor-widget elementor-widget-icon-list\" data-id=\"3d48c5c\" data-element_type=\"widget\" data-widget_type=\"icon-list.default\">\n\t\t\t\t<div class=\"elementor-widget-container\">\n\t\t\t\t\t\t\t<ul class=\"elementor-icon-list-items\">\n\t\t\t\t\t\t\t<li class=\"elementor-icon-list-item\">\n\t\t\t\t\t\t\t\t\t\t\t<span class=\"elementor-icon-list-icon\">\n\t\t\t\t\t\t\t<svg aria-hidden=\"true\" class=\"e-font-icon-svg e-fas-chevron-right\" viewbox=\"0 0 320 512\" xmlns=\"http:\/\/www.w3.org\/2000\/svg\"><path d=\"M285.476 272.971L91.132 467.314c-9.373 9.373-24.569 9.373-33.941 0l-22.667-22.667c-9.357-9.357-9.375-24.522-.04-33.901L188.505 256 34.484 101.255c-9.335-9.379-9.317-24.544.04-33.901l22.667-22.667c9.373-9.373 24.569-9.373 33.941 0L285.475 239.03c9.373 9.372 9.373 24.568.001 33.941z\"><\/path><\/svg>\t\t\t\t\t\t<\/span>\n\t\t\t\t\t\t\t\t\t\t<span class=\"elementor-icon-list-text\">d<\/span>\n\t\t\t\t\t\t\t\t\t<\/li>\n\t\t\t\t\t\t<\/ul>\n\t\t\t\t\t\t<\/div>\n\t\t\t\t<\/div>\n\t\t\t\t<div class=\"elementor-element elementor-element-b65bc65 elementor-icon-list--layout-traditional elementor-list-item-link-full_width elementor-widget elementor-widget-icon-list\" data-id=\"b65bc65\" data-element_type=\"widget\" data-widget_type=\"icon-list.default\">\n\t\t\t\t<div class=\"elementor-widget-container\">\n\t\t\t\t\t\t\t<ul class=\"elementor-icon-list-items\">\n\t\t\t\t\t\t\t<li class=\"elementor-icon-list-item\">\n\t\t\t\t\t\t\t\t\t\t<span class=\"elementor-icon-list-text\"> \u0648\u062d\u062f\u0629 \u0627\u0644\u0645\u0631\u0627\u0642\u0628\u0629 \u0627\u0644\u0648\u0637\u0646\u064a\u0629 \u0648\u0627\u0644\u0623\u0628\u062d\u0627\u062b \u0627\u0644\u062c\u0628\u0627\u0626\u064a\u0629<\/span>\n\t\t\t\t\t\t\t\t\t<\/li>\n\t\t\t\t\t\t<\/ul>\n\t\t\t\t\t\t<\/div>\n\t\t\t\t<\/div>\n\t\t\t\t<\/div>\n\t\t<div class=\"elementor-element elementor-element-cd4ae01 e-flex e-con-boxed wpr-particle-no wpr-jarallax-no wpr-parallax-no wpr-sticky-section-no e-con e-parent\" data-id=\"cd4ae01\" data-element_type=\"container\" data-settings=\"{&quot;_ha_eqh_enable&quot;:false}\">\n\t\t\t\t\t<div class=\"e-con-inner\">\n\t\t\t\t<div class=\"elementor-element elementor-element-324eb27 elementor-widget elementor-widget-image\" data-id=\"324eb27\" data-element_type=\"widget\" data-widget_type=\"image.default\">\n\t\t\t\t<div class=\"elementor-widget-container\">\n\t\t\t\t\t\t\t\t\t\t\t\t\t\t\t<img fetchpriority=\"high\" decoding=\"async\" width=\"980\" height=\"1670\" src=\"https:\/\/jibaya.tn\/wp-content\/uploads\/2024\/01\/ucnef-ar-65.jpg\" class=\"attachment-full size-full wp-image-8447\" alt=\"\" sizes=\"(max-width: 980px) 100vw, 980px\" style=\"width:100%;height:170.41%;max-width:980px\" \/>\t\t\t\t\t\t\t\t\t\t\t\t\t\t\t<\/div>\n\t\t\t\t<\/div>\n\t\t\t\t\t<\/div>\n\t\t\t\t<\/div>\n\t\t<div class=\"elementor-element elementor-element-da763cb e-flex e-con-boxed wpr-particle-no wpr-jarallax-no wpr-parallax-no wpr-sticky-section-no e-con e-parent\" data-id=\"da763cb\" data-element_type=\"container\" data-settings=\"{&quot;_ha_eqh_enable&quot;:false}\">\n\t\t\t\t\t<div class=\"e-con-inner\">\n\t\t<div class=\"elementor-element elementor-element-60b17ae e-con-full e-flex wpr-particle-no wpr-jarallax-no wpr-parallax-no wpr-sticky-section-no e-con e-child\" data-id=\"60b17ae\" data-element_type=\"container\" data-settings=\"{&quot;background_background&quot;:&quot;classic&quot;,&quot;_ha_eqh_enable&quot;:false}\">\n\t\t<div class=\"elementor-element elementor-element-3f9d892 e-con-full e-flex wpr-particle-no wpr-jarallax-no wpr-parallax-no wpr-sticky-section-no e-con e-child\" data-id=\"3f9d892\" data-element_type=\"container\" data-settings=\"{&quot;background_background&quot;:&quot;classic&quot;,&quot;_ha_eqh_enable&quot;:false}\">\n\t\t\t\t<div class=\"elementor-element elementor-element-c38a113 elementor-widget elementor-widget-heading\" data-id=\"c38a113\" data-element_type=\"widget\" data-widget_type=\"heading.default\">\n\t\t\t\t<div class=\"elementor-widget-container\">\n\t\t\t\t\t<h2 class=\"elementor-heading-title elementor-size-default\">\u0627\u0644\u062a\u0642\u062f\u064a\u0645 :<\/h2>\t\t\t\t<\/div>\n\t\t\t\t<\/div>\n\t\t\t\t<div class=\"elementor-element elementor-element-a2ade4b elementor-widget__width-initial elementor-widget elementor-widget-text-editor\" data-id=\"a2ade4b\" data-element_type=\"widget\" data-widget_type=\"text-editor.default\">\n\t\t\t\t<div class=\"elementor-widget-container\">\n\t\t\t\t\t\t\t\t\t<p>\u064a\u0634\u0631\u0641 \u0639\u0644\u0649 \u0648\u062d\u062f\u0629 \u0627\u0644\u0645\u0631\u0627\u0642\u0628\u0629 \u0627\u0644\u0648\u0637\u0646\u064a\u0651\u0629 \u0648\u0627\u0644\u0623\u0628\u062d\u0627\u062b \u0627\u0644\u062c\u0628\u0627\u0626\u064a\u0651\u0629 \u0631\u0626\u064a\u0633 \u0648\u062d\u062f\u0629 \u064a\u0646\u062a\u0641\u0639 \u0628\u0627\u0644\u0645\u0646\u062d \u0648\u0627\u0644\u0627\u0645\u062a\u064a\u0627\u0632\u0627\u062a \u0627\u0644\u0645\u062e\u0648\u0651\u0644\u0629 \u0644\u0645\u062f\u064a\u0631 \u0639\u0627\u0645 \u0625\u062f\u0627\u0631\u0629 \u0645\u0631\u0643\u0632\u064a\u0629. \u0648\u062a\u0634\u062a\u0645\u0644 \u0639\u0644\u0649 3 \u062e\u0644\u0627\u064a\u0627 \u0648\u0645\u0635\u0644\u062d\u062a\u064a\u0646.<\/p><p>\u062a\u0643\u0644\u0641 \u0648\u062d\u062f\u0629 \u0627\u0644\u0645\u0631\u0627\u0642\u0628\u0629 \u0627\u0644\u0648\u0637\u0646\u064a\u0651\u0629 \u0648\u0627\u0644\u0623\u0628\u062d\u0627\u062b \u0627\u0644\u062c\u0628\u0627\u0626\u064a\u0651\u0629 \u062e\u0627\u0635\u0629 \u0628\u0640:<\/p><p>\u00a0<\/p><ul><li>\u062a\u0623\u0645\u064a\u0646 \u0639\u0645\u0644\u064a\u0651\u0627\u062a \u0627\u0644\u0645\u0631\u0627\u0642\u0628\u0629 \u0627\u0644\u062c\u0628\u0627\u0626\u064a\u0651\u0629 \u0639\u0644\u0649 \u0627\u0644\u0645\u0633\u062a\u0648\u0649 \u0627\u0644\u0648\u0637\u0646\u064a \u0644\u0644\u0623\u062f\u0627\u0621\u0627\u062a \u0648\u0627\u0644\u0645\u0639\u0627\u0644\u064a\u0645 \u0648\u0627\u0644\u0636\u0651\u0631\u0627\u0626\u0628 \u0648\u0627\u0644\u0623\u062a\u0627\u0648\u0649 \u0648\u063a\u064a\u0631\u0647\u0627 \u0645\u0646 \u0627\u0644\u0645\u0648\u0627\u0631\u062f \u0627\u0644\u062c\u0628\u0627\u0626\u064a\u0651\u0629 \u0627\u0644\u062e\u0627\u0636\u0639\u0629 \u0644\u0623\u062d\u0643\u0627\u0645 \u0645\u062c\u0644\u0651\u0629 \u0627\u0644\u062d\u0642\u0648\u0642 \u0648\u0627\u0644\u0625\u062c\u0631\u0627\u0621\u0627\u062a \u0627\u0644\u062c\u0628\u0627\u0626\u064a\u0651\u0629 \u0648\u062e\u0627\u0635\u0651\u0629 \u0641\u064a \u0645\u064a\u062f\u0627\u0646 \u0627\u0644\u0645\u0631\u0627\u062c\u0639\u0629 \u0627\u0644\u0623\u0648\u0651\u0644\u064a\u0651\u0629 \u0648\u0627\u0644\u0645\u0631\u0627\u062c\u0639\u0629 \u0627\u0644\u0645\u0639\u0645\u0651\u0642\u0629 \u0648\u0627\u0644\u0642\u064a\u0627\u0645 \u0628\u0627\u0644\u062a\u062f\u062e\u0651\u0644\u0627\u062a \u0627\u0644\u0644\u0627\u0651\u0632\u0645\u0629 \u0641\u064a \u0647\u0630\u0627 \u0627\u0644\u0625\u0637\u0627\u0631.<\/li><li>\u0625\u0639\u062f\u0627\u062f \u0628\u0631\u0627\u0645\u062c \u0627\u0644\u0645\u0631\u0627\u0642\u0628\u0629 \u0627\u0644\u062c\u0628\u0627\u0626\u064a\u0629 \u0648\u0645\u062a\u0627\u0628\u0639\u0629 \u062a\u0646\u0641\u064a\u0630\u0647\u0627 \u0641\u064a \u062d\u062f\u0648\u062f \u0627\u062e\u062a\u0635\u0627\u0635\u0647\u0627.<\/li><li>\u0627\u0644\u0633\u0651\u0647\u0631 \u0639\u0644\u0649 \u062a\u0637\u0628\u064a\u0642 \u0627\u0644\u062a\u0634\u0631\u064a\u0639 \u0627\u0644\u062c\u0628\u0627\u0626\u064a \u0627\u0644\u062c\u0627\u0631\u064a \u0628\u0647 \u0627\u0644\u0639\u0645\u0644.<\/li><li>\u0625\u0639\u062f\u0627\u062f \u0642\u0631\u0627\u0631\u0627\u062a \u0627\u0644\u062a\u0648\u0638\u064a\u0641 \u0627\u0644\u0625\u062c\u0628\u0627\u0631\u064a \u0644\u0644\u0623\u062f\u0627\u0621.<\/li><li>\u0625\u0639\u062f\u0627\u062f \u0645\u0642\u0631\u0631\u0627\u062a \u0633\u062d\u0628 \u0627\u0644\u0646\u0638\u0627\u0645 \u0627\u0644\u062a\u0642\u062f\u064a\u0631\u064a.<\/li><li>\u0645\u0639\u0627\u064a\u0646\u0629 \u0627\u0644\u0645\u062e\u0627\u0644\u0641\u0627\u062a \u0627\u0644\u062c\u0628\u0627\u0626\u064a\u0629 \u0627\u0644\u062c\u0632\u0627\u0626\u064a\u0629.<\/li><li>\u0627\u0644\u0642\u064a\u0627\u0645 \u0628\u0625\u062c\u0631\u0627\u0621\u0627\u062a \u0627\u0644\u0646\u0632\u0627\u0639 \u0627\u0644\u062c\u0628\u0627\u0626\u064a \u0627\u0644\u0645\u062a\u0639\u0644\u0651\u0642 \u0628\u0623\u0633\u0627\u0633 \u0627\u0644\u0623\u062f\u0627\u0621 \u0644\u062f\u0649 \u0627\u0644\u0645\u062d\u0627\u0643\u0645 \u0627\u0644\u0645\u062e\u062a\u0635\u0629 \u0648\u0645\u062a\u0627\u0628\u0639\u0629 \u0648\u062a\u062c\u0633\u064a\u0645 \u0627\u0644\u0635\u0651\u0644\u062d \u0627\u0644\u0642\u0636\u0627\u0626\u064a \u0628\u0627\u0644\u0646\u0633\u0628\u0629 \u0644\u0644\u0645\u0644\u0641\u0627\u062a \u0627\u0644\u0631\u0627\u062c\u0639\u0629 \u0625\u0644\u064a\u0647\u0627 \u0628\u0627\u0644\u0646\u0638\u0631..<\/li><li>\u0645\u062a\u0627\u0628\u0639\u0629 \u0627\u0644\u0645\u062e\u0627\u0644\u0641\u0627\u062a \u0627\u0644\u062c\u0628\u0627\u0626\u064a\u0651\u0629 \u0627\u0644\u062c\u0632\u0627\u0626\u064a\u0651\u0629 \u0648\u0627\u0644\u0646\u0651\u0632\u0627\u0639\u0627\u062a \u0627\u0644\u0645\u062a\u0631\u062a\u0651\u0628\u0629 \u0639\u0646\u0647\u0627 \u0644\u062f\u0649 \u0627\u0644\u0645\u062d\u0627\u0643\u0645 \u0627\u0644\u0645\u062e\u062a\u0635\u0629 \u0628\u0627\u0644\u062a\u0651\u0639\u0627\u0648\u0646 \u0645\u0639 \u0627\u0644\u0646\u0651\u064a\u0627\u0628\u0629 \u0627\u0644\u0639\u0645\u0648\u0645\u064a\u0651\u0629.<\/li><li>\u062a\u062c\u0645\u064a\u0639 \u0627\u0644\u0645\u0639\u0644\u0648\u0645\u0627\u062a \u0648\u0627\u0644\u0645\u0639\u0637\u064a\u0627\u062a \u0627\u0644\u0644\u0627\u0651\u0632\u0645\u0629 \u0644\u0639\u0645\u0644\u064a\u0651\u0627\u062a \u0627\u0644\u0645\u0631\u0627\u0642\u0628\u0629 \u0627\u0644\u062c\u0628\u0627\u0626\u064a\u0651\u0629 \u0648\u0630\u0644\u0643 \u0628\u0627\u0644\u062a\u0651\u0646\u0633\u064a\u0642 \u0645\u0639 \u0645\u062e\u062a\u0644\u0641 \u0645\u0635\u0627\u0644\u062d \u0627\u0644\u0625\u062f\u0627\u0631\u0629 \u0627\u0644\u0639\u0627\u0645\u0651\u0629 \u0644\u0644\u0623\u062f\u0627\u0621\u0627\u062a.<\/li><li>\u0627\u0644\u062a\u0646\u0633\u064a\u0642 \u0645\u0639 \u0627\u0644\u0645\u0635\u0627\u0644\u062d \u0627\u0644\u0645\u0631\u0643\u0632\u064a\u0629 \u0644\u0644\u0625\u062f\u0627\u0631\u0629 \u0627\u0644\u0639\u0627\u0645\u0629 \u0644\u0644\u0627\u062f\u0627\u0621\u0627\u062a \u0641\u064a\u0645\u0627 \u064a\u062a\u0639\u0644\u0642 \u0628\u0627\u0644\u062a\u0635\u0631\u0641 \u0641\u064a \u0627\u0644\u0642\u0631\u0648\u0636 \u0627\u0644\u0645\u0648\u0643\u0648\u0644\u0629 \u0625\u0644\u064a\u0647\u0627 \u0645\u0639 \u0627\u0644\u062a\u062d\u0642\u0642 \u0645\u0646 \u0635\u064a\u0627\u0646\u0629 .\u0627\u0644\u0628\u0646\u0627\u0621\u0627\u062a.\u0648\u0627\u0644\u062a\u0635\u0631\u0641 \u0627\u0644\u0625\u062f\u0627\u0631\u064a \u0641\u064a \u0627\u0644\u0645\u0648\u0627\u0631\u062f \u0627\u0644\u0628\u0634\u0631\u064a\u0629<\/li><li>\u0627\u0644\u062a\u0646\u0633\u064a\u0642 \u0645\u0639 \u0627\u0644\u0645\u0635\u0627\u0644\u062d \u0627\u0644\u0645\u0631\u0643\u0632\u064a\u0629 \u0644\u0644\u0625\u062f\u0627\u0631\u0629 \u0627\u0644\u0639\u0627\u0645\u0629 \u0644\u0644\u0623\u062f\u0627\u0621\u0627\u062a \u0641\u064a\u0645\u0627 \u064a\u062a\u0639\u0644\u0651\u0642 \u0628\u0627\u0644\u062a\u0631\u0641 \u0627\u0644\u0625\u062f\u0627\u0631\u064a \u0641\u064a \u0627\u0644\u0645\u0648\u0627\u0631\u062f \u0627\u0644\u0628\u0634\u0631\u064a\u0629 \u0627\u0644\u0631\u0627\u062c\u0639\u0629 \u0644\u0647\u0627 \u0628\u0627\u0644\u0646\u0638\u0631.<\/li><li>\u0627\u0633\u062a\u0642\u0628\u0627\u0644 \u0627\u0644\u0645\u0637\u0627\u0644\u0628\u064a\u0646 \u0628\u0627\u0644\u0623\u062f\u0627\u0621 \u0648\u062a\u0642\u062f\u064a\u0645 \u062e\u062f\u0645\u0627\u062a \u0627\u0644\u0625\u0631\u0634\u0627\u062f \u0648\u0627\u0644\u062a\u0651\u0648\u062c\u064a\u0647 \u0648\u0627\u0644\u0625\u0639\u0644\u0627\u0645 \u0644\u0641\u0627\u0626\u062f\u062a\u0647\u0645.<\/li><li>\u0627\u0644\u0642\u064a\u0627\u0645 \u0628\u062c\u0645\u064a\u0639 \u0627\u0644\u0623\u0639\u0645\u0627\u0644 \u0627\u0644\u062a\u064a \u062a\u0648\u0643\u0644 \u0644\u0647\u0627 \u0628\u0645\u0642\u062a\u0636\u0649 \u0627\u0644\u0646\u0635\u0648\u0635 \u0627\u0644\u062a\u0634\u0631\u064a\u0639\u064a\u0629 \u0648\u0627\u0644\u062a\u0631\u062a\u064a\u0628\u064a\u0629.<\/li><li>\u0627\u0644\u0645\u0648\u0627\u0641\u0642\u0629 \u0639\u0644\u0649 \u0646\u062a\u0627\u0626\u062c \u0639\u0645\u0644\u064a\u0627\u062a \u0627\u0644\u0645\u0631\u0627\u0642\u0628\u0629 \u0627\u0644\u062c\u0628\u0627\u0626\u064a\u0629.<\/li><li>\u0627\u0644\u0645\u0648\u0627\u0641\u0642\u0629 \u0639\u0644\u0649 \u0639\u0645\u0644\u064a\u0627\u062a  \u0627\u0644\u0635\u0644\u062d \u0627\u0644\u0645\u062a\u0639\u0644\u0642\u0629 \u0628\u0623\u0633\u0627\u0633 \u0627\u0644\u0623\u062f\u0627\u0621.<\/li><li>\u0627\u0644\u0645\u0635\u0627\u062f\u0642\u0629 \u0639\u0644\u0649 \u0639\u0645\u0644\u064a\u0627\u062a \u0627\u0644\u0635\u0644\u062d \u0641\u064a \u0627\u0644\u0645\u062e\u0627\u0644\u0641\u0627\u062a \u0627\u0644\u062c\u0628\u0627\u0626\u064a\u0651\u0629 \u0627\u0644\u062c\u0632\u0627\u0626\u064a\u0651\u0629 \u0641\u064a \u062d\u062f\u0648\u062f \u0627\u0644\u062a\u0639\u0631\u064a\u0641\u0627\u062a \u0627\u0644\u0645\u0639\u0645\u0648\u0644 \u0628\u0647\u0627 \u0648\u0639\u0644\u0649 \u0642\u0627\u0626\u0645\u0627\u062a\n\n\u062a\u062c\u0645\u064a\u0639 \u0627\u0644\u0645\u0646\u0627\u0628\u0627\u062a \u0627\u0644\u0645\u0646\u062c\u0631\u0651\u0629 \u0639\u0646\u0647\u0627.<\/li><li>\u0627\u0644\u0625\u0630\u0646 \u0628\u062a\u062b\u0642\u064a\u0644 \u0627\u0644\u062f\u064a\u0648\u0646 \u0627\u0644\u062c\u0628\u0627\u0626\u064a\u0629 \u0627\u0644\u0646\u0627\u062a\u062c\u0629 \u0639\u0646 \u062a\u062f\u062e\u0651\u0644\u0627\u062a \u0627\u0644\u0645\u062d\u0642\u0642\u064a\u0646 \u0627\u0644\u0631\u0627\u062c\u0639\u064a\u0646 \u0625\u0644\u064a\u0647 \u0628\u0627\u0644\u0646\u0638\u0631 \u0644\u062f\u0649 \u0627\u0644\u0645\u062d\u0627\u0633\u0628\u064a\u0646 \u0627\u0644\u0639\u0645\u0648\u0645\u064a\u064a\u0646\n\n\u062e\u062a\u0635\u064a\u0646 \u0648\u0628\u062a\u0639\u062f\u064a\u0644\u0647\u0627 \u0623\u0648 \u0625\u0644\u063a\u0627\u0626\u0647\u0627 \u0639\u0646\u062f \u0627\u0644\u0627\u0642\u062a\u0636\u0627\u0621.<\/li><li>\u0627\u0644\u0642\u064a\u0627\u0645 \u0628\u062c\u0645\u064a\u0639 \u0627\u0644\u0623\u0639\u0645\u0627\u0644 \u0627\u0644\u0645\u0641\u0648\u0636\u0629 \u0625\u0644\u064a\u0647 \u0623\u0648 \u0627\u0644\u0645\u0648\u0643\u0648\u0644\u0629 \u0644\u0647 \u0628\u0645\u0642\u062a\u0636\u0649 \u0627\u0644\u0646\u0651\u0635\u0648\u0635 \u0627\u0644\u062a\u0651\u0634\u0631\u064a\u0639\u064a\u0651\u0629 \u0648\u0627\u0644\u062a\u0651\u0631\u062a\u064a\u0628\u064a\u0651\u0629.<\/li><\/ul>\t\t\t\t\t\t\t\t<\/div>\n\t\t\t\t<\/div>\n\t\t\t\t<\/div>\n\t\t\t\t<\/div>\n\t\t\t\t\t<\/div>\n\t\t\t\t<\/div>\n\t\t\t\t<\/div>","protected":false},"excerpt":{"rendered":"<p>Unit\u00e9 du Contr\u00f4le National et des Enqu\u00eates Fiscales Accueil DGI d Unit\u00e9 du Contr\u00f4le National et des Enqu\u00eates Fiscales Pr\u00e9sentation L&#8217;unit\u00e9 du contr\u00f4le national et des enqu\u00eates fiscales est dirig\u00e9e par un chef d\u2019unit\u00e9 b\u00e9n\u00e9ficiant des indemnit\u00e9s et avantages accord\u00e9s \u00e0 un directeur g\u00e9n\u00e9ral d\u2019administration centrale. Elle comprend trois cellules et deux services. L&#8217;unit\u00e9 du contr\u00f4le national et des enqu\u00eates fiscales est charg\u00e9e notamment : \u00a0 d\u2019assurer les op\u00e9rations de contr\u00f4le fiscal, \u00e0 l\u2019\u00e9chelle nationale, des imp\u00f4ts, droits, taxes, redevances et autres pr\u00e9l\u00e8vements fiscaux r\u00e9gis par les dispositions du code des droits et proc\u00e9dures fiscaux, et notamment en mati\u00e8re de v\u00e9rifications pr\u00e9liminaires et approfondies et d\u2019effectuer les interventions n\u00e9cessaires dans ce cadre . de pr\u00e9parer les programmes de contr\u00f4le fiscal et de suivre leur ex\u00e9cution dans la limite de sa comp\u00e9tence . de veiller \u00e0 l\u2019application de la l\u00e9gislation fiscale en vigueur . d\u2019\u00e9tablir les arr\u00eat\u00e9s de taxation d\u2019office . d\u2019\u00e9tablir les d\u00e9cisions de retrait du r\u00e9gime forfaitaire . de constater les infractions fiscales p\u00e9nales . d\u2019accomplir les proc\u00e9dures en mati\u00e8re de contentieux fiscal de l\u2019assiette aupr\u00e8s des tribunaux comp\u00e9tents et d&#8217;assurer le suivi et la concr\u00e9tisation de la conciliation juridictionnelle concernant les dossiers relevant de sa comp\u00e9tence . de suivre les infractions p\u00e9nales et le contentieux qui en r\u00e9sulte aupr\u00e8s des tribunaux comp\u00e9tents en collaboration avec le minist\u00e8re public . de participer \u00e0 la d\u00e9finition des crit\u00e8res de contr\u00f4le fiscal en coordination avec les services sp\u00e9cialis\u00e9s de la direction g\u00e9n\u00e9rale des imp\u00f4ts. de coordonner avec les services centraux de la direction g\u00e9n\u00e9rale des imp\u00f4ts concernant la gestion des cr\u00e9dits qui lui sont d\u00e9l\u00e9gu\u00e9s d\u2019assurer l\u2019entretien des b\u00e2timents et la gestion administrative de ses ressources humaines. de l\u2019ex\u00e9cution des cr\u00e9dits de fonctionnement et de d\u00e9veloppement qui lui sont d\u00e9l\u00e9gu\u00e9s, d\u2019assurer l\u2019entretien des b\u00e2timents et la gestion des \u00e9quipements et du mat\u00e9riel de ses services. d\u2019accueillir, les contribuables et d\u2019assurer \u00e0 leur profit les services de renseignements, d\u2019orientation et d\u2019information . d\u2019effectuer toutes les taches qui lui sont confi\u00e9es par les textes l\u00e9gislatifs et r\u00e9glementaires. l\u2019approbation des r\u00e9sultats des op\u00e9rations du contr\u00f4le fiscal . l\u2019approbation des acquiescements relatifs \u00e0 l\u2019assiette de l\u2019imp\u00f4t . l\u2019approbation des transactions en mati\u00e8re des infractions fiscales p\u00e9nales dans les limites des bar\u00e8mes en vigueur, et des \u00e9tats de r\u00e9partition y aff\u00e9rents . d\u2019ordonner la constatation des cr\u00e9ances fiscales r\u00e9sultant des interventions des v\u00e9rificateurs plac\u00e9s sous son autorit\u00e9 aupr\u00e8s des comptables publics comp\u00e9tents et de proc\u00e9der \u00e0 leur modification ou annulation le cas \u00e9ch\u00e9ant . d\u2019effectuer toutes les t\u00e2ches qui lui sont attribu\u00e9es ou d\u00e9l\u00e9gu\u00e9es par les textes l\u00e9gislatifs et r\u00e9glementaires.<\/p>","protected":false},"author":1,"featured_media":0,"parent":0,"menu_order":0,"comment_status":"closed","ping_status":"closed","template":"","meta":{"_monsterinsights_skip_tracking":false,"_monsterinsights_sitenote_active":false,"_monsterinsights_sitenote_note":"","_monsterinsights_sitenote_category":0,"footnotes":""},"class_list":["post-4769","page","type-page","status-publish","hentry","entry"],"aioseo_notices":[],"_links":{"self":[{"href":"https:\/\/jibaya.tn\/ar\/wp-json\/wp\/v2\/pages\/4769","targetHints":{"allow":["GET"]}}],"collection":[{"href":"https:\/\/jibaya.tn\/ar\/wp-json\/wp\/v2\/pages"}],"about":[{"href":"https:\/\/jibaya.tn\/ar\/wp-json\/wp\/v2\/types\/page"}],"author":[{"embeddable":true,"href":"https:\/\/jibaya.tn\/ar\/wp-json\/wp\/v2\/users\/1"}],"replies":[{"embeddable":true,"href":"https:\/\/jibaya.tn\/ar\/wp-json\/wp\/v2\/comments?post=4769"}],"version-history":[{"count":0,"href":"https:\/\/jibaya.tn\/ar\/wp-json\/wp\/v2\/pages\/4769\/revisions"}],"wp:attachment":[{"href":"https:\/\/jibaya.tn\/ar\/wp-json\/wp\/v2\/media?parent=4769"}],"curies":[{"name":"wp","href":"https:\/\/api.w.org\/{rel}","templated":true}]}}