{"id":4788,"date":"2023-08-25T16:54:49","date_gmt":"2023-08-25T16:54:49","guid":{"rendered":"https:\/\/jibaya.tn\/?page_id=4788"},"modified":"2024-01-17T11:05:15","modified_gmt":"2024-01-17T11:05:15","slug":"unite-de-linspection-des-services-fiscaux-u-i-s-f","status":"publish","type":"page","link":"https:\/\/jibaya.tn\/ar\/unite-de-linspection-des-services-fiscaux-u-i-s-f\/","title":{"rendered":"\u0648\u062d\u062f\u0629 \u062a\u0641\u0642\u062f \u0627\u0644\u0645\u0635\u0627\u0644\u062d \u0627\u0644\u062c\u0628\u0627\u0626\u064a\u0629 \u0648.\u062a.\u0645.\u062c"},"content":{"rendered":"<div data-elementor-type=\"wp-page\" data-elementor-id=\"4788\" class=\"elementor elementor-4788\" data-elementor-settings=\"{&quot;ha_cmc_init_switcher&quot;:&quot;no&quot;}\" data-elementor-post-type=\"page\">\n\t\t\t\t\t\t<section class=\"elementor-section elementor-top-section elementor-element elementor-element-fce1e5d elementor-section-full_width banner-arab elementor-section-height-default elementor-section-height-default wpr-particle-no wpr-jarallax-no wpr-parallax-no wpr-sticky-section-no\" data-id=\"fce1e5d\" data-element_type=\"section\" data-settings=\"{&quot;background_background&quot;:&quot;classic&quot;,&quot;_ha_eqh_enable&quot;:false}\">\n\t\t\t\t\t\t\t<div class=\"elementor-background-overlay\"><\/div>\n\t\t\t\t\t\t\t<div class=\"elementor-container elementor-column-gap-default\">\n\t\t\t\t\t<div class=\"elementor-column elementor-col-100 elementor-top-column elementor-element elementor-element-821aca8\" data-id=\"821aca8\" data-element_type=\"column\">\n\t\t\t<div class=\"elementor-widget-wrap elementor-element-populated\">\n\t\t\t\t\t\t<div class=\"elementor-element elementor-element-b7fd3b9 elementor-widget elementor-widget-heading\" data-id=\"b7fd3b9\" data-element_type=\"widget\" data-widget_type=\"heading.default\">\n\t\t\t\t<div class=\"elementor-widget-container\">\n\t\t\t\t\t<h2 class=\"elementor-heading-title elementor-size-default\">\n\u0648\u062d\u062f\u0629 \u062a\u0641\u0642\u062f \u0627\u0644\u0645\u0635\u0627\u0644\u062d \u0627\u0644\u062c\u0628\u0627\u0626\u064a\u0629\n<\/h2>\t\t\t\t<\/div>\n\t\t\t\t<\/div>\n\t\t\t\t\t<\/div>\n\t\t<\/div>\n\t\t\t\t\t<\/div>\n\t\t<\/section>\n\t\t<div class=\"elementor-element elementor-element-7e5d865 e-con-full breadcrumbs-arab e-flex wpr-particle-no wpr-jarallax-no wpr-parallax-no wpr-sticky-section-no e-con e-parent\" data-id=\"7e5d865\" data-element_type=\"container\" data-settings=\"{&quot;_ha_eqh_enable&quot;:false}\">\n\t\t\t\t<div class=\"elementor-element elementor-element-7d790fc elementor-icon-list--layout-traditional elementor-list-item-link-full_width elementor-widget elementor-widget-icon-list\" data-id=\"7d790fc\" data-element_type=\"widget\" data-widget_type=\"icon-list.default\">\n\t\t\t\t<div class=\"elementor-widget-container\">\n\t\t\t\t\t\t\t<ul class=\"elementor-icon-list-items\">\n\t\t\t\t\t\t\t<li class=\"elementor-icon-list-item\">\n\t\t\t\t\t\t\t\t\t\t\t<a href=\"https:\/\/jibaya.tn\/ar\/\">\n\n\t\t\t\t\t\t\t\t\t\t\t<span class=\"elementor-icon-list-text\">\u0625\u0633\u062a\u0642\u0628\u0627\u0644<\/span>\n\t\t\t\t\t\t\t\t\t\t\t<\/a>\n\t\t\t\t\t\t\t\t\t<\/li>\n\t\t\t\t\t\t<\/ul>\n\t\t\t\t\t\t<\/div>\n\t\t\t\t<\/div>\n\t\t\t\t<div class=\"elementor-element elementor-element-a4687f4 elementor-icon-list--layout-traditional elementor-list-item-link-full_width elementor-widget elementor-widget-icon-list\" data-id=\"a4687f4\" data-element_type=\"widget\" data-widget_type=\"icon-list.default\">\n\t\t\t\t<div class=\"elementor-widget-container\">\n\t\t\t\t\t\t\t<ul class=\"elementor-icon-list-items\">\n\t\t\t\t\t\t\t<li class=\"elementor-icon-list-item\">\n\t\t\t\t\t\t\t\t\t\t\t<a href=\"https:\/\/jibaya.tn\/ar\/dgi\/\">\n\n\t\t\t\t\t\t\t\t\t\t\t\t<span class=\"elementor-icon-list-icon\">\n\t\t\t\t\t\t\t<svg aria-hidden=\"true\" class=\"e-font-icon-svg e-fas-chevron-right\" viewbox=\"0 0 320 512\" xmlns=\"http:\/\/www.w3.org\/2000\/svg\"><path d=\"M285.476 272.971L91.132 467.314c-9.373 9.373-24.569 9.373-33.941 0l-22.667-22.667c-9.357-9.357-9.375-24.522-.04-33.901L188.505 256 34.484 101.255c-9.335-9.379-9.317-24.544.04-33.901l22.667-22.667c9.373-9.373 24.569-9.373 33.941 0L285.475 239.03c9.373 9.372 9.373 24.568.001 33.941z\"><\/path><\/svg>\t\t\t\t\t\t<\/span>\n\t\t\t\t\t\t\t\t\t\t<span class=\"elementor-icon-list-text\">\u0627\u0644\u0625\u062f\u0627\u0631\u0629 \u0627\u0644\u0639\u0627\u0645\u0629 \u0644\u0644\u0623\u062f\u0627\u0621\u0627\u062a<\/span>\n\t\t\t\t\t\t\t\t\t\t\t<\/a>\n\t\t\t\t\t\t\t\t\t<\/li>\n\t\t\t\t\t\t<\/ul>\n\t\t\t\t\t\t<\/div>\n\t\t\t\t<\/div>\n\t\t\t\t<div class=\"elementor-element elementor-element-3d48c5c elementor-widget-mobile__width-initial elementor-icon-list--layout-traditional elementor-list-item-link-full_width elementor-widget elementor-widget-icon-list\" data-id=\"3d48c5c\" data-element_type=\"widget\" data-widget_type=\"icon-list.default\">\n\t\t\t\t<div class=\"elementor-widget-container\">\n\t\t\t\t\t\t\t<ul class=\"elementor-icon-list-items\">\n\t\t\t\t\t\t\t<li class=\"elementor-icon-list-item\">\n\t\t\t\t\t\t\t\t\t\t\t<span class=\"elementor-icon-list-icon\">\n\t\t\t\t\t\t\t<svg aria-hidden=\"true\" class=\"e-font-icon-svg e-fas-chevron-right\" viewbox=\"0 0 320 512\" xmlns=\"http:\/\/www.w3.org\/2000\/svg\"><path d=\"M285.476 272.971L91.132 467.314c-9.373 9.373-24.569 9.373-33.941 0l-22.667-22.667c-9.357-9.357-9.375-24.522-.04-33.901L188.505 256 34.484 101.255c-9.335-9.379-9.317-24.544.04-33.901l22.667-22.667c9.373-9.373 24.569-9.373 33.941 0L285.475 239.03c9.373 9.372 9.373 24.568.001 33.941z\"><\/path><\/svg>\t\t\t\t\t\t<\/span>\n\t\t\t\t\t\t\t\t\t\t<span class=\"elementor-icon-list-text\">d<\/span>\n\t\t\t\t\t\t\t\t\t<\/li>\n\t\t\t\t\t\t<\/ul>\n\t\t\t\t\t\t<\/div>\n\t\t\t\t<\/div>\n\t\t\t\t<div class=\"elementor-element elementor-element-b65bc65 elementor-icon-list--layout-traditional elementor-list-item-link-full_width elementor-widget elementor-widget-icon-list\" data-id=\"b65bc65\" data-element_type=\"widget\" data-widget_type=\"icon-list.default\">\n\t\t\t\t<div class=\"elementor-widget-container\">\n\t\t\t\t\t\t\t<ul class=\"elementor-icon-list-items\">\n\t\t\t\t\t\t\t<li class=\"elementor-icon-list-item\">\n\t\t\t\t\t\t\t\t\t\t<span class=\"elementor-icon-list-text\"> \u0648\u062d\u062f\u0629 \u062a\u0641\u0642\u062f \u0627\u0644\u0645\u0635\u0627\u0644\u062d \u0627\u0644\u062c\u0628\u0627\u0626\u064a\u0629<\/span>\n\t\t\t\t\t\t\t\t\t<\/li>\n\t\t\t\t\t\t<\/ul>\n\t\t\t\t\t\t<\/div>\n\t\t\t\t<\/div>\n\t\t\t\t<\/div>\n\t\t<div class=\"elementor-element elementor-element-cd4ae01 e-flex e-con-boxed wpr-particle-no wpr-jarallax-no wpr-parallax-no wpr-sticky-section-no e-con e-parent\" data-id=\"cd4ae01\" data-element_type=\"container\" data-settings=\"{&quot;_ha_eqh_enable&quot;:false}\">\n\t\t\t\t\t<div class=\"e-con-inner\">\n\t\t\t\t<div class=\"elementor-element elementor-element-324eb27 elementor-widget elementor-widget-image\" data-id=\"324eb27\" data-element_type=\"widget\" data-widget_type=\"image.default\">\n\t\t\t\t<div class=\"elementor-widget-container\">\n\t\t\t\t\t\t\t\t\t\t\t\t\t\t\t<img fetchpriority=\"high\" decoding=\"async\" width=\"981\" height=\"423\" src=\"https:\/\/jibaya.tn\/wp-content\/uploads\/2023\/12\/file-organigrame-24.jpg\" class=\"attachment-1536x1536 size-1536x1536 wp-image-8460\" alt=\"\" sizes=\"(max-width: 981px) 100vw, 981px\" style=\"width:100%;height:43.12%;max-width:981px\" \/>\t\t\t\t\t\t\t\t\t\t\t\t\t\t\t<\/div>\n\t\t\t\t<\/div>\n\t\t\t\t\t<\/div>\n\t\t\t\t<\/div>\n\t\t<div class=\"elementor-element elementor-element-da763cb e-flex e-con-boxed wpr-particle-no wpr-jarallax-no wpr-parallax-no wpr-sticky-section-no e-con e-parent\" data-id=\"da763cb\" data-element_type=\"container\" data-settings=\"{&quot;_ha_eqh_enable&quot;:false}\">\n\t\t\t\t\t<div class=\"e-con-inner\">\n\t\t<div class=\"elementor-element elementor-element-60b17ae e-con-full e-flex wpr-particle-no wpr-jarallax-no wpr-parallax-no wpr-sticky-section-no e-con e-child\" data-id=\"60b17ae\" data-element_type=\"container\" data-settings=\"{&quot;background_background&quot;:&quot;classic&quot;,&quot;_ha_eqh_enable&quot;:false}\">\n\t\t<div class=\"elementor-element elementor-element-3f9d892 e-con-full e-flex wpr-particle-no wpr-jarallax-no wpr-parallax-no wpr-sticky-section-no e-con e-child\" data-id=\"3f9d892\" data-element_type=\"container\" data-settings=\"{&quot;background_background&quot;:&quot;classic&quot;,&quot;_ha_eqh_enable&quot;:false}\">\n\t\t\t\t<div class=\"elementor-element elementor-element-c38a113 elementor-widget elementor-widget-heading\" data-id=\"c38a113\" data-element_type=\"widget\" data-widget_type=\"heading.default\">\n\t\t\t\t<div class=\"elementor-widget-container\">\n\t\t\t\t\t<h2 class=\"elementor-heading-title elementor-size-default\">\u0627\u0644\u062a\u0642\u062f\u064a\u0645 :<\/h2>\t\t\t\t<\/div>\n\t\t\t\t<\/div>\n\t\t\t\t<div class=\"elementor-element elementor-element-a2ade4b elementor-widget__width-initial elementor-widget elementor-widget-text-editor\" data-id=\"a2ade4b\" data-element_type=\"widget\" data-widget_type=\"text-editor.default\">\n\t\t\t\t<div class=\"elementor-widget-container\">\n\t\t\t\t\t\t\t\t\t<p dir=\"LTR\">\u064a\u0634\u0631\u0641 \u0639\u0644\u0649 \u0648\u062d\u062f\u0629 \u062a\u0641\u0642\u0651\u062f \u0627\u0644\u0645\u0635\u0627\u0644\u062d \u0627\u0644\u062c\u0628\u0627\u0626\u064a\u0651\u0629 \u0631\u0626\u064a\u0633 \u0648\u062d\u062f\u0629 \u064a\u0646\u062a\u0641\u0639 \u0628\u0627\u0644\u0645\u0646\u062d \u0648\u0627\u0644\u0627\u0645\u062a\u064a\u0627\u0632\u0627\u062a \u0627\u0644\u0645\u062e\u0648\u0651\u0644\u0629 \u0644\u0645\u062f\u064a\u0631 \u0639\u0627\u0645 \u0625\u062f\u0627\u0631\u0629 \u0645\u0631\u0643\u0632\u064a\u0651\u0629.<\/p>\n<p dir=\"LTR\">&nbsp;\u062a\u0643\u0644\u0641 \u0648\u062d\u062f\u0629 \u062a\u0641\u0642\u0651\u062f \u0627\u0644\u0645\u0635\u0627\u0644\u062d \u0627\u0644\u062c\u0628\u0627\u0626\u064a\u0651\u0629 \u062e\u0627\u0635\u0629 \u0628\u0640:<\/p><p dir=\"LTR\"><br><\/p>\n<ul>\n<li dir=\"LTR\">\u0645\u0631\u0627\u0642\u0628\u0629 \u062a\u0637\u0628\u064a\u0642 \u0627\u0644\u062a\u0651\u0634\u0631\u064a\u0639 \u0627\u0644\u062c\u0628\u0627\u0626\u064a \u0648\u0627\u0644\u0625\u062c\u0631\u0627\u0621\u0627\u062a \u0648\u0627\u0644\u062a\u0651\u0631\u0627\u062a\u064a\u0628 \u0627\u0644\u062c\u0627\u0631\u064a \u0628\u0647\u0627 \u0627\u0644\u0639\u0645\u0644 \u0628\u0645\u062e\u062a\u0644\u0641 \u0645\u0635\u0627\u0644\u062d \u0627\u0644\u0625\u062f\u0627\u0631\u0629 \u0627\u0644\u0639\u0627\u0645\u0651\u0629 \u0644\u0644\u0623\u062f\u0627\u0621\u0627\u062a.<\/li>\n<li dir=\"LTR\">\u0627\u0644\u0642\u064a\u0627\u0645 \u0628\u0627\u0644\u062a\u0641\u0642\u0651\u062f \u0627\u0644\u0625\u062f\u0627\u0631\u064a \u0648\u0627\u0644\u0645\u0627\u0644\u064a \u0648\u0627\u0644\u062a\u062d\u0642\u064a\u0642\u0627\u062a \u0627\u0644\u0645\u062a\u0639\u0644\u0651\u0642\u0629 \u0628\u062a\u0633\u064a\u064a\u0631 \u0627\u0644\u0645\u0635\u0627\u0644\u062d \u0627\u0644\u062c\u0628\u0627\u0626\u064a\u0651\u0629.<\/li>\n<li dir=\"LTR\">\u0627\u0644\u0642\u064a\u0627\u0645 \u0628\u0627\u0644\u0623\u0628\u062d\u0627\u062b \u0641\u064a \u0627\u0644\u0645\u062e\u0627\u0644\u0641\u0627\u062a \u0648\u0627\u0644\u062a\u0651\u062c\u0627\u0648\u0632\u0627\u062a \u0627\u0644\u0645\u0631\u062a\u0643\u0628\u0629 \u0645\u0646 \u0642\u0628\u0644 \u0627\u0644\u0623\u0639\u0648\u0627\u0646 \u0623\u062b\u0646\u0627\u0621 \u0645\u0628\u0627\u0634\u0631\u0629 \u0645\u0647\u0627\u0645\u0651\u0647\u0645 \u0623\u0648 \u0628\u0645\u0646\u0627\u0633\u0628\u0629 \u0627\u0644\u0642\u064a\u0627\u0645 \u0628\u0647\u0627.<\/li>\n<li dir=\"LTR\">\u0627\u0644\u0642\u064a\u0627\u0645 \u0641\u064a \u0625\u0637\u0627\u0631 \u0645\u0634\u0645\u0648\u0644\u0627\u062a\u0647\u0627 \u0628\u0645\u062a\u0627\u0628\u0639\u0629 \u062a\u0633\u0648\u064a\u0629 \u0648\u0636\u0639\u064a\u0651\u0629 \u0627\u0644\u0645\u0637\u0627\u0644\u0628\u064a\u0646 \u0628\u0627\u0644\u0623\u062f\u0627\u0621.<\/li>\n<li dir=\"LTR\">\u062a\u062c\u0645\u064a\u0639 \u0648\u0627\u0633\u062a\u063a\u0644\u0627\u0644 \u0627\u0644\u062a\u0642\u0627\u0631\u064a\u0631 \u0627\u0644\u062f\u0651\u0648\u0631\u064a\u0651\u0629 \u0644\u0646\u0634\u0627\u0637 \u0627\u0644\u0625\u062f\u0627\u0631\u0629 \u0627\u0644\u0639\u0627\u0645\u0651\u0629 \u0644\u0644\u0623\u062f\u0627\u0621\u0627\u062a \u0648\u0643\u0630\u0644\u0643 \u062a\u0642\u0627\u0631\u064a\u0631 \u0627\u0644\u062a\u0641\u0642\u0651\u062f \u0648\u0627\u0644\u062a\u062d\u0642\u064a\u0642\u0627\u062a \u0627\u0644\u0645\u0646\u062c\u0632\u0629 \u0645\u0646 \u0642\u0628\u0644 \u0645\u062e\u062a\u0644\u0641 \u0623\u062c\u0647\u0632\u0629 \u0627\u0644\u0631\u0651\u0642\u0627\u0628\u0629.<\/li>\n<\/ul>\t\t\t\t\t\t\t\t<\/div>\n\t\t\t\t<\/div>\n\t\t\t\t<\/div>\n\t\t\t\t<\/div>\n\t\t\t\t\t<\/div>\n\t\t\t\t<\/div>\n\t\t\t\t<\/div>","protected":false},"excerpt":{"rendered":"<p>Unit\u00e9 de l\u2019inspection des services fiscaux Accueil DGI d Unit\u00e9 de l\u2019inspection des services fiscaux Pr\u00e9sentation L\u2019unit\u00e9 de l\u2019inspection des services fiscaux est dirig\u00e9e par un chef d\u2019unit\u00e9 b\u00e9n\u00e9ficiant des indemnit\u00e9s et avantages accord\u00e9s \u00e0 un directeur g\u00e9n\u00e9ral d\u2019administration centrale, assist\u00e9 par deux inspecteurs de premi\u00e8re classe ayant rang et avantages d\u2019un directeur d\u2019administration centrale. &nbsp;L\u2019unit\u00e9 de l\u2019inspection des services fiscaux&nbsp;est charg\u00e9e notamment : de contr\u00f4ler l\u2019application de la l\u00e9gislation fiscale et des proc\u00e9dures et r\u00e9glementations en vigueur dans les divers services de la Direction G\u00e9n\u00e9rale des Imp\u00f4ts . d\u2019effectuer les inspections administratives et financi\u00e8res et les enqu\u00eates relatives au fonctionnement des services fiscaux . de mener les enqu\u00eates relatives aux infractions et d\u00e9passements commis par les agents pendant ou \u00e0 l\u2019occasion de l\u2019exercice de leurs fonctions . d\u2019assurer dans le cadre de leurs attributions, le suivi de la r\u00e9gularisation des situations des contribuables . de recueillir et d\u2019exploiter les rapports p\u00e9riodiques d\u2019activit\u00e9 de la Direction G\u00e9n\u00e9rale des Imp\u00f4ts et les rapports d\u2019inspections et d\u2019enqu\u00eates effectu\u00e9es par les divers organes de contr\u00f4le.<\/p>","protected":false},"author":1,"featured_media":0,"parent":0,"menu_order":0,"comment_status":"closed","ping_status":"closed","template":"","meta":{"_monsterinsights_skip_tracking":false,"_monsterinsights_sitenote_active":false,"_monsterinsights_sitenote_note":"","_monsterinsights_sitenote_category":0,"footnotes":""},"class_list":["post-4788","page","type-page","status-publish","hentry","entry"],"aioseo_notices":[],"_links":{"self":[{"href":"https:\/\/jibaya.tn\/ar\/wp-json\/wp\/v2\/pages\/4788","targetHints":{"allow":["GET"]}}],"collection":[{"href":"https:\/\/jibaya.tn\/ar\/wp-json\/wp\/v2\/pages"}],"about":[{"href":"https:\/\/jibaya.tn\/ar\/wp-json\/wp\/v2\/types\/page"}],"author":[{"embeddable":true,"href":"https:\/\/jibaya.tn\/ar\/wp-json\/wp\/v2\/users\/1"}],"replies":[{"embeddable":true,"href":"https:\/\/jibaya.tn\/ar\/wp-json\/wp\/v2\/comments?post=4788"}],"version-history":[{"count":0,"href":"https:\/\/jibaya.tn\/ar\/wp-json\/wp\/v2\/pages\/4788\/revisions"}],"wp:attachment":[{"href":"https:\/\/jibaya.tn\/ar\/wp-json\/wp\/v2\/media?parent=4788"}],"curies":[{"name":"wp","href":"https:\/\/api.w.org\/{rel}","templated":true}]}}