{"id":6623,"date":"2023-11-08T12:34:26","date_gmt":"2023-11-08T12:34:26","guid":{"rendered":"https:\/\/jibaya.tn\/?page_id=6623"},"modified":"2024-01-17T11:10:14","modified_gmt":"2024-01-17T11:10:14","slug":"unite-des-finances-locales","status":"publish","type":"page","link":"https:\/\/jibaya.tn\/ar\/unite-des-finances-locales\/","title":{"rendered":"\u0648\u062d\u062f\u0629 \u0627\u0644\u0645\u0627\u0644\u064a\u0629 \u0627\u0644\u0645\u062d\u0644\u064a\u0629"},"content":{"rendered":"<div data-elementor-type=\"wp-page\" data-elementor-id=\"6623\" class=\"elementor elementor-6623\" data-elementor-settings=\"{&quot;ha_cmc_init_switcher&quot;:&quot;no&quot;}\" data-elementor-post-type=\"page\">\n\t\t\t\t\t\t<section class=\"elementor-section elementor-top-section elementor-element elementor-element-fce1e5d elementor-section-full_width banner-arab elementor-section-height-default elementor-section-height-default wpr-particle-no wpr-jarallax-no wpr-parallax-no wpr-sticky-section-no\" data-id=\"fce1e5d\" data-element_type=\"section\" data-settings=\"{&quot;background_background&quot;:&quot;classic&quot;,&quot;_ha_eqh_enable&quot;:false}\">\n\t\t\t\t\t\t\t<div class=\"elementor-background-overlay\"><\/div>\n\t\t\t\t\t\t\t<div class=\"elementor-container elementor-column-gap-default\">\n\t\t\t\t\t<div class=\"elementor-column elementor-col-100 elementor-top-column elementor-element elementor-element-821aca8\" data-id=\"821aca8\" data-element_type=\"column\">\n\t\t\t<div class=\"elementor-widget-wrap elementor-element-populated\">\n\t\t\t\t\t\t<div class=\"elementor-element elementor-element-b7fd3b9 elementor-widget elementor-widget-heading\" data-id=\"b7fd3b9\" data-element_type=\"widget\" data-widget_type=\"heading.default\">\n\t\t\t\t<div class=\"elementor-widget-container\">\n\t\t\t\t\t<h2 class=\"elementor-heading-title elementor-size-default\">\u0648\u062d\u062f\u0629 \u0627\u0644\u0645\u0627\u0644\u064a\u0629 \u0627\u0644\u0645\u062d\u0644\u064a\u0629<\/h2>\t\t\t\t<\/div>\n\t\t\t\t<\/div>\n\t\t\t\t\t<\/div>\n\t\t<\/div>\n\t\t\t\t\t<\/div>\n\t\t<\/section>\n\t\t<div class=\"elementor-element elementor-element-7e5d865 e-con-full breadcrumbs-arab e-flex wpr-particle-no wpr-jarallax-no wpr-parallax-no wpr-sticky-section-no e-con e-parent\" data-id=\"7e5d865\" data-element_type=\"container\" data-settings=\"{&quot;_ha_eqh_enable&quot;:false}\">\n\t\t\t\t<div class=\"elementor-element elementor-element-7d790fc elementor-icon-list--layout-traditional elementor-list-item-link-full_width elementor-widget elementor-widget-icon-list\" data-id=\"7d790fc\" data-element_type=\"widget\" data-widget_type=\"icon-list.default\">\n\t\t\t\t<div class=\"elementor-widget-container\">\n\t\t\t\t\t\t\t<ul class=\"elementor-icon-list-items\">\n\t\t\t\t\t\t\t<li class=\"elementor-icon-list-item\">\n\t\t\t\t\t\t\t\t\t\t\t<a href=\"https:\/\/jibaya.tn\/ar\/\">\n\n\t\t\t\t\t\t\t\t\t\t\t<span class=\"elementor-icon-list-text\">\u0625\u0633\u062a\u0642\u0628\u0627\u0644<\/span>\n\t\t\t\t\t\t\t\t\t\t\t<\/a>\n\t\t\t\t\t\t\t\t\t<\/li>\n\t\t\t\t\t\t<\/ul>\n\t\t\t\t\t\t<\/div>\n\t\t\t\t<\/div>\n\t\t\t\t<div class=\"elementor-element elementor-element-a4687f4 elementor-icon-list--layout-traditional elementor-list-item-link-full_width elementor-widget elementor-widget-icon-list\" data-id=\"a4687f4\" data-element_type=\"widget\" data-widget_type=\"icon-list.default\">\n\t\t\t\t<div class=\"elementor-widget-container\">\n\t\t\t\t\t\t\t<ul class=\"elementor-icon-list-items\">\n\t\t\t\t\t\t\t<li class=\"elementor-icon-list-item\">\n\t\t\t\t\t\t\t\t\t\t\t<a href=\"https:\/\/jibaya.tn\/ar\/dgcpr\/\">\n\n\t\t\t\t\t\t\t\t\t\t\t\t<span class=\"elementor-icon-list-icon\">\n\t\t\t\t\t\t\t<svg aria-hidden=\"true\" class=\"e-font-icon-svg e-fas-chevron-right\" viewbox=\"0 0 320 512\" xmlns=\"http:\/\/www.w3.org\/2000\/svg\"><path d=\"M285.476 272.971L91.132 467.314c-9.373 9.373-24.569 9.373-33.941 0l-22.667-22.667c-9.357-9.357-9.375-24.522-.04-33.901L188.505 256 34.484 101.255c-9.335-9.379-9.317-24.544.04-33.901l22.667-22.667c9.373-9.373 24.569-9.373 33.941 0L285.475 239.03c9.373 9.372 9.373 24.568.001 33.941z\"><\/path><\/svg>\t\t\t\t\t\t<\/span>\n\t\t\t\t\t\t\t\t\t\t<span class=\"elementor-icon-list-text\">\u0627\u0644\u0625\u062f\u0627\u0631\u0629 \u0627\u0644\u0639\u0627\u0645\u0629 \u0644\u0644\u0645\u062d\u0627\u0633\u0628\u0629 \u0627\u0644\u0639\u0645\u0648\u0645\u064a\u0629 \u0648\u0627\u0644\u0625\u0633\u062a\u062e\u0644\u0627\u0635<\/span>\n\t\t\t\t\t\t\t\t\t\t\t<\/a>\n\t\t\t\t\t\t\t\t\t<\/li>\n\t\t\t\t\t\t<\/ul>\n\t\t\t\t\t\t<\/div>\n\t\t\t\t<\/div>\n\t\t\t\t<div class=\"elementor-element elementor-element-3d48c5c elementor-widget-mobile__width-initial elementor-icon-list--layout-traditional elementor-list-item-link-full_width elementor-widget elementor-widget-icon-list\" data-id=\"3d48c5c\" data-element_type=\"widget\" data-widget_type=\"icon-list.default\">\n\t\t\t\t<div class=\"elementor-widget-container\">\n\t\t\t\t\t\t\t<ul class=\"elementor-icon-list-items\">\n\t\t\t\t\t\t\t<li class=\"elementor-icon-list-item\">\n\t\t\t\t\t\t\t\t\t\t\t<span class=\"elementor-icon-list-icon\">\n\t\t\t\t\t\t\t<svg aria-hidden=\"true\" class=\"e-font-icon-svg e-fas-chevron-right\" viewbox=\"0 0 320 512\" xmlns=\"http:\/\/www.w3.org\/2000\/svg\"><path d=\"M285.476 272.971L91.132 467.314c-9.373 9.373-24.569 9.373-33.941 0l-22.667-22.667c-9.357-9.357-9.375-24.522-.04-33.901L188.505 256 34.484 101.255c-9.335-9.379-9.317-24.544.04-33.901l22.667-22.667c9.373-9.373 24.569-9.373 33.941 0L285.475 239.03c9.373 9.372 9.373 24.568.001 33.941z\"><\/path><\/svg>\t\t\t\t\t\t<\/span>\n\t\t\t\t\t\t\t\t\t\t<span class=\"elementor-icon-list-text\">d<\/span>\n\t\t\t\t\t\t\t\t\t<\/li>\n\t\t\t\t\t\t<\/ul>\n\t\t\t\t\t\t<\/div>\n\t\t\t\t<\/div>\n\t\t\t\t<div class=\"elementor-element elementor-element-b65bc65 elementor-icon-list--layout-traditional elementor-list-item-link-full_width elementor-widget elementor-widget-icon-list\" data-id=\"b65bc65\" data-element_type=\"widget\" data-widget_type=\"icon-list.default\">\n\t\t\t\t<div class=\"elementor-widget-container\">\n\t\t\t\t\t\t\t<ul class=\"elementor-icon-list-items\">\n\t\t\t\t\t\t\t<li class=\"elementor-icon-list-item\">\n\t\t\t\t\t\t\t\t\t\t<span class=\"elementor-icon-list-text\">\u0648\u062d\u062f\u0629 \u0627\u0644\u0645\u0627\u0644\u064a\u0629 \u0627\u0644\u0645\u062d\u0644\u064a\u0629<\/span>\n\t\t\t\t\t\t\t\t\t<\/li>\n\t\t\t\t\t\t<\/ul>\n\t\t\t\t\t\t<\/div>\n\t\t\t\t<\/div>\n\t\t\t\t<\/div>\n\t\t<div class=\"elementor-element elementor-element-cd4ae01 e-flex e-con-boxed wpr-particle-no wpr-jarallax-no wpr-parallax-no wpr-sticky-section-no e-con e-parent\" data-id=\"cd4ae01\" data-element_type=\"container\" data-settings=\"{&quot;_ha_eqh_enable&quot;:false}\">\n\t\t\t\t\t<div class=\"e-con-inner\">\n\t\t\t\t<div class=\"elementor-element elementor-element-324eb27 elementor-widget elementor-widget-image\" data-id=\"324eb27\" data-element_type=\"widget\" data-widget_type=\"image.default\">\n\t\t\t\t<div class=\"elementor-widget-container\">\n\t\t\t\t\t\t\t\t\t\t\t\t\t\t\t<img fetchpriority=\"high\" decoding=\"async\" width=\"980\" height=\"955\" src=\"https:\/\/jibaya.tn\/wp-content\/uploads\/2024\/01\/file-organigrame-58.jpg\" class=\"attachment-1536x1536 size-1536x1536 wp-image-6626\" alt=\"\" sizes=\"(max-width: 980px) 100vw, 980px\" style=\"width:100%;height:97.45%;max-width:980px\" \/>\t\t\t\t\t\t\t\t\t\t\t\t\t\t\t<\/div>\n\t\t\t\t<\/div>\n\t\t\t\t\t<\/div>\n\t\t\t\t<\/div>\n\t\t<div class=\"elementor-element elementor-element-da763cb e-flex e-con-boxed wpr-particle-no wpr-jarallax-no wpr-parallax-no wpr-sticky-section-no e-con e-parent\" data-id=\"da763cb\" data-element_type=\"container\" data-settings=\"{&quot;_ha_eqh_enable&quot;:false}\">\n\t\t\t\t\t<div class=\"e-con-inner\">\n\t\t<div class=\"elementor-element elementor-element-60b17ae e-con-full e-flex wpr-particle-no wpr-jarallax-no wpr-parallax-no wpr-sticky-section-no e-con e-child\" data-id=\"60b17ae\" data-element_type=\"container\" data-settings=\"{&quot;background_background&quot;:&quot;classic&quot;,&quot;_ha_eqh_enable&quot;:false}\">\n\t\t<div class=\"elementor-element elementor-element-3f9d892 e-con-full e-flex wpr-particle-no wpr-jarallax-no wpr-parallax-no wpr-sticky-section-no e-con e-child\" data-id=\"3f9d892\" data-element_type=\"container\" data-settings=\"{&quot;background_background&quot;:&quot;classic&quot;,&quot;_ha_eqh_enable&quot;:false}\">\n\t\t\t\t<div class=\"elementor-element elementor-element-c38a113 elementor-widget elementor-widget-heading\" data-id=\"c38a113\" data-element_type=\"widget\" data-widget_type=\"heading.default\">\n\t\t\t\t<div class=\"elementor-widget-container\">\n\t\t\t\t\t<h2 class=\"elementor-heading-title elementor-size-default\">\u0648\u062d\u062f\u0629 \u0627\u0644\u0645\u0627\u0644\u064a\u0629 \u0627\u0644\u0645\u062d\u0644\u064a\u0629<\/h2>\t\t\t\t<\/div>\n\t\t\t\t<\/div>\n\t\t\t\t<div class=\"elementor-element elementor-element-a2ade4b elementor-widget__width-initial elementor-widget elementor-widget-text-editor\" data-id=\"a2ade4b\" data-element_type=\"widget\" data-widget_type=\"text-editor.default\">\n\t\t\t\t<div class=\"elementor-widget-container\">\n\t\t\t\t\t\t\t\t\t<ul><li>Participer \u00e0 la pr\u00e9paration des \u00e9tudes relatives \u00e0 la fiscalit\u00e9 locales ainsi qu\u2019\u00e0 l\u2019\u00e9laboration des textes l\u00e9gislatifs et r\u00e9glementaires int\u00e9ressant les collectivit\u00e9s locales,<\/li><li>Participer \u00e0 l\u2019\u00e9tude des dossiers de pr\u00eats pr\u00e9sent\u00e9s \u00e0 la caisse des pr\u00eats et de soutien des collectivit\u00e9s locales et aupr\u00e8s d\u2019autres \u00e9tablissements,<\/li><li>Suivre l\u2019endettement des collectivit\u00e9s locales,<\/li><li>Participer \u00e0 la pr\u00e9paration des \u00e9tudes et programmes relatifs au d\u00e9veloppement r\u00e9gional et local,<\/li><li>Participer \u00e0 la pr\u00e9paration des plans d\u2019investissement des collectivit\u00e9s locales et assurer le suivi de leur ex\u00e9cution,<\/li><li>Etudier les documents relatifs aux budgets des grandes communes et r\u00e9gies municipales avant de les transmettre pour approbation,<\/li><li>V\u00e9rifier le contenu des budgets des communes approuv\u00e9s au niveau r\u00e9gional,<\/li><li>Etudier les documents relatifs aux budgets des conseils de r\u00e9gion,<\/li><li>Suivre l\u2019ex\u00e9cution des budgets des collectivit\u00e9s locales et des r\u00e9gies municipales,<\/li><li>Fixer les objectifs et les indicateurs de recouvrement des ressources locales ainsi qu\u2019assurer le suivi et l\u2019\u00e9valuation des r\u00e9sultats r\u00e9alis\u00e9s,<\/li><li>\u0627\u0644\u0642\u064a\u0627\u0645 \u0628\u0627\u0644\u062f\u0631\u0627\u0633\u0627\u062a \u0627\u0644\u0645\u062a\u0639\u0644\u0642\u0629 \u0628\u062a\u0637\u0648\u064a\u0631 \u0623\u0633\u0627\u0644\u064a\u0628 \u062a\u0623\u062f\u064a\u0629 \u0627\u0644\u0646\u0641\u0642\u0627\u062a \u0627\u0644\u0639\u0645\u0648\u0645\u064a\u0629\u060c<\/li><li>Concevoir et pr\u00e9parer les m\u00e9thodes et outils d\u2019am\u00e9lioration du recouvrement des ressources des collectivit\u00e9s locales,<\/li><li>Collecter les donn\u00e9es et les statistiques relatives aux ressources et d\u00e9penses des collectivit\u00e9s locales ainsi qu\u2019assurer leur analyse et leur exploitation,<\/li><li>Communiquer les statistiques aux structures comp\u00e9tentes concern\u00e9es.<\/li><li>Participer \u00e0 l\u2019informatisation et au d\u00e9veloppement des m\u00e9thodes comptables des collectivit\u00e9s locales<\/li><\/ul>\t\t\t\t\t\t\t\t<\/div>\n\t\t\t\t<\/div>\n\t\t\t\t<\/div>\n\t\t\t\t<\/div>\n\t\t\t\t\t<\/div>\n\t\t\t\t<\/div>\n\t\t\t\t<\/div>","protected":false},"excerpt":{"rendered":"<p>Unit\u00e9 des finances locales Accueil D.G.C.P.R d Unit\u00e9 des finances locales Attributions de l\u2019unit\u00e9 des finances locales Participer \u00e0 la pr\u00e9paration des \u00e9tudes relatives \u00e0 la fiscalit\u00e9 locales ainsi qu\u2019\u00e0 l\u2019\u00e9laboration des textes l\u00e9gislatifs et r\u00e9glementaires int\u00e9ressant les collectivit\u00e9s locales, Participer \u00e0 l\u2019\u00e9tude des dossiers de pr\u00eats pr\u00e9sent\u00e9s \u00e0 la caisse des pr\u00eats et de soutien des collectivit\u00e9s locales et aupr\u00e8s d\u2019autres \u00e9tablissements, Suivre l\u2019endettement des collectivit\u00e9s locales, Participer \u00e0 la pr\u00e9paration des \u00e9tudes et programmes relatifs au d\u00e9veloppement r\u00e9gional et local, Participer \u00e0 la pr\u00e9paration des plans d\u2019investissement des collectivit\u00e9s locales et assurer le suivi de leur ex\u00e9cution, Etudier les documents relatifs aux budgets des grandes communes et r\u00e9gies municipales avant de les transmettre pour approbation, V\u00e9rifier le contenu des budgets des communes approuv\u00e9s au niveau r\u00e9gional, Etudier les documents relatifs aux budgets des conseils de r\u00e9gion, Suivre l\u2019ex\u00e9cution des budgets des collectivit\u00e9s locales et des r\u00e9gies municipales, Fixer les objectifs et les indicateurs de recouvrement des ressources locales ainsi qu\u2019assurer le suivi et l\u2019\u00e9valuation des r\u00e9sultats r\u00e9alis\u00e9s, Veiller \u00e0 l\u2019animation et la formation sur terrain et \u00e0 l\u2019assistance des receveurs des finances pour l\u2019am\u00e9lioration du rendement, Concevoir et pr\u00e9parer les m\u00e9thodes et outils d\u2019am\u00e9lioration du recouvrement des ressources des collectivit\u00e9s locales, Collecter les donn\u00e9es et les statistiques relatives aux ressources et d\u00e9penses des collectivit\u00e9s locales ainsi qu\u2019assurer leur analyse et leur exploitation, Communiquer les statistiques aux structures comp\u00e9tentes concern\u00e9es. Participer \u00e0 l\u2019informatisation et au d\u00e9veloppement des m\u00e9thodes comptables des collectivit\u00e9s locales<\/p>","protected":false},"author":1,"featured_media":0,"parent":0,"menu_order":0,"comment_status":"closed","ping_status":"closed","template":"","meta":{"_monsterinsights_skip_tracking":false,"_monsterinsights_sitenote_active":false,"_monsterinsights_sitenote_note":"","_monsterinsights_sitenote_category":0,"footnotes":""},"class_list":["post-6623","page","type-page","status-publish","hentry","entry"],"aioseo_notices":[],"_links":{"self":[{"href":"https:\/\/jibaya.tn\/ar\/wp-json\/wp\/v2\/pages\/6623","targetHints":{"allow":["GET"]}}],"collection":[{"href":"https:\/\/jibaya.tn\/ar\/wp-json\/wp\/v2\/pages"}],"about":[{"href":"https:\/\/jibaya.tn\/ar\/wp-json\/wp\/v2\/types\/page"}],"author":[{"embeddable":true,"href":"https:\/\/jibaya.tn\/ar\/wp-json\/wp\/v2\/users\/1"}],"replies":[{"embeddable":true,"href":"https:\/\/jibaya.tn\/ar\/wp-json\/wp\/v2\/comments?post=6623"}],"version-history":[{"count":0,"href":"https:\/\/jibaya.tn\/ar\/wp-json\/wp\/v2\/pages\/6623\/revisions"}],"wp:attachment":[{"href":"https:\/\/jibaya.tn\/ar\/wp-json\/wp\/v2\/media?parent=6623"}],"curies":[{"name":"wp","href":"https:\/\/api.w.org\/{rel}","templated":true}]}}