{"id":6684,"date":"2023-11-09T03:39:25","date_gmt":"2023-11-09T03:39:25","guid":{"rendered":"https:\/\/jibaya.tn\/?page_id=6684"},"modified":"2024-01-17T11:10:30","modified_gmt":"2024-01-17T11:10:30","slug":"lunite-des-etudes-et-de-la-legislation-comptable","status":"publish","type":"page","link":"https:\/\/jibaya.tn\/ar\/lunite-des-etudes-et-de-la-legislation-comptable\/","title":{"rendered":"l\u2019Unit\u00e9 des \u00e9tudes et de la l\u00e9gislation comptable"},"content":{"rendered":"<div data-elementor-type=\"wp-page\" data-elementor-id=\"6684\" class=\"elementor elementor-6684\" data-elementor-settings=\"{&quot;ha_cmc_init_switcher&quot;:&quot;no&quot;}\" data-elementor-post-type=\"page\">\n\t\t\t\t\t\t<section class=\"elementor-section elementor-top-section elementor-element elementor-element-fce1e5d elementor-section-full_width banner-arab elementor-section-height-default elementor-section-height-default wpr-particle-no wpr-jarallax-no wpr-parallax-no wpr-sticky-section-no\" data-id=\"fce1e5d\" data-element_type=\"section\" data-settings=\"{&quot;background_background&quot;:&quot;classic&quot;,&quot;_ha_eqh_enable&quot;:false}\">\n\t\t\t\t\t\t\t<div class=\"elementor-background-overlay\"><\/div>\n\t\t\t\t\t\t\t<div class=\"elementor-container elementor-column-gap-default\">\n\t\t\t\t\t<div class=\"elementor-column elementor-col-100 elementor-top-column elementor-element elementor-element-821aca8\" data-id=\"821aca8\" data-element_type=\"column\">\n\t\t\t<div class=\"elementor-widget-wrap elementor-element-populated\">\n\t\t\t\t\t\t<div class=\"elementor-element elementor-element-b7fd3b9 elementor-widget elementor-widget-heading\" data-id=\"b7fd3b9\" data-element_type=\"widget\" data-widget_type=\"heading.default\">\n\t\t\t\t<div class=\"elementor-widget-container\">\n\t\t\t\t\t<h2 class=\"elementor-heading-title elementor-size-default\">\u0648\u062d\u062f\u0629 \u0627\u0644\u062f\u0631\u0627\u0633\u0627\u062a \u0648\u0627\u0644\u062a\u0634\u0631\u064a\u0639 \u0627\u0644\u0645\u062d\u0627\u0633\u0628\u064a<\/h2>\t\t\t\t<\/div>\n\t\t\t\t<\/div>\n\t\t\t\t\t<\/div>\n\t\t<\/div>\n\t\t\t\t\t<\/div>\n\t\t<\/section>\n\t\t<div class=\"elementor-element elementor-element-7e5d865 e-con-full breadcrumbs-arab e-flex wpr-particle-no wpr-jarallax-no wpr-parallax-no wpr-sticky-section-no e-con e-parent\" data-id=\"7e5d865\" data-element_type=\"container\" data-settings=\"{&quot;_ha_eqh_enable&quot;:false}\">\n\t\t\t\t<div class=\"elementor-element elementor-element-7d790fc elementor-icon-list--layout-traditional elementor-list-item-link-full_width elementor-widget elementor-widget-icon-list\" data-id=\"7d790fc\" data-element_type=\"widget\" data-widget_type=\"icon-list.default\">\n\t\t\t\t<div class=\"elementor-widget-container\">\n\t\t\t\t\t\t\t<ul class=\"elementor-icon-list-items\">\n\t\t\t\t\t\t\t<li class=\"elementor-icon-list-item\">\n\t\t\t\t\t\t\t\t\t\t\t<a href=\"https:\/\/jibaya.tn\/ar\/\">\n\n\t\t\t\t\t\t\t\t\t\t\t<span class=\"elementor-icon-list-text\">\u0625\u0633\u062a\u0642\u0628\u0627\u0644<\/span>\n\t\t\t\t\t\t\t\t\t\t\t<\/a>\n\t\t\t\t\t\t\t\t\t<\/li>\n\t\t\t\t\t\t<\/ul>\n\t\t\t\t\t\t<\/div>\n\t\t\t\t<\/div>\n\t\t\t\t<div class=\"elementor-element elementor-element-a4687f4 elementor-icon-list--layout-traditional elementor-list-item-link-full_width elementor-widget elementor-widget-icon-list\" data-id=\"a4687f4\" data-element_type=\"widget\" data-widget_type=\"icon-list.default\">\n\t\t\t\t<div class=\"elementor-widget-container\">\n\t\t\t\t\t\t\t<ul class=\"elementor-icon-list-items\">\n\t\t\t\t\t\t\t<li class=\"elementor-icon-list-item\">\n\t\t\t\t\t\t\t\t\t\t\t<a href=\"https:\/\/jibaya.tn\/ar\/dgcpr\/\">\n\n\t\t\t\t\t\t\t\t\t\t\t\t<span class=\"elementor-icon-list-icon\">\n\t\t\t\t\t\t\t<svg aria-hidden=\"true\" class=\"e-font-icon-svg e-fas-chevron-right\" viewbox=\"0 0 320 512\" xmlns=\"http:\/\/www.w3.org\/2000\/svg\"><path d=\"M285.476 272.971L91.132 467.314c-9.373 9.373-24.569 9.373-33.941 0l-22.667-22.667c-9.357-9.357-9.375-24.522-.04-33.901L188.505 256 34.484 101.255c-9.335-9.379-9.317-24.544.04-33.901l22.667-22.667c9.373-9.373 24.569-9.373 33.941 0L285.475 239.03c9.373 9.372 9.373 24.568.001 33.941z\"><\/path><\/svg>\t\t\t\t\t\t<\/span>\n\t\t\t\t\t\t\t\t\t\t<span class=\"elementor-icon-list-text\">\u0627\u0644\u0625\u062f\u0627\u0631\u0629 \u0627\u0644\u0639\u0627\u0645\u0629 \u0644\u0644\u0645\u062d\u0627\u0633\u0628\u0629 \u0627\u0644\u0639\u0645\u0648\u0645\u064a\u0629 \u0648\u0627\u0644\u0625\u0633\u062a\u062e\u0644\u0627\u0635<\/span>\n\t\t\t\t\t\t\t\t\t\t\t<\/a>\n\t\t\t\t\t\t\t\t\t<\/li>\n\t\t\t\t\t\t<\/ul>\n\t\t\t\t\t\t<\/div>\n\t\t\t\t<\/div>\n\t\t\t\t<div class=\"elementor-element elementor-element-3d48c5c elementor-widget-mobile__width-initial elementor-icon-list--layout-traditional elementor-list-item-link-full_width elementor-widget elementor-widget-icon-list\" data-id=\"3d48c5c\" data-element_type=\"widget\" data-widget_type=\"icon-list.default\">\n\t\t\t\t<div class=\"elementor-widget-container\">\n\t\t\t\t\t\t\t<ul class=\"elementor-icon-list-items\">\n\t\t\t\t\t\t\t<li class=\"elementor-icon-list-item\">\n\t\t\t\t\t\t\t\t\t\t\t<span class=\"elementor-icon-list-icon\">\n\t\t\t\t\t\t\t<svg aria-hidden=\"true\" class=\"e-font-icon-svg e-fas-chevron-right\" viewbox=\"0 0 320 512\" xmlns=\"http:\/\/www.w3.org\/2000\/svg\"><path d=\"M285.476 272.971L91.132 467.314c-9.373 9.373-24.569 9.373-33.941 0l-22.667-22.667c-9.357-9.357-9.375-24.522-.04-33.901L188.505 256 34.484 101.255c-9.335-9.379-9.317-24.544.04-33.901l22.667-22.667c9.373-9.373 24.569-9.373 33.941 0L285.475 239.03c9.373 9.372 9.373 24.568.001 33.941z\"><\/path><\/svg>\t\t\t\t\t\t<\/span>\n\t\t\t\t\t\t\t\t\t\t<span class=\"elementor-icon-list-text\">d<\/span>\n\t\t\t\t\t\t\t\t\t<\/li>\n\t\t\t\t\t\t<\/ul>\n\t\t\t\t\t\t<\/div>\n\t\t\t\t<\/div>\n\t\t\t\t<div class=\"elementor-element elementor-element-b65bc65 elementor-icon-list--layout-traditional elementor-list-item-link-full_width elementor-widget elementor-widget-icon-list\" data-id=\"b65bc65\" data-element_type=\"widget\" data-widget_type=\"icon-list.default\">\n\t\t\t\t<div class=\"elementor-widget-container\">\n\t\t\t\t\t\t\t<ul class=\"elementor-icon-list-items\">\n\t\t\t\t\t\t\t<li class=\"elementor-icon-list-item\">\n\t\t\t\t\t\t\t\t\t\t<span class=\"elementor-icon-list-text\">\u0648\u062d\u062f\u0629 \u0627\u0644\u062f\u0631\u0627\u0633\u0627\u062a \u0648\u0627\u0644\u062a\u0634\u0631\u064a\u0639 \u0627\u0644\u0645\u062d\u0627\u0633\u0628\u064a<\/span>\n\t\t\t\t\t\t\t\t\t<\/li>\n\t\t\t\t\t\t<\/ul>\n\t\t\t\t\t\t<\/div>\n\t\t\t\t<\/div>\n\t\t\t\t<\/div>\n\t\t<div class=\"elementor-element elementor-element-cd4ae01 e-flex e-con-boxed wpr-particle-no wpr-jarallax-no wpr-parallax-no wpr-sticky-section-no e-con e-parent\" data-id=\"cd4ae01\" data-element_type=\"container\" data-settings=\"{&quot;_ha_eqh_enable&quot;:false}\">\n\t\t\t\t\t<div class=\"e-con-inner\">\n\t\t\t\t<div class=\"elementor-element elementor-element-324eb27 elementor-widget elementor-widget-image\" data-id=\"324eb27\" data-element_type=\"widget\" data-widget_type=\"image.default\">\n\t\t\t\t<div class=\"elementor-widget-container\">\n\t\t\t\t\t\t\t\t\t\t\t\t\t\t\t<img fetchpriority=\"high\" decoding=\"async\" width=\"980\" height=\"920\" src=\"https:\/\/jibaya.tn\/wp-content\/uploads\/2024\/01\/file-organigrame-56.jpg\" class=\"attachment-1536x1536 size-1536x1536 wp-image-6686\" alt=\"\" sizes=\"(max-width: 980px) 100vw, 980px\" style=\"width:100%;height:93.88%;max-width:980px\" \/>\t\t\t\t\t\t\t\t\t\t\t\t\t\t\t<\/div>\n\t\t\t\t<\/div>\n\t\t\t\t\t<\/div>\n\t\t\t\t<\/div>\n\t\t<div class=\"elementor-element elementor-element-da763cb e-flex e-con-boxed wpr-particle-no wpr-jarallax-no wpr-parallax-no wpr-sticky-section-no e-con e-parent\" data-id=\"da763cb\" data-element_type=\"container\" data-settings=\"{&quot;_ha_eqh_enable&quot;:false}\">\n\t\t\t\t\t<div class=\"e-con-inner\">\n\t\t<div class=\"elementor-element elementor-element-60b17ae e-con-full e-flex wpr-particle-no wpr-jarallax-no wpr-parallax-no wpr-sticky-section-no e-con e-child\" data-id=\"60b17ae\" data-element_type=\"container\" data-settings=\"{&quot;background_background&quot;:&quot;classic&quot;,&quot;_ha_eqh_enable&quot;:false}\">\n\t\t<div class=\"elementor-element elementor-element-3f9d892 e-con-full e-flex wpr-particle-no wpr-jarallax-no wpr-parallax-no wpr-sticky-section-no e-con e-child\" data-id=\"3f9d892\" data-element_type=\"container\" data-settings=\"{&quot;background_background&quot;:&quot;classic&quot;,&quot;_ha_eqh_enable&quot;:false}\">\n\t\t\t\t<div class=\"elementor-element elementor-element-c38a113 elementor-widget elementor-widget-heading\" data-id=\"c38a113\" data-element_type=\"widget\" data-widget_type=\"heading.default\">\n\t\t\t\t<div class=\"elementor-widget-container\">\n\t\t\t\t\t<h2 class=\"elementor-heading-title elementor-size-default\">\u0648\u062d\u062f\u0629 \u0627\u0644\u062f\u0631\u0627\u0633\u0627\u062a \u0648\u0627\u0644\u062a\u0634\u0631\u064a\u0639 \u0627\u0644\u0645\u062d\u0627\u0633\u0628\u064a<\/h2>\t\t\t\t<\/div>\n\t\t\t\t<\/div>\n\t\t\t\t<div class=\"elementor-element elementor-element-a2ade4b elementor-widget__width-initial elementor-widget elementor-widget-text-editor\" data-id=\"a2ade4b\" data-element_type=\"widget\" data-widget_type=\"text-editor.default\">\n\t\t\t\t<div class=\"elementor-widget-container\">\n\t\t\t\t\t\t\t\t\t<ul><li>Etudier et pr\u00e9parer les projets de textes l\u00e9gislatifs et r\u00e9glementaires relatifs aux structures et aux proc\u00e9dures comptables de l\u2019Etat, des \u00e9tablissements publics, des collectivit\u00e9s locales et des organismes assimil\u00e9s ainsi que de prendre les mesures n\u00e9cessaires \u00e0 leur application,<\/li><li>Pr\u00e9parer et mettre \u00e0 jour les instructions g\u00e9n\u00e9rales et notes d\u2019explication et d\u2019application des dispositions l\u00e9gales et r\u00e9glementaires relatives \u00e0 la comptabilit\u00e9 publique et notamment aux recettes, aux d\u00e9penses et aux mati\u00e8res,<\/li><li>R\u00e9aliser les \u00e9tudes relatives au cadre l\u00e9gislatif de la comptabilit\u00e9 publique, et participer \u00e0 la pr\u00e9paration des lois des finances et d\u2019assurer le suivi de leur application,<\/li><li>Participer aux \u00e9tudes et au d\u00e9veloppement des projets relatifs \u00e0 l\u2019ex\u00e9cution des budgets publics,<\/li><li>R\u00e9aliser les \u00e9tudes relatives aux op\u00e9rations de tr\u00e9sorerie et \u00e0 la gestion des liquidit\u00e9s,<\/li><li>Participer au d\u00e9veloppement des moyens de paiement,<\/li><li>Veiller \u00e0 l\u2019\u00e9tude et l\u2019\u00e9laboration des r\u00e8gles et des normes comptables de l\u2019Etat, des \u00e9tablissements publics, des collectivit\u00e9s locales ainsi que d\u2019assurer le suivi de leur application,<\/li><li>Etablir et mettre \u00e0 jour les mod\u00e8les des comptes de gestion, des comptes financiers ainsi que les autres documents comptables exig\u00e9s en vertu du code de la comptabilit\u00e9 publique ou autres textes l\u00e9gislatifs et r\u00e9glementaires,<\/li><li>Veiller au suivi et \u00e0 l\u2019encadrement des comptables publics charg\u00e9s de l\u2019ex\u00e9cution des d\u00e9penses publiques,<\/li><li>Accomplir les \u00e9tudes relatives au d\u00e9veloppement des modalit\u00e9s d\u2019ex\u00e9cution des d\u00e9penses publiques,<\/li><li>Assurer l\u2019assistance et l\u2019encadrement des comptables et des agents des services ext\u00e9rieurs de la direction g\u00e9n\u00e9rale de la comptabilit\u00e9 publique et du recouvrement dans l\u2019application des proc\u00e9dures comptables<\/li><li>Recueillir la doctrine administrative relative \u00e0 la comptabilit\u00e9 publique<\/li><li>Assurer le suivi des attributions sp\u00e9cifiques des comptables publics notamment celles relatives \u00e0 l\u2019activit\u00e9 de l\u2019interlocuteur unique pour la cr\u00e9ation des projets individuels, aux pr\u00eats sur gage, aux produits monopolis\u00e9s et aux saisies<\/li><\/ul>\t\t\t\t\t\t\t\t<\/div>\n\t\t\t\t<\/div>\n\t\t\t\t<\/div>\n\t\t\t\t<\/div>\n\t\t\t\t\t<\/div>\n\t\t\t\t<\/div>\n\t\t\t\t<\/div>","protected":false},"excerpt":{"rendered":"<p>Unit\u00e9 des \u00e9tudes et de la l\u00e9gislation comptable Accueil D.G.C.P.R d Unit\u00e9 des \u00e9tudes et de la l\u00e9gislation comptable Attributions de l\u2019Unit\u00e9 des \u00e9tudes et de la l\u00e9gislation comptable Etudier et pr\u00e9parer les projets de textes l\u00e9gislatifs et r\u00e9glementaires relatifs aux structures et aux proc\u00e9dures comptables de l\u2019Etat, des \u00e9tablissements publics, des collectivit\u00e9s locales et des organismes assimil\u00e9s ainsi que de prendre les mesures n\u00e9cessaires \u00e0 leur application, Pr\u00e9parer et mettre \u00e0 jour les instructions g\u00e9n\u00e9rales et notes d\u2019explication et d\u2019application des dispositions l\u00e9gales et r\u00e9glementaires relatives \u00e0 la comptabilit\u00e9 publique et notamment aux recettes, aux d\u00e9penses et aux mati\u00e8res, R\u00e9aliser les \u00e9tudes relatives au cadre l\u00e9gislatif de la comptabilit\u00e9 publique, et participer \u00e0 la pr\u00e9paration des lois des finances et d\u2019assurer le suivi de leur application, Participer aux \u00e9tudes et au d\u00e9veloppement des projets relatifs \u00e0 l\u2019ex\u00e9cution des budgets publics, R\u00e9aliser les \u00e9tudes relatives aux op\u00e9rations de tr\u00e9sorerie et \u00e0 la gestion des liquidit\u00e9s, Participer au d\u00e9veloppement des moyens de paiement, Veiller \u00e0 l\u2019\u00e9tude et l\u2019\u00e9laboration des r\u00e8gles et des normes comptables de l\u2019Etat, des \u00e9tablissements publics, des collectivit\u00e9s locales ainsi que d\u2019assurer le suivi de leur application, Etablir et mettre \u00e0 jour les mod\u00e8les des comptes de gestion, des comptes financiers ainsi que les autres documents comptables exig\u00e9s en vertu du code de la comptabilit\u00e9 publique ou autres textes l\u00e9gislatifs et r\u00e9glementaires, Veiller au suivi et \u00e0 l\u2019encadrement des comptables publics charg\u00e9s de l\u2019ex\u00e9cution des d\u00e9penses publiques, Accomplir les \u00e9tudes relatives au d\u00e9veloppement des modalit\u00e9s d\u2019ex\u00e9cution des d\u00e9penses publiques, Assurer l\u2019assistance et l\u2019encadrement des comptables et des agents des services ext\u00e9rieurs de la direction g\u00e9n\u00e9rale de la comptabilit\u00e9 publique et du recouvrement dans l\u2019application des proc\u00e9dures comptables Recueillir la doctrine administrative relative \u00e0 la comptabilit\u00e9 publique Assurer le suivi des attributions sp\u00e9cifiques des comptables publics notamment celles relatives \u00e0 l\u2019activit\u00e9 de l\u2019interlocuteur unique pour la cr\u00e9ation des projets individuels, aux pr\u00eats sur gage, aux produits monopolis\u00e9s et aux saisies<\/p>","protected":false},"author":1,"featured_media":0,"parent":0,"menu_order":0,"comment_status":"closed","ping_status":"closed","template":"","meta":{"_monsterinsights_skip_tracking":false,"_monsterinsights_sitenote_active":false,"_monsterinsights_sitenote_note":"","_monsterinsights_sitenote_category":0,"footnotes":""},"class_list":["post-6684","page","type-page","status-publish","hentry","entry"],"aioseo_notices":[],"_links":{"self":[{"href":"https:\/\/jibaya.tn\/ar\/wp-json\/wp\/v2\/pages\/6684","targetHints":{"allow":["GET"]}}],"collection":[{"href":"https:\/\/jibaya.tn\/ar\/wp-json\/wp\/v2\/pages"}],"about":[{"href":"https:\/\/jibaya.tn\/ar\/wp-json\/wp\/v2\/types\/page"}],"author":[{"embeddable":true,"href":"https:\/\/jibaya.tn\/ar\/wp-json\/wp\/v2\/users\/1"}],"replies":[{"embeddable":true,"href":"https:\/\/jibaya.tn\/ar\/wp-json\/wp\/v2\/comments?post=6684"}],"version-history":[{"count":0,"href":"https:\/\/jibaya.tn\/ar\/wp-json\/wp\/v2\/pages\/6684\/revisions"}],"wp:attachment":[{"href":"https:\/\/jibaya.tn\/ar\/wp-json\/wp\/v2\/media?parent=6684"}],"curies":[{"name":"wp","href":"https:\/\/api.w.org\/{rel}","templated":true}]}}