{"id":6693,"date":"2023-11-09T03:44:25","date_gmt":"2023-11-09T03:44:25","guid":{"rendered":"https:\/\/jibaya.tn\/?page_id=6693"},"modified":"2024-01-17T11:10:09","modified_gmt":"2024-01-17T11:10:09","slug":"unite-de-linspection-et-des-controles-comptables","status":"publish","type":"page","link":"https:\/\/jibaya.tn\/ar\/unite-de-linspection-et-des-controles-comptables\/","title":{"rendered":"\u0648\u062d\u062f\u0629 \u0627\u0644\u062a\u0641\u0642\u062f \u0648\u0645\u0631\u0627\u0642\u0628\u0629 \u0627\u0644\u062d\u0633\u0627\u0628\u0627\u062a"},"content":{"rendered":"<div data-elementor-type=\"wp-page\" data-elementor-id=\"6693\" class=\"elementor elementor-6693\" data-elementor-settings=\"{&quot;ha_cmc_init_switcher&quot;:&quot;no&quot;}\" data-elementor-post-type=\"page\">\n\t\t\t\t\t\t<section class=\"elementor-section elementor-top-section elementor-element elementor-element-fce1e5d elementor-section-full_width banner-arab elementor-section-height-default elementor-section-height-default wpr-particle-no wpr-jarallax-no wpr-parallax-no wpr-sticky-section-no\" data-id=\"fce1e5d\" data-element_type=\"section\" data-settings=\"{&quot;background_background&quot;:&quot;classic&quot;,&quot;_ha_eqh_enable&quot;:false}\">\n\t\t\t\t\t\t\t<div class=\"elementor-background-overlay\"><\/div>\n\t\t\t\t\t\t\t<div class=\"elementor-container elementor-column-gap-default\">\n\t\t\t\t\t<div class=\"elementor-column elementor-col-100 elementor-top-column elementor-element elementor-element-821aca8\" data-id=\"821aca8\" data-element_type=\"column\">\n\t\t\t<div class=\"elementor-widget-wrap elementor-element-populated\">\n\t\t\t\t\t\t<div class=\"elementor-element elementor-element-b7fd3b9 elementor-widget elementor-widget-heading\" data-id=\"b7fd3b9\" data-element_type=\"widget\" data-widget_type=\"heading.default\">\n\t\t\t\t<div class=\"elementor-widget-container\">\n\t\t\t\t\t<h2 class=\"elementor-heading-title elementor-size-default\">\u0648\u062d\u062f\u0629 \u0627\u0644\u062a\u0641\u0642\u062f \u0648\u0645\u0631\u0627\u0642\u0628\u0629 \u0627\u0644\u062d\u0633\u0627\u0628\u0627\u062a<\/h2>\t\t\t\t<\/div>\n\t\t\t\t<\/div>\n\t\t\t\t\t<\/div>\n\t\t<\/div>\n\t\t\t\t\t<\/div>\n\t\t<\/section>\n\t\t<div class=\"elementor-element elementor-element-7e5d865 e-con-full breadcrumbs-arab e-flex wpr-particle-no wpr-jarallax-no wpr-parallax-no wpr-sticky-section-no e-con e-parent\" data-id=\"7e5d865\" data-element_type=\"container\" data-settings=\"{&quot;_ha_eqh_enable&quot;:false}\">\n\t\t\t\t<div class=\"elementor-element elementor-element-7d790fc elementor-icon-list--layout-traditional elementor-list-item-link-full_width elementor-widget elementor-widget-icon-list\" data-id=\"7d790fc\" data-element_type=\"widget\" data-widget_type=\"icon-list.default\">\n\t\t\t\t<div class=\"elementor-widget-container\">\n\t\t\t\t\t\t\t<ul class=\"elementor-icon-list-items\">\n\t\t\t\t\t\t\t<li class=\"elementor-icon-list-item\">\n\t\t\t\t\t\t\t\t\t\t\t<a href=\"https:\/\/jibaya.tn\/ar\/\">\n\n\t\t\t\t\t\t\t\t\t\t\t<span class=\"elementor-icon-list-text\">\u0625\u0633\u062a\u0642\u0628\u0627\u0644<\/span>\n\t\t\t\t\t\t\t\t\t\t\t<\/a>\n\t\t\t\t\t\t\t\t\t<\/li>\n\t\t\t\t\t\t<\/ul>\n\t\t\t\t\t\t<\/div>\n\t\t\t\t<\/div>\n\t\t\t\t<div class=\"elementor-element elementor-element-a4687f4 elementor-icon-list--layout-traditional elementor-list-item-link-full_width elementor-widget elementor-widget-icon-list\" data-id=\"a4687f4\" data-element_type=\"widget\" data-widget_type=\"icon-list.default\">\n\t\t\t\t<div class=\"elementor-widget-container\">\n\t\t\t\t\t\t\t<ul class=\"elementor-icon-list-items\">\n\t\t\t\t\t\t\t<li class=\"elementor-icon-list-item\">\n\t\t\t\t\t\t\t\t\t\t\t<a href=\"https:\/\/jibaya.tn\/ar\/dgcpr\/\">\n\n\t\t\t\t\t\t\t\t\t\t\t\t<span class=\"elementor-icon-list-icon\">\n\t\t\t\t\t\t\t<svg aria-hidden=\"true\" class=\"e-font-icon-svg e-fas-chevron-right\" viewbox=\"0 0 320 512\" xmlns=\"http:\/\/www.w3.org\/2000\/svg\"><path d=\"M285.476 272.971L91.132 467.314c-9.373 9.373-24.569 9.373-33.941 0l-22.667-22.667c-9.357-9.357-9.375-24.522-.04-33.901L188.505 256 34.484 101.255c-9.335-9.379-9.317-24.544.04-33.901l22.667-22.667c9.373-9.373 24.569-9.373 33.941 0L285.475 239.03c9.373 9.372 9.373 24.568.001 33.941z\"><\/path><\/svg>\t\t\t\t\t\t<\/span>\n\t\t\t\t\t\t\t\t\t\t<span class=\"elementor-icon-list-text\">\u0627\u0644\u0625\u062f\u0627\u0631\u0629 \u0627\u0644\u0639\u0627\u0645\u0629 \u0644\u0644\u0645\u062d\u0627\u0633\u0628\u0629 \u0627\u0644\u0639\u0645\u0648\u0645\u064a\u0629 \u0648\u0627\u0644\u0625\u0633\u062a\u062e\u0644\u0627\u0635<\/span>\n\t\t\t\t\t\t\t\t\t\t\t<\/a>\n\t\t\t\t\t\t\t\t\t<\/li>\n\t\t\t\t\t\t<\/ul>\n\t\t\t\t\t\t<\/div>\n\t\t\t\t<\/div>\n\t\t\t\t<div class=\"elementor-element elementor-element-3d48c5c elementor-widget-mobile__width-initial elementor-icon-list--layout-traditional elementor-list-item-link-full_width elementor-widget elementor-widget-icon-list\" data-id=\"3d48c5c\" data-element_type=\"widget\" data-widget_type=\"icon-list.default\">\n\t\t\t\t<div class=\"elementor-widget-container\">\n\t\t\t\t\t\t\t<ul class=\"elementor-icon-list-items\">\n\t\t\t\t\t\t\t<li class=\"elementor-icon-list-item\">\n\t\t\t\t\t\t\t\t\t\t\t<span class=\"elementor-icon-list-icon\">\n\t\t\t\t\t\t\t<svg aria-hidden=\"true\" class=\"e-font-icon-svg e-fas-chevron-right\" viewbox=\"0 0 320 512\" xmlns=\"http:\/\/www.w3.org\/2000\/svg\"><path d=\"M285.476 272.971L91.132 467.314c-9.373 9.373-24.569 9.373-33.941 0l-22.667-22.667c-9.357-9.357-9.375-24.522-.04-33.901L188.505 256 34.484 101.255c-9.335-9.379-9.317-24.544.04-33.901l22.667-22.667c9.373-9.373 24.569-9.373 33.941 0L285.475 239.03c9.373 9.372 9.373 24.568.001 33.941z\"><\/path><\/svg>\t\t\t\t\t\t<\/span>\n\t\t\t\t\t\t\t\t\t\t<span class=\"elementor-icon-list-text\">d<\/span>\n\t\t\t\t\t\t\t\t\t<\/li>\n\t\t\t\t\t\t<\/ul>\n\t\t\t\t\t\t<\/div>\n\t\t\t\t<\/div>\n\t\t\t\t<div class=\"elementor-element elementor-element-b65bc65 elementor-icon-list--layout-traditional elementor-list-item-link-full_width elementor-widget elementor-widget-icon-list\" data-id=\"b65bc65\" data-element_type=\"widget\" data-widget_type=\"icon-list.default\">\n\t\t\t\t<div class=\"elementor-widget-container\">\n\t\t\t\t\t\t\t<ul class=\"elementor-icon-list-items\">\n\t\t\t\t\t\t\t<li class=\"elementor-icon-list-item\">\n\t\t\t\t\t\t\t\t\t\t<span class=\"elementor-icon-list-text\">\u0648\u062d\u062f\u0629 \u0627\u0644\u062a\u0641\u0642\u062f \u0648\u0645\u0631\u0627\u0642\u0628\u0629 \u0627\u0644\u062d\u0633\u0627\u0628\u0627\u062a<\/span>\n\t\t\t\t\t\t\t\t\t<\/li>\n\t\t\t\t\t\t<\/ul>\n\t\t\t\t\t\t<\/div>\n\t\t\t\t<\/div>\n\t\t\t\t<\/div>\n\t\t<div class=\"elementor-element elementor-element-cd4ae01 e-flex e-con-boxed wpr-particle-no wpr-jarallax-no wpr-parallax-no wpr-sticky-section-no e-con e-parent\" data-id=\"cd4ae01\" data-element_type=\"container\" data-settings=\"{&quot;_ha_eqh_enable&quot;:false}\">\n\t\t\t\t\t<div class=\"e-con-inner\">\n\t\t\t\t<div class=\"elementor-element elementor-element-324eb27 elementor-widget elementor-widget-image\" data-id=\"324eb27\" data-element_type=\"widget\" data-widget_type=\"image.default\">\n\t\t\t\t<div class=\"elementor-widget-container\">\n\t\t\t\t\t\t\t\t\t\t\t\t\t\t\t<img fetchpriority=\"high\" decoding=\"async\" width=\"980\" height=\"707\" src=\"https:\/\/jibaya.tn\/wp-content\/uploads\/2024\/01\/file-organigrame-59.jpg\" class=\"attachment-1536x1536 size-1536x1536 wp-image-6695\" alt=\"\" sizes=\"(max-width: 980px) 100vw, 980px\" style=\"width:100%;height:72.14%;max-width:980px\" \/>\t\t\t\t\t\t\t\t\t\t\t\t\t\t\t<\/div>\n\t\t\t\t<\/div>\n\t\t\t\t\t<\/div>\n\t\t\t\t<\/div>\n\t\t<div class=\"elementor-element elementor-element-da763cb e-flex e-con-boxed wpr-particle-no wpr-jarallax-no wpr-parallax-no wpr-sticky-section-no e-con e-parent\" data-id=\"da763cb\" data-element_type=\"container\" data-settings=\"{&quot;_ha_eqh_enable&quot;:false}\">\n\t\t\t\t\t<div class=\"e-con-inner\">\n\t\t<div class=\"elementor-element elementor-element-60b17ae e-con-full e-flex wpr-particle-no wpr-jarallax-no wpr-parallax-no wpr-sticky-section-no e-con e-child\" data-id=\"60b17ae\" data-element_type=\"container\" data-settings=\"{&quot;background_background&quot;:&quot;classic&quot;,&quot;_ha_eqh_enable&quot;:false}\">\n\t\t<div class=\"elementor-element elementor-element-3f9d892 e-con-full e-flex wpr-particle-no wpr-jarallax-no wpr-parallax-no wpr-sticky-section-no e-con e-child\" data-id=\"3f9d892\" data-element_type=\"container\" data-settings=\"{&quot;background_background&quot;:&quot;classic&quot;,&quot;_ha_eqh_enable&quot;:false}\">\n\t\t\t\t<div class=\"elementor-element elementor-element-c38a113 elementor-widget elementor-widget-heading\" data-id=\"c38a113\" data-element_type=\"widget\" data-widget_type=\"heading.default\">\n\t\t\t\t<div class=\"elementor-widget-container\">\n\t\t\t\t\t<h2 class=\"elementor-heading-title elementor-size-default\">\u0648\u062d\u062f\u0629 \u0627\u0644\u062a\u0641\u0642\u062f \u0648\u0645\u0631\u0627\u0642\u0628\u0629 \u0627\u0644\u062d\u0633\u0627\u0628\u0627\u062a<\/h2>\t\t\t\t<\/div>\n\t\t\t\t<\/div>\n\t\t\t\t<div class=\"elementor-element elementor-element-a2ade4b elementor-widget__width-initial elementor-widget elementor-widget-text-editor\" data-id=\"a2ade4b\" data-element_type=\"widget\" data-widget_type=\"text-editor.default\">\n\t\t\t\t<div class=\"elementor-widget-container\">\n\t\t\t\t\t\t\t\t\t<ul><li>Effectuer les op\u00e9rations d\u2019inspection administrative et des v\u00e9rifications de caisses, sommaires ou approfondies, des postes comptables de l\u2019Etat install\u00e9s sur le territoire national ou aupr\u00e8s des ambassades et des consulats \u00e0 l\u2019\u00e9tranger, des postes comptables des \u00e9tablissements publics et des collectivit\u00e9s locales ainsi que des organismes assimil\u00e9s,<\/li><li>Mener des enqu\u00eates relatives aux infractions et d\u00e9passements commis par les agents dans l\u2019exercice de leurs fonctions ou \u00e0 l\u2019occasion de cet exercice,<\/li><li>Assurer le suivi des rapports \u00e9tablis par les inspecteurs v\u00e9rificateurs ainsi que les rapports des divers organismes<\/li><li>Pr\u00e9parer \u00e9ventuellement les arr\u00eat\u00e9s de d\u00e9bets des comptables publics,<\/li><li>Appliquer les proc\u00e9d\u00e9s visant l\u2019am\u00e9lioration et la modernisation des proc\u00e9dures et ce, en collaboration avec l\u2019unit\u00e9 des \u00e9tudes et de l\u00e9gislation comptables,<\/li><li>V\u00e9rifier les comptes mensuels et les pi\u00e8ces annexes du Tr\u00e9sorier G\u00e9n\u00e9ral de Tunisie, du Payeur G\u00e9n\u00e9ral et du Garde Magasin du Timbre ainsi que de proc\u00e9der \u00e0 la v\u00e9rification de leurs op\u00e9rations hors budget et de surveiller leur r\u00e9gularisation,<\/li><li>Organiser et suivre les \u00e9critures de fin de gestion<\/li><li>Examiner les comptes du Tr\u00e9sorier G\u00e9n\u00e9ral de Tunisie, du Payeur g\u00e9n\u00e9ral et du Garde magasin du Timbre et de certifier leur conformit\u00e9 \u00e0 leurs \u00e9critures internes avant de les pr\u00e9senter \u00e0 la cour des comptes,<\/li><li>Organiser et suivre l\u2019apurement administratif des comptes non soumis au contr\u00f4le juridictionnel,<\/li><li>Informer la cour des comptes des d\u00e9cisions de l\u2019apurement administratif,<\/li><li>Centraliser les arr\u00eats provisoires et d\u00e9finitifs ainsi que les injonctions de la cour des comptes et de surveiller leur ex\u00e9cution,<\/li><li>Centraliser les r\u00e9sultats du contr\u00f4le p\u00e9riodique et annuel des comptes pour \u00e9tude et prise des mesures n\u00e9cessaires<\/li><li>Pr\u00e9parer le compte g\u00e9n\u00e9ral de l\u2019administration des finances et le projet de loi de cl\u00f4ture du budget.<\/li><\/ul>\t\t\t\t\t\t\t\t<\/div>\n\t\t\t\t<\/div>\n\t\t\t\t<\/div>\n\t\t\t\t<\/div>\n\t\t\t\t\t<\/div>\n\t\t\t\t<\/div>\n\t\t\t\t<\/div>","protected":false},"excerpt":{"rendered":"<p>Unit\u00e9 de l\u2019inspection et des contr\u00f4les comptables Accueil D.G.C.P.R d Unit\u00e9 de l\u2019inspection et des contr\u00f4les comptables Attributions de l\u2019unit\u00e9 de l\u2019inspection et des contr\u00f4les comptables Effectuer les op\u00e9rations d\u2019inspection administrative et des v\u00e9rifications de caisses, sommaires ou approfondies, des postes comptables de l\u2019Etat install\u00e9s sur le territoire national ou aupr\u00e8s des ambassades et des consulats \u00e0 l\u2019\u00e9tranger, des postes comptables des \u00e9tablissements publics et des collectivit\u00e9s locales ainsi que des organismes assimil\u00e9s, Mener des enqu\u00eates relatives aux infractions et d\u00e9passements commis par les agents dans l\u2019exercice de leurs fonctions ou \u00e0 l\u2019occasion de cet exercice, Assurer le suivi des rapports \u00e9tablis par les inspecteurs v\u00e9rificateurs ainsi que les rapports des divers organismes Pr\u00e9parer \u00e9ventuellement les arr\u00eat\u00e9s de d\u00e9bets des comptables publics, Appliquer les proc\u00e9d\u00e9s visant l\u2019am\u00e9lioration et la modernisation des proc\u00e9dures et ce, en collaboration avec l\u2019unit\u00e9 des \u00e9tudes et de l\u00e9gislation comptables, V\u00e9rifier les comptes mensuels et les pi\u00e8ces annexes du Tr\u00e9sorier G\u00e9n\u00e9ral de Tunisie, du Payeur G\u00e9n\u00e9ral et du Garde Magasin du Timbre ainsi que de proc\u00e9der \u00e0 la v\u00e9rification de leurs op\u00e9rations hors budget et de surveiller leur r\u00e9gularisation, Organiser et suivre les \u00e9critures de fin de gestion Examiner les comptes du Tr\u00e9sorier G\u00e9n\u00e9ral de Tunisie, du Payeur g\u00e9n\u00e9ral et du Garde magasin du Timbre et de certifier leur conformit\u00e9 \u00e0 leurs \u00e9critures internes avant de les pr\u00e9senter \u00e0 la cour des comptes, Organiser et suivre l\u2019apurement administratif des comptes non soumis au contr\u00f4le juridictionnel, Informer la cour des comptes des d\u00e9cisions de l\u2019apurement administratif, Centraliser les arr\u00eats provisoires et d\u00e9finitifs ainsi que les injonctions de la cour des comptes et de surveiller leur ex\u00e9cution, Centraliser les r\u00e9sultats du contr\u00f4le p\u00e9riodique et annuel des comptes pour \u00e9tude et prise des mesures n\u00e9cessaires Pr\u00e9parer le compte g\u00e9n\u00e9ral de l\u2019administration des finances et le projet de loi de cl\u00f4ture du budget.<\/p>","protected":false},"author":1,"featured_media":0,"parent":0,"menu_order":0,"comment_status":"closed","ping_status":"closed","template":"","meta":{"_monsterinsights_skip_tracking":false,"_monsterinsights_sitenote_active":false,"_monsterinsights_sitenote_note":"","_monsterinsights_sitenote_category":0,"footnotes":""},"class_list":["post-6693","page","type-page","status-publish","hentry","entry"],"aioseo_notices":[],"_links":{"self":[{"href":"https:\/\/jibaya.tn\/ar\/wp-json\/wp\/v2\/pages\/6693","targetHints":{"allow":["GET"]}}],"collection":[{"href":"https:\/\/jibaya.tn\/ar\/wp-json\/wp\/v2\/pages"}],"about":[{"href":"https:\/\/jibaya.tn\/ar\/wp-json\/wp\/v2\/types\/page"}],"author":[{"embeddable":true,"href":"https:\/\/jibaya.tn\/ar\/wp-json\/wp\/v2\/users\/1"}],"replies":[{"embeddable":true,"href":"https:\/\/jibaya.tn\/ar\/wp-json\/wp\/v2\/comments?post=6693"}],"version-history":[{"count":0,"href":"https:\/\/jibaya.tn\/ar\/wp-json\/wp\/v2\/pages\/6693\/revisions"}],"wp:attachment":[{"href":"https:\/\/jibaya.tn\/ar\/wp-json\/wp\/v2\/media?parent=6693"}],"curies":[{"name":"wp","href":"https:\/\/api.w.org\/{rel}","templated":true}]}}