{"id":6705,"date":"2023-11-09T03:49:54","date_gmt":"2023-11-09T03:49:54","guid":{"rendered":"https:\/\/jibaya.tn\/?page_id=6705"},"modified":"2024-01-17T11:10:04","modified_gmt":"2024-01-17T11:10:04","slug":"unite-du-recouvrement","status":"publish","type":"page","link":"https:\/\/jibaya.tn\/ar\/unite-du-recouvrement\/","title":{"rendered":"\u0648\u062d\u062f\u0629 \u0627\u0644\u0625\u0633\u062a\u062e\u0644\u0627\u0635"},"content":{"rendered":"<div data-elementor-type=\"wp-page\" data-elementor-id=\"6705\" class=\"elementor elementor-6705\" data-elementor-settings=\"{&quot;ha_cmc_init_switcher&quot;:&quot;no&quot;}\" data-elementor-post-type=\"page\">\n\t\t\t\t\t\t<section class=\"elementor-section elementor-top-section elementor-element elementor-element-fce1e5d elementor-section-full_width banner-arab elementor-section-height-default elementor-section-height-default wpr-particle-no wpr-jarallax-no wpr-parallax-no wpr-sticky-section-no\" data-id=\"fce1e5d\" data-element_type=\"section\" data-settings=\"{&quot;background_background&quot;:&quot;classic&quot;,&quot;_ha_eqh_enable&quot;:false}\">\n\t\t\t\t\t\t\t<div class=\"elementor-background-overlay\"><\/div>\n\t\t\t\t\t\t\t<div class=\"elementor-container elementor-column-gap-default\">\n\t\t\t\t\t<div class=\"elementor-column elementor-col-100 elementor-top-column elementor-element elementor-element-821aca8\" data-id=\"821aca8\" data-element_type=\"column\">\n\t\t\t<div class=\"elementor-widget-wrap elementor-element-populated\">\n\t\t\t\t\t\t<div class=\"elementor-element elementor-element-b7fd3b9 elementor-widget elementor-widget-heading\" data-id=\"b7fd3b9\" data-element_type=\"widget\" data-widget_type=\"heading.default\">\n\t\t\t\t<div class=\"elementor-widget-container\">\n\t\t\t\t\t<h2 class=\"elementor-heading-title elementor-size-default\">\u0648\u062d\u062f\u0629 \u0627\u0644\u0625\u0633\u062a\u062e\u0644\u0627\u0635<\/h2>\t\t\t\t<\/div>\n\t\t\t\t<\/div>\n\t\t\t\t\t<\/div>\n\t\t<\/div>\n\t\t\t\t\t<\/div>\n\t\t<\/section>\n\t\t<div class=\"elementor-element elementor-element-7e5d865 e-con-full breadcrumbs-arab e-flex wpr-particle-no wpr-jarallax-no wpr-parallax-no wpr-sticky-section-no e-con e-parent\" data-id=\"7e5d865\" data-element_type=\"container\" data-settings=\"{&quot;_ha_eqh_enable&quot;:false}\">\n\t\t\t\t<div class=\"elementor-element elementor-element-7d790fc elementor-icon-list--layout-traditional elementor-list-item-link-full_width elementor-widget elementor-widget-icon-list\" data-id=\"7d790fc\" data-element_type=\"widget\" data-widget_type=\"icon-list.default\">\n\t\t\t\t<div class=\"elementor-widget-container\">\n\t\t\t\t\t\t\t<ul class=\"elementor-icon-list-items\">\n\t\t\t\t\t\t\t<li class=\"elementor-icon-list-item\">\n\t\t\t\t\t\t\t\t\t\t\t<a href=\"https:\/\/jibaya.tn\/ar\/\">\n\n\t\t\t\t\t\t\t\t\t\t\t<span class=\"elementor-icon-list-text\">\u0625\u0633\u062a\u0642\u0628\u0627\u0644<\/span>\n\t\t\t\t\t\t\t\t\t\t\t<\/a>\n\t\t\t\t\t\t\t\t\t<\/li>\n\t\t\t\t\t\t<\/ul>\n\t\t\t\t\t\t<\/div>\n\t\t\t\t<\/div>\n\t\t\t\t<div class=\"elementor-element elementor-element-a4687f4 elementor-icon-list--layout-traditional elementor-list-item-link-full_width elementor-widget elementor-widget-icon-list\" data-id=\"a4687f4\" data-element_type=\"widget\" data-widget_type=\"icon-list.default\">\n\t\t\t\t<div class=\"elementor-widget-container\">\n\t\t\t\t\t\t\t<ul class=\"elementor-icon-list-items\">\n\t\t\t\t\t\t\t<li class=\"elementor-icon-list-item\">\n\t\t\t\t\t\t\t\t\t\t\t<a href=\"https:\/\/jibaya.tn\/ar\/dgcpr\/\">\n\n\t\t\t\t\t\t\t\t\t\t\t\t<span class=\"elementor-icon-list-icon\">\n\t\t\t\t\t\t\t<svg aria-hidden=\"true\" class=\"e-font-icon-svg e-fas-chevron-right\" viewbox=\"0 0 320 512\" xmlns=\"http:\/\/www.w3.org\/2000\/svg\"><path d=\"M285.476 272.971L91.132 467.314c-9.373 9.373-24.569 9.373-33.941 0l-22.667-22.667c-9.357-9.357-9.375-24.522-.04-33.901L188.505 256 34.484 101.255c-9.335-9.379-9.317-24.544.04-33.901l22.667-22.667c9.373-9.373 24.569-9.373 33.941 0L285.475 239.03c9.373 9.372 9.373 24.568.001 33.941z\"><\/path><\/svg>\t\t\t\t\t\t<\/span>\n\t\t\t\t\t\t\t\t\t\t<span class=\"elementor-icon-list-text\">\u0627\u0644\u0625\u062f\u0627\u0631\u0629 \u0627\u0644\u0639\u0627\u0645\u0629 \u0644\u0644\u0645\u062d\u0627\u0633\u0628\u0629 \u0627\u0644\u0639\u0645\u0648\u0645\u064a\u0629 \u0648\u0627\u0644\u0625\u0633\u062a\u062e\u0644\u0627\u0635<\/span>\n\t\t\t\t\t\t\t\t\t\t\t<\/a>\n\t\t\t\t\t\t\t\t\t<\/li>\n\t\t\t\t\t\t<\/ul>\n\t\t\t\t\t\t<\/div>\n\t\t\t\t<\/div>\n\t\t\t\t<div class=\"elementor-element elementor-element-3d48c5c elementor-widget-mobile__width-initial elementor-icon-list--layout-traditional elementor-list-item-link-full_width elementor-widget elementor-widget-icon-list\" data-id=\"3d48c5c\" data-element_type=\"widget\" data-widget_type=\"icon-list.default\">\n\t\t\t\t<div class=\"elementor-widget-container\">\n\t\t\t\t\t\t\t<ul class=\"elementor-icon-list-items\">\n\t\t\t\t\t\t\t<li class=\"elementor-icon-list-item\">\n\t\t\t\t\t\t\t\t\t\t\t<span class=\"elementor-icon-list-icon\">\n\t\t\t\t\t\t\t<svg aria-hidden=\"true\" class=\"e-font-icon-svg e-fas-chevron-right\" viewbox=\"0 0 320 512\" xmlns=\"http:\/\/www.w3.org\/2000\/svg\"><path d=\"M285.476 272.971L91.132 467.314c-9.373 9.373-24.569 9.373-33.941 0l-22.667-22.667c-9.357-9.357-9.375-24.522-.04-33.901L188.505 256 34.484 101.255c-9.335-9.379-9.317-24.544.04-33.901l22.667-22.667c9.373-9.373 24.569-9.373 33.941 0L285.475 239.03c9.373 9.372 9.373 24.568.001 33.941z\"><\/path><\/svg>\t\t\t\t\t\t<\/span>\n\t\t\t\t\t\t\t\t\t\t<span class=\"elementor-icon-list-text\">d<\/span>\n\t\t\t\t\t\t\t\t\t<\/li>\n\t\t\t\t\t\t<\/ul>\n\t\t\t\t\t\t<\/div>\n\t\t\t\t<\/div>\n\t\t\t\t<div class=\"elementor-element elementor-element-b65bc65 elementor-icon-list--layout-traditional elementor-list-item-link-full_width elementor-widget elementor-widget-icon-list\" data-id=\"b65bc65\" data-element_type=\"widget\" data-widget_type=\"icon-list.default\">\n\t\t\t\t<div class=\"elementor-widget-container\">\n\t\t\t\t\t\t\t<ul class=\"elementor-icon-list-items\">\n\t\t\t\t\t\t\t<li class=\"elementor-icon-list-item\">\n\t\t\t\t\t\t\t\t\t\t<span class=\"elementor-icon-list-text\">\u0648\u062d\u062f\u0629 \u0627\u0644\u0625\u0633\u062a\u062e\u0644\u0627\u0635<\/span>\n\t\t\t\t\t\t\t\t\t<\/li>\n\t\t\t\t\t\t<\/ul>\n\t\t\t\t\t\t<\/div>\n\t\t\t\t<\/div>\n\t\t\t\t<\/div>\n\t\t<div class=\"elementor-element elementor-element-cd4ae01 e-flex e-con-boxed wpr-particle-no wpr-jarallax-no wpr-parallax-no wpr-sticky-section-no e-con e-parent\" data-id=\"cd4ae01\" data-element_type=\"container\" data-settings=\"{&quot;_ha_eqh_enable&quot;:false}\">\n\t\t\t\t\t<div class=\"e-con-inner\">\n\t\t\t\t<div class=\"elementor-element elementor-element-324eb27 elementor-widget elementor-widget-image\" data-id=\"324eb27\" data-element_type=\"widget\" data-widget_type=\"image.default\">\n\t\t\t\t<div class=\"elementor-widget-container\">\n\t\t\t\t\t\t\t\t\t\t\t\t\t\t\t<img fetchpriority=\"high\" decoding=\"async\" width=\"980\" height=\"955\" src=\"https:\/\/jibaya.tn\/wp-content\/uploads\/2024\/01\/file-organigrame-57.jpg\" class=\"attachment-1536x1536 size-1536x1536 wp-image-6710\" alt=\"\" sizes=\"(max-width: 980px) 100vw, 980px\" style=\"width:100%;height:97.45%;max-width:980px\" \/>\t\t\t\t\t\t\t\t\t\t\t\t\t\t\t<\/div>\n\t\t\t\t<\/div>\n\t\t\t\t\t<\/div>\n\t\t\t\t<\/div>\n\t\t<div class=\"elementor-element elementor-element-da763cb e-flex e-con-boxed wpr-particle-no wpr-jarallax-no wpr-parallax-no wpr-sticky-section-no e-con e-parent\" data-id=\"da763cb\" data-element_type=\"container\" data-settings=\"{&quot;_ha_eqh_enable&quot;:false}\">\n\t\t\t\t\t<div class=\"e-con-inner\">\n\t\t<div class=\"elementor-element elementor-element-60b17ae e-con-full e-flex wpr-particle-no wpr-jarallax-no wpr-parallax-no wpr-sticky-section-no e-con e-child\" data-id=\"60b17ae\" data-element_type=\"container\" data-settings=\"{&quot;background_background&quot;:&quot;classic&quot;,&quot;_ha_eqh_enable&quot;:false}\">\n\t\t<div class=\"elementor-element elementor-element-3f9d892 e-con-full e-flex wpr-particle-no wpr-jarallax-no wpr-parallax-no wpr-sticky-section-no e-con e-child\" data-id=\"3f9d892\" data-element_type=\"container\" data-settings=\"{&quot;background_background&quot;:&quot;classic&quot;,&quot;_ha_eqh_enable&quot;:false}\">\n\t\t\t\t<div class=\"elementor-element elementor-element-c38a113 elementor-widget elementor-widget-heading\" data-id=\"c38a113\" data-element_type=\"widget\" data-widget_type=\"heading.default\">\n\t\t\t\t<div class=\"elementor-widget-container\">\n\t\t\t\t\t<h2 class=\"elementor-heading-title elementor-size-default\">\u0645\u0643\u0644\u0651\u0641\u0629 \u062e\u0627\u0635\u0651\u0629 \u0628\u0640 :<\/h2>\t\t\t\t<\/div>\n\t\t\t\t<\/div>\n\t\t\t\t<div class=\"elementor-element elementor-element-a2ade4b elementor-widget__width-initial elementor-widget elementor-widget-text-editor\" data-id=\"a2ade4b\" data-element_type=\"widget\" data-widget_type=\"text-editor.default\">\n\t\t\t\t<div class=\"elementor-widget-container\">\n\t\t\t\t\t\t\t\t\t<ul><li>\u062f\u0631\u0627\u0633\u0629 \u0648\u0625\u0639\u062f\u0627\u062f \u0645\u0634\u0627\u0631\u064a\u0639 \u0627\u0644\u0646\u0635\u0648\u0635 \u0627\u0644\u062a\u0634\u0631\u064a\u0639\u064a\u0629 \u0648\u0627\u0644\u062a\u0631\u062a\u064a\u0628\u064a\u0629 \u0627\u0644\u0645\u062a\u0639\u0644\u0651\u0642\u0629 \u0628\u0627\u0644\u0647\u064a\u0627\u0643\u0644      \u0648\u0627\u0644\u0625\u062c\u0631\u0627\u0621\u0627\u062a \u0627\u0644\u0645\u062d\u0627\u0633\u0628\u064a\u0629 \u0644\u0644\u062f\u0648\u0644\u0629 \u0648\u0627\u0644\u0645\u0624\u0633\u0633\u0627\u062a \u0627\u0644\u0639\u0645\u0648\u0645\u064a\u0629 \u0648\u0627\u0644\u062c\u0645\u0627\u0639\u0627\u062a \u0627\u0644\u0645\u062d\u0644\u064a\u0629      \u0648\u0627\u0644\u0647\u064a\u0626\u0627\u062a \u0627\u0644\u0634\u0628\u064a\u0647\u0629 \u0628\u0647\u0627 \u0648\u0628\u0627\u062a\u062e\u0627\u0630 \u0627\u0644\u062a\u062f\u0627\u0628\u064a\u0631 \u0627\u0644\u0644\u0627\u0632\u0645\u0629 \u0644\u062a\u0637\u0628\u064a\u0642\u0647\u0627\u060c<\/li><li>\u0625\u0639\u062f\u0627\u062f \u0648\u062a\u062d\u064a\u064a\u0646 \u0627\u0644\u062a\u0639\u0644\u064a\u0645\u0627\u062a \u0627\u0644\u0639\u0627\u0645\u0629 \u0648\u0627\u0644\u0645\u0630\u0643\u0631\u0627\u062a \u0627\u0644\u062a\u0648\u0636\u064a\u062d\u064a\u0629 \u0648\u0627\u0644\u062a\u0637\u0628\u064a\u0642\u064a\u0629 \u0644\u0644\u0623\u062d\u0643\u0627\u0645 \u0627\u0644\u062a\u0634\u0631\u064a\u0639\u064a\u0629 \u0648\u0627\u0644\u062a\u0631\u062a\u064a\u0628\u064a\u0629 \u0627\u0644\u0645\u062a\u0639\u0644\u0642\u0629 \u0628\u0627\u0644\u0645\u062d\u0627\u0633\u0628\u0629 \u0627\u0644\u0639\u0645\u0648\u0645\u064a\u0629 \u0648\u062e\u0627\u0635\u0651\u0629 \u0628\u0627\u0644\u0645\u0642\u0627\u0628\u064a\u0636          \u0648\u0627\u0644\u0646\u0641\u0642\u0640\u0627\u062a \u0648\u0627\u0644\u0645\u0648\u0627\u062f\u060c<\/li><li>\u0625\u0646\u062c\u0627\u0632 \u0627\u0644\u062f\u0631\u0627\u0633\u0627\u062a \u0627\u0644\u0645\u062a\u0639\u0644\u0651\u0642\u0629 \u0628\u0627\u0644\u0625\u0637\u0627\u0631 \u0627\u0644\u062a\u0634\u0631\u064a\u0639\u064a \u0644\u0644\u0645\u062d\u0627\u0633\u0628\u0629 \u0627\u0644\u0639\u0645\u0648\u0645\u064a\u0629 \u0648\u0627\u0644\u0645\u0633\u0627\u0647\u0645\u0629 \u0641\u064a \u0625\u0639\u062f\u0627\u062f \u0642\u0648\u0627\u0646\u064a\u0646 \u0627\u0644\u0645\u0627\u0644\u064a\u0629 \u0648\u0645\u062a\u0627\u0628\u0639\u0629 \u062a\u0646\u0641\u064a\u0630\u0647\u0627\u060c<\/li><li>Assurer le suivi de l\u2019application des lois et r\u00e8glements relatifs \u00e0 l\u2019abandon ou au d\u00e9gr\u00e8vement des cr\u00e9ances publiques ainsi qu\u2019aux amnisties fiscales<\/li><li>Organiser et suivre l\u2019ex\u00e9cution des proc\u00e9dures de constatation et d\u2019annulation des cr\u00e9ances publiques<\/li><li>\u0627\u0644\u0645\u0633\u0627\u0647\u0645\u0629 \u0641\u064a \u0625\u0639\u062f\u0627\u062f \u0627\u0644\u062f\u0631\u0627\u0633\u0627\u062a \u0648\u062a\u0637\u0648\u064a\u0631 \u0627\u0644\u0645\u0634\u0627\u0631\u064a\u0639 \u0630\u0627\u062a \u0627\u0644\u0639\u0644\u0627\u0642\u0629 \u0628\u062a\u0646\u0641\u064a\u0630 \u0627\u0644\u0645\u064a\u0632\u0627\u0646\u064a\u0627\u062a \u0627\u0644\u0639\u0645\u0648\u0645\u064a\u0629\u060c<\/li><li>-\t \u0625\u0646\u062c\u0627\u0632 \u0627\u0644\u062f\u0631\u0627\u0633\u0627\u062a \u0627\u0644\u0645\u062a\u0639\u0644\u0642\u0629 \u0628\u0639\u0645\u0644\u064a\u0627\u062a \u0627\u0644\u062e\u0632\u064a\u0646\u0629 \u0648\u0627\u0644\u062a\u0635\u0631\u0651\u0641 \u0641\u064a \u0627\u0644\u0633\u0651\u064a\u0648\u0644\u0629\u060c<\/li><li>\u0627\u0644\u0645\u0633\u0627\u0647\u0645\u0629 \u0641\u064a \u062a\u0637\u0648\u064a\u0631 \u0648\u0633\u0627\u0626\u0644 \u0627\u0644\u062f\u0641\u0639\u060c<\/li><li>\u0627\u0644\u0633\u0647\u0631 \u0639\u0644\u0649 \u062f\u0631\u0627\u0633\u0629 \u0648\u0645\u062a\u0627\u0628\u0639\u0629 \u0648\u062a\u0637\u0648\u064a\u0631 \u0627\u0644\u0642\u0648\u0627\u0639\u0640\u062f \u0648\u0627\u0644\u0645\u0639\u0627\u064a\u064a\u0631 \u0627\u0644\u0645\u062d\u0627\u0633\u0628\u064a\u0629 \u0644\u0644\u062f\u0648\u0644\u0629 \u0648\u0627\u0644\u0645\u0624\u0633\u0633\u0627\u062a \u0627\u0644\u0639\u0645\u0648\u0645\u064a\u0629 \u0648\u0627\u0644\u062c\u0645\u0627\u0639\u0627\u062a \u0627\u0644\u0645\u062d\u0644\u064a\u0629\u060c<\/li><li>\u0636\u0628\u0637 \u0648\u062a\u062d\u064a\u064a\u0646 \u0646\u0645\u0627\u0630\u062c \u062d\u0633\u0627\u0628 \u0627\u0644\u062a\u0635\u0631\u0641 \u0648\u0627\u0644\u062d\u0633\u0627\u0628 \u0627\u0644\u0645\u0627\u0644\u064a \u0648\u0627\u0644\u0648\u062b\u0627\u0626\u0642 \u0627\u0644\u0645\u062d\u0627\u0633\u0628\u064a\u0629 \u0627\u0644\u0623\u062e\u0631\u0649 \u0627\u0644\u0645\u0633\u062a\u0648\u062c\u0628\u0629 \u0628\u0645\u0642\u062a\u0636\u0649 \u0645\u062c\u0644\u0629 \u0627\u0644\u0645\u062d\u0627\u0633\u0628\u0629 \u0627\u0644\u0639\u0645\u0648\u0645\u064a\u0629 \u0623\u0648 \u0646\u0635\u0648\u0635 \u0623\u062e\u0640\u0640\u0631\u0649 \u0642\u0627\u0646\u0648\u0646\u064a\u0629 \u0648\u062a\u0631\u062a\u064a\u0628\u064a\u0629\u060c<\/li><li>\u0627\u0644\u0633\u0647\u0631 \u0639\u0644\u0649 \u062a\u0623\u0637\u064a\u0631 \u0627\u0644\u0645\u062d\u0627\u0633\u0628\u064a\u0646 \u0627\u0644\u0639\u0645\u0648\u0645\u064a\u064a\u0646 \u0627\u0644\u0645\u0643\u0644\u0641\u064a\u0646 \u0628\u062a\u0623\u062f\u064a\u0629 \u0627\u0644\u0646\u0641\u0642\u0627\u062a \u0627\u0644\u0639\u0645\u0648\u0645\u064a\u0629     \u0648\u0645\u062a\u0627\u0628\u0639\u0629 \u0623\u0639\u0645\u0627\u0644\u0647\u0645\u060c<\/li><li>\u0627\u0644\u0642\u064a\u0627\u0645 \u0628\u0627\u0644\u062f\u0631\u0627\u0633\u0627\u062a \u0627\u0644\u0645\u062a\u0639\u0644\u0642\u0629 \u0628\u062a\u0637\u0648\u064a\u0631 \u0623\u0633\u0627\u0644\u064a\u0628 \u062a\u0623\u062f\u064a\u0629 \u0627\u0644\u0646\u0641\u0642\u0627\u062a \u0627\u0644\u0639\u0645\u0648\u0645\u064a\u0629\u060c<\/li><li>\u0645\u0633\u0627\u0646\u062f\u0629 \u0648\u062a\u0623\u0637\u064a\u0631 \u0645\u062d\u0627\u0633\u0628\u064a \u0648\u0623\u0639\u0648\u0627\u0646 \u0627\u0644\u0645\u0635\u0627\u0644\u062d \u0627\u0644\u062e\u0627\u0631\u062c\u064a\u0629 \u0644\u0644\u0625\u062f\u0627\u0631\u0629 \u0627\u0644\u0639\u0627\u0645\u0629 \u0644\u0644\u0645\u062d\u0627\u0633\u0628\u0629 \u0627\u0644\u0639\u0645\u0648\u0645\u064a\u0629 \u0648\u0627\u0644\u0627\u0633\u062a\u062e\u0644\u0627\u0635 \u0641\u064a \u062a\u0637\u0628\u064a\u0642 \u0627\u0644\u0625\u062c\u0631\u0627\u0621\u0627\u062a \u0627\u0644\u0645\u062d\u0627\u0633\u0628\u064a\u0629\u060c<\/li><li>\u062a\u062c\u0645\u064a\u0639 \u0627\u0644\u0641\u0642\u0647 \u0627\u0644\u0625\u062f\u0627\u0631\u064a \u0627\u0644\u0645\u062a\u0639\u0644\u0651\u0642 \u0628\u0627\u0644\u0645\u062d\u0627\u0633\u0628\u0629 \u0627\u0644\u0639\u0645\u0648\u0645\u064a\u0629\u060c<\/li><li>\u0645\u062a\u0627\u0628\u0639\u0629 \u0627\u0644\u0645\u0647\u0627\u0645 \u0627\u0644\u062e\u0635\u0648\u0635\u064a\u0629 \u0644\u0644\u0645\u062d\u0627\u0633\u0628\u064a\u0646 \u0627\u0644\u0639\u0645\u0648\u0645\u064a\u064a\u0646 \u0648\u062e\u0627\u0635\u0651\u0629 \u0645\u0646\u0647\u0627 \u0627\u0644\u0645\u062a\u0639\u0644\u0642\u0629 \u0628\u0646\u0634\u0627\u0637 \u0627\u0644\u0645\u062e\u0627\u0637\u0628 \u0627\u0644\u0648\u062d\u064a\u062f \u0644\u0628\u0639\u062b \u0627\u0644\u0645\u0634\u0627\u0631\u064a\u0639 \u0627\u0644\u0641\u0631\u062f\u064a\u0629 \u0648\u0627\u0644\u0642\u0631\u0648\u0636 \u0627\u0644\u0645\u0648\u062b\u0648\u0642\u0629 \u0628\u0631\u0647\u0646          \u0648\u0627\u0644\u0645\u0646\u062a\u0648\u062c\u0640\u0627\u062a \u0627\u0644\u0645\u062e\u062a\u0635\u0651\u0640\u0629 \u0628\u0647\u0627 \u0627\u0644\u062f\u0648\u0644\u0640\u0629 \u0648\u0627\u0644\u0645\u062d\u062c\u0648\u0632\u0627\u062a.<\/li><li>Recueillir la jurisprudence en mati\u00e8re de contentieux de recouvrement<\/li><li>Suivre les proc\u00e9dures relatives aux cr\u00e9ances des entreprises en faillite ou en liquidation ou en r\u00e8glement amiable ou judiciaire et d\u2019assister les comptables publics dans leurs ex\u00e9cution<\/li><li>Engager les proc\u00e9dures de distribution de deniers notamment en cas de vente de biens meubles et immeubles des d\u00e9biteurs publics, de liquidation ou de faillite des soci\u00e9t\u00e9s ainsi que d\u2019en assurer le suivi,<\/li><li>Suivre les proc\u00e9dures relatives aux cr\u00e9ances des entreprises en difficult\u00e9s \u00e9conomiques.<\/li><\/ul>\t\t\t\t\t\t\t\t<\/div>\n\t\t\t\t<\/div>\n\t\t\t\t<\/div>\n\t\t\t\t<\/div>\n\t\t\t\t\t<\/div>\n\t\t\t\t<\/div>\n\t\t\t\t<\/div>","protected":false},"excerpt":{"rendered":"<p>Unit\u00e9 du recouvrement Accueil D.G.C.P.R d Unit\u00e9 du recouvrement Attributions de l\u2019unit\u00e9 du recouvrement Etudier et organiser les proc\u00e9dures du recouvrement Encadrer et suivre en mati\u00e8re de recouvrement, les services ext\u00e9rieurs de la direction g\u00e9n\u00e9rale de la comptabilit\u00e9 publique et du recouvrement Etablir les notes d\u2019application des proc\u00e9dures de recouvrement amiables et forc\u00e9 Assurer le suivi de l\u2019application des lois et r\u00e8glements relatifs \u00e0 l\u2019abandon ou au d\u00e9gr\u00e8vement des cr\u00e9ances publiques ainsi qu\u2019aux amnisties fiscales Organiser et suivre l\u2019ex\u00e9cution des proc\u00e9dures de constatation et d\u2019annulation des cr\u00e9ances publiques Proc\u00e9der \u00e0 la constatation des cr\u00e9ances publiques ne relevant pas de la comp\u00e9tence des tr\u00e9soriers r\u00e9gionaux des finances et \u00e0 l\u2019instruction des demandes d\u2019annulation desdites cr\u00e9ances Tenir la comptabilit\u00e9 des constatations et des annulations des cr\u00e9ances publiques ne relevant pas de la comp\u00e9tence des tr\u00e9soriers r\u00e9gionaux des finances, Assurer la coordination avec les services fiscaux, les tribunaux et les autres structures pour maitriser les proc\u00e9dures de constatations et d\u2019annulation des cr\u00e9ances publiques et am\u00e9liorer les r\u00e9sultats du recouvrement, Fixer les objectifs et les indicateurs de recouvrement ainsi que de suivre et d\u2019\u00e9valuer les r\u00e9sultats r\u00e9alis\u00e9s, Suivre et \u00e9valuer l\u2019activit\u00e9 des cellules de recouvrement institu\u00e9es dans les recettes des finances et celle des officiers des services financiers Instruire les requ\u00eat\u00e9es des contribuables relatives au recouvrement des cr\u00e9ances publiques, Veiller \u00e0 l\u2019animation et la formation sur terrain et \u00e0 l\u2019assistance des receveurs des finances pour l\u2019am\u00e9lioration du rendement, Concevoir et pr\u00e9parer les modalit\u00e9s et outils d\u2019am\u00e9lioration du recouvrement, Suivre le contentieux du recouvrement et assister les services ext\u00e9rieurs de la direction g\u00e9n\u00e9rale de la comptabilit\u00e9 publique et du recouvrement Suivre les affaires en mati\u00e8re de recouvrement, enr\u00f4l\u00e9es devant les tribunaux, Recueillir la jurisprudence en mati\u00e8re de contentieux de recouvrement Suivre les proc\u00e9dures relatives aux cr\u00e9ances des entreprises en faillite ou en liquidation ou en r\u00e8glement amiable ou judiciaire et d\u2019assister les comptables publics dans leurs ex\u00e9cution Engager les proc\u00e9dures de distribution de deniers notamment en cas de vente de biens meubles et immeubles des d\u00e9biteurs publics, de liquidation ou de faillite des soci\u00e9t\u00e9s ainsi que d\u2019en assurer le suivi, Suivre les proc\u00e9dures relatives aux cr\u00e9ances des entreprises en difficult\u00e9s \u00e9conomiques.<\/p>","protected":false},"author":1,"featured_media":0,"parent":0,"menu_order":0,"comment_status":"closed","ping_status":"closed","template":"","meta":{"_monsterinsights_skip_tracking":false,"_monsterinsights_sitenote_active":false,"_monsterinsights_sitenote_note":"","_monsterinsights_sitenote_category":0,"footnotes":""},"class_list":["post-6705","page","type-page","status-publish","hentry","entry"],"aioseo_notices":[],"_links":{"self":[{"href":"https:\/\/jibaya.tn\/ar\/wp-json\/wp\/v2\/pages\/6705","targetHints":{"allow":["GET"]}}],"collection":[{"href":"https:\/\/jibaya.tn\/ar\/wp-json\/wp\/v2\/pages"}],"about":[{"href":"https:\/\/jibaya.tn\/ar\/wp-json\/wp\/v2\/types\/page"}],"author":[{"embeddable":true,"href":"https:\/\/jibaya.tn\/ar\/wp-json\/wp\/v2\/users\/1"}],"replies":[{"embeddable":true,"href":"https:\/\/jibaya.tn\/ar\/wp-json\/wp\/v2\/comments?post=6705"}],"version-history":[{"count":0,"href":"https:\/\/jibaya.tn\/ar\/wp-json\/wp\/v2\/pages\/6705\/revisions"}],"wp:attachment":[{"href":"https:\/\/jibaya.tn\/ar\/wp-json\/wp\/v2\/media?parent=6705"}],"curies":[{"name":"wp","href":"https:\/\/api.w.org\/{rel}","templated":true}]}}