{"id":6735,"date":"2023-11-09T04:03:39","date_gmt":"2023-11-09T04:03:39","guid":{"rendered":"https:\/\/jibaya.tn\/?page_id=6735"},"modified":"2024-01-17T11:10:40","modified_gmt":"2024-01-17T11:10:40","slug":"unite-des-services-communs-de-la-formation-et-de-la-cooperation-internationale","status":"publish","type":"page","link":"https:\/\/jibaya.tn\/ar\/unite-des-services-communs-de-la-formation-et-de-la-cooperation-internationale\/","title":{"rendered":"\u0648\u062d\u062f\u0629 \u0627\u0644\u0645\u0635\u0627\u0644\u062d \u0627\u0644\u0645\u0634\u062a\u0631\u0643\u0629 \u0648\u0627\u0644\u062a\u0643\u0648\u064a\u0646 \u0648\u0627\u0644\u062a\u0639\u0627\u0648\u0646 \u0627\u0644\u062f\u0648\u0644\u064a"},"content":{"rendered":"<div data-elementor-type=\"wp-page\" data-elementor-id=\"6735\" class=\"elementor elementor-6735\" data-elementor-settings=\"{&quot;ha_cmc_init_switcher&quot;:&quot;no&quot;}\" data-elementor-post-type=\"page\">\n\t\t\t\t\t\t<section class=\"elementor-section elementor-top-section elementor-element elementor-element-fce1e5d elementor-section-full_width banner-arab elementor-section-height-default elementor-section-height-default wpr-particle-no wpr-jarallax-no wpr-parallax-no wpr-sticky-section-no\" data-id=\"fce1e5d\" data-element_type=\"section\" data-settings=\"{&quot;background_background&quot;:&quot;classic&quot;,&quot;_ha_eqh_enable&quot;:false}\">\n\t\t\t\t\t\t\t<div class=\"elementor-background-overlay\"><\/div>\n\t\t\t\t\t\t\t<div class=\"elementor-container elementor-column-gap-default\">\n\t\t\t\t\t<div class=\"elementor-column elementor-col-100 elementor-top-column elementor-element elementor-element-821aca8\" data-id=\"821aca8\" data-element_type=\"column\">\n\t\t\t<div class=\"elementor-widget-wrap elementor-element-populated\">\n\t\t\t\t\t\t<div class=\"elementor-element elementor-element-b7fd3b9 elementor-widget elementor-widget-heading\" data-id=\"b7fd3b9\" data-element_type=\"widget\" data-widget_type=\"heading.default\">\n\t\t\t\t<div class=\"elementor-widget-container\">\n\t\t\t\t\t<h2 class=\"elementor-heading-title elementor-size-default\">\u0648\u062d\u062f\u0629 \u0627\u0644\u0645\u0635\u0627\u0644\u062d \u0627\u0644\u0645\u0634\u062a\u0631\u0643\u0629 \u0648\u0627\u0644\u062a\u0643\u0648\u064a\u0646 \u0648\u0627\u0644\u062a\u0639\u0627\u0648\u0646 \u0627\u0644\u062f\u0648\u0644\u064a<\/h2>\t\t\t\t<\/div>\n\t\t\t\t<\/div>\n\t\t\t\t\t<\/div>\n\t\t<\/div>\n\t\t\t\t\t<\/div>\n\t\t<\/section>\n\t\t<div class=\"elementor-element elementor-element-7e5d865 e-con-full breadcrumbs-arab e-flex wpr-particle-no wpr-jarallax-no wpr-parallax-no wpr-sticky-section-no e-con e-parent\" data-id=\"7e5d865\" data-element_type=\"container\" data-settings=\"{&quot;_ha_eqh_enable&quot;:false}\">\n\t\t\t\t<div class=\"elementor-element elementor-element-7d790fc elementor-icon-list--layout-traditional elementor-list-item-link-full_width elementor-widget elementor-widget-icon-list\" data-id=\"7d790fc\" data-element_type=\"widget\" data-widget_type=\"icon-list.default\">\n\t\t\t\t<div class=\"elementor-widget-container\">\n\t\t\t\t\t\t\t<ul class=\"elementor-icon-list-items\">\n\t\t\t\t\t\t\t<li class=\"elementor-icon-list-item\">\n\t\t\t\t\t\t\t\t\t\t\t<a href=\"https:\/\/jibaya.tn\/ar\/\">\n\n\t\t\t\t\t\t\t\t\t\t\t<span class=\"elementor-icon-list-text\">\u0625\u0633\u062a\u0642\u0628\u0627\u0644<\/span>\n\t\t\t\t\t\t\t\t\t\t\t<\/a>\n\t\t\t\t\t\t\t\t\t<\/li>\n\t\t\t\t\t\t<\/ul>\n\t\t\t\t\t\t<\/div>\n\t\t\t\t<\/div>\n\t\t\t\t<div class=\"elementor-element elementor-element-a4687f4 elementor-icon-list--layout-traditional elementor-list-item-link-full_width elementor-widget elementor-widget-icon-list\" data-id=\"a4687f4\" data-element_type=\"widget\" data-widget_type=\"icon-list.default\">\n\t\t\t\t<div class=\"elementor-widget-container\">\n\t\t\t\t\t\t\t<ul class=\"elementor-icon-list-items\">\n\t\t\t\t\t\t\t<li class=\"elementor-icon-list-item\">\n\t\t\t\t\t\t\t\t\t\t\t<a href=\"https:\/\/jibaya.tn\/ar\/dgcpr\/\">\n\n\t\t\t\t\t\t\t\t\t\t\t\t<span class=\"elementor-icon-list-icon\">\n\t\t\t\t\t\t\t<svg aria-hidden=\"true\" class=\"e-font-icon-svg e-fas-chevron-right\" viewbox=\"0 0 320 512\" xmlns=\"http:\/\/www.w3.org\/2000\/svg\"><path d=\"M285.476 272.971L91.132 467.314c-9.373 9.373-24.569 9.373-33.941 0l-22.667-22.667c-9.357-9.357-9.375-24.522-.04-33.901L188.505 256 34.484 101.255c-9.335-9.379-9.317-24.544.04-33.901l22.667-22.667c9.373-9.373 24.569-9.373 33.941 0L285.475 239.03c9.373 9.372 9.373 24.568.001 33.941z\"><\/path><\/svg>\t\t\t\t\t\t<\/span>\n\t\t\t\t\t\t\t\t\t\t<span class=\"elementor-icon-list-text\">\u0627\u0644\u0625\u062f\u0627\u0631\u0629 \u0627\u0644\u0639\u0627\u0645\u0629 \u0644\u0644\u0645\u062d\u0627\u0633\u0628\u0629 \u0627\u0644\u0639\u0645\u0648\u0645\u064a\u0629 \u0648\u0627\u0644\u0625\u0633\u062a\u062e\u0644\u0627\u0635<\/span>\n\t\t\t\t\t\t\t\t\t\t\t<\/a>\n\t\t\t\t\t\t\t\t\t<\/li>\n\t\t\t\t\t\t<\/ul>\n\t\t\t\t\t\t<\/div>\n\t\t\t\t<\/div>\n\t\t\t\t<div class=\"elementor-element elementor-element-3d48c5c elementor-widget-mobile__width-initial elementor-icon-list--layout-traditional elementor-list-item-link-full_width elementor-widget elementor-widget-icon-list\" data-id=\"3d48c5c\" data-element_type=\"widget\" data-widget_type=\"icon-list.default\">\n\t\t\t\t<div class=\"elementor-widget-container\">\n\t\t\t\t\t\t\t<ul class=\"elementor-icon-list-items\">\n\t\t\t\t\t\t\t<li class=\"elementor-icon-list-item\">\n\t\t\t\t\t\t\t\t\t\t\t<span class=\"elementor-icon-list-icon\">\n\t\t\t\t\t\t\t<svg aria-hidden=\"true\" class=\"e-font-icon-svg e-fas-chevron-right\" viewbox=\"0 0 320 512\" xmlns=\"http:\/\/www.w3.org\/2000\/svg\"><path d=\"M285.476 272.971L91.132 467.314c-9.373 9.373-24.569 9.373-33.941 0l-22.667-22.667c-9.357-9.357-9.375-24.522-.04-33.901L188.505 256 34.484 101.255c-9.335-9.379-9.317-24.544.04-33.901l22.667-22.667c9.373-9.373 24.569-9.373 33.941 0L285.475 239.03c9.373 9.372 9.373 24.568.001 33.941z\"><\/path><\/svg>\t\t\t\t\t\t<\/span>\n\t\t\t\t\t\t\t\t\t\t<span class=\"elementor-icon-list-text\">d<\/span>\n\t\t\t\t\t\t\t\t\t<\/li>\n\t\t\t\t\t\t<\/ul>\n\t\t\t\t\t\t<\/div>\n\t\t\t\t<\/div>\n\t\t\t\t<div class=\"elementor-element elementor-element-b65bc65 elementor-icon-list--layout-traditional elementor-list-item-link-full_width elementor-widget elementor-widget-icon-list\" data-id=\"b65bc65\" data-element_type=\"widget\" data-widget_type=\"icon-list.default\">\n\t\t\t\t<div class=\"elementor-widget-container\">\n\t\t\t\t\t\t\t<ul class=\"elementor-icon-list-items\">\n\t\t\t\t\t\t\t<li class=\"elementor-icon-list-item\">\n\t\t\t\t\t\t\t\t\t\t<span class=\"elementor-icon-list-text\">\u0648\u062d\u062f\u0629 \u0627\u0644\u0645\u0635\u0627\u0644\u062d \u0627\u0644\u0645\u0634\u062a\u0631\u0643\u0629 \u0648\u0627\u0644\u062a\u0643\u0648\u064a\u0646 \u0648\u0627\u0644\u062a\u0639\u0627\u0648\u0646 \u0627\u0644\u062f\u0648\u0644\u064a<\/span>\n\t\t\t\t\t\t\t\t\t<\/li>\n\t\t\t\t\t\t<\/ul>\n\t\t\t\t\t\t<\/div>\n\t\t\t\t<\/div>\n\t\t\t\t<\/div>\n\t\t<div class=\"elementor-element elementor-element-cd4ae01 e-flex e-con-boxed wpr-particle-no wpr-jarallax-no wpr-parallax-no wpr-sticky-section-no e-con e-parent\" data-id=\"cd4ae01\" data-element_type=\"container\" data-settings=\"{&quot;_ha_eqh_enable&quot;:false}\">\n\t\t\t\t\t<div class=\"e-con-inner\">\n\t\t\t\t<div class=\"elementor-element elementor-element-324eb27 elementor-widget elementor-widget-image\" data-id=\"324eb27\" data-element_type=\"widget\" data-widget_type=\"image.default\">\n\t\t\t\t<div class=\"elementor-widget-container\">\n\t\t\t\t\t\t\t\t\t\t\t\t\t\t\t<img fetchpriority=\"high\" decoding=\"async\" width=\"981\" height=\"1410\" src=\"https:\/\/jibaya.tn\/wp-content\/uploads\/2024\/01\/file-organigrame-61.jpg\" class=\"attachment-1536x1536 size-1536x1536 wp-image-6740\" alt=\"\" sizes=\"(max-width: 981px) 100vw, 981px\" style=\"width:100%;height:143.73%;max-width:981px\" \/>\t\t\t\t\t\t\t\t\t\t\t\t\t\t\t<\/div>\n\t\t\t\t<\/div>\n\t\t\t\t\t<\/div>\n\t\t\t\t<\/div>\n\t\t<div class=\"elementor-element elementor-element-da763cb e-flex e-con-boxed wpr-particle-no wpr-jarallax-no wpr-parallax-no wpr-sticky-section-no e-con e-parent\" data-id=\"da763cb\" data-element_type=\"container\" data-settings=\"{&quot;_ha_eqh_enable&quot;:false}\">\n\t\t\t\t\t<div class=\"e-con-inner\">\n\t\t<div class=\"elementor-element elementor-element-60b17ae e-con-full e-flex wpr-particle-no wpr-jarallax-no wpr-parallax-no wpr-sticky-section-no e-con e-child\" data-id=\"60b17ae\" data-element_type=\"container\" data-settings=\"{&quot;background_background&quot;:&quot;classic&quot;,&quot;_ha_eqh_enable&quot;:false}\">\n\t\t<div class=\"elementor-element elementor-element-3f9d892 e-con-full e-flex wpr-particle-no wpr-jarallax-no wpr-parallax-no wpr-sticky-section-no e-con e-child\" data-id=\"3f9d892\" data-element_type=\"container\" data-settings=\"{&quot;background_background&quot;:&quot;classic&quot;,&quot;_ha_eqh_enable&quot;:false}\">\n\t\t\t\t<div class=\"elementor-element elementor-element-c38a113 elementor-widget elementor-widget-heading\" data-id=\"c38a113\" data-element_type=\"widget\" data-widget_type=\"heading.default\">\n\t\t\t\t<div class=\"elementor-widget-container\">\n\t\t\t\t\t<h2 class=\"elementor-heading-title elementor-size-default\">\u0648\u062d\u062f\u0629 \u0627\u0644\u0645\u0635\u0627\u0644\u062d \u0627\u0644\u0645\u0634\u062a\u0631\u0643\u0629 \u0648\u0627\u0644\u062a\u0643\u0648\u064a\u0646 \u0648\u0627\u0644\u062a\u0639\u0627\u0648\u0646 \u0627\u0644\u062f\u0648\u0644\u064a<\/h2>\t\t\t\t<\/div>\n\t\t\t\t<\/div>\n\t\t\t\t<div class=\"elementor-element elementor-element-a2ade4b elementor-widget__width-initial elementor-widget elementor-widget-text-editor\" data-id=\"a2ade4b\" data-element_type=\"widget\" data-widget_type=\"text-editor.default\">\n\t\t\t\t<div class=\"elementor-widget-container\">\n\t\t\t\t\t\t\t\t\t<ul><li>Elaborer les projets d\u2019organisation administrative de la DGCPR et ses services ext\u00e9rieurs et veiller au suivi de son application,<\/li><li>Tenir et mettre \u00e0 jour les dossiers administratifs et financiers des agents de la DGCPR,<\/li><li>Veiller aux op\u00e9rations de recrutement des agents en coordination avec les services centraux du minist\u00e8re charg\u00e9 des finances<\/li><li>Assurer le suivi de la carri\u00e8re des agents dans leur vie professionnelle<\/li><li>Veiller \u00e0 l\u2019application des textes organique et r\u00e8glements en vigueur concernant la gestion des ressources humaines,<\/li><li>Assurer la coordination avec le centre national de l\u2019informatique en ce qui concerne la gestion administrative des ressources humaines,<\/li><li>Assurer la d\u00e9signation des comptables publics et des caissiers ainsi que le suivi de leur carri\u00e8re, de leurs mutations et de leurs cong\u00e9s<\/li><li>Assurer la d\u00e9signation et le suivi de la situation des officiers des services financiers,<\/li><li>Assurer l\u2019application des proc\u00e9dures disciplinaires concernant les agents relevant de la DGCPR,<\/li><li>Assurer l\u2019application des proc\u00e9dures disciplinaires concernant les agents relevant de la DGCPR,<\/li><li>Assurer le suivi des litiges port\u00e9s par les agents devant le tribunal administratif ainsi que les affaires intent\u00e9es par l\u2019administration,<\/li><li>Assurer la coordination avec les services du chef du contentieux de l\u2019Etat concernant les affaires dont la DGCPR ou l\u2019un de ses agents font partie,<\/li><li>Pr\u00e9parer le projet du budget de fonctionnement et d\u2019\u00e9quipement de la DGCPR,<\/li><li>Participer \u00e0 la pr\u00e9paration du plan de d\u00e9veloppement du minist\u00e8re charg\u00e9 des finances,<\/li><li>Assurer l\u2019ex\u00e9cution du budget au niveau de l\u2019engagement, de la liquidation et de l\u2019ordonnancement des d\u00e9penses relatives \u00e0 la r\u00e9mun\u00e9ration, au fonctionnement et aux projets de d\u00e9veloppement\u00a0;<\/li><li>Liquider et v\u00e9rifier les indemnit\u00e9s sp\u00e9cifiques et notamment l\u2019indemnit\u00e9 de gestion et l\u2019indemnit\u00e9 de recouvrement ainsi que de g\u00e9rer le fonds du cautionnement mutuel,<\/li><li>Assurer le suivi de la consommation des cr\u00e9dits d\u00e9l\u00e9gu\u00e9s aux services ext\u00e9rieurs de la DGCPR,<\/li><li>Assurer la programmation et le suivi de la r\u00e9alisation des constructions et des travaux de maintenance et d\u2019am\u00e9nagement des b\u00e2timents,<\/li><li>Assurer le suivi de location des locaux des postes comptables\u00a0;<\/li><li>Assurer l\u2019entretien des b\u00e2timents, du mat\u00e9riel, des \u00e9quipements administratifs et du mat\u00e9riel roulant,<\/li><li>Assurer l\u2019approvisionnement en fournitures, en mat\u00e9riel et en \u00e9quipements, tenir la comptabilit\u00e9 mati\u00e8re et assurer les travaux d\u2019inventaire,<\/li><li>Pr\u00e9parer les dossiers des march\u00e9s et assurer leur suivi aupr\u00e8s des commissions comp\u00e9tentes,<\/li><li>Veiller \u00e0 la rationalisation de la consommation d\u2019\u00e9nergie dans les services de la DGCPR,<\/li><li>Veiller \u00e0 la distribution, aux services centraux et ext\u00e9rieurs, des instructions g\u00e9n\u00e9rales, des notes communes et des notes de service ainsi que tous les r\u00e9f\u00e9rentiels concernant la comptabilit\u00e9 publique,<\/li><li>R\u00e9pertorier les textes l\u00e9gislatifs et r\u00e9glementaires ainsi que les r\u00e9f\u00e9rentiels parus dans les divers domaines d\u2019intervention de la DGCPR et veiller \u00e0 leur classement,<\/li><li>Ex\u00e9cuter les programmes et plans nationaux en mati\u00e8re d\u2019archives en coordination avec les Archives Nationales, ainsi que de pr\u00e9parer et mettre \u00e0 jour les outils du travail archivistique,<\/li><li>Veiller \u00e0 la coordination des travaux de conservation et superviser les op\u00e9rations de transfert et d\u2019\u00e9limination des documents par les diff\u00e9rents services de la DGCPR et assurer le suivi de leur ex\u00e9cution \u00e0 l\u2019\u00e9chelle r\u00e9gionale,<\/li><li>Fixer les besoins de base et sp\u00e9cifiques en formation,<\/li><li>Pr\u00e9parer les programmes de formation, d\u2019am\u00e9lioration des comp\u00e9tences professionnelles et de recyclage au profit des agents en coordination avec l\u2019ENF et suivre leur r\u00e9alisation,<\/li><li>Pr\u00e9parer et r\u00e9aliser les programmes de coop\u00e9ration internationale dans le domaine de la formation et de l\u2019\u00e9change des exp\u00e9riences,<\/li><li>Organiser les s\u00e9minaires au profit du personnel et les officiers des services financiers<\/li><li>Assurer le suivi de la participation aux s\u00e9minaires organis\u00e9s par d\u2019autres structures.<\/li><\/ul>\t\t\t\t\t\t\t\t<\/div>\n\t\t\t\t<\/div>\n\t\t\t\t<\/div>\n\t\t\t\t<\/div>\n\t\t\t\t\t<\/div>\n\t\t\t\t<\/div>\n\t\t\t\t<\/div>","protected":false},"excerpt":{"rendered":"<p>Unit\u00e9 des services communs, de la formation et de la coop\u00e9ration internationale Accueil D.G.C.P.R d Unit\u00e9 des services communs, de la formation et de la coop\u00e9ration internationale Attributions de l\u2019unit\u00e9 des services communs, de la formation et de la coop\u00e9ration internationale Elaborer les projets d\u2019organisation administrative de la DGCPR et ses services ext\u00e9rieurs et veiller au suivi de son application, Tenir et mettre \u00e0 jour les dossiers administratifs et financiers des agents de la DGCPR, Veiller aux op\u00e9rations de recrutement des agents en coordination avec les services centraux du minist\u00e8re charg\u00e9 des finances Assurer le suivi de la carri\u00e8re des agents dans leur vie professionnelle Veiller \u00e0 l\u2019application des textes organique et r\u00e8glements en vigueur concernant la gestion des ressources humaines, Assurer la coordination avec le centre national de l\u2019informatique en ce qui concerne la gestion administrative des ressources humaines, Assurer la d\u00e9signation des comptables publics et des caissiers ainsi que le suivi de leur carri\u00e8re, de leurs mutations et de leurs cong\u00e9s Assurer la d\u00e9signation et le suivi de la situation des officiers des services financiers, Assurer l\u2019application des proc\u00e9dures disciplinaires concernant les agents relevant de la DGCPR, Assurer l\u2019application des proc\u00e9dures disciplinaires concernant les agents relevant de la DGCPR, Assurer le suivi des litiges port\u00e9s par les agents devant le tribunal administratif ainsi que les affaires intent\u00e9es par l\u2019administration, Assurer la coordination avec les services du chef du contentieux de l\u2019Etat concernant les affaires dont la DGCPR ou l\u2019un de ses agents font partie, Pr\u00e9parer le projet du budget de fonctionnement et d\u2019\u00e9quipement de la DGCPR, Participer \u00e0 la pr\u00e9paration du plan de d\u00e9veloppement du minist\u00e8re charg\u00e9 des finances, Assurer l\u2019ex\u00e9cution du budget au niveau de l\u2019engagement, de la liquidation et de l\u2019ordonnancement des d\u00e9penses relatives \u00e0 la r\u00e9mun\u00e9ration, au fonctionnement et aux projets de d\u00e9veloppement\u00a0; Liquider et v\u00e9rifier les indemnit\u00e9s sp\u00e9cifiques et notamment l\u2019indemnit\u00e9 de gestion et l\u2019indemnit\u00e9 de recouvrement ainsi que de g\u00e9rer le fonds du cautionnement mutuel, Assurer le suivi de la consommation des cr\u00e9dits d\u00e9l\u00e9gu\u00e9s aux services ext\u00e9rieurs de la DGCPR, Assurer la programmation et le suivi de la r\u00e9alisation des constructions et des travaux de maintenance et d\u2019am\u00e9nagement des b\u00e2timents, Assurer le suivi de location des locaux des postes comptables\u00a0; Assurer l\u2019entretien des b\u00e2timents, du mat\u00e9riel, des \u00e9quipements administratifs et du mat\u00e9riel roulant, Assurer l\u2019approvisionnement en fournitures, en mat\u00e9riel et en \u00e9quipements, tenir la comptabilit\u00e9 mati\u00e8re et assurer les travaux d\u2019inventaire, Pr\u00e9parer les dossiers des march\u00e9s et assurer leur suivi aupr\u00e8s des commissions comp\u00e9tentes, Veiller \u00e0 la rationalisation de la consommation d\u2019\u00e9nergie dans les services de la DGCPR, Veiller \u00e0 la distribution, aux services centraux et ext\u00e9rieurs, des instructions g\u00e9n\u00e9rales, des notes communes et des notes de service ainsi que tous les r\u00e9f\u00e9rentiels concernant la comptabilit\u00e9 publique, R\u00e9pertorier les textes l\u00e9gislatifs et r\u00e9glementaires ainsi que les r\u00e9f\u00e9rentiels parus dans les divers domaines d\u2019intervention de la DGCPR et veiller \u00e0 leur classement, Ex\u00e9cuter les programmes et plans nationaux en mati\u00e8re d\u2019archives en coordination avec les Archives Nationales, ainsi que de pr\u00e9parer et mettre \u00e0 jour les outils du travail archivistique, Veiller \u00e0 la coordination des travaux de conservation et superviser les op\u00e9rations de transfert et d\u2019\u00e9limination des documents par les diff\u00e9rents services de la DGCPR et assurer le suivi de leur ex\u00e9cution \u00e0 l\u2019\u00e9chelle r\u00e9gionale, Fixer les besoins de base et sp\u00e9cifiques en formation, Pr\u00e9parer les programmes de formation, d\u2019am\u00e9lioration des comp\u00e9tences professionnelles et de recyclage au profit des agents en coordination avec l\u2019ENF et suivre leur r\u00e9alisation, Pr\u00e9parer et r\u00e9aliser les programmes de coop\u00e9ration internationale dans le domaine de la formation et de l\u2019\u00e9change des exp\u00e9riences, Organiser les s\u00e9minaires au profit du personnel et les officiers des services financiers Assurer le suivi de la participation aux s\u00e9minaires organis\u00e9s par d\u2019autres structures.<\/p>","protected":false},"author":1,"featured_media":0,"parent":0,"menu_order":0,"comment_status":"closed","ping_status":"closed","template":"","meta":{"_monsterinsights_skip_tracking":false,"_monsterinsights_sitenote_active":false,"_monsterinsights_sitenote_note":"","_monsterinsights_sitenote_category":0,"footnotes":""},"class_list":["post-6735","page","type-page","status-publish","hentry","entry"],"aioseo_notices":[],"_links":{"self":[{"href":"https:\/\/jibaya.tn\/ar\/wp-json\/wp\/v2\/pages\/6735","targetHints":{"allow":["GET"]}}],"collection":[{"href":"https:\/\/jibaya.tn\/ar\/wp-json\/wp\/v2\/pages"}],"about":[{"href":"https:\/\/jibaya.tn\/ar\/wp-json\/wp\/v2\/types\/page"}],"author":[{"embeddable":true,"href":"https:\/\/jibaya.tn\/ar\/wp-json\/wp\/v2\/users\/1"}],"replies":[{"embeddable":true,"href":"https:\/\/jibaya.tn\/ar\/wp-json\/wp\/v2\/comments?post=6735"}],"version-history":[{"count":0,"href":"https:\/\/jibaya.tn\/ar\/wp-json\/wp\/v2\/pages\/6735\/revisions"}],"wp:attachment":[{"href":"https:\/\/jibaya.tn\/ar\/wp-json\/wp\/v2\/media?parent=6735"}],"curies":[{"name":"wp","href":"https:\/\/api.w.org\/{rel}","templated":true}]}}