{"id":7377,"date":"2023-11-24T12:18:57","date_gmt":"2023-11-24T12:18:57","guid":{"rendered":"https:\/\/jibaya.tn\/?page_id=7377"},"modified":"2024-01-12T11:33:29","modified_gmt":"2024-01-12T11:33:29","slug":"tunimpot-le-simulateur-dimpot-au-service-des-contribuables","status":"publish","type":"page","link":"https:\/\/jibaya.tn\/ar\/tunimpot-le-simulateur-dimpot-au-service-des-contribuables\/","title":{"rendered":"TUNIMPOT : le simulateur d&#8217;imp\u00f4t au service des contribuables"},"content":{"rendered":"<div data-elementor-type=\"wp-page\" data-elementor-id=\"7377\" class=\"elementor elementor-7377\" data-elementor-settings=\"{&quot;ha_cmc_init_switcher&quot;:&quot;no&quot;}\" data-elementor-post-type=\"page\">\n\t\t\t\t<div class=\"elementor-element elementor-element-2c3d523 e-con-full banner-arab e-flex wpr-particle-no wpr-jarallax-no wpr-parallax-no wpr-sticky-section-no e-con e-parent\" data-id=\"2c3d523\" data-element_type=\"container\" data-settings=\"{&quot;background_background&quot;:&quot;classic&quot;,&quot;_ha_eqh_enable&quot;:false}\">\n\t\t<div class=\"elementor-element elementor-element-661ab31 e-con-full e-flex wpr-particle-no wpr-jarallax-no wpr-parallax-no wpr-sticky-section-no e-con e-child\" data-id=\"661ab31\" data-element_type=\"container\" data-settings=\"{&quot;_ha_eqh_enable&quot;:false}\">\n\t\t\t\t<div class=\"elementor-element elementor-element-e2ad655 elementor-widget elementor-widget-heading\" data-id=\"e2ad655\" data-element_type=\"widget\" data-widget_type=\"heading.default\">\n\t\t\t\t<div class=\"elementor-widget-container\">\n\t\t\t\t\t<h2 class=\"elementor-heading-title elementor-size-default\">TUNIMPOT : \u0645\u062d\u0627\u0643\u064a \u0627\u0644\u0623\u062f\u0627\u0621\u0627\u062a \u0644\u062e\u062f\u0645\u0629 \u0627\u0644\u0645\u0637\u0627\u0644\u0628\u064a\u0646 \u0628\u0627\u0644\u0623\u062f\u0627\u0621<\/h2>\t\t\t\t<\/div>\n\t\t\t\t<\/div>\n\t\t<div class=\"elementor-element elementor-element-9358f42 e-con-full e-transform e-flex wpr-particle-no wpr-jarallax-no wpr-parallax-no wpr-sticky-section-no e-con e-child\" data-id=\"9358f42\" data-element_type=\"container\" data-settings=\"{&quot;_ha_eqh_enable&quot;:false,&quot;_transform_translateX_effect&quot;:{&quot;unit&quot;:&quot;px&quot;,&quot;size&quot;:&quot;&quot;,&quot;sizes&quot;:[]},&quot;_transform_translateX_effect_tablet&quot;:{&quot;unit&quot;:&quot;px&quot;,&quot;size&quot;:&quot;&quot;,&quot;sizes&quot;:[]},&quot;_transform_translateX_effect_mobile&quot;:{&quot;unit&quot;:&quot;px&quot;,&quot;size&quot;:&quot;&quot;,&quot;sizes&quot;:[]},&quot;_transform_translateY_effect&quot;:{&quot;unit&quot;:&quot;px&quot;,&quot;size&quot;:&quot;&quot;,&quot;sizes&quot;:[]},&quot;_transform_translateY_effect_tablet&quot;:{&quot;unit&quot;:&quot;px&quot;,&quot;size&quot;:&quot;&quot;,&quot;sizes&quot;:[]},&quot;_transform_translateY_effect_mobile&quot;:{&quot;unit&quot;:&quot;px&quot;,&quot;size&quot;:&quot;&quot;,&quot;sizes&quot;:[]}}\">\n\t\t\t\t<\/div>\n\t\t\t\t<\/div>\n\t\t\t\t<\/div>\n\t\t<div class=\"elementor-element elementor-element-fb96d33 e-con-full breadcrumbs-arab e-flex wpr-particle-no wpr-jarallax-no wpr-parallax-no wpr-sticky-section-no e-con e-parent\" data-id=\"fb96d33\" data-element_type=\"container\" data-settings=\"{&quot;_ha_eqh_enable&quot;:false}\">\n\t\t\t\t<div class=\"elementor-element elementor-element-5a58383 elementor-icon-list--layout-traditional elementor-list-item-link-full_width elementor-widget elementor-widget-icon-list\" data-id=\"5a58383\" data-element_type=\"widget\" data-widget_type=\"icon-list.default\">\n\t\t\t\t<div class=\"elementor-widget-container\">\n\t\t\t\t\t\t\t<ul class=\"elementor-icon-list-items\">\n\t\t\t\t\t\t\t<li class=\"elementor-icon-list-item\">\n\t\t\t\t\t\t\t\t\t\t\t<a href=\"https:\/\/jibaya.tn\/ar\/\">\n\n\t\t\t\t\t\t\t\t\t\t\t<span class=\"elementor-icon-list-text\">\u0627\u0644\u0627\u0633\u062a\u0642\u0628\u0627\u0644<\/span>\n\t\t\t\t\t\t\t\t\t\t\t<\/a>\n\t\t\t\t\t\t\t\t\t<\/li>\n\t\t\t\t\t\t<\/ul>\n\t\t\t\t\t\t<\/div>\n\t\t\t\t<\/div>\n\t\t\t\t<div class=\"elementor-element elementor-element-254d11d elementor-widget-mobile__width-initial elementor-icon-list--layout-traditional elementor-list-item-link-full_width elementor-widget elementor-widget-icon-list\" data-id=\"254d11d\" data-element_type=\"widget\" data-widget_type=\"icon-list.default\">\n\t\t\t\t<div class=\"elementor-widget-container\">\n\t\t\t\t\t\t\t<ul class=\"elementor-icon-list-items\">\n\t\t\t\t\t\t\t<li class=\"elementor-icon-list-item\">\n\t\t\t\t\t\t\t\t\t\t\t<span class=\"elementor-icon-list-icon\">\n\t\t\t\t\t\t\t<svg aria-hidden=\"true\" class=\"e-font-icon-svg e-fas-chevron-right\" viewbox=\"0 0 320 512\" xmlns=\"http:\/\/www.w3.org\/2000\/svg\"><path d=\"M285.476 272.971L91.132 467.314c-9.373 9.373-24.569 9.373-33.941 0l-22.667-22.667c-9.357-9.357-9.375-24.522-.04-33.901L188.505 256 34.484 101.255c-9.335-9.379-9.317-24.544.04-33.901l22.667-22.667c9.373-9.373 24.569-9.373 33.941 0L285.475 239.03c9.373 9.372 9.373 24.568.001 33.941z\"><\/path><\/svg>\t\t\t\t\t\t<\/span>\n\t\t\t\t\t\t\t\t\t\t<span class=\"elementor-icon-list-text\">\u062a\u0637\u0628\u064a\u0642\u0627\u062a \u0645\u062d\u0645\u0648\u0644\u0629<\/span>\n\t\t\t\t\t\t\t\t\t<\/li>\n\t\t\t\t\t\t<\/ul>\n\t\t\t\t\t\t<\/div>\n\t\t\t\t<\/div>\n\t\t\t\t<\/div>\n\t\t<div class=\"elementor-element elementor-element-3b67900 e-flex e-con-boxed wpr-particle-no wpr-jarallax-no wpr-parallax-no wpr-sticky-section-no e-con e-parent\" data-id=\"3b67900\" data-element_type=\"container\" data-settings=\"{&quot;_ha_eqh_enable&quot;:false}\">\n\t\t\t\t\t<div class=\"e-con-inner\">\n\t\t<div class=\"elementor-element elementor-element-56f9bbd e-con-full e-flex wpr-particle-no wpr-jarallax-no wpr-parallax-no wpr-sticky-section-no e-con e-child\" data-id=\"56f9bbd\" data-element_type=\"container\" data-settings=\"{&quot;background_background&quot;:&quot;classic&quot;,&quot;_ha_eqh_enable&quot;:false}\">\n\t\t<div class=\"elementor-element elementor-element-03cbe7a e-con-full e-flex wpr-particle-no wpr-jarallax-no wpr-parallax-no wpr-sticky-section-no e-con e-child\" data-id=\"03cbe7a\" data-element_type=\"container\" data-settings=\"{&quot;background_background&quot;:&quot;classic&quot;,&quot;_ha_eqh_enable&quot;:false}\">\n\t\t\t\t<div class=\"elementor-element elementor-element-dc0e9a0 elementor-widget elementor-widget-text-editor\" data-id=\"dc0e9a0\" data-element_type=\"widget\" data-widget_type=\"text-editor.default\">\n\t\t\t\t<div class=\"elementor-widget-container\">\n\t\t\t\t\t\t\t\t\t<p>\u0644\u0627\u062d\u062a\u0633\u0627\u0628 \u0623\u062f\u0627\u0621\u0627\u062a\u0647\u060c \u0644\u0646 \u064a\u062d\u062a\u0627\u062c \u0627\u0644\u0645\u0637\u0627\u0644\u0628 \u0628\u0627\u0644\u0623\u062f\u0627\u0621 \u0645\u0633\u062a\u0642\u0628\u0644\u0627 \u0644\u0627 \u0644\u0622\u0644\u0629 \u062d\u0627\u0633\u0628\u0629 \u0648\u0644\u0627 \u0644\u0644\u0631\u062c\u0648\u0639 \u0625\u0644\u0649 \u0627\u0644\u0645\u062c\u0644\u0627\u062a \u0627\u0644\u0642\u0627\u0646\u0648\u0646\u064a\u0629: \u0627\u0644\u062a\u0637\u0628\u064a\u0642\u0629 \u0627\u0644\u062c\u062f\u064a\u062f\u0629 \u0644\u0648\u0632\u0627\u0631\u0629 \u0627\u0644\u0645\u0627\u0644\u064a\u0629 TUNIMPOT  \u062a\u063a\u0646\u064a\u0647 \u0639\u0646 \u0643\u0644 \u0630\u0644\u0643 \u0648\u0641\u064a \u062f\u0642\u0627\u0626\u0642 \u0645\u0639\u062f\u0648\u062f\u0629 \u0628\u0625\u0645\u0643\u0627\u0646\u0647 \u0627\u062d\u062a\u0633\u0627\u0628 \u0623\u062f\u0627\u0621\u0627\u062a\u0647 \u0623\u0648 \u0645\u0639\u0627\u0644\u064a\u0645\u0647 \u0627\u0644\u0645\u0633\u062a\u0648\u062c\u0628\u0629 \u062d\u064a\u062b\u0645\u0627 \u0643\u0627\u0646 \u0642\u0628\u0644 \u0627\u0644\u062a\u0648\u062c\u0647 \u0625\u0644\u0649 \u0642\u0628\u0627\u0636\u0629 \u0627\u0644\u0645\u0627\u0644\u064a\u0629 \u0644\u062e\u0644\u0627\u0635\u0647\u0627.<\/p><p><span style=\"color: #003366;\"><strong>\u00a0\u062a\u0637\u0628\u064a\u0642\u0629 \u0645\u062c\u0627\u0646\u064a\u0629<\/strong><\/span><\/p><p>TUNIMPOT  \u062a\u0637\u0628\u064a\u0642\u0629 \u0645\u062c\u0627\u0646\u064a\u0629 \u064a\u0645\u0643\u0646 \u062a\u062d\u0645\u064a\u0644\u0647\u0627 \u0645\u0646 \u0642\u0627\u0639\u062f\u062a\u064a \u0627\u0644\u062a\u0637\u0628\u064a\u0642\u0627\u062a Google Play \u0645\u0628\u0627\u0634\u0631\u0629 \u0648\u0645\u0646 \u062b\u0645\u0629 \u062a\u062b\u0628\u064a\u062a\u0647\u0627 \u0639\u0644\u0649 \u0627\u0644\u0647\u0648\u0627\u062a\u0641 \u0627\u0644\u0630\u0643\u064a\u0629 \u0644\u062a\u0635\u0628\u062d \u062c\u0627\u0647\u0632\u0629 \u0644\u0644\u0627\u0633\u062a\u062e\u062f\u0627\u0645 \u062d\u062a\u0649 \u0641\u064a \u063a\u064a\u0627\u0628 \u0634\u0628\u0643\u0629 \u0627\u0644\u0627\u0646\u062a\u0631\u0646\u0627\u062a.<\/p><p>\u062a\u0645\u0643\u0646 \u062a\u0637\u0628\u064a\u0642\u0629 TUNIMPOT \u0645\u0633\u062a\u0639\u0645\u0644\u0647\u0627 \u0645\u0646 \u0627\u062d\u062a\u0633\u0627\u0628 \u0623\u062f\u0627\u0621\u0627\u062a\u0647 \u0648\u0645\u0639\u0627\u0644\u064a\u0645\u0647 \u0627\u0644\u0645\u0633\u062a\u0648\u062c\u0628\u0629 \u0648\u0630\u0644\u0643 \u0627\u0639\u062a\u0645\u0627\u062f\u0627 \u0639\u0644\u0649 \u0627\u0644\u0645\u0639\u0637\u064a\u0627\u062a \u0627\u0644\u062a\u064a \u064a\u0642\u0648\u0645 \u0628\u062a\u0639\u0645\u064a\u0631\u0647\u0627 \u0648\u062d\u0633\u0628 \u0627\u0644\u062e\u064a\u0627\u0631\u0627\u062a \u0627\u0644\u062a\u064a \u064a\u0637\u0644\u0628\u0647\u0627 \u0643\u0645\u0627 \u062a\u0642\u0648\u0645 \u0628\u062a\u0630\u0643\u064a\u0631\u0647 \u0628\u0622\u062c\u0627\u0644 \u0625\u064a\u062f\u0627\u0639 \u0627\u0644\u062a\u0635\u0627\u0631\u064a\u062d \u0627\u0644\u062c\u0628\u0627\u0626\u064a\u0629 \u0623\u0648 \u062e\u0644\u0627\u0635 \u0627\u0644\u0645\u0639\u0627\u0644\u064a\u0645 \u0623\u0648 \u0627\u0644\u0623\u062f\u0627\u0621\u0627\u062a.<\/p><p><span style=\"color: #003366;\"><strong>\u0623\u062f\u0627\u0621\u0627\u062a \u0648\u0645\u0639\u0627\u0644\u064a\u0645 \u0645\u062e\u062a\u0644\u0641\u0629 \u064a\u0645\u0643\u0646 \u0627\u062d\u062a\u0633\u0627\u0628\u0647\u0627<\/strong><\/span><\/p><p>\u064a\u0645\u0643\u0646 \u0644\u0645\u0633\u062a\u0639\u0645\u0644 \u062a\u0637\u0628\u064a\u0642\u0629 TUNIMPOT \u0627\u062d\u062a\u0633\u0627\u0628 \u0627\u0644\u0623\u062f\u0627\u0621\u0627\u062a \u0648\u0627\u0644\u0645\u0639\u0627\u0644\u064a\u0645 \u0627\u0644\u062a\u0627\u0644\u064a\u0629:<\/p><ol><li>\u0627\u0644\u0636\u0631\u064a\u0628\u0629 \u0639\u0644\u0649 \u062f\u062e\u0644 \u0627\u0644\u0623\u0634\u062e\u0627\u0635 \u0627\u0644\u0637\u0628\u064a\u0639\u064a\u064a\u0646 \u0641\u064a \u0623\u0635\u0646\u0627\u0641 \u0627\u0644\u0645\u0631\u062a\u0628\u0627\u062a \u0648\u0627\u0644\u0623\u062c\u0648\u0631 \u0648\u0623\u0631\u0628\u0627\u062d \u0627\u0644\u0623\u0646\u0634\u0637\u0629 \u0627\u0644\u0641\u0644\u0627\u062d\u064a\u0629 \u0623\u0648 \u0627\u0644\u0635\u064a\u062f \u0627\u0644\u0628\u062d\u0631\u064a \u0648\u0627\u0644\u0645\u062f\u0627\u062e\u064a\u0644 \u0627\u0644\u0639\u0642\u0627\u0631\u064a\u0629.<\/li><li>\u0627\u0644\u0637\u0627\u0628\u0639 \u0627\u0644\u062c\u0628\u0627\u0626\u064a \u0627\u0644\u0645\u0633\u062a\u0648\u062c\u0628 \u0639\u0644\u0649 \u0628\u0639\u0636 \u0627\u0644\u062e\u062f\u0645\u0627\u062a \u0627\u0644\u0625\u062f\u0627\u0631\u064a\u0629 (\u0627\u0633\u062a\u062e\u0631\u0627\u062c \u0628\u0637\u0627\u0642\u0629 \u0627\u0644\u062a\u0639\u0631\u064a\u0641 \u0627\u0644\u0648\u0637\u0646\u064a\u0629\u060c \u0628\u0637\u0627\u0642\u0629 \u0625\u0642\u0627\u0645\u0629\u060c \u062c\u0648\u0627\u0632 \u0627\u0644\u0633\u0641\u0631\u060c \u0639\u0645\u0644\u064a\u0627\u062a \u0627\u0644\u0625\u064a\u062c\u0627\u0631 \u0627\u0644\u0645\u0627\u0644\u064a \u0648\u0645\u0639\u0627\u0644\u064a\u0645 \u0637\u0627\u0628\u0639 \u062c\u0628\u0627\u0626\u064a \u0623\u062e\u0631\u0649).<\/li><li>\u0645\u0639\u0627\u0644\u064a\u0645 \u0627\u0644\u062c\u0648\u0644\u0627\u0646 \u0644\u0645\u062e\u062a\u0644\u0641 \u0623\u0635\u0646\u0627\u0641 \u0627\u0644\u0639\u0631\u0628\u0627\u062a \u0628\u0645\u062e\u062a\u0644\u0641 \u0642\u0648\u0627\u062a\u0647\u0627 \u0627\u0644\u062c\u0628\u0627\u0626\u064a\u0629 \u0648\u0627\u0644\u0648\u0642\u0648\u062f \u0627\u0644\u0645\u0633\u062a\u0639\u0645\u0644 \u0648\u0635\u0641\u0629 \u0645\u0627\u0644\u0643\u064a\u0647\u0627 (\u0634\u062e\u0635 \u0637\u0628\u064a\u0639\u064a \u0623\u0648 \u0634\u062e\u0635 \u0645\u0639\u0646\u0648\u064a) \u0648\u062a\u0627\u0631\u064a\u062e \u0623\u0648\u0644 \u0627\u0630\u0646 \u0628\u0627\u0644\u062c\u0648\u0644\u0627\u0646.<\/li><li>\u0645\u0639\u0627\u0644\u064a\u0645 \u0627\u0644\u062a\u0633\u062c\u064a\u0644 \u0627\u0644\u0645\u062a\u0639\u0644\u0642\u0629 \u0628\u0627\u0644\u0639\u0642\u0648\u062f \u0627\u0644\u0646\u0627\u0642\u0644\u0629 \u0644\u0644\u0645\u0644\u0643\u064a\u0629 \u0627\u0644\u062e\u0627\u0635\u0629 \u0628\u0627\u0644\u0639\u0642\u0627\u0631\u0627\u062a \u0648\u0643\u0630\u0644\u0643 \u0639\u0642\u0648\u062f \u0643\u0631\u0627\u0621 \u0627\u0644\u0639\u0642\u0627\u0631\u0627\u062a.<\/li><li>\u0627\u0644\u0636\u0631\u064a\u0628\u0629 \u0639\u0644\u0649 \u0627\u0644\u062f\u062e\u0644 \u0627\u0644\u0645\u0633\u062a\u0648\u062c\u0628\u0629 \u0628\u0639\u0646\u0648\u0627\u0646 \u0627\u0644\u0642\u064a\u0645\u0629 \u0627\u0644\u0632\u0627\u0626\u062f\u0629 \u0627\u0644\u0639\u0642\u0627\u0631\u064a\u0629 (\u0627\u0644\u062d\u0642\u0648\u0642 \u0627\u0644\u0627\u062c\u062a\u0645\u0627\u0639\u064a\u0629 \u0641\u064a \u0627\u0644\u0634\u0631\u0643\u0627\u062a \u0627\u0644\u0639\u0642\u0627\u0631\u064a\u0629\u060c \u0627\u0644\u0623\u0631\u0627\u0636\u064a \u0627\u0644\u0645\u0647\u064a\u0623\u0629 \u0644\u0644\u0628\u0646\u0627\u0621\u060c \u0627\u0644\u0639\u0642\u0627\u0631\u0627\u062a \u0627\u0644\u0645\u0628\u0646\u064a\u0629 \u0627\u0644\u0645\u0639\u062f\u0629 \u0644\u0644\u0633\u0643\u0646 \u0648\u0627\u0644\u0639\u0642\u0627\u0631\u0627\u062a \u0627\u0644\u0645\u0628\u0646\u064a\u0629 \u0627\u0644\u0623\u062e\u0631\u0649).<\/li><\/ol><p><span style=\"color: #003366;\"><strong>\u00a0<\/strong><\/span><\/p><p><span style=\"color: #003366;\"><strong>\u00a0<\/strong><\/span><\/p><p><span style=\"color: #003366;\"><strong>\u062e\u062f\u0645\u0629 \u0645\u0646 \u0625\u0646\u062c\u0627\u0632 \u0627\u0644\u0625\u062f\u0627\u0631\u0629 \u0627\u0644\u062a\u0648\u0646\u0633\u064a\u0629<\/strong><\/span><\/p><p>TUNIMPOT  \u062a\u0637\u0628\u064a\u0642\u0629 \u0633\u0647\u0631 \u0639\u0644\u0649 \u0625\u0639\u062f\u0627\u062f\u0647\u0627 \u0645\u062c\u0645\u0648\u0639\u0629 \u0645\u0646 \u0627\u0644\u0625\u0637\u0627\u0631\u0627\u062a \u0627\u0644\u062a\u0627\u0628\u0639\u0629 \u0644\u0645\u0631\u0643\u0632 \u0627\u0644\u0625\u0639\u0644\u0627\u0645\u064a\u0629 \u0644\u0648\u0632\u0627\u0631\u0629 \u0627\u0644\u0645\u0627\u0644\u064a\u0629 \u0628\u0627\u0644\u062a\u0639\u0627\u0648\u0646 \u0645\u0639 \u0627\u0644\u0625\u062f\u0627\u0631\u0629 \u0627\u0644\u0639\u0627\u0645\u0629 \u0644\u0644\u0623\u062f\u0627\u0621\u0627\u062a \u0648\u0627\u0644\u0625\u062f\u0627\u0631\u0629 \u0627\u0644\u0639\u0627\u0645\u0629 \u0644\u0644\u0645\u062d\u0627\u0633\u0628\u0629 \u0627\u0644\u0639\u0645\u0648\u0645\u064a\u0629 \u0648\u0627\u0644\u0627\u0633\u062a\u062e\u0644\u0627\u0635 \u0628\u0648\u0632\u0627\u0631\u0629 \u0627\u0644\u0645\u0627\u0644\u064a\u0629 \u0648\u0633\u064a\u062a\u0645 \u062a\u062d\u064a\u064a\u0646 \u0648\u062a\u0637\u0648\u064a\u0631 \u0627\u0644\u062a\u0637\u0628\u064a\u0642\u0629 \u0627\u0644\u0645\u0630\u0643\u0648\u0631\u0629 \u0641\u064a \u0646\u0633\u062e \u0642\u0627\u062f\u0645\u0629 \u062a\u0623\u062e\u0630 \u0628\u0639\u064a\u0646 \u0627\u0644\u0627\u0639\u062a\u0628\u0627\u0631 \u062a\u0637\u0648\u0631 \u0627\u0646\u062a\u0638\u0627\u0631\u0627\u062a \u0645\u0633\u062a\u0639\u0645\u0644\u064a\u0647\u0627 \u0648\u062a\u062a\u0644\u0627\u0621\u0645 \u0645\u0639 \u0627\u0644\u062a\u0634\u0631\u064a\u0639 \u0627\u0644\u062c\u0628\u0627\u0626\u064a \u0627\u0644\u062c\u0627\u0631\u064a \u0628\u0647 \u0627\u0644\u0639\u0645\u0644.<\/p><p><span style=\"color: #003366;\"><strong>\u00a0<\/strong><\/span><\/p><p><span style=\"color: #003366;\"><strong>\u0627\u0644\u0634\u0631\u0648\u0637 \u0627\u0644\u0639\u0627\u0645\u0651\u0629 \u0644\u0644\u0625\u0633\u062a\u062e\u062f\u0627\u0645<\/strong><\/span><\/p><p>\u0628\u0627\u0633\u062a\u062e\u062f\u0627\u0645\u00a0<span style=\"color: #000080;\"><strong>\u062a\u0637\u0628\u064a\u0642 TUNIMPOT<\/strong><\/span>\u064a\u0644\u062a\u0632\u0645 \u0627\u0644\u0645\u0633\u062a\u062e\u062f\u0645 \u0628\u0627\u0644\u0627\u0645\u062a\u062b\u0627\u0644\u00a0<span style=\"color: #0000ff;\"><a style=\"color: #0000ff;\" title=\"\u0644\u0634\u0631\u0648\u0637 \u0627\u0644\u0627\u0633\u062a\u062e\u062f\u0627\u0645 \u0627\u0644\u0639\u0627\u0645\u0629\" href=\"https:\/\/jibaya.tn\/ar\/tunimpot-conditions-generales-dutilisation\/\">\u0644\u0634\u0631\u0648\u0637 \u0627\u0644\u0627\u0633\u062a\u062e\u062f\u0627\u0645 \u0627\u0644\u0639\u0627\u0645\u0629<\/a><\/span>\u00a0\u0627\u0644\u062a\u064a \u062a\u0646\u0637\u0628\u0642 \u0639\u0644\u0649 \u062c\u0645\u064a\u0639 \u062e\u062f\u0645\u0627\u062a\u0647.<\/p>\t\t\t\t\t\t\t\t<\/div>\n\t\t\t\t<\/div>\n\t\t\t\t<div class=\"elementor-element elementor-element-8bb8916 elementor-widget elementor-widget-image\" data-id=\"8bb8916\" data-element_type=\"widget\" data-widget_type=\"image.default\">\n\t\t\t\t<div class=\"elementor-widget-container\">\n\t\t\t\t\t\t\t\t\t\t\t\t\t\t\t\t<a href=\"https:\/\/play.google.com\/store\/search?q=TUNIMPOT&#038;c=apps&#038;hl=fr&#038;gl=US\">\n\t\t\t\t\t\t\t<img decoding=\"async\" width=\"300\" height=\"104\" src=\"https:\/\/jibaya.tn\/wp-content\/uploads\/2023\/11\/icone-google-play.png\" class=\"attachment-medium size-medium wp-image-7389\" alt=\"\" style=\"width:100%;height:34.82%;max-width:560px\" \/>\t\t\t\t\t\t\t\t<\/a>\n\t\t\t\t\t\t\t\t\t\t\t\t\t\t\t<\/div>\n\t\t\t\t<\/div>\n\t\t\t\t<\/div>\n\t\t\t\t<\/div>\n\t\t\t\t\t<\/div>\n\t\t\t\t<\/div>\n\t\t\t\t<\/div>","protected":false},"excerpt":{"rendered":"<p>TUNIMPOT : le simulateur d&#8217;imp\u00f4t au service des contribuables Acceuil APPLICATIONS MOBILES Pour calculer ses imp\u00f4ts, le contribuable n&#8217;aura, d\u00e9sormais, plus besoin ni d&#8217;une calculatrice ni \u00e0 consulter les codes fiscaux : l\u2019application mobile du Minist\u00e8re des Finances &#8221; TUNIMPOT &#8221; lui \u00e9pargnera ces efforts et au bout de quelques minutes il pourra calculer ses imp\u00f4ts et taxes avant de proc\u00e9der \u00e0 leur paiement \u00e0 la recette des Finances. \u00a0Application gratuite TUNIMPOT est une application gratuite t\u00e9l\u00e9chargeable \u00e0 partir de la plateforme Google Play. Une fois install\u00e9e sur les Smartphones, l&#8217;application est utilisable m\u00eame en absence de r\u00e9seau d&#8217;internet. TUNIMPOT permettra \u00e0 son utilisateur de simuler \u00e0 titre indicatif le calcul de ses imp\u00f4ts et droits exigibles \u00e0 partir des donn\u00e9es tap\u00e9es par ses propres soins. En outre cette application lui rappellera les \u00e9ch\u00e9ances de d\u00e9p\u00f4t des d\u00e9clarations et des paiements des imp\u00f4ts et taxes lors de l\u2019op\u00e9ration de simulation. Diff\u00e9rents imp\u00f4ts et taxes TUNIMPOT permettra \u00e0 son utilisateur de calculer les taxes et imp\u00f4ts suivants tout en tenant compte des derni\u00e8res dispositions fiscales : L&#8217;imp\u00f4t sur le revenu des personnes physiques pour les cat\u00e9gories de revenus\u00a0: salaires et pensions de source Tunisienne, revenus agricoles et de p\u00eaches et revenus fonciers. Le timbre fiscal exigible pour certains services administratifs (obtention de carte d&#8217;identit\u00e9 Nationale, carte de s\u00e9jour, passeport, op\u00e9rations de leasing et autres droits de timbres.) La taxe de circulation (vignette) des diff\u00e9rentes cat\u00e9gories des v\u00e9hicules en tenant compte de sa puissance fiscale, du carburant utilis\u00e9 et de la qualit\u00e9 de son propri\u00e9taire (personne physique ou personne morale) et de la date de premi\u00e8re mise en circulation. Les droits d&#8217;enregistrement concernant les contrats ayant pour objet le transfert de propri\u00e9t\u00e9s des immeubles tels que les acquisitions ordinaires de biens immeubles b\u00e2tis, acquisition d\u2019un terrain \u00e0 usage d\u2019habitation individuelle ainsi que les contrats de location. L&#8217;imp\u00f4t sur le revenu exigible au titre de la plus-value immobili\u00e8re (Droits sociaux dans les soci\u00e9t\u00e9s immobili\u00e8res, terrains \u00e0 b\u00e2tir, immeubles b\u00e2tis \u00e0 usage d\u2019habitation et immeubles b\u00e2tis autre que d\u2019habitation). \u00a0 \u00a0 Service de l\u2019administration Tunisienne TUNIMPOT est une application con\u00e7ue par des cadres du Minist\u00e8re des Finances, elle est d\u00e9velopp\u00e9e et mise \u00e0 jour en application des nouvelles dispositions fiscales et des besoins de ses utilisateurs par le Centre Informatique du Minist\u00e8re des Finances en collaboration avec la Direction G\u00e9n\u00e9rale des Imp\u00f4ts et la Direction G\u00e9n\u00e9rale de la Comptabilit\u00e9 Publique et du Recouvrement. \u00a0 Conditions G\u00e9n\u00e9rales d\u2019Utilisation En utilisant\u00a0l&#8217;application TUNIMPOT, l\u2019utilisateur s\u2019engage \u00e0 respecter les\u00a0conditions g\u00e9n\u00e9rales d\u2019utilisation\u00a0qui sont applicables \u00e0 l\u2019ensemble de ses services.<\/p>","protected":false},"author":1,"featured_media":0,"parent":0,"menu_order":0,"comment_status":"closed","ping_status":"closed","template":"","meta":{"_monsterinsights_skip_tracking":false,"_monsterinsights_sitenote_active":false,"_monsterinsights_sitenote_note":"","_monsterinsights_sitenote_category":0,"footnotes":""},"class_list":["post-7377","page","type-page","status-publish","hentry","entry"],"aioseo_notices":[],"_links":{"self":[{"href":"https:\/\/jibaya.tn\/ar\/wp-json\/wp\/v2\/pages\/7377","targetHints":{"allow":["GET"]}}],"collection":[{"href":"https:\/\/jibaya.tn\/ar\/wp-json\/wp\/v2\/pages"}],"about":[{"href":"https:\/\/jibaya.tn\/ar\/wp-json\/wp\/v2\/types\/page"}],"author":[{"embeddable":true,"href":"https:\/\/jibaya.tn\/ar\/wp-json\/wp\/v2\/users\/1"}],"replies":[{"embeddable":true,"href":"https:\/\/jibaya.tn\/ar\/wp-json\/wp\/v2\/comments?post=7377"}],"version-history":[{"count":0,"href":"https:\/\/jibaya.tn\/ar\/wp-json\/wp\/v2\/pages\/7377\/revisions"}],"wp:attachment":[{"href":"https:\/\/jibaya.tn\/ar\/wp-json\/wp\/v2\/media?parent=7377"}],"curies":[{"name":"wp","href":"https:\/\/api.w.org\/{rel}","templated":true}]}}