{"id":7919,"date":"2023-12-05T10:10:08","date_gmt":"2023-12-05T10:10:08","guid":{"rendered":"https:\/\/jibaya.tn\/?page_id=7919"},"modified":"2024-01-23T10:42:25","modified_gmt":"2024-01-23T10:42:25","slug":"services-dedie-aux-particuliers","status":"publish","type":"page","link":"https:\/\/jibaya.tn\/ar\/services-dedie-aux-particuliers\/","title":{"rendered":"\u062e\u062f\u0645\u0627\u062a \u062e\u0627\u0635\u0629 \u0628\u0627\u0644\u0623\u0641\u0631\u0627\u062f"},"content":{"rendered":"<div data-elementor-type=\"wp-page\" data-elementor-id=\"7919\" class=\"elementor elementor-7919\" data-elementor-settings=\"{&quot;ha_cmc_init_switcher&quot;:&quot;no&quot;}\" data-elementor-post-type=\"page\">\n\t\t\t\t<div class=\"elementor-element elementor-element-9452932 e-con-full banner-arab e-flex wpr-particle-no wpr-jarallax-no wpr-parallax-no wpr-sticky-section-no e-con e-parent\" data-id=\"9452932\" data-element_type=\"container\" data-settings=\"{&quot;background_background&quot;:&quot;classic&quot;,&quot;_ha_eqh_enable&quot;:false}\">\n\t\t<div class=\"elementor-element elementor-element-f6193a8 e-con-full e-flex wpr-particle-no wpr-jarallax-no wpr-parallax-no wpr-sticky-section-no e-con e-child\" data-id=\"f6193a8\" data-element_type=\"container\" data-settings=\"{&quot;_ha_eqh_enable&quot;:false}\">\n\t\t\t\t<div class=\"elementor-element elementor-element-48ed005 elementor-widget elementor-widget-heading\" data-id=\"48ed005\" data-element_type=\"widget\" data-widget_type=\"heading.default\">\n\t\t\t\t<div class=\"elementor-widget-container\">\n\t\t\t\t\t<h2 class=\"elementor-heading-title elementor-size-default\">\u062e\u062f\u0645\u0627\u062a \u062e\u0627\u0635\u0629 \u0628\u0627\u0644\u0623\u0641\u0631\u0627\u062f<\/h2>\t\t\t\t<\/div>\n\t\t\t\t<\/div>\n\t\t<div class=\"elementor-element elementor-element-016c357 e-con-full e-transform e-flex wpr-particle-no wpr-jarallax-no wpr-parallax-no wpr-sticky-section-no e-con e-child\" data-id=\"016c357\" data-element_type=\"container\" data-settings=\"{&quot;_ha_eqh_enable&quot;:false,&quot;_transform_translateX_effect&quot;:{&quot;unit&quot;:&quot;px&quot;,&quot;size&quot;:&quot;&quot;,&quot;sizes&quot;:[]},&quot;_transform_translateX_effect_tablet&quot;:{&quot;unit&quot;:&quot;px&quot;,&quot;size&quot;:&quot;&quot;,&quot;sizes&quot;:[]},&quot;_transform_translateX_effect_mobile&quot;:{&quot;unit&quot;:&quot;px&quot;,&quot;size&quot;:&quot;&quot;,&quot;sizes&quot;:[]},&quot;_transform_translateY_effect&quot;:{&quot;unit&quot;:&quot;px&quot;,&quot;size&quot;:&quot;&quot;,&quot;sizes&quot;:[]},&quot;_transform_translateY_effect_tablet&quot;:{&quot;unit&quot;:&quot;px&quot;,&quot;size&quot;:&quot;&quot;,&quot;sizes&quot;:[]},&quot;_transform_translateY_effect_mobile&quot;:{&quot;unit&quot;:&quot;px&quot;,&quot;size&quot;:&quot;&quot;,&quot;sizes&quot;:[]}}\">\n\t\t\t\t<\/div>\n\t\t\t\t<\/div>\n\t\t\t\t<\/div>\n\t\t<div class=\"elementor-element elementor-element-4c4b0b3 e-con-full breadcrumbs-arab e-flex wpr-particle-no wpr-jarallax-no wpr-parallax-no wpr-sticky-section-no e-con e-parent\" data-id=\"4c4b0b3\" data-element_type=\"container\" data-settings=\"{&quot;_ha_eqh_enable&quot;:false}\">\n\t\t\t\t<div class=\"elementor-element elementor-element-9386714 elementor-icon-list--layout-traditional elementor-list-item-link-full_width elementor-widget elementor-widget-icon-list\" data-id=\"9386714\" data-element_type=\"widget\" data-widget_type=\"icon-list.default\">\n\t\t\t\t<div class=\"elementor-widget-container\">\n\t\t\t\t\t\t\t<ul class=\"elementor-icon-list-items\">\n\t\t\t\t\t\t\t<li class=\"elementor-icon-list-item\">\n\t\t\t\t\t\t\t\t\t\t\t<a href=\"https:\/\/jibaya.tn\/ar\/\">\n\n\t\t\t\t\t\t\t\t\t\t\t<span class=\"elementor-icon-list-text\">\u0625\u0633\u062a\u0642\u0628\u0627\u0644<\/span>\n\t\t\t\t\t\t\t\t\t\t\t<\/a>\n\t\t\t\t\t\t\t\t\t<\/li>\n\t\t\t\t\t\t<\/ul>\n\t\t\t\t\t\t<\/div>\n\t\t\t\t<\/div>\n\t\t\t\t<div class=\"elementor-element elementor-element-eb5f106 elementor-widget-mobile__width-initial elementor-icon-list--layout-traditional elementor-list-item-link-full_width elementor-widget elementor-widget-icon-list\" data-id=\"eb5f106\" data-element_type=\"widget\" data-widget_type=\"icon-list.default\">\n\t\t\t\t<div class=\"elementor-widget-container\">\n\t\t\t\t\t\t\t<ul class=\"elementor-icon-list-items\">\n\t\t\t\t\t\t\t<li class=\"elementor-icon-list-item\">\n\t\t\t\t\t\t\t\t\t\t\t<span class=\"elementor-icon-list-icon\">\n\t\t\t\t\t\t\t<svg aria-hidden=\"true\" class=\"e-font-icon-svg e-fas-chevron-right\" viewbox=\"0 0 320 512\" xmlns=\"http:\/\/www.w3.org\/2000\/svg\"><path d=\"M285.476 272.971L91.132 467.314c-9.373 9.373-24.569 9.373-33.941 0l-22.667-22.667c-9.357-9.357-9.375-24.522-.04-33.901L188.505 256 34.484 101.255c-9.335-9.379-9.317-24.544.04-33.901l22.667-22.667c9.373-9.373 24.569-9.373 33.941 0L285.475 239.03c9.373 9.372 9.373 24.568.001 33.941z\"><\/path><\/svg>\t\t\t\t\t\t<\/span>\n\t\t\t\t\t\t\t\t\t\t<span class=\"elementor-icon-list-text\">\u062e\u062f\u0645\u0627\u062a \u062e\u0627\u0635\u0629 \u0628\u0627\u0644\u0623\u0641\u0631\u0627\u062f<\/span>\n\t\t\t\t\t\t\t\t\t<\/li>\n\t\t\t\t\t\t<\/ul>\n\t\t\t\t\t\t<\/div>\n\t\t\t\t<\/div>\n\t\t\t\t<\/div>\n\t\t<div class=\"elementor-element elementor-element-4e0bc20 e-flex e-con-boxed wpr-particle-no wpr-jarallax-no wpr-parallax-no wpr-sticky-section-no e-con e-parent\" data-id=\"4e0bc20\" data-element_type=\"container\" data-settings=\"{&quot;_ha_eqh_enable&quot;:false}\">\n\t\t\t\t\t<div class=\"e-con-inner\">\n\t\t\t\t<div class=\"elementor-element elementor-element-ce89b77 elementor-widget elementor-widget-ucaddon_post_list\" data-id=\"ce89b77\" data-element_type=\"widget\" data-widget_type=\"ucaddon_post_list.default\">\n\t\t\t\t<div class=\"elementor-widget-container\">\n\t\t\t\t\t\n<!-- start Post List -->\n\t\t<link id='font-awesome-css' href='https:\/\/jibaya.tn\/wp-content\/plugins\/unlimited-elements-for-elementor\/assets_libraries\/font-awesome6\/fontawesome-all.min.css' type='text\/css' rel='stylesheet' >\n\t\t<link id='font-awesome-4-shim-css' href='https:\/\/jibaya.tn\/wp-content\/plugins\/unlimited-elements-for-elementor\/assets_libraries\/font-awesome6\/fontawesome-v4-shims.min.css' type='text\/css' rel='stylesheet' >\n\n<style>\/* widget: Post List *\/\n\n\n\n#uc_post_list_elementor_ce89b77\n{\n  display:grid;\n}\n\n\n#uc_post_list_elementor_ce89b77 .uc_post_list_image div\n{\n  background-size:cover;\n  background-position:center;\n}\n\n\n.uc_post_list .uc_post_list_box{\n\tposition: relative;\n\toverflow: hidden;\n\tdisplay: flex;\n}\n\n#uc_post_list_elementor_ce89b77 .uc_post_list_image\n{\n  flex-grow:0;\n  flex-shrink:0;\n}\n\n#uc_post_list_elementor_ce89b77 .uc_post_list_image img\n{\n  width:100%;\n  display:block;\n  transition:0.3s;\n  \n}\n\n\n.uc_post_list_title a{\n\tcolor: #333333;\n    display: block;\n}\n.uc_post_list_date{\n\tfont-size: 12px;\n}\n\n#uc_post_list_elementor_ce89b77 .uc_post_list_content\n{\n  display:flex;\n  flex-direction:column;\n  flex:1;\n}\n\n#uc_post_list_elementor_ce89b77 .uc_more_btn{\n\n  text-align:center;\n  text-decoration:none;\n  transition:0.3s;\n}\n\n#uc_post_list_elementor_ce89b77 .button-on-side\n{\n  display:flex;\n  align-items:center;\n}\n\n\n.ue-grid-item-category a\n{\n  display:inline-block;\n  font-size:10px;\n  text-transform:uppercase;\n}\n\n#uc_post_list_elementor_ce89b77 .ue-meta-data\n{\n  \n  display:flex;\n\n  flex-wrap: wrap;\n  line-height:1em;\n}\n\n#uc_post_list_elementor_ce89b77 .ue-grid-item-meta-data\n{\n      display:inline-flex;\n      align-items:center;\n}\n\n.ue-grid-item-meta-data\n{\n  font-size:12px;\n}\n\n#uc_post_list_elementor_ce89b77 .ue-grid-item-meta-data-icon\n{\n  line-height:1em;\n}\n\n#uc_post_list_elementor_ce89b77 .ue-grid-item-meta-data-icon svg\n{\n  width:1em;\n  height:1em;\n}\n\n\n\n#uc_post_list_elementor_ce89b77 .ue-debug-meta\n{\n  padding:10px;\n  border:1px solid red;\n  position:relative;\n  line-height:1.5em;\n  font-size:11px;\n  width:100%;\n}\n\n.uc-remote-parent .uc_post_list_box{\n\tcursor:pointer;\n}\n\n#uc_post_list_elementor_ce89b77 .ue-post-link-overlay\n{\n  display:block;\n  position:absolute;\n  top:0;\n  bottom:0;\n  right:0;\n  left:0;\n}\n\n\n<\/style>\n\n<div class=\"uc_post_list uc-items-wrapper\" id=\"uc_post_list_elementor_ce89b77\"  >    \t\n  <div class=\"uc_post_list_box\">\n    \n  \t\t\n  \n    <div class=\"uc_post_list_content\">\n      <div class=\"uc_post_list_content_inside\">\n        \n                        \n         <div class=\"uc_post_list_title\"><a target=\"_self\" href=\"https:\/\/jibaya.tn\/ar\/blog\/consultation-des-infractions-routieres-du-radar-fixe\/\" title=\"\u0627\u0644\u0625\u0637\u0644\u0627\u0639 \u0639\u0644\u0649 \u0627\u0644\u062e\u0637\u0627\u064a\u0627 \u0627\u0644\u0645\u0631\u0648\u0631\u064a\u0629 \u0639\u0646 \u0628\u0639\u062f\">\u0627\u0644\u0625\u0637\u0644\u0627\u0639 \u0639\u0644\u0649 \u0627\u0644\u062e\u0637\u0627\u064a\u0627 \u0627\u0644\u0645\u0631\u0648\u0631\u064a\u0629 \u0639\u0646 \u0628\u0639\u062f<\/a><\/div>\t\n         \n        <div class=\"ue-meta-data\">\n                                               \n            \n          \n                        \n            \n                        \n                        \n            \n              \n          <\/div>         \n                \n         <div class=\"uc_post_content\">Ce service permet aux contribuables adh\u00e9rents de liquider et de payer leurs imp\u00f4ts \u00e0 partir de leur poste de travail en se connectant sur INTERNET et en invoquant le site par le nom de domaine suivant : www.jibaya.tn et en choisissant ledit service. il vous permet de liquider et de payer vos d\u00e9clarations mensuelles d\u2019imp\u00f4ts, vos d\u00e9clarations annuelles (d\u00e9clarations mensuelles, d\u00e9p\u00f4t des d\u00e9claration de l\u2019imp\u00f4t sur les soci\u00e9t\u00e9s, d\u00e9claration de l\u2019avance due par les soci\u00e9t\u00e9s de personnes et assimil\u00e9es,...<\/div>        \n                 \t        \n           <a target=\"_self\" href='https:\/\/jibaya.tn\/ar\/blog\/consultation-des-infractions-routieres-du-radar-fixe\/' class=\"uc_more_btn\" title=\"\">\u0627\u0644\u0645\u0632\u064a\u062f<\/a>\n              \n                 \n      <\/div>\n    <\/div>\n     \n       \n  \n   <\/div>\n\n<\/div>\n\n\n  <div id=\"uc_post_list_elementor_ce89b77_empty_message\" class=\"ue-no-posts-found\"  style=\"display:none\" >No posts found<\/div>\n\n\n<!-- end Post List -->\t\t\t\t<\/div>\n\t\t\t\t<\/div>\n\t\t\t\t\t<\/div>\n\t\t\t\t<\/div>\n\t\t\t\t<\/div>","protected":false},"excerpt":{"rendered":"<p>\/*! elementor &#8211; v3.18.0 &#8211; 20-12-2023 *\/ .elementor-heading-title{padding:0;margin:0;line-height:1}.elementor-widget-heading .elementor-heading-title[class*=elementor-size-]&gt;a{color:inherit;font-size:inherit;line-height:inherit}.elementor-widget-heading .elementor-heading-title.elementor-size-small{font-size:15px}.elementor-widget-heading .elementor-heading-title.elementor-size-medium{font-size:19px}.elementor-widget-heading .elementor-heading-title.elementor-size-large{font-size:29px}.elementor-widget-heading .elementor-heading-title.elementor-size-xl{font-size:39px}.elementor-widget-heading .elementor-heading-title.elementor-size-xxl{font-size:59px} Services d\u00e9di\u00e9s aux particuliers Accueil Services d\u00e9di\u00e9s aux particulierss \/* widget: Post List *\/ #uc_post_list_elementor_ce89b77 { display:grid; } #uc_post_list_elementor_ce89b77 .uc_post_list_image div { background-size:cover; background-position:center; } .uc_post_list .uc_post_list_box{ position: relative; overflow: hidden; display: flex; } #uc_post_list_elementor_ce89b77 .uc_post_list_image { flex-grow:0; flex-shrink:0; } #uc_post_list_elementor_ce89b77 .uc_post_list_image img { width:100%; display:block; transition:0.3s; } .uc_post_list_title a{ color: #333333; display: block; } .uc_post_list_date{ font-size: 12px; } #uc_post_list_elementor_ce89b77 .uc_post_list_content { display:flex; flex-direction:column; flex:1; } #uc_post_list_elementor_ce89b77 .uc_more_btn{ text-align:center; text-decoration:none; transition:0.3s; } #uc_post_list_elementor_ce89b77 .button-on-side { display:flex; align-items:center; } .ue-grid-item-category a { display:inline-block; font-size:10px; text-transform:uppercase; } #uc_post_list_elementor_ce89b77 .ue-meta-data { display:flex; flex-wrap: wrap; line-height:1em; } #uc_post_list_elementor_ce89b77 .ue-grid-item-meta-data { display:inline-flex; align-items:center; } .ue-grid-item-meta-data { font-size:12px; } #uc_post_list_elementor_ce89b77 .ue-grid-item-meta-data-icon { line-height:1em; } #uc_post_list_elementor_ce89b77 .ue-grid-item-meta-data-icon svg { width:1em; height:1em; } #uc_post_list_elementor_ce89b77 .ue-debug-meta { padding:10px; border:1px solid red; position:relative; line-height:1.5em; font-size:11px; width:100%; } .uc-remote-parent .uc_post_list_box{ cursor:pointer; } #uc_post_list_elementor_ce89b77 .ue-post-link-overlay { display:block; position:absolute; top:0; bottom:0; right:0; left:0; } T\u00e9l\u00e9-Amende Ce service permet aux contribuables adh\u00e9rents de liquider et de payer leurs imp\u00f4ts \u00e0 partir de leur poste de travail en se connectant sur INTERNET et en invoquant le site par le nom de domaine suivant : www.jibaya.tn et en choisissant ledit service. il vous permet de liquider et de payer vos d\u00e9clarations mensuelles d\u2019imp\u00f4ts, vos d\u00e9clarations annuelles (d\u00e9clarations mensuelles, d\u00e9p\u00f4t des d\u00e9claration de l\u2019imp\u00f4t sur les soci\u00e9t\u00e9s, d\u00e9claration de l\u2019avance due par les soci\u00e9t\u00e9s de personnes et assimil\u00e9es,&#8230; Voir plus No posts found<\/p>","protected":false},"author":1,"featured_media":0,"parent":0,"menu_order":0,"comment_status":"closed","ping_status":"closed","template":"","meta":{"_monsterinsights_skip_tracking":false,"_monsterinsights_sitenote_active":false,"_monsterinsights_sitenote_note":"","_monsterinsights_sitenote_category":0,"footnotes":""},"class_list":["post-7919","page","type-page","status-publish","hentry","entry"],"aioseo_notices":[],"_links":{"self":[{"href":"https:\/\/jibaya.tn\/ar\/wp-json\/wp\/v2\/pages\/7919","targetHints":{"allow":["GET"]}}],"collection":[{"href":"https:\/\/jibaya.tn\/ar\/wp-json\/wp\/v2\/pages"}],"about":[{"href":"https:\/\/jibaya.tn\/ar\/wp-json\/wp\/v2\/types\/page"}],"author":[{"embeddable":true,"href":"https:\/\/jibaya.tn\/ar\/wp-json\/wp\/v2\/users\/1"}],"replies":[{"embeddable":true,"href":"https:\/\/jibaya.tn\/ar\/wp-json\/wp\/v2\/comments?post=7919"}],"version-history":[{"count":0,"href":"https:\/\/jibaya.tn\/ar\/wp-json\/wp\/v2\/pages\/7919\/revisions"}],"wp:attachment":[{"href":"https:\/\/jibaya.tn\/ar\/wp-json\/wp\/v2\/media?parent=7919"}],"curies":[{"name":"wp","href":"https:\/\/api.w.org\/{rel}","templated":true}]}}