{"id":8197,"date":"2023-12-07T14:47:12","date_gmt":"2023-12-07T14:47:12","guid":{"rendered":"https:\/\/jibaya.tn\/?page_id=8197"},"modified":"2024-01-17T11:09:22","modified_gmt":"2024-01-17T11:09:22","slug":"lunite-de-la-prospective-et-de-la-communication-fiscales","status":"publish","type":"page","link":"https:\/\/jibaya.tn\/ar\/lunite-de-la-prospective-et-de-la-communication-fiscales\/","title":{"rendered":"\u0648\u062d\u062f\u0629 \u0627\u0644\u0625\u0633\u062a\u0634\u0631\u0627\u0641 \u0648\u0627\u0644\u0625\u062a\u0635\u0627\u0644 \u0627\u0644\u062c\u0628\u0627\u0626\u064a"},"content":{"rendered":"<div data-elementor-type=\"wp-page\" data-elementor-id=\"8197\" class=\"elementor elementor-8197\" data-elementor-settings=\"{&quot;ha_cmc_init_switcher&quot;:&quot;no&quot;}\" data-elementor-post-type=\"page\">\n\t\t\t\t\t\t<section class=\"elementor-section elementor-top-section elementor-element elementor-element-fce1e5d elementor-section-full_width banner-arab elementor-section-height-default elementor-section-height-default wpr-particle-no wpr-jarallax-no wpr-parallax-no wpr-sticky-section-no\" data-id=\"fce1e5d\" data-element_type=\"section\" data-settings=\"{&quot;background_background&quot;:&quot;classic&quot;,&quot;_ha_eqh_enable&quot;:false}\">\n\t\t\t\t\t\t\t<div class=\"elementor-background-overlay\"><\/div>\n\t\t\t\t\t\t\t<div class=\"elementor-container elementor-column-gap-default\">\n\t\t\t\t\t<div class=\"elementor-column elementor-col-100 elementor-top-column elementor-element elementor-element-821aca8\" data-id=\"821aca8\" data-element_type=\"column\">\n\t\t\t<div class=\"elementor-widget-wrap elementor-element-populated\">\n\t\t\t\t\t\t<div class=\"elementor-element elementor-element-b7fd3b9 elementor-widget elementor-widget-heading\" data-id=\"b7fd3b9\" data-element_type=\"widget\" data-widget_type=\"heading.default\">\n\t\t\t\t<div class=\"elementor-widget-container\">\n\t\t\t\t\t<h2 class=\"elementor-heading-title elementor-size-default\">\u0648\u062d\u062f\u0629 \u0627\u0644\u0625\u0633\u062a\u0634\u0631\u0627\u0641 \u0648\u0627\u0644\u0625\u062a\u0635\u0627\u0644 \u0627\u0644\u062c\u0628\u0627\u0626\u064a<\/h2>\t\t\t\t<\/div>\n\t\t\t\t<\/div>\n\t\t\t\t\t<\/div>\n\t\t<\/div>\n\t\t\t\t\t<\/div>\n\t\t<\/section>\n\t\t<div class=\"elementor-element elementor-element-7e5d865 e-con-full breadcrumbs-arab e-flex wpr-particle-no wpr-jarallax-no wpr-parallax-no wpr-sticky-section-no e-con e-parent\" data-id=\"7e5d865\" data-element_type=\"container\" data-settings=\"{&quot;_ha_eqh_enable&quot;:false}\">\n\t\t\t\t<div class=\"elementor-element elementor-element-7d790fc elementor-icon-list--layout-traditional elementor-list-item-link-full_width elementor-widget elementor-widget-icon-list\" data-id=\"7d790fc\" data-element_type=\"widget\" data-widget_type=\"icon-list.default\">\n\t\t\t\t<div class=\"elementor-widget-container\">\n\t\t\t\t\t\t\t<ul class=\"elementor-icon-list-items\">\n\t\t\t\t\t\t\t<li class=\"elementor-icon-list-item\">\n\t\t\t\t\t\t\t\t\t\t\t<a href=\"https:\/\/jibaya.tn\/ar\/\">\n\n\t\t\t\t\t\t\t\t\t\t\t<span class=\"elementor-icon-list-text\">\u0625\u0633\u062a\u0642\u0628\u0627\u0644<\/span>\n\t\t\t\t\t\t\t\t\t\t\t<\/a>\n\t\t\t\t\t\t\t\t\t<\/li>\n\t\t\t\t\t\t<\/ul>\n\t\t\t\t\t\t<\/div>\n\t\t\t\t<\/div>\n\t\t\t\t<div class=\"elementor-element elementor-element-a4687f4 elementor-icon-list--layout-traditional elementor-list-item-link-full_width elementor-widget elementor-widget-icon-list\" data-id=\"a4687f4\" data-element_type=\"widget\" data-widget_type=\"icon-list.default\">\n\t\t\t\t<div class=\"elementor-widget-container\">\n\t\t\t\t\t\t\t<ul class=\"elementor-icon-list-items\">\n\t\t\t\t\t\t\t<li class=\"elementor-icon-list-item\">\n\t\t\t\t\t\t\t\t\t\t\t<a href=\"https:\/\/jibaya.tn\/ar\/dgelf\/\">\n\n\t\t\t\t\t\t\t\t\t\t\t\t<span class=\"elementor-icon-list-icon\">\n\t\t\t\t\t\t\t<svg aria-hidden=\"true\" class=\"e-font-icon-svg e-fas-chevron-right\" viewbox=\"0 0 320 512\" xmlns=\"http:\/\/www.w3.org\/2000\/svg\"><path d=\"M285.476 272.971L91.132 467.314c-9.373 9.373-24.569 9.373-33.941 0l-22.667-22.667c-9.357-9.357-9.375-24.522-.04-33.901L188.505 256 34.484 101.255c-9.335-9.379-9.317-24.544.04-33.901l22.667-22.667c9.373-9.373 24.569-9.373 33.941 0L285.475 239.03c9.373 9.372 9.373 24.568.001 33.941z\"><\/path><\/svg>\t\t\t\t\t\t<\/span>\n\t\t\t\t\t\t\t\t\t\t<span class=\"elementor-icon-list-text\">D.G.E.L.F<\/span>\n\t\t\t\t\t\t\t\t\t\t\t<\/a>\n\t\t\t\t\t\t\t\t\t<\/li>\n\t\t\t\t\t\t<\/ul>\n\t\t\t\t\t\t<\/div>\n\t\t\t\t<\/div>\n\t\t\t\t<div class=\"elementor-element elementor-element-3d48c5c elementor-widget-mobile__width-initial elementor-icon-list--layout-traditional elementor-list-item-link-full_width elementor-widget elementor-widget-icon-list\" data-id=\"3d48c5c\" data-element_type=\"widget\" data-widget_type=\"icon-list.default\">\n\t\t\t\t<div class=\"elementor-widget-container\">\n\t\t\t\t\t\t\t<ul class=\"elementor-icon-list-items\">\n\t\t\t\t\t\t\t<li class=\"elementor-icon-list-item\">\n\t\t\t\t\t\t\t\t\t\t\t<span class=\"elementor-icon-list-icon\">\n\t\t\t\t\t\t\t<svg aria-hidden=\"true\" class=\"e-font-icon-svg e-fas-chevron-right\" viewbox=\"0 0 320 512\" xmlns=\"http:\/\/www.w3.org\/2000\/svg\"><path d=\"M285.476 272.971L91.132 467.314c-9.373 9.373-24.569 9.373-33.941 0l-22.667-22.667c-9.357-9.357-9.375-24.522-.04-33.901L188.505 256 34.484 101.255c-9.335-9.379-9.317-24.544.04-33.901l22.667-22.667c9.373-9.373 24.569-9.373 33.941 0L285.475 239.03c9.373 9.372 9.373 24.568.001 33.941z\"><\/path><\/svg>\t\t\t\t\t\t<\/span>\n\t\t\t\t\t\t\t\t\t\t<span class=\"elementor-icon-list-text\">d<\/span>\n\t\t\t\t\t\t\t\t\t<\/li>\n\t\t\t\t\t\t<\/ul>\n\t\t\t\t\t\t<\/div>\n\t\t\t\t<\/div>\n\t\t\t\t<div class=\"elementor-element elementor-element-b65bc65 elementor-icon-list--layout-traditional elementor-list-item-link-full_width elementor-widget elementor-widget-icon-list\" data-id=\"b65bc65\" data-element_type=\"widget\" data-widget_type=\"icon-list.default\">\n\t\t\t\t<div class=\"elementor-widget-container\">\n\t\t\t\t\t\t\t<ul class=\"elementor-icon-list-items\">\n\t\t\t\t\t\t\t<li class=\"elementor-icon-list-item\">\n\t\t\t\t\t\t\t\t\t\t<span class=\"elementor-icon-list-text\">\u0648\u062d\u062f\u0629 \u0627\u0644\u0625\u0633\u062a\u0634\u0631\u0627\u0641 \u0648\u0627\u0644\u0625\u062a\u0635\u0627\u0644 \u0627\u0644\u062c\u0628\u0627\u0626\u064a<\/span>\n\t\t\t\t\t\t\t\t\t<\/li>\n\t\t\t\t\t\t<\/ul>\n\t\t\t\t\t\t<\/div>\n\t\t\t\t<\/div>\n\t\t\t\t<\/div>\n\t\t<div class=\"elementor-element elementor-element-cd4ae01 e-flex e-con-boxed wpr-particle-no wpr-jarallax-no wpr-parallax-no wpr-sticky-section-no e-con e-parent\" data-id=\"cd4ae01\" data-element_type=\"container\" data-settings=\"{&quot;_ha_eqh_enable&quot;:false}\">\n\t\t\t\t\t<div class=\"e-con-inner\">\n\t\t\t\t<div class=\"elementor-element elementor-element-324eb27 elementor-widget elementor-widget-image\" data-id=\"324eb27\" data-element_type=\"widget\" data-widget_type=\"image.default\">\n\t\t\t\t<div class=\"elementor-widget-container\">\n\t\t\t\t\t\t\t\t\t\t\t\t\t\t\t<img fetchpriority=\"high\" decoding=\"async\" width=\"980\" height=\"859\" src=\"https:\/\/jibaya.tn\/wp-content\/uploads\/2023\/12\/file-organigrame_npl.jpg\" class=\"attachment-1536x1536 size-1536x1536 wp-image-8200\" alt=\"\" sizes=\"(max-width: 980px) 100vw, 980px\" style=\"width:100%;height:87.65%;max-width:980px\" \/>\t\t\t\t\t\t\t\t\t\t\t\t\t\t\t<\/div>\n\t\t\t\t<\/div>\n\t\t\t\t\t<\/div>\n\t\t\t\t<\/div>\n\t\t<div class=\"elementor-element elementor-element-da763cb e-flex e-con-boxed wpr-particle-no wpr-jarallax-no wpr-parallax-no wpr-sticky-section-no e-con e-parent\" data-id=\"da763cb\" data-element_type=\"container\" data-settings=\"{&quot;_ha_eqh_enable&quot;:false}\">\n\t\t\t\t\t<div class=\"e-con-inner\">\n\t\t<div class=\"elementor-element elementor-element-60b17ae e-con-full e-flex wpr-particle-no wpr-jarallax-no wpr-parallax-no wpr-sticky-section-no e-con e-child\" data-id=\"60b17ae\" data-element_type=\"container\" data-settings=\"{&quot;background_background&quot;:&quot;classic&quot;,&quot;_ha_eqh_enable&quot;:false}\">\n\t\t<div class=\"elementor-element elementor-element-3f9d892 e-con-full e-flex wpr-particle-no wpr-jarallax-no wpr-parallax-no wpr-sticky-section-no e-con e-child\" data-id=\"3f9d892\" data-element_type=\"container\" data-settings=\"{&quot;background_background&quot;:&quot;classic&quot;,&quot;_ha_eqh_enable&quot;:false}\">\n\t\t\t\t<div class=\"elementor-element elementor-element-c38a113 elementor-widget elementor-widget-heading\" data-id=\"c38a113\" data-element_type=\"widget\" data-widget_type=\"heading.default\">\n\t\t\t\t<div class=\"elementor-widget-container\">\n\t\t\t\t\t<h2 class=\"elementor-heading-title elementor-size-default\">\u0648\u062d\u062f\u0629 \u0627\u0644\u0627\u0633\u062a\u0634\u0631\u0627\u0641 \u0648\u0627\u0644\u0627\u062a\u0635\u0627\u0644 \u0627\u0644\u062c\u0628\u0627\u0626\u064a \u0645\u0643\u0644\u0641\u0629 \u062e\u0627\u0635\u0629 \u0628\u0640\u0640: <\/h2>\t\t\t\t<\/div>\n\t\t\t\t<\/div>\n\t\t\t\t<div class=\"elementor-element elementor-element-a2ade4b elementor-widget__width-initial elementor-widget elementor-widget-text-editor\" data-id=\"a2ade4b\" data-element_type=\"widget\" data-widget_type=\"text-editor.default\">\n\t\t\t\t<div class=\"elementor-widget-container\">\n\t\t\t\t\t\t\t\t\t<ul><li>\u0625\u0639\u062f\u0627\u062f \u0645\u0634\u0627\u0631\u064a\u0639 \u0627\u0644\u062e\u0637\u0637 \u0648\u0627\u0644\u062e\u064a\u0627\u0631\u0627\u062a \u0627\u0644\u0645\u062a\u0639\u0644\u0642\u0629 \u0628\u0627\u0644\u0633\u064a\u0627\u0633\u0629 \u0627\u0644\u062c\u0628\u0627\u0626\u064a\u0629 \u0648\u0641\u0642\u0627 \u0644\u0623\u0647\u062f\u0627\u0641 \u0627\u0644\u062a\u0646\u0645\u064a\u0629 \u0627\u0644\u0627\u0642\u062a\u0635\u0627\u062f\u064a\u0629 \u0648\u0627\u0644\u0627\u062c\u062a\u0645\u0627\u0639\u064a\u0629 \u0627\u0644\u0645\u0631\u0633\u0648\u0645\u0629\u060c<\/li><li>\u0645\u062a\u0627\u0628\u0639\u0629 \u062a\u0646\u0641\u064a\u0630 \u0627\u0644\u0633\u064a\u0627\u0633\u0629 \u0627\u0644\u062c\u0628\u0627\u0626\u064a\u0629\u060c<\/li><li>\u0625\u0639\u062f\u0627\u062f \u0627\u0644\u062a\u0642\u0627\u0631\u064a\u0631 \u0627\u0644\u062f\u0648\u0631\u064a\u0629 \u0627\u0644\u0645\u062a\u0639\u0644\u0642\u0629 \u0628\u0627\u0644\u0633\u064a\u0627\u0633\u0629 \u0627\u0644\u062c\u0628\u0627\u0626\u064a\u0629\u060c<\/li><li>\u0645\u062a\u0627\u0628\u0639\u0629 \u0627\u0644\u062a\u0639\u0627\u0648\u0646 \u0627\u0644\u062f\u0648\u0644\u064a \u0641\u064a \u0645\u062c\u0627\u0644 \u0627\u0644\u0633\u064a\u0627\u0633\u0629 \u0627\u0644\u062c\u0628\u0627\u0626\u064a\u0629\u060c<\/li><li>\u062a\u0623\u0645\u064a\u0646 \u0627\u0644\u0643\u062a\u0627\u0628\u0629 \u0627\u0644\u0642\u0627\u0631\u0629 \u0644\u0644\u0645\u062c\u0644\u0633 \u0627\u0644\u0648\u0637\u0646\u064a \u0644\u0644\u062c\u0628\u0627\u064a\u0629\u060c<\/li><li>\u0627\u0644\u0646\u0647\u0648\u0636 \u0628\u0648\u0638\u064a\u0641\u062a\u064a \u0627\u0644\u0625\u0631\u0634\u0627\u062f \u0648\u0627\u0644\u0625\u0639\u0644\u0627\u0645 \u0627\u0644\u062c\u0628\u0627\u0626\u064a\u060c<\/li><li>\u0627\u0644\u0645\u0633\u0627\u0647\u0645\u0629 \u0641\u064a \u062a\u0639\u0632\u064a\u0632 \u0623\u0633\u0633 \u062a\u0631\u0643\u064a\u0632 \u0645\u0646\u0638\u0648\u0645\u0629 \u0627\u0644\u0627\u062a\u0635\u0627\u0644 \u0627\u0644\u062c\u0628\u0627\u0626\u064a \u0648\u0646\u0634\u0631 \u0627\u0644\u0645\u0639\u0644\u0648\u0645\u0629 \u0627\u0644\u062c\u0628\u0627\u0626\u064a\u0629 \u0639\u0646 \u0628\u0639\u062f \u0641\u064a \u0625\u0637\u0627\u0631 \u062a\u0631\u0643\u064a\u0632 \u0627\u0644\u0625\u062f\u0627\u0631\u0629 \u0627\u0644\u0627\u062a\u0635\u0627\u0644\u064a\u0629\u060c<\/li><li>\u0627\u0644\u0633\u0647\u0631 \u0639\u0644\u0649 \u062a\u062d\u064a\u064a\u0646 \u0648\u0625\u062b\u0631\u0627\u0621 \u0645\u0646\u0638\u0648\u0645\u0629 \u0627\u0644\u0627\u062a\u0635\u0627\u0644 \u0627\u0644\u062c\u0628\u0627\u0626\u064a \u0648\u0646\u0634\u0631 \u0627\u0644\u0645\u0639\u0644\u0648\u0645\u0629 \u0627\u0644\u062c\u0628\u0627\u0626\u064a\u0629 \u0639\u0646 \u0628\u0639\u062f\u060c<\/li><li>\u0627\u0644\u0633\u0647\u0631 \u0639\u0644\u0649 \u062a\u0648\u062b\u064a\u0642 \u0627\u0644\u062a\u0634\u0631\u064a\u0639 \u0648\u0627\u0644\u0641\u0642\u0647 \u0627\u0644\u062c\u0628\u0627\u0626\u064a \u0648\u0648\u0636\u0639\u0647 \u0639\u0644\u0649 \u0630\u0645\u0629 \u0645\u0633\u062a\u0639\u0645\u0644\u064a\u0647\u060c<\/li><li>\u0627\u0644\u0645\u0633\u0627\u0647\u0645\u0629 \u0641\u064a \u0625\u0639\u062f\u0627\u062f \u0645\u0648\u0627\u062f \u0627\u0644\u0645\u0644\u062a\u0642\u064a\u0627\u062a \u0648\u0627\u0644\u062f\u0648\u0631\u0627\u062a \u0627\u0644\u062a\u0643\u0648\u064a\u0646\u064a\u0629 \u0627\u0644\u0645\u062a\u0639\u0644\u0642\u0629 \u0628\u0627\u0644\u062c\u0628\u0627\u064a\u0629\u060c<\/li><li>\u0627\u0644\u0645\u0634\u0627\u0631\u0643\u0629 \u0641\u064a \u062a\u0637\u0648\u064a\u0631 \u0627\u0644\u0648\u0633\u0627\u0626\u0637 \u0627\u0644\u0628\u064a\u062f\u0627\u063a\u0648\u062c\u064a\u0629 \u0627\u0644\u0645\u062a\u0639\u0644\u0642\u0629 \u0628\u062a\u062f\u0631\u064a\u0633 \u0627\u0644\u062c\u0628\u0627\u064a\u0629 \u0644\u0641\u0627\u0626\u062f\u0629 \u0623\u0639\u0648\u0627\u0646 \u0627\u0644\u0625\u062f\u0627\u0631\u0629 \u0648\u0628\u0627\u0644\u0645\u0624\u0633\u0633\u0627\u062a \u0627\u0644\u062a\u0639\u0644\u064a\u0645\u064a\u0629 \u0648\u0645\u0624\u0633\u0633\u0627\u062a \u0627\u0644\u062a\u0643\u0648\u064a\u0646 \u0627\u0644\u0645\u0647\u0646\u064a.<\/li><\/ul><p>\u00a0<\/p><p>\u0648\u064a\u0634\u0631\u0641 \u0639\u0644\u0649 \u0648\u062d\u062f\u0629 \u0627\u0644\u0627\u0633\u062a\u0634\u0631\u0627\u0641 \u0648\u0627\u0644\u0627\u062a\u0635\u0627\u0644 \u0627\u0644\u062c\u0628\u0627\u0626\u064a \u0631\u0626\u064a\u0633 \u0648\u062d\u062f\u0629 \u064a\u0646\u062a\u0641\u0639 \u0628\u0627\u0644\u0645\u0646\u062d \u0648\u0627\u0644\u0627\u0645\u062a\u064a\u0627\u0632\u0627\u062a \u0627\u0644\u0645\u062e\u0648\u0644\u0629 \u0644\u0645\u062f\u064a\u0631 \u0639\u0627\u0645 \u0625\u062f\u0627\u0631\u0629 \u0645\u0631\u0643\u0632\u064a\u0629.<\/p>\t\t\t\t\t\t\t\t<\/div>\n\t\t\t\t<\/div>\n\t\t\t\t<\/div>\n\t\t\t\t<\/div>\n\t\t\t\t\t<\/div>\n\t\t\t\t<\/div>\n\t\t\t\t<\/div>","protected":false},"excerpt":{"rendered":"<p>L\u2019unit\u00e9 de la prospective et de la communication fiscales Accueil D.G.E.L.F d L\u2019unit\u00e9 de la prospective et de la communication fiscales L\u2019unit\u00e9 de la prospective et de la communication fiscales est charg\u00e9e notamment de : pr\u00e9parer les projets des plans et orientations en mati\u00e8re de politique fiscale conform\u00e9ment aux objectifs de d\u00e9veloppement \u00e9conomique et social retrac\u00e9, suivre l\u2019ex\u00e9cution de la politique fiscale, r\u00e9aliser les rapports p\u00e9riodiques relatifs \u00e0 la politique fiscale, suivre la coop\u00e9ration internationale en mati\u00e8re de politique fiscale, assurer le secr\u00e9tariat permanent du Conseil National de la Fiscalit\u00e9, promouvoir les missions d\u2019assistance et d\u2019information en mati\u00e8re fiscale, contribuer au renforcement des fondements de la mise en place du syst\u00e8me de communication et de diffusion de l\u2019information fiscale \u00e0 distance dans le cadre de la mise en place de l\u2019administration \u00e9lectronique, veiller \u00e0 l\u2019actualisation et \u00e0 l\u2019enrichissement du syst\u00e8me de communication et de diffusion de l\u2019information fiscale \u00e0 distance, veiller \u00e0 la codification de la l\u00e9gislation et de la doctrine fiscales et \u00e0 leur mise \u00e0 la disposition des utilisateurs, pr\u00e9parer les supports des s\u00e9minaires et des actions de formation en mati\u00e8re fiscale, participer \u00e0 l\u2019\u00e9laboration des supports p\u00e9dagogiques relatifs \u00e0 l\u2019enseignement de la fiscalit\u00e9 au profit des agents de l\u2019administration et au sein des \u00e9tablissements d\u2019enseignement et de formation professionnelle. \u00a0 L\u2019unit\u00e9 de la prospective et de la communication fiscale est dirig\u00e9e par un chef d\u2019unit\u00e9 b\u00e9n\u00e9ficiant des indemnit\u00e9s et avantages accord\u00e9s \u00e0 un directeur g\u00e9n\u00e9ral d\u2019administration centrale.<\/p>","protected":false},"author":1,"featured_media":0,"parent":0,"menu_order":0,"comment_status":"closed","ping_status":"closed","template":"","meta":{"_monsterinsights_skip_tracking":false,"_monsterinsights_sitenote_active":false,"_monsterinsights_sitenote_note":"","_monsterinsights_sitenote_category":0,"footnotes":""},"class_list":["post-8197","page","type-page","status-publish","hentry","entry"],"aioseo_notices":[],"_links":{"self":[{"href":"https:\/\/jibaya.tn\/ar\/wp-json\/wp\/v2\/pages\/8197","targetHints":{"allow":["GET"]}}],"collection":[{"href":"https:\/\/jibaya.tn\/ar\/wp-json\/wp\/v2\/pages"}],"about":[{"href":"https:\/\/jibaya.tn\/ar\/wp-json\/wp\/v2\/types\/page"}],"author":[{"embeddable":true,"href":"https:\/\/jibaya.tn\/ar\/wp-json\/wp\/v2\/users\/1"}],"replies":[{"embeddable":true,"href":"https:\/\/jibaya.tn\/ar\/wp-json\/wp\/v2\/comments?post=8197"}],"version-history":[{"count":0,"href":"https:\/\/jibaya.tn\/ar\/wp-json\/wp\/v2\/pages\/8197\/revisions"}],"wp:attachment":[{"href":"https:\/\/jibaya.tn\/ar\/wp-json\/wp\/v2\/media?parent=8197"}],"curies":[{"name":"wp","href":"https:\/\/api.w.org\/{rel}","templated":true}]}}